{"id":5891,"date":"2023-11-09T14:03:22","date_gmt":"2023-11-09T14:03:22","guid":{"rendered":"https:\/\/vitraaz.ee\/?post_type=product&#038;p=5891"},"modified":"2024-07-16T08:53:09","modified_gmt":"2024-07-16T08:53:09","slug":"nahast-rihmaga-kaevoru","status":"publish","type":"product","link":"https:\/\/vitraaz.ee\/fi\/toode\/nahast-rihmaga-kaevoru\/","title":{"rendered":"Nahast rihmaga k\u00e4ev\u00f5ru"},"content":{"rendered":"<p>Nahast rihmaga k\u00e4ev\u00f5ru sinise klaasist kiviga. Klaasist kivi on maheda sinise tooniga ent piisavalt suur, et silma paista. Nahast rihm kinnitub kergesti trukiga. T\u00f5eline p\u00e4rl sinise tooni armastajatele. See klaasist kiviga k\u00e4ev\u00f5ru on suurep\u00e4rane lisa igap\u00e4evasele riietusele kui ka pidulikel \u00fcritustel. Et k\u00e4ev\u00f5ru suurep\u00e4raselt istuks, peaks m\u00f5\u00f5tma k\u00e4e\u00fcmberm\u00f5\u00f5du randmest veidi k\u00f5rgemalt. Vali sobiv suurus rippmen\u00fc\u00fcst. Rihma laius 1,5 cm.<\/p>\n","protected":false},"excerpt":{"rendered":"<p>Nahast rihmaga k\u00e4ev\u00f5ru sinise klaasist kiviga. Klaasist kivi on maheda sinise tooniga ent piisavalt suur, et silma paista. Nahast rihm kinnitub kergesti trukiga. T\u00f5eline p\u00e4rl sinise tooni armastajatele. See klaasist kiviga k\u00e4ev\u00f5ru on suurep\u00e4rane lisa igap\u00e4evasele riietusele kui ka pidulikel \u00fcritustel. Et k\u00e4ev\u00f5ru suurep\u00e4raselt istuks, peaks m\u00f5\u00f5tma k\u00e4e\u00fcmberm\u00f5\u00f5du randmest veidi k\u00f5rgemalt. Vali sobiv suurus rippmen\u00fc\u00fcst. [&hellip;]<\/p>\n","protected":false},"featured_media":5853,"template":"","meta":{"_acf_changed":false},"product_brand":[],"product_cat":[39],"product_tag":[],"class_list":{"0":"post-5891","1":"product","2":"type-product","3":"status-publish","4":"has-post-thumbnail","6":"product_cat-ehted","8":"first","9":"instock","10":"taxable","11":"shipping-taxable","12":"purchasable","13":"product-type-variable"},"acf":[],"yoast_head":"<!-- This site is optimized with the Yoast SEO plugin v27.3 - https:\/\/yoast.com\/product\/yoast-seo-wordpress\/ -->\n<title>Nahast rihmaga k\u00e4ev\u00f5ru - Vitraaz.ee<\/title>\n<meta name=\"description\" content=\"Maheda sinise tooniga nahkrihmaga k\u00e4ev\u00f5ru. Kaunis v\u00e4rvilaik t\u00e4iendamaks kandja riietust nii argip\u00e4eval kui pidup\u00e4eval. Vaata ka teisi: www.vitraaz.ee\/pood\" \/>\n<meta name=\"robots\" content=\"index, follow, max-snippet:-1, max-image-preview:large, max-video-preview:-1\" \/>\n<link rel=\"canonical\" href=\"https:\/\/vitraaz.ee\/fi\/toode\/nahast-rihmaga-kaevoru\/\" \/>\n<meta property=\"og:locale\" content=\"fi_FI\" \/>\n<meta property=\"og:type\" content=\"article\" \/>\n<meta property=\"og:title\" content=\"Nahast rihmaga k\u00e4ev\u00f5ru - Vitraaz.ee\" \/>\n<meta property=\"og:description\" content=\"Maheda sinise tooniga nahkrihmaga k\u00e4ev\u00f5ru. Kaunis v\u00e4rvilaik t\u00e4iendamaks kandja riietust nii argip\u00e4eval kui pidup\u00e4eval. Vaata ka teisi: www.vitraaz.ee\/pood\" \/>\n<meta property=\"og:url\" content=\"https:\/\/vitraaz.ee\/fi\/toode\/nahast-rihmaga-kaevoru\/\" \/>\n<meta property=\"og:site_name\" content=\"Vitraaz.ee\" \/>\n<meta property=\"article:publisher\" content=\"https:\/\/www.facebook.com\/Klaasinterjoor\" \/>\n<meta property=\"article:modified_time\" content=\"2024-07-16T08:53:09+00:00\" \/>\n<meta property=\"og:image\" content=\"https:\/\/vitraaz.ee\/wp-content\/uploads\/2023\/10\/sininelai1.jpg\" \/>\n\t<meta property=\"og:image:width\" content=\"1214\" \/>\n\t<meta property=\"og:image:height\" content=\"798\" \/>\n\t<meta property=\"og:image:type\" content=\"image\/jpeg\" \/>\n<meta name=\"twitter:card\" content=\"summary_large_image\" \/>\n<meta name=\"twitter:label1\" content=\"Arvioitu lukuaika\" \/>\n\t<meta name=\"twitter:data1\" content=\"1 minuutti\" \/>\n<script type=\"application\/ld+json\" class=\"yoast-schema-graph\">{\"@context\":\"https:\\\/\\\/schema.org\",\"@graph\":[{\"@type\":\"WebPage\",\"@id\":\"https:\\\/\\\/vitraaz.ee\\\/fi\\\/toode\\\/nahast-rihmaga-kaevoru\\\/\",\"url\":\"https:\\\/\\\/vitraaz.ee\\\/fi\\\/toode\\\/nahast-rihmaga-kaevoru\\\/\",\"name\":\"Nahast rihmaga k\u00e4ev\u00f5ru - Vitraaz.ee\",\"isPartOf\":{\"@id\":\"https:\\\/\\\/vitraaz.ee\\\/fi\\\/#website\"},\"primaryImageOfPage\":{\"@id\":\"https:\\\/\\\/vitraaz.ee\\\/fi\\\/toode\\\/nahast-rihmaga-kaevoru\\\/#primaryimage\"},\"image\":{\"@id\":\"https:\\\/\\\/vitraaz.ee\\\/fi\\\/toode\\\/nahast-rihmaga-kaevoru\\\/#primaryimage\"},\"thumbnailUrl\":\"https:\\\/\\\/vitraaz.ee\\\/wp-content\\\/uploads\\\/2023\\\/10\\\/sininelai1.jpg\",\"datePublished\":\"2023-11-09T14:03:22+00:00\",\"dateModified\":\"2024-07-16T08:53:09+00:00\",\"description\":\"Maheda sinise tooniga nahkrihmaga k\u00e4ev\u00f5ru. Kaunis v\u00e4rvilaik t\u00e4iendamaks kandja riietust nii argip\u00e4eval kui pidup\u00e4eval. Vaata ka teisi: www.vitraaz.ee\\\/pood\",\"breadcrumb\":{\"@id\":\"https:\\\/\\\/vitraaz.ee\\\/fi\\\/toode\\\/nahast-rihmaga-kaevoru\\\/#breadcrumb\"},\"inLanguage\":\"fi\",\"potentialAction\":[{\"@type\":\"ReadAction\",\"target\":[\"https:\\\/\\\/vitraaz.ee\\\/fi\\\/toode\\\/nahast-rihmaga-kaevoru\\\/\"]}]},{\"@type\":\"ImageObject\",\"inLanguage\":\"fi\",\"@id\":\"https:\\\/\\\/vitraaz.ee\\\/fi\\\/toode\\\/nahast-rihmaga-kaevoru\\\/#primaryimage\",\"url\":\"https:\\\/\\\/vitraaz.ee\\\/wp-content\\\/uploads\\\/2023\\\/10\\\/sininelai1.jpg\",\"contentUrl\":\"https:\\\/\\\/vitraaz.ee\\\/wp-content\\\/uploads\\\/2023\\\/10\\\/sininelai1.jpg\",\"width\":1214,\"height\":798,\"caption\":\"k\u00e4ev\u00f5ru musta rihma ja sinise kiviga\"},{\"@type\":\"BreadcrumbList\",\"@id\":\"https:\\\/\\\/vitraaz.ee\\\/fi\\\/toode\\\/nahast-rihmaga-kaevoru\\\/#breadcrumb\",\"itemListElement\":[{\"@type\":\"ListItem\",\"position\":1,\"name\":\"Home\",\"item\":\"https:\\\/\\\/vitraaz.ee\\\/fi\\\/\"},{\"@type\":\"ListItem\",\"position\":2,\"name\":\"Pood\",\"item\":\"https:\\\/\\\/vitraaz.ee\\\/pood\\\/\"},{\"@type\":\"ListItem\",\"position\":3,\"name\":\"Nahast rihmaga k\u00e4ev\u00f5ru\"}]},{\"@type\":\"WebSite\",\"@id\":\"https:\\\/\\\/vitraaz.ee\\\/fi\\\/#website\",\"url\":\"https:\\\/\\\/vitraaz.ee\\\/fi\\\/\",\"name\":\"Vitraaz.ee\",\"description\":\"Klaasinterj&ouml;&ouml;r\",\"publisher\":{\"@id\":\"https:\\\/\\\/vitraaz.ee\\\/fi\\\/#organization\"},\"potentialAction\":[{\"@type\":\"SearchAction\",\"target\":{\"@type\":\"EntryPoint\",\"urlTemplate\":\"https:\\\/\\\/vitraaz.ee\\\/fi\\\/?s={search_term_string}\"},\"query-input\":{\"@type\":\"PropertyValueSpecification\",\"valueRequired\":true,\"valueName\":\"search_term_string\"}}],\"inLanguage\":\"fi\"},{\"@type\":\"Organization\",\"@id\":\"https:\\\/\\\/vitraaz.ee\\\/fi\\\/#organization\",\"name\":\"KLAASINTERJ\u00d6\u00d6R O\u00dc\",\"url\":\"https:\\\/\\\/vitraaz.ee\\\/fi\\\/\",\"logo\":{\"@type\":\"ImageObject\",\"inLanguage\":\"fi\",\"@id\":\"https:\\\/\\\/vitraaz.ee\\\/fi\\\/#\\\/schema\\\/logo\\\/image\\\/\",\"url\":\"https:\\\/\\\/vitraaz.ee\\\/wp-content\\\/uploads\\\/2022\\\/09\\\/logoKI.png\",\"contentUrl\":\"https:\\\/\\\/vitraaz.ee\\\/wp-content\\\/uploads\\\/2022\\\/09\\\/logoKI.png\",\"width\":1159,\"height\":458,\"caption\":\"KLAASINTERJ\u00d6\u00d6R O\u00dc\"},\"image\":{\"@id\":\"https:\\\/\\\/vitraaz.ee\\\/fi\\\/#\\\/schema\\\/logo\\\/image\\\/\"},\"sameAs\":[\"https:\\\/\\\/www.facebook.com\\\/Klaasinterjoor\"]}]}<\/script>\n<!-- \/ Yoast SEO plugin. -->","yoast_head_json":{"title":"Nahast rihmaga k\u00e4ev\u00f5ru - Vitraaz.ee","description":"Maheda sinise tooniga nahkrihmaga k\u00e4ev\u00f5ru. Kaunis v\u00e4rvilaik t\u00e4iendamaks kandja riietust nii argip\u00e4eval kui pidup\u00e4eval. Vaata ka teisi: www.vitraaz.ee\/pood","robots":{"index":"index","follow":"follow","max-snippet":"max-snippet:-1","max-image-preview":"max-image-preview:large","max-video-preview":"max-video-preview:-1"},"canonical":"https:\/\/vitraaz.ee\/fi\/toode\/nahast-rihmaga-kaevoru\/","og_locale":"fi_FI","og_type":"article","og_title":"Nahast rihmaga k\u00e4ev\u00f5ru - Vitraaz.ee","og_description":"Maheda sinise tooniga nahkrihmaga k\u00e4ev\u00f5ru. Kaunis v\u00e4rvilaik t\u00e4iendamaks kandja riietust nii argip\u00e4eval kui pidup\u00e4eval. Vaata ka teisi: www.vitraaz.ee\/pood","og_url":"https:\/\/vitraaz.ee\/fi\/toode\/nahast-rihmaga-kaevoru\/","og_site_name":"Vitraaz.ee","article_publisher":"https:\/\/www.facebook.com\/Klaasinterjoor","article_modified_time":"2024-07-16T08:53:09+00:00","og_image":[{"width":1214,"height":798,"url":"https:\/\/vitraaz.ee\/wp-content\/uploads\/2023\/10\/sininelai1.jpg","type":"image\/jpeg"}],"twitter_card":"summary_large_image","twitter_misc":{"Arvioitu lukuaika":"1 minuutti"},"schema":{"@context":"https:\/\/schema.org","@graph":[{"@type":"WebPage","@id":"https:\/\/vitraaz.ee\/fi\/toode\/nahast-rihmaga-kaevoru\/","url":"https:\/\/vitraaz.ee\/fi\/toode\/nahast-rihmaga-kaevoru\/","name":"Nahast rihmaga k\u00e4ev\u00f5ru - Vitraaz.ee","isPartOf":{"@id":"https:\/\/vitraaz.ee\/fi\/#website"},"primaryImageOfPage":{"@id":"https:\/\/vitraaz.ee\/fi\/toode\/nahast-rihmaga-kaevoru\/#primaryimage"},"image":{"@id":"https:\/\/vitraaz.ee\/fi\/toode\/nahast-rihmaga-kaevoru\/#primaryimage"},"thumbnailUrl":"https:\/\/vitraaz.ee\/wp-content\/uploads\/2023\/10\/sininelai1.jpg","datePublished":"2023-11-09T14:03:22+00:00","dateModified":"2024-07-16T08:53:09+00:00","description":"Maheda sinise tooniga nahkrihmaga k\u00e4ev\u00f5ru. Kaunis v\u00e4rvilaik t\u00e4iendamaks kandja riietust nii argip\u00e4eval kui pidup\u00e4eval. Vaata ka teisi: www.vitraaz.ee\/pood","breadcrumb":{"@id":"https:\/\/vitraaz.ee\/fi\/toode\/nahast-rihmaga-kaevoru\/#breadcrumb"},"inLanguage":"fi","potentialAction":[{"@type":"ReadAction","target":["https:\/\/vitraaz.ee\/fi\/toode\/nahast-rihmaga-kaevoru\/"]}]},{"@type":"ImageObject","inLanguage":"fi","@id":"https:\/\/vitraaz.ee\/fi\/toode\/nahast-rihmaga-kaevoru\/#primaryimage","url":"https:\/\/vitraaz.ee\/wp-content\/uploads\/2023\/10\/sininelai1.jpg","contentUrl":"https:\/\/vitraaz.ee\/wp-content\/uploads\/2023\/10\/sininelai1.jpg","width":1214,"height":798,"caption":"k\u00e4ev\u00f5ru musta rihma ja sinise kiviga"},{"@type":"BreadcrumbList","@id":"https:\/\/vitraaz.ee\/fi\/toode\/nahast-rihmaga-kaevoru\/#breadcrumb","itemListElement":[{"@type":"ListItem","position":1,"name":"Home","item":"https:\/\/vitraaz.ee\/fi\/"},{"@type":"ListItem","position":2,"name":"Pood","item":"https:\/\/vitraaz.ee\/pood\/"},{"@type":"ListItem","position":3,"name":"Nahast rihmaga k\u00e4ev\u00f5ru"}]},{"@type":"WebSite","@id":"https:\/\/vitraaz.ee\/fi\/#website","url":"https:\/\/vitraaz.ee\/fi\/","name":"Vitraaz.ee","description":"Klaasinterj&ouml;&ouml;r","publisher":{"@id":"https:\/\/vitraaz.ee\/fi\/#organization"},"potentialAction":[{"@type":"SearchAction","target":{"@type":"EntryPoint","urlTemplate":"https:\/\/vitraaz.ee\/fi\/?s={search_term_string}"},"query-input":{"@type":"PropertyValueSpecification","valueRequired":true,"valueName":"search_term_string"}}],"inLanguage":"fi"},{"@type":"Organization","@id":"https:\/\/vitraaz.ee\/fi\/#organization","name":"KLAASINTERJ\u00d6\u00d6R O\u00dc","url":"https:\/\/vitraaz.ee\/fi\/","logo":{"@type":"ImageObject","inLanguage":"fi","@id":"https:\/\/vitraaz.ee\/fi\/#\/schema\/logo\/image\/","url":"https:\/\/vitraaz.ee\/wp-content\/uploads\/2022\/09\/logoKI.png","contentUrl":"https:\/\/vitraaz.ee\/wp-content\/uploads\/2022\/09\/logoKI.png","width":1159,"height":458,"caption":"KLAASINTERJ\u00d6\u00d6R O\u00dc"},"image":{"@id":"https:\/\/vitraaz.ee\/fi\/#\/schema\/logo\/image\/"},"sameAs":["https:\/\/www.facebook.com\/Klaasinterjoor"]}]}},"_links":{"self":[{"href":"https:\/\/vitraaz.ee\/fi\/wp-json\/wp\/v2\/product\/5891","targetHints":{"allow":["GET"]}}],"collection":[{"href":"https:\/\/vitraaz.ee\/fi\/wp-json\/wp\/v2\/product"}],"about":[{"href":"https:\/\/vitraaz.ee\/fi\/wp-json\/wp\/v2\/types\/product"}],"version-history":[{"count":0,"href":"https:\/\/vitraaz.ee\/fi\/wp-json\/wp\/v2\/product\/5891\/revisions"}],"wp:featuredmedia":[{"embeddable":true,"href":"https:\/\/vitraaz.ee\/fi\/wp-json\/wp\/v2\/media\/5853"}],"wp:attachment":[{"href":"https:\/\/vitraaz.ee\/fi\/wp-json\/wp\/v2\/media?parent=5891"}],"wp:term":[{"taxonomy":"product_brand","embeddable":true,"href":"https:\/\/vitraaz.ee\/fi\/wp-json\/wp\/v2\/product_brand?post=5891"},{"taxonomy":"product_cat","embeddable":true,"href":"https:\/\/vitraaz.ee\/fi\/wp-json\/wp\/v2\/product_cat?post=5891"},{"taxonomy":"product_tag","embeddable":true,"href":"https:\/\/vitraaz.ee\/fi\/wp-json\/wp\/v2\/product_tag?post=5891"}],"curies":[{"name":"wp","href":"https:\/\/api.w.org\/{rel}","templated":true}]}}