{"id":5886,"date":"2023-11-17T07:54:48","date_gmt":"2023-11-17T07:54:48","guid":{"rendered":"https:\/\/vitraaz.ee\/?post_type=product&#038;p=5886"},"modified":"2024-07-16T08:13:50","modified_gmt":"2024-07-16T08:13:50","slug":"kaeehe-klaas-ja-nahk","status":"publish","type":"product","link":"https:\/\/vitraaz.ee\/fi\/toode\/kaeehe-klaas-ja-nahk\/","title":{"rendered":"Klaasist ja nahast k\u00e4eehe"},"content":{"rendered":"\t\t<div data-elementor-type=\"wp-post\" data-elementor-id=\"5886\" class=\"elementor elementor-5886\">\n\t\t\t\t\t\t<section class=\"elementor-section elementor-top-section elementor-element elementor-element-a4d7e0a elementor-section-boxed elementor-section-height-default elementor-section-height-default\" data-id=\"a4d7e0a\" data-element_type=\"section\" data-e-type=\"section\">\n\t\t\t\t\t\t<div class=\"elementor-container elementor-column-gap-default\">\n\t\t\t\t\t<div class=\"elementor-column elementor-col-100 elementor-top-column elementor-element elementor-element-52a8ce8\" data-id=\"52a8ce8\" data-element_type=\"column\" data-e-type=\"column\">\n\t\t\t<div class=\"elementor-widget-wrap elementor-element-populated\">\n\t\t\t\t\t\t<div class=\"elementor-element elementor-element-83705c3 elementor-widget elementor-widget-heading\" data-id=\"83705c3\" data-element_type=\"widget\" data-e-type=\"widget\" data-widget_type=\"heading.default\">\n\t\t\t\t<div class=\"elementor-widget-container\">\n\t\t\t\t\t<h1 class=\"elementor-heading-title elementor-size-default\">Punakas kuldse tooniga klaasist ja nahast k\u00e4eehe: Klaasi ja naha harmooniline kooslus<\/h1>\t\t\t\t<\/div>\n\t\t\t\t<\/div>\n\t\t\t\t<div class=\"elementor-element elementor-element-78afec0 elementor-widget elementor-widget-text-editor\" data-id=\"78afec0\" data-element_type=\"widget\" data-e-type=\"widget\" data-widget_type=\"text-editor.default\">\n\t\t\t\t<div class=\"elementor-widget-container\">\n\t\t\t\t\t\t\t\t\t<p>Meie eksklusiivne klaasist ja nahast k\u00e4eehe on punakas kuldse tooniga \u00fchendades endas klaasi ja naha elegantsi. See ainulaadne k\u00e4eehe on loodud klaasinterj\u00f6\u00f6ri kunstnikute poolt teie stiili t\u00e4iendamiseks, pakkudes samal ajal praktilisust ja mugavust.<\/p>\t\t\t\t\t\t\t\t<\/div>\n\t\t\t\t<\/div>\n\t\t\t\t<div class=\"elementor-element elementor-element-0727648 elementor-widget elementor-widget-heading\" data-id=\"0727648\" data-element_type=\"widget\" data-e-type=\"widget\" data-widget_type=\"heading.default\">\n\t\t\t\t<div class=\"elementor-widget-container\">\n\t\t\t\t\t<h2 class=\"elementor-heading-title elementor-size-default\">Klaasist ja nahast k\u00e4eehe ning tema erip\u00e4ra<\/h2>\t\t\t\t<\/div>\n\t\t\t\t<\/div>\n\t\t\t\t<div class=\"elementor-element elementor-element-620b8e8 elementor-widget elementor-widget-text-editor\" data-id=\"620b8e8\" data-element_type=\"widget\" data-e-type=\"widget\" data-widget_type=\"text-editor.default\">\n\t\t\t\t<div class=\"elementor-widget-container\">\n\t\t\t\t\t\t\t\t\t<div class=\"flex flex-grow flex-col max-w-full\"><div class=\"min-h-[20px] text-message flex flex-col items-start whitespace-pre-wrap break-words [.text-message+&amp;]:mt-5 juice:w-full juice:items-end overflow-x-auto gap-2\" dir=\"auto\" data-message-author-role=\"assistant\" data-message-id=\"d9de4b35-0d64-4d61-b36f-4859869bfae6\"><div class=\"flex w-full flex-col gap-1 juice:empty:hidden juice:first:pt-[3px]\"><div class=\"markdown prose w-full break-words dark:prose-invert light\"><p>K\u00e4eehe paistab silma oma unikaalse v\u00e4rvim\u00e4nguga. Valguse k\u00e4es avanevad selles ehtes kaunid kuldsed, punakad ja rohekad toonid, mis lisavad teie v\u00e4limusele lummavat s\u00e4ra. Kvaliteetsest klaasist valmistatud ehtedetailid annavad sellele kauni ja luksusliku v\u00e4limuse.<\/p><\/div><\/div><\/div><\/div>\t\t\t\t\t\t\t\t<\/div>\n\t\t\t\t<\/div>\n\t\t\t\t<div class=\"elementor-element elementor-element-92161cf elementor-widget elementor-widget-heading\" data-id=\"92161cf\" data-element_type=\"widget\" data-e-type=\"widget\" data-widget_type=\"heading.default\">\n\t\t\t\t<div class=\"elementor-widget-container\">\n\t\t\t\t\t<h2 class=\"elementor-heading-title elementor-size-default\">Ehtel on mugav ja kohanduv nahkrihm<\/h2>\t\t\t\t<\/div>\n\t\t\t\t<\/div>\n\t\t\t\t<div class=\"elementor-element elementor-element-59db2a4 elementor-widget elementor-widget-text-editor\" data-id=\"59db2a4\" data-element_type=\"widget\" data-e-type=\"widget\" data-widget_type=\"text-editor.default\">\n\t\t\t\t<div class=\"elementor-widget-container\">\n\t\t\t\t\t\t\t\t\t<div class=\"flex flex-grow flex-col max-w-full\"><div class=\"min-h-[20px] text-message flex flex-col items-start whitespace-pre-wrap break-words [.text-message+&amp;]:mt-5 juice:w-full juice:items-end overflow-x-auto gap-2\" dir=\"auto\" data-message-author-role=\"assistant\" data-message-id=\"d9de4b35-0d64-4d61-b36f-4859869bfae6\"><div class=\"flex w-full flex-col gap-1 juice:empty:hidden juice:first:pt-[3px]\"><div class=\"markdown prose w-full break-words dark:prose-invert light\"><p>Klaasist ja nahast k\u00e4eehe on varustatud pehmest nahast rihmaga, mis kohandub ideaalselt teie k\u00e4ega, tagades kogu p\u00e4eva v\u00e4ltel mugavuse. Rihm on reguleeritav ja sobitub suurep\u00e4raselt erinevate k\u00e4e\u00fcmberm\u00f5\u00f5tudega, et pakkuda teile optimaalset kandmismugavust. Selleks, et ehe istuks teie randmel k\u00f5ige paremini, soovitame m\u00f5\u00f5ta oma k\u00e4e \u00fcmberm\u00f5\u00f5tu randmest veidi k\u00f5rgemalt. K\u00e4eehe sobib k\u00f5ige paremini k\u00e4e\u00fcmberm\u00f5\u00f5dule 18 cm<\/p><\/div><\/div><\/div><\/div>\t\t\t\t\t\t\t\t<\/div>\n\t\t\t\t<\/div>\n\t\t\t\t<div class=\"elementor-element elementor-element-05127eb elementor-widget elementor-widget-heading\" data-id=\"05127eb\" data-element_type=\"widget\" data-e-type=\"widget\" data-widget_type=\"heading.default\">\n\t\t\t\t<div class=\"elementor-widget-container\">\n\t\t\t\t\t<h2 class=\"elementor-heading-title elementor-size-default\">Kokkuv\u00f5te: Klaasist ja nahast k\u00e4eaksessuaar<\/h2>\t\t\t\t<\/div>\n\t\t\t\t<\/div>\n\t\t\t\t<div class=\"elementor-element elementor-element-617d553 elementor-widget elementor-widget-text-editor\" data-id=\"617d553\" data-element_type=\"widget\" data-e-type=\"widget\" data-widget_type=\"text-editor.default\">\n\t\t\t\t<div class=\"elementor-widget-container\">\n\t\t\t\t\t\t\t\t\t<div class=\"flex flex-grow flex-col max-w-full\"><div class=\"min-h-[20px] text-message flex flex-col items-start whitespace-pre-wrap break-words [.text-message+&amp;]:mt-5 juice:w-full juice:items-end overflow-x-auto gap-2\" dir=\"auto\" data-message-author-role=\"assistant\" data-message-id=\"d9de4b35-0d64-4d61-b36f-4859869bfae6\"><div class=\"flex w-full flex-col gap-1 juice:empty:hidden juice:first:pt-[3px]\"><div class=\"markdown prose w-full break-words dark:prose-invert light\"><p>Meie k\u00e4eehe on suurep\u00e4rane valik neile, kes hindavad ilu, mugavust ja unikaalsust. Ehte on loonud klaasinterj\u00f6\u00f6ri kunstnikud Anu Suvi ja Sandra Allemann kes on \u00f5ppinud Eesti <a href=\"https:\/\/www.artun.ee\/et\/avaleht\/\" target=\"_blank\" rel=\"noopener\">Kunstiakadeemias<\/a>. Sandra Allemann omandas klaasikunsti erialal bakalaureuse ja magistrikraadi. Anu Suvi L\u00e4bis Eesti kunstiakadeemias kujunduskunsti bakalaureuse\u00f5ppe \u00f5ppekava. Loe rohkem: <a href=\"https:\/\/vitraaz.ee\/vitraaz\/\" target=\"_blank\" rel=\"noopener\">Meist <\/a><\/p><p>Tegemist on ideaalse aksessuaariga igap\u00e4evaseks kandmiseks v\u00f5i erilisteks s\u00fcndmusteks, lisades teie v\u00e4limusele luksuslikku s\u00e4ra. T\u00e4iendage oma ehtelaegast selle kauni ja ainulaadse esemega juba t\u00e4na.<\/p><\/div><\/div><\/div><\/div>\t\t\t\t\t\t\t\t<\/div>\n\t\t\t\t<\/div>\n\t\t\t\t<div class=\"elementor-element elementor-element-59aa3e7 elementor-widget elementor-widget-heading\" data-id=\"59aa3e7\" data-element_type=\"widget\" data-e-type=\"widget\" data-widget_type=\"heading.default\">\n\t\t\t\t<div class=\"elementor-widget-container\">\n\t\t\t\t\t<h2 class=\"elementor-heading-title elementor-size-default\">Korduma kippuvad k\u00fcsimused<\/h2>\t\t\t\t<\/div>\n\t\t\t\t<\/div>\n\t\t\t\t<div class=\"elementor-element elementor-element-48d4dc7 elementor-widget elementor-widget-accordion\" data-id=\"48d4dc7\" data-element_type=\"widget\" data-e-type=\"widget\" data-widget_type=\"accordion.default\">\n\t\t\t\t<div class=\"elementor-widget-container\">\n\t\t\t\t\t\t\t<div class=\"elementor-accordion\">\n\t\t\t\t\t\t\t<div class=\"elementor-accordion-item\">\n\t\t\t\t\t<div id=\"elementor-tab-title-7631\" class=\"elementor-tab-title\" data-tab=\"1\" role=\"button\" aria-controls=\"elementor-tab-content-7631\" aria-expanded=\"false\">\n\t\t\t\t\t\t\t\t\t\t\t\t\t<span class=\"elementor-accordion-icon elementor-accordion-icon-left\" aria-hidden=\"true\">\n\t\t\t\t\t\t\t\t\t\t\t\t\t\t\t<span class=\"elementor-accordion-icon-closed\"><i class=\"fas fa-plus\"><\/i><\/span>\n\t\t\t\t\t\t\t\t<span class=\"elementor-accordion-icon-opened\"><i class=\"fas fa-minus\"><\/i><\/span>\n\t\t\t\t\t\t\t\t\t\t\t\t\t\t<\/span>\n\t\t\t\t\t\t\t\t\t\t\t\t<a class=\"elementor-accordion-title\" tabindex=\"0\">Kuidas hooldada nahast rihmaga k\u00e4eehet?<\/a>\n\t\t\t\t\t<\/div>\n\t\t\t\t\t<div id=\"elementor-tab-content-7631\" class=\"elementor-tab-content elementor-clearfix\" data-tab=\"1\" role=\"region\" aria-labelledby=\"elementor-tab-title-7631\"><p>Soovitame ehtet hoida kuivas kohas ja v\u00e4ltida kokkupuudet veega, et s\u00e4ilitada naha ja klaasi kvaliteet. Nahkrihma v\u00f5ib vajadusel puhastada pehme, niiske lapiga.<\/p><\/div>\n\t\t\t\t<\/div>\n\t\t\t\t\t\t\t<div class=\"elementor-accordion-item\">\n\t\t\t\t\t<div id=\"elementor-tab-title-7632\" class=\"elementor-tab-title\" data-tab=\"2\" role=\"button\" aria-controls=\"elementor-tab-content-7632\" aria-expanded=\"false\">\n\t\t\t\t\t\t\t\t\t\t\t\t\t<span class=\"elementor-accordion-icon elementor-accordion-icon-left\" aria-hidden=\"true\">\n\t\t\t\t\t\t\t\t\t\t\t\t\t\t\t<span class=\"elementor-accordion-icon-closed\"><i class=\"fas fa-plus\"><\/i><\/span>\n\t\t\t\t\t\t\t\t<span class=\"elementor-accordion-icon-opened\"><i class=\"fas fa-minus\"><\/i><\/span>\n\t\t\t\t\t\t\t\t\t\t\t\t\t\t<\/span>\n\t\t\t\t\t\t\t\t\t\t\t\t<a class=\"elementor-accordion-title\" tabindex=\"0\">Kas ehtel on allergiavabad omadused?<\/a>\n\t\t\t\t\t<\/div>\n\t\t\t\t\t<div id=\"elementor-tab-content-7632\" class=\"elementor-tab-content elementor-clearfix\" data-tab=\"2\" role=\"region\" aria-labelledby=\"elementor-tab-title-7632\"><p>Jah, kasutatud materjalid on hoolikalt valitud, et v\u00e4ltida allergiliste reaktsioonide teket. Nahk on naturaalselt pargitud ja klaasist detailid on keemiavabad.<\/p><\/div>\n\t\t\t\t<\/div>\n\t\t\t\t\t\t\t<div class=\"elementor-accordion-item\">\n\t\t\t\t\t<div id=\"elementor-tab-title-7633\" class=\"elementor-tab-title\" data-tab=\"3\" role=\"button\" aria-controls=\"elementor-tab-content-7633\" aria-expanded=\"false\">\n\t\t\t\t\t\t\t\t\t\t\t\t\t<span class=\"elementor-accordion-icon elementor-accordion-icon-left\" aria-hidden=\"true\">\n\t\t\t\t\t\t\t\t\t\t\t\t\t\t\t<span class=\"elementor-accordion-icon-closed\"><i class=\"fas fa-plus\"><\/i><\/span>\n\t\t\t\t\t\t\t\t<span class=\"elementor-accordion-icon-opened\"><i class=\"fas fa-minus\"><\/i><\/span>\n\t\t\t\t\t\t\t\t\t\t\t\t\t\t<\/span>\n\t\t\t\t\t\t\t\t\t\t\t\t<a class=\"elementor-accordion-title\" tabindex=\"0\">Kas k\u00e4eehe on k\u00e4sitsi valmistatud?<\/a>\n\t\t\t\t\t<\/div>\n\t\t\t\t\t<div id=\"elementor-tab-content-7633\" class=\"elementor-tab-content elementor-clearfix\" data-tab=\"3\" role=\"region\" aria-labelledby=\"elementor-tab-title-7633\"><p>Jah, k\u00f5ik meie ehted on k\u00e4sitsi valmistatud, tagades seel\u00e4bi iga eseme unikaalsuse ja k\u00f5rge kvaliteedi. Klaasinterj\u00f6\u00f6ri kunstnikud Anu Suvi ja Sandra Allemann on \u00f5ppinud eesti Kunstiakadeemias. Loe rohkem: <a href=\"https:\/\/vitraaz.ee\/vitraaz\/\" target=\"_blank\" rel=\"noopener\">Meist<\/a><\/p><\/div>\n\t\t\t\t<\/div>\n\t\t\t\t\t\t\t\t\t\t<script type=\"application\/ld+json\">{\"@context\":\"https:\\\/\\\/schema.org\",\"@type\":\"FAQPage\",\"mainEntity\":[{\"@type\":\"Question\",\"name\":\"Kuidas hooldada nahast rihmaga k\\u00e4eehet?\",\"acceptedAnswer\":{\"@type\":\"Answer\",\"text\":\"<p>Soovitame ehtet hoida kuivas kohas ja v\\u00e4ltida kokkupuudet veega, et s\\u00e4ilitada naha ja klaasi kvaliteet. Nahkrihma v\\u00f5ib vajadusel puhastada pehme, niiske lapiga.<\\\/p>\"}},{\"@type\":\"Question\",\"name\":\"Kas ehtel on allergiavabad omadused?\",\"acceptedAnswer\":{\"@type\":\"Answer\",\"text\":\"<p>Jah, kasutatud materjalid on hoolikalt valitud, et v\\u00e4ltida allergiliste reaktsioonide teket. Nahk on naturaalselt pargitud ja klaasist detailid on keemiavabad.<\\\/p>\"}},{\"@type\":\"Question\",\"name\":\"Kas k\\u00e4eehe on k\\u00e4sitsi valmistatud?\",\"acceptedAnswer\":{\"@type\":\"Answer\",\"text\":\"<p>Jah, k\\u00f5ik meie ehted on k\\u00e4sitsi valmistatud, tagades seel\\u00e4bi iga eseme unikaalsuse ja k\\u00f5rge kvaliteedi. Klaasinterj\\u00f6\\u00f6ri kunstnikud Anu Suvi ja Sandra Allemann on \\u00f5ppinud eesti Kunstiakadeemias. Loe rohkem: <a href=\\\"https:\\\/\\\/vitraaz.ee\\\/vitraaz\\\/\\\" target=\\\"_blank\\\" rel=\\\"noopener\\\">Meist<\\\/a><\\\/p>\"}}]}<\/script>\n\t\t\t\t\t<\/div>\n\t\t\t\t\t\t<\/div>\n\t\t\t\t<\/div>\n\t\t\t\t\t<\/div>\n\t\t<\/div>\n\t\t\t\t\t<\/div>\n\t\t<\/section>\n\t\t\t\t<\/div>\n\t\t","protected":false},"excerpt":{"rendered":"<p>Punakas kuldse tooniga klaasist ja nahast k\u00e4eehe. Ehte v\u00f5lu seisneb selle p\u00f5nevas v\u00e4rvim\u00e4ngus, valguse k\u00e4es v\u00f5ib selles leida nii kuldseid punakaid kui rohekaid toone. Ehtel on pehmest nahast rihm, mis m\u00f5nusalt kohandub kandja k\u00e4ega. Selleks, et istuvus oleks sobivaim, tuleks m\u00f5\u00f5ta k\u00e4e \u00fcmberm\u00f5\u00f5t randmest veidi k\u00f5rgemalt. See ehe sobib k\u00f5ige paremini k\u00e4e\u00fcmberm\u00f5\u00f5dule 18 cm.<\/p>\n","protected":false},"featured_media":5821,"template":"","meta":{"_acf_changed":false},"product_brand":[],"product_cat":[39],"product_tag":[75,79,144,143],"class_list":{"0":"post-5886","1":"product","2":"type-product","3":"status-publish","4":"has-post-thumbnail","6":"product_cat-ehted","7":"product_tag-aksessuaar","8":"product_tag-kaeehe","9":"product_tag-klaas","10":"product_tag-nahkrihm","12":"first","13":"instock","14":"taxable","15":"shipping-taxable","16":"purchasable","17":"product-type-simple"},"acf":[],"yoast_head":"<!-- This site is optimized with the Yoast SEO plugin v27.3 - https:\/\/yoast.com\/product\/yoast-seo-wordpress\/ -->\n<title>Klaasist ja nahast k\u00e4eehe - Vitraaz.ee<\/title>\n<meta name=\"description\" content=\"Punakas kuldse tooniga klaasist ja nahast k\u00e4eehe. Rangele mustale rihmale lisab s\u00e4ra ja v\u00fcrtsi k\u00fc\u00fctlev punakas kuldne klaas.\" \/>\n<meta name=\"robots\" content=\"index, follow, max-snippet:-1, max-image-preview:large, max-video-preview:-1\" \/>\n<link rel=\"canonical\" href=\"https:\/\/vitraaz.ee\/fi\/toode\/kaeehe-klaas-ja-nahk\/\" \/>\n<meta property=\"og:locale\" content=\"fi_FI\" \/>\n<meta property=\"og:type\" content=\"article\" \/>\n<meta property=\"og:title\" content=\"Klaasist ja nahast k\u00e4eehe - Vitraaz.ee\" \/>\n<meta property=\"og:description\" content=\"Punakas kuldse tooniga klaasist ja nahast k\u00e4eehe. Rangele mustale rihmale lisab s\u00e4ra ja v\u00fcrtsi k\u00fc\u00fctlev punakas kuldne klaas.\" \/>\n<meta property=\"og:url\" content=\"https:\/\/vitraaz.ee\/fi\/toode\/kaeehe-klaas-ja-nahk\/\" \/>\n<meta property=\"og:site_name\" content=\"Vitraaz.ee\" \/>\n<meta property=\"article:publisher\" content=\"https:\/\/www.facebook.com\/Klaasinterjoor\" \/>\n<meta property=\"article:modified_time\" content=\"2024-07-16T08:13:50+00:00\" \/>\n<meta property=\"og:image\" content=\"https:\/\/vitraaz.ee\/wp-content\/uploads\/2023\/10\/punanekuld2.jpg\" \/>\n\t<meta property=\"og:image:width\" content=\"1200\" \/>\n\t<meta property=\"og:image:height\" content=\"798\" \/>\n\t<meta property=\"og:image:type\" content=\"image\/jpeg\" \/>\n<meta name=\"twitter:card\" content=\"summary_large_image\" \/>\n<meta name=\"twitter:label1\" content=\"Arvioitu lukuaika\" \/>\n\t<meta name=\"twitter:data1\" content=\"2 minuuttia\" \/>\n<script type=\"application\/ld+json\" class=\"yoast-schema-graph\">{\"@context\":\"https:\\\/\\\/schema.org\",\"@graph\":[{\"@type\":\"WebPage\",\"@id\":\"https:\\\/\\\/vitraaz.ee\\\/fi\\\/toode\\\/kaeehe-klaas-ja-nahk\\\/\",\"url\":\"https:\\\/\\\/vitraaz.ee\\\/fi\\\/toode\\\/kaeehe-klaas-ja-nahk\\\/\",\"name\":\"Klaasist ja nahast k\u00e4eehe - Vitraaz.ee\",\"isPartOf\":{\"@id\":\"https:\\\/\\\/vitraaz.ee\\\/fi\\\/#website\"},\"primaryImageOfPage\":{\"@id\":\"https:\\\/\\\/vitraaz.ee\\\/fi\\\/toode\\\/kaeehe-klaas-ja-nahk\\\/#primaryimage\"},\"image\":{\"@id\":\"https:\\\/\\\/vitraaz.ee\\\/fi\\\/toode\\\/kaeehe-klaas-ja-nahk\\\/#primaryimage\"},\"thumbnailUrl\":\"https:\\\/\\\/vitraaz.ee\\\/wp-content\\\/uploads\\\/2023\\\/10\\\/punanekuld2.jpg\",\"datePublished\":\"2023-11-17T07:54:48+00:00\",\"dateModified\":\"2024-07-16T08:13:50+00:00\",\"description\":\"Punakas kuldse tooniga klaasist ja nahast k\u00e4eehe. Rangele mustale rihmale lisab s\u00e4ra ja v\u00fcrtsi k\u00fc\u00fctlev punakas kuldne klaas.\",\"breadcrumb\":{\"@id\":\"https:\\\/\\\/vitraaz.ee\\\/fi\\\/toode\\\/kaeehe-klaas-ja-nahk\\\/#breadcrumb\"},\"inLanguage\":\"fi\",\"potentialAction\":[{\"@type\":\"ReadAction\",\"target\":[\"https:\\\/\\\/vitraaz.ee\\\/fi\\\/toode\\\/kaeehe-klaas-ja-nahk\\\/\"]}]},{\"@type\":\"ImageObject\",\"inLanguage\":\"fi\",\"@id\":\"https:\\\/\\\/vitraaz.ee\\\/fi\\\/toode\\\/kaeehe-klaas-ja-nahk\\\/#primaryimage\",\"url\":\"https:\\\/\\\/vitraaz.ee\\\/wp-content\\\/uploads\\\/2023\\\/10\\\/punanekuld2.jpg\",\"contentUrl\":\"https:\\\/\\\/vitraaz.ee\\\/wp-content\\\/uploads\\\/2023\\\/10\\\/punanekuld2.jpg\",\"width\":1200,\"height\":798,\"caption\":\"punakas kuldne ehe\"},{\"@type\":\"BreadcrumbList\",\"@id\":\"https:\\\/\\\/vitraaz.ee\\\/fi\\\/toode\\\/kaeehe-klaas-ja-nahk\\\/#breadcrumb\",\"itemListElement\":[{\"@type\":\"ListItem\",\"position\":1,\"name\":\"Home\",\"item\":\"https:\\\/\\\/vitraaz.ee\\\/fi\\\/\"},{\"@type\":\"ListItem\",\"position\":2,\"name\":\"Pood\",\"item\":\"https:\\\/\\\/vitraaz.ee\\\/pood\\\/\"},{\"@type\":\"ListItem\",\"position\":3,\"name\":\"Klaasist ja nahast k\u00e4eehe\"}]},{\"@type\":\"WebSite\",\"@id\":\"https:\\\/\\\/vitraaz.ee\\\/fi\\\/#website\",\"url\":\"https:\\\/\\\/vitraaz.ee\\\/fi\\\/\",\"name\":\"Vitraaz.ee\",\"description\":\"Klaasinterj&ouml;&ouml;r\",\"publisher\":{\"@id\":\"https:\\\/\\\/vitraaz.ee\\\/fi\\\/#organization\"},\"potentialAction\":[{\"@type\":\"SearchAction\",\"target\":{\"@type\":\"EntryPoint\",\"urlTemplate\":\"https:\\\/\\\/vitraaz.ee\\\/fi\\\/?s={search_term_string}\"},\"query-input\":{\"@type\":\"PropertyValueSpecification\",\"valueRequired\":true,\"valueName\":\"search_term_string\"}}],\"inLanguage\":\"fi\"},{\"@type\":\"Organization\",\"@id\":\"https:\\\/\\\/vitraaz.ee\\\/fi\\\/#organization\",\"name\":\"KLAASINTERJ\u00d6\u00d6R O\u00dc\",\"url\":\"https:\\\/\\\/vitraaz.ee\\\/fi\\\/\",\"logo\":{\"@type\":\"ImageObject\",\"inLanguage\":\"fi\",\"@id\":\"https:\\\/\\\/vitraaz.ee\\\/fi\\\/#\\\/schema\\\/logo\\\/image\\\/\",\"url\":\"https:\\\/\\\/vitraaz.ee\\\/wp-content\\\/uploads\\\/2022\\\/09\\\/logoKI.png\",\"contentUrl\":\"https:\\\/\\\/vitraaz.ee\\\/wp-content\\\/uploads\\\/2022\\\/09\\\/logoKI.png\",\"width\":1159,\"height\":458,\"caption\":\"KLAASINTERJ\u00d6\u00d6R O\u00dc\"},\"image\":{\"@id\":\"https:\\\/\\\/vitraaz.ee\\\/fi\\\/#\\\/schema\\\/logo\\\/image\\\/\"},\"sameAs\":[\"https:\\\/\\\/www.facebook.com\\\/Klaasinterjoor\"]}]}<\/script>\n<!-- \/ Yoast SEO plugin. -->","yoast_head_json":{"title":"Klaasist ja nahast k\u00e4eehe - Vitraaz.ee","description":"Punakas kuldse tooniga klaasist ja nahast k\u00e4eehe. Rangele mustale rihmale lisab s\u00e4ra ja v\u00fcrtsi k\u00fc\u00fctlev punakas kuldne klaas.","robots":{"index":"index","follow":"follow","max-snippet":"max-snippet:-1","max-image-preview":"max-image-preview:large","max-video-preview":"max-video-preview:-1"},"canonical":"https:\/\/vitraaz.ee\/fi\/toode\/kaeehe-klaas-ja-nahk\/","og_locale":"fi_FI","og_type":"article","og_title":"Klaasist ja nahast k\u00e4eehe - Vitraaz.ee","og_description":"Punakas kuldse tooniga klaasist ja nahast k\u00e4eehe. Rangele mustale rihmale lisab s\u00e4ra ja v\u00fcrtsi k\u00fc\u00fctlev punakas kuldne klaas.","og_url":"https:\/\/vitraaz.ee\/fi\/toode\/kaeehe-klaas-ja-nahk\/","og_site_name":"Vitraaz.ee","article_publisher":"https:\/\/www.facebook.com\/Klaasinterjoor","article_modified_time":"2024-07-16T08:13:50+00:00","og_image":[{"width":1200,"height":798,"url":"https:\/\/vitraaz.ee\/wp-content\/uploads\/2023\/10\/punanekuld2.jpg","type":"image\/jpeg"}],"twitter_card":"summary_large_image","twitter_misc":{"Arvioitu lukuaika":"2 minuuttia"},"schema":{"@context":"https:\/\/schema.org","@graph":[{"@type":"WebPage","@id":"https:\/\/vitraaz.ee\/fi\/toode\/kaeehe-klaas-ja-nahk\/","url":"https:\/\/vitraaz.ee\/fi\/toode\/kaeehe-klaas-ja-nahk\/","name":"Klaasist ja nahast k\u00e4eehe - Vitraaz.ee","isPartOf":{"@id":"https:\/\/vitraaz.ee\/fi\/#website"},"primaryImageOfPage":{"@id":"https:\/\/vitraaz.ee\/fi\/toode\/kaeehe-klaas-ja-nahk\/#primaryimage"},"image":{"@id":"https:\/\/vitraaz.ee\/fi\/toode\/kaeehe-klaas-ja-nahk\/#primaryimage"},"thumbnailUrl":"https:\/\/vitraaz.ee\/wp-content\/uploads\/2023\/10\/punanekuld2.jpg","datePublished":"2023-11-17T07:54:48+00:00","dateModified":"2024-07-16T08:13:50+00:00","description":"Punakas kuldse tooniga klaasist ja nahast k\u00e4eehe. Rangele mustale rihmale lisab s\u00e4ra ja v\u00fcrtsi k\u00fc\u00fctlev punakas kuldne klaas.","breadcrumb":{"@id":"https:\/\/vitraaz.ee\/fi\/toode\/kaeehe-klaas-ja-nahk\/#breadcrumb"},"inLanguage":"fi","potentialAction":[{"@type":"ReadAction","target":["https:\/\/vitraaz.ee\/fi\/toode\/kaeehe-klaas-ja-nahk\/"]}]},{"@type":"ImageObject","inLanguage":"fi","@id":"https:\/\/vitraaz.ee\/fi\/toode\/kaeehe-klaas-ja-nahk\/#primaryimage","url":"https:\/\/vitraaz.ee\/wp-content\/uploads\/2023\/10\/punanekuld2.jpg","contentUrl":"https:\/\/vitraaz.ee\/wp-content\/uploads\/2023\/10\/punanekuld2.jpg","width":1200,"height":798,"caption":"punakas kuldne ehe"},{"@type":"BreadcrumbList","@id":"https:\/\/vitraaz.ee\/fi\/toode\/kaeehe-klaas-ja-nahk\/#breadcrumb","itemListElement":[{"@type":"ListItem","position":1,"name":"Home","item":"https:\/\/vitraaz.ee\/fi\/"},{"@type":"ListItem","position":2,"name":"Pood","item":"https:\/\/vitraaz.ee\/pood\/"},{"@type":"ListItem","position":3,"name":"Klaasist ja nahast k\u00e4eehe"}]},{"@type":"WebSite","@id":"https:\/\/vitraaz.ee\/fi\/#website","url":"https:\/\/vitraaz.ee\/fi\/","name":"Vitraaz.ee","description":"Klaasinterj&ouml;&ouml;r","publisher":{"@id":"https:\/\/vitraaz.ee\/fi\/#organization"},"potentialAction":[{"@type":"SearchAction","target":{"@type":"EntryPoint","urlTemplate":"https:\/\/vitraaz.ee\/fi\/?s={search_term_string}"},"query-input":{"@type":"PropertyValueSpecification","valueRequired":true,"valueName":"search_term_string"}}],"inLanguage":"fi"},{"@type":"Organization","@id":"https:\/\/vitraaz.ee\/fi\/#organization","name":"KLAASINTERJ\u00d6\u00d6R O\u00dc","url":"https:\/\/vitraaz.ee\/fi\/","logo":{"@type":"ImageObject","inLanguage":"fi","@id":"https:\/\/vitraaz.ee\/fi\/#\/schema\/logo\/image\/","url":"https:\/\/vitraaz.ee\/wp-content\/uploads\/2022\/09\/logoKI.png","contentUrl":"https:\/\/vitraaz.ee\/wp-content\/uploads\/2022\/09\/logoKI.png","width":1159,"height":458,"caption":"KLAASINTERJ\u00d6\u00d6R O\u00dc"},"image":{"@id":"https:\/\/vitraaz.ee\/fi\/#\/schema\/logo\/image\/"},"sameAs":["https:\/\/www.facebook.com\/Klaasinterjoor"]}]}},"_links":{"self":[{"href":"https:\/\/vitraaz.ee\/fi\/wp-json\/wp\/v2\/product\/5886","targetHints":{"allow":["GET"]}}],"collection":[{"href":"https:\/\/vitraaz.ee\/fi\/wp-json\/wp\/v2\/product"}],"about":[{"href":"https:\/\/vitraaz.ee\/fi\/wp-json\/wp\/v2\/types\/product"}],"version-history":[{"count":0,"href":"https:\/\/vitraaz.ee\/fi\/wp-json\/wp\/v2\/product\/5886\/revisions"}],"wp:featuredmedia":[{"embeddable":true,"href":"https:\/\/vitraaz.ee\/fi\/wp-json\/wp\/v2\/media\/5821"}],"wp:attachment":[{"href":"https:\/\/vitraaz.ee\/fi\/wp-json\/wp\/v2\/media?parent=5886"}],"wp:term":[{"taxonomy":"product_brand","embeddable":true,"href":"https:\/\/vitraaz.ee\/fi\/wp-json\/wp\/v2\/product_brand?post=5886"},{"taxonomy":"product_cat","embeddable":true,"href":"https:\/\/vitraaz.ee\/fi\/wp-json\/wp\/v2\/product_cat?post=5886"},{"taxonomy":"product_tag","embeddable":true,"href":"https:\/\/vitraaz.ee\/fi\/wp-json\/wp\/v2\/product_tag?post=5886"}],"curies":[{"name":"wp","href":"https:\/\/api.w.org\/{rel}","templated":true}]}}