{"id":5881,"date":"2024-07-16T13:24:14","date_gmt":"2024-07-16T13:24:14","guid":{"rendered":"https:\/\/vitraaz.ee\/?post_type=product&#038;p=5881"},"modified":"2024-07-16T13:26:15","modified_gmt":"2024-07-16T13:26:15","slug":"nahast-rihmaga-ehe","status":"publish","type":"product","link":"https:\/\/vitraaz.ee\/fi\/toode\/nahast-rihmaga-ehe\/","title":{"rendered":"Nahast rihmaga ehe"},"content":{"rendered":"<p>Nahast rihmaga ehe kinnitub k\u00e4e \u00fcmber trukiga. Ehe on j\u00f5ulise laia rihmaga, mida mahendab valgest ja l\u00e4bipaistvast nude tooni klaasist kaunistus. Silmapaistev ent igap\u00e4evane lisa sinu aksessuaaridele. K\u00e4eehe sobib suurep\u00e4raselt ka kingituseks. Selleks, et sobivuses veenduda on kindlasti hea veenduda k\u00e4e\u00fcmberm\u00f5\u00f5dus. selleks peaks v\u00f5tma k\u00e4e\u00fcmberm\u00f5\u00f5du randmest k\u00f5rgemalt. See ehe sobib k\u00e4ele m\u00f5\u00f5duga 16 cm.<\/p>\n","protected":false},"excerpt":{"rendered":"<p>Nahast rihmaga ehe kinnitub k\u00e4e \u00fcmber trukiga. Ehe on j\u00f5ulise laia rihmaga, mida mahendab valgest ja l\u00e4bipaistvast nude tooni klaasist kaunistus. Silmapaistev ent igap\u00e4evane lisa sinu aksessuaaridele. K\u00e4eehe sobib suurep\u00e4raselt ka kingituseks. Selleks, et sobivuses veenduda on kindlasti hea veenduda k\u00e4e\u00fcmberm\u00f5\u00f5dus. selleks peaks v\u00f5tma k\u00e4e\u00fcmberm\u00f5\u00f5du randmest k\u00f5rgemalt. See ehe sobib k\u00e4ele m\u00f5\u00f5duga 16 cm.<\/p>\n","protected":false},"featured_media":5869,"template":"","meta":{"_acf_changed":false},"product_brand":[],"product_cat":[39],"product_tag":[],"class_list":{"0":"post-5881","1":"product","2":"type-product","3":"status-publish","4":"has-post-thumbnail","6":"product_cat-ehted","8":"first","9":"instock","10":"taxable","11":"shipping-taxable","12":"purchasable","13":"product-type-simple"},"acf":[],"yoast_head":"<!-- This site is optimized with the Yoast SEO plugin v27.3 - https:\/\/yoast.com\/product\/yoast-seo-wordpress\/ -->\n<title>Nahast rihmaga ehe - Vitraaz.ee<\/title>\n<meta name=\"description\" content=\"Pretensioonitute toonidega nahast rihmaga ehe. Piisavalt tagasihoidlik, et sobituda iga sinu r\u00f5ivavalikuga, samas piisavalt j\u00f5uline, et silma paista.\" \/>\n<meta name=\"robots\" content=\"index, follow, max-snippet:-1, max-image-preview:large, max-video-preview:-1\" \/>\n<link rel=\"canonical\" href=\"https:\/\/vitraaz.ee\/fi\/toode\/nahast-rihmaga-ehe\/\" \/>\n<meta property=\"og:locale\" content=\"fi_FI\" \/>\n<meta property=\"og:type\" content=\"article\" \/>\n<meta property=\"og:title\" content=\"Nahast rihmaga ehe - Vitraaz.ee\" \/>\n<meta property=\"og:description\" content=\"Pretensioonitute toonidega nahast rihmaga ehe. Piisavalt tagasihoidlik, et sobituda iga sinu r\u00f5ivavalikuga, samas piisavalt j\u00f5uline, et silma paista.\" \/>\n<meta property=\"og:url\" content=\"https:\/\/vitraaz.ee\/fi\/toode\/nahast-rihmaga-ehe\/\" \/>\n<meta property=\"og:site_name\" content=\"Vitraaz.ee\" \/>\n<meta property=\"article:publisher\" content=\"https:\/\/www.facebook.com\/Klaasinterjoor\" \/>\n<meta property=\"article:modified_time\" content=\"2024-07-16T13:26:15+00:00\" \/>\n<meta property=\"og:image\" content=\"https:\/\/vitraaz.ee\/wp-content\/uploads\/2023\/10\/skinjavalge.jpg\" \/>\n\t<meta property=\"og:image:width\" content=\"1200\" \/>\n\t<meta property=\"og:image:height\" content=\"798\" \/>\n\t<meta property=\"og:image:type\" content=\"image\/jpeg\" \/>\n<meta name=\"twitter:card\" content=\"summary_large_image\" \/>\n<meta name=\"twitter:label1\" content=\"Arvioitu lukuaika\" \/>\n\t<meta name=\"twitter:data1\" content=\"1 minuutti\" \/>\n<script type=\"application\/ld+json\" class=\"yoast-schema-graph\">{\"@context\":\"https:\\\/\\\/schema.org\",\"@graph\":[{\"@type\":\"WebPage\",\"@id\":\"https:\\\/\\\/vitraaz.ee\\\/fi\\\/toode\\\/nahast-rihmaga-ehe\\\/\",\"url\":\"https:\\\/\\\/vitraaz.ee\\\/fi\\\/toode\\\/nahast-rihmaga-ehe\\\/\",\"name\":\"Nahast rihmaga ehe - Vitraaz.ee\",\"isPartOf\":{\"@id\":\"https:\\\/\\\/vitraaz.ee\\\/fi\\\/#website\"},\"primaryImageOfPage\":{\"@id\":\"https:\\\/\\\/vitraaz.ee\\\/fi\\\/toode\\\/nahast-rihmaga-ehe\\\/#primaryimage\"},\"image\":{\"@id\":\"https:\\\/\\\/vitraaz.ee\\\/fi\\\/toode\\\/nahast-rihmaga-ehe\\\/#primaryimage\"},\"thumbnailUrl\":\"https:\\\/\\\/vitraaz.ee\\\/wp-content\\\/uploads\\\/2023\\\/10\\\/skinjavalge.jpg\",\"datePublished\":\"2024-07-16T13:24:14+00:00\",\"dateModified\":\"2024-07-16T13:26:15+00:00\",\"description\":\"Pretensioonitute toonidega nahast rihmaga ehe. Piisavalt tagasihoidlik, et sobituda iga sinu r\u00f5ivavalikuga, samas piisavalt j\u00f5uline, et silma paista.\",\"breadcrumb\":{\"@id\":\"https:\\\/\\\/vitraaz.ee\\\/fi\\\/toode\\\/nahast-rihmaga-ehe\\\/#breadcrumb\"},\"inLanguage\":\"fi\",\"potentialAction\":[{\"@type\":\"ReadAction\",\"target\":[\"https:\\\/\\\/vitraaz.ee\\\/fi\\\/toode\\\/nahast-rihmaga-ehe\\\/\"]}]},{\"@type\":\"ImageObject\",\"inLanguage\":\"fi\",\"@id\":\"https:\\\/\\\/vitraaz.ee\\\/fi\\\/toode\\\/nahast-rihmaga-ehe\\\/#primaryimage\",\"url\":\"https:\\\/\\\/vitraaz.ee\\\/wp-content\\\/uploads\\\/2023\\\/10\\\/skinjavalge.jpg\",\"contentUrl\":\"https:\\\/\\\/vitraaz.ee\\\/wp-content\\\/uploads\\\/2023\\\/10\\\/skinjavalge.jpg\",\"width\":1200,\"height\":798,\"caption\":\"klaasist ja nahast ehe\"},{\"@type\":\"BreadcrumbList\",\"@id\":\"https:\\\/\\\/vitraaz.ee\\\/fi\\\/toode\\\/nahast-rihmaga-ehe\\\/#breadcrumb\",\"itemListElement\":[{\"@type\":\"ListItem\",\"position\":1,\"name\":\"Home\",\"item\":\"https:\\\/\\\/vitraaz.ee\\\/fi\\\/\"},{\"@type\":\"ListItem\",\"position\":2,\"name\":\"Pood\",\"item\":\"https:\\\/\\\/vitraaz.ee\\\/pood\\\/\"},{\"@type\":\"ListItem\",\"position\":3,\"name\":\"Nahast rihmaga ehe\"}]},{\"@type\":\"WebSite\",\"@id\":\"https:\\\/\\\/vitraaz.ee\\\/fi\\\/#website\",\"url\":\"https:\\\/\\\/vitraaz.ee\\\/fi\\\/\",\"name\":\"Vitraaz.ee\",\"description\":\"Klaasinterj&ouml;&ouml;r\",\"publisher\":{\"@id\":\"https:\\\/\\\/vitraaz.ee\\\/fi\\\/#organization\"},\"potentialAction\":[{\"@type\":\"SearchAction\",\"target\":{\"@type\":\"EntryPoint\",\"urlTemplate\":\"https:\\\/\\\/vitraaz.ee\\\/fi\\\/?s={search_term_string}\"},\"query-input\":{\"@type\":\"PropertyValueSpecification\",\"valueRequired\":true,\"valueName\":\"search_term_string\"}}],\"inLanguage\":\"fi\"},{\"@type\":\"Organization\",\"@id\":\"https:\\\/\\\/vitraaz.ee\\\/fi\\\/#organization\",\"name\":\"KLAASINTERJ\u00d6\u00d6R O\u00dc\",\"url\":\"https:\\\/\\\/vitraaz.ee\\\/fi\\\/\",\"logo\":{\"@type\":\"ImageObject\",\"inLanguage\":\"fi\",\"@id\":\"https:\\\/\\\/vitraaz.ee\\\/fi\\\/#\\\/schema\\\/logo\\\/image\\\/\",\"url\":\"https:\\\/\\\/vitraaz.ee\\\/wp-content\\\/uploads\\\/2022\\\/09\\\/logoKI.png\",\"contentUrl\":\"https:\\\/\\\/vitraaz.ee\\\/wp-content\\\/uploads\\\/2022\\\/09\\\/logoKI.png\",\"width\":1159,\"height\":458,\"caption\":\"KLAASINTERJ\u00d6\u00d6R O\u00dc\"},\"image\":{\"@id\":\"https:\\\/\\\/vitraaz.ee\\\/fi\\\/#\\\/schema\\\/logo\\\/image\\\/\"},\"sameAs\":[\"https:\\\/\\\/www.facebook.com\\\/Klaasinterjoor\"]}]}<\/script>\n<!-- \/ Yoast SEO plugin. -->","yoast_head_json":{"title":"Nahast rihmaga ehe - Vitraaz.ee","description":"Pretensioonitute toonidega nahast rihmaga ehe. Piisavalt tagasihoidlik, et sobituda iga sinu r\u00f5ivavalikuga, samas piisavalt j\u00f5uline, et silma paista.","robots":{"index":"index","follow":"follow","max-snippet":"max-snippet:-1","max-image-preview":"max-image-preview:large","max-video-preview":"max-video-preview:-1"},"canonical":"https:\/\/vitraaz.ee\/fi\/toode\/nahast-rihmaga-ehe\/","og_locale":"fi_FI","og_type":"article","og_title":"Nahast rihmaga ehe - Vitraaz.ee","og_description":"Pretensioonitute toonidega nahast rihmaga ehe. Piisavalt tagasihoidlik, et sobituda iga sinu r\u00f5ivavalikuga, samas piisavalt j\u00f5uline, et silma paista.","og_url":"https:\/\/vitraaz.ee\/fi\/toode\/nahast-rihmaga-ehe\/","og_site_name":"Vitraaz.ee","article_publisher":"https:\/\/www.facebook.com\/Klaasinterjoor","article_modified_time":"2024-07-16T13:26:15+00:00","og_image":[{"width":1200,"height":798,"url":"https:\/\/vitraaz.ee\/wp-content\/uploads\/2023\/10\/skinjavalge.jpg","type":"image\/jpeg"}],"twitter_card":"summary_large_image","twitter_misc":{"Arvioitu lukuaika":"1 minuutti"},"schema":{"@context":"https:\/\/schema.org","@graph":[{"@type":"WebPage","@id":"https:\/\/vitraaz.ee\/fi\/toode\/nahast-rihmaga-ehe\/","url":"https:\/\/vitraaz.ee\/fi\/toode\/nahast-rihmaga-ehe\/","name":"Nahast rihmaga ehe - Vitraaz.ee","isPartOf":{"@id":"https:\/\/vitraaz.ee\/fi\/#website"},"primaryImageOfPage":{"@id":"https:\/\/vitraaz.ee\/fi\/toode\/nahast-rihmaga-ehe\/#primaryimage"},"image":{"@id":"https:\/\/vitraaz.ee\/fi\/toode\/nahast-rihmaga-ehe\/#primaryimage"},"thumbnailUrl":"https:\/\/vitraaz.ee\/wp-content\/uploads\/2023\/10\/skinjavalge.jpg","datePublished":"2024-07-16T13:24:14+00:00","dateModified":"2024-07-16T13:26:15+00:00","description":"Pretensioonitute toonidega nahast rihmaga ehe. Piisavalt tagasihoidlik, et sobituda iga sinu r\u00f5ivavalikuga, samas piisavalt j\u00f5uline, et silma paista.","breadcrumb":{"@id":"https:\/\/vitraaz.ee\/fi\/toode\/nahast-rihmaga-ehe\/#breadcrumb"},"inLanguage":"fi","potentialAction":[{"@type":"ReadAction","target":["https:\/\/vitraaz.ee\/fi\/toode\/nahast-rihmaga-ehe\/"]}]},{"@type":"ImageObject","inLanguage":"fi","@id":"https:\/\/vitraaz.ee\/fi\/toode\/nahast-rihmaga-ehe\/#primaryimage","url":"https:\/\/vitraaz.ee\/wp-content\/uploads\/2023\/10\/skinjavalge.jpg","contentUrl":"https:\/\/vitraaz.ee\/wp-content\/uploads\/2023\/10\/skinjavalge.jpg","width":1200,"height":798,"caption":"klaasist ja nahast ehe"},{"@type":"BreadcrumbList","@id":"https:\/\/vitraaz.ee\/fi\/toode\/nahast-rihmaga-ehe\/#breadcrumb","itemListElement":[{"@type":"ListItem","position":1,"name":"Home","item":"https:\/\/vitraaz.ee\/fi\/"},{"@type":"ListItem","position":2,"name":"Pood","item":"https:\/\/vitraaz.ee\/pood\/"},{"@type":"ListItem","position":3,"name":"Nahast rihmaga ehe"}]},{"@type":"WebSite","@id":"https:\/\/vitraaz.ee\/fi\/#website","url":"https:\/\/vitraaz.ee\/fi\/","name":"Vitraaz.ee","description":"Klaasinterj&ouml;&ouml;r","publisher":{"@id":"https:\/\/vitraaz.ee\/fi\/#organization"},"potentialAction":[{"@type":"SearchAction","target":{"@type":"EntryPoint","urlTemplate":"https:\/\/vitraaz.ee\/fi\/?s={search_term_string}"},"query-input":{"@type":"PropertyValueSpecification","valueRequired":true,"valueName":"search_term_string"}}],"inLanguage":"fi"},{"@type":"Organization","@id":"https:\/\/vitraaz.ee\/fi\/#organization","name":"KLAASINTERJ\u00d6\u00d6R O\u00dc","url":"https:\/\/vitraaz.ee\/fi\/","logo":{"@type":"ImageObject","inLanguage":"fi","@id":"https:\/\/vitraaz.ee\/fi\/#\/schema\/logo\/image\/","url":"https:\/\/vitraaz.ee\/wp-content\/uploads\/2022\/09\/logoKI.png","contentUrl":"https:\/\/vitraaz.ee\/wp-content\/uploads\/2022\/09\/logoKI.png","width":1159,"height":458,"caption":"KLAASINTERJ\u00d6\u00d6R O\u00dc"},"image":{"@id":"https:\/\/vitraaz.ee\/fi\/#\/schema\/logo\/image\/"},"sameAs":["https:\/\/www.facebook.com\/Klaasinterjoor"]}]}},"_links":{"self":[{"href":"https:\/\/vitraaz.ee\/fi\/wp-json\/wp\/v2\/product\/5881","targetHints":{"allow":["GET"]}}],"collection":[{"href":"https:\/\/vitraaz.ee\/fi\/wp-json\/wp\/v2\/product"}],"about":[{"href":"https:\/\/vitraaz.ee\/fi\/wp-json\/wp\/v2\/types\/product"}],"version-history":[{"count":0,"href":"https:\/\/vitraaz.ee\/fi\/wp-json\/wp\/v2\/product\/5881\/revisions"}],"wp:featuredmedia":[{"embeddable":true,"href":"https:\/\/vitraaz.ee\/fi\/wp-json\/wp\/v2\/media\/5869"}],"wp:attachment":[{"href":"https:\/\/vitraaz.ee\/fi\/wp-json\/wp\/v2\/media?parent=5881"}],"wp:term":[{"taxonomy":"product_brand","embeddable":true,"href":"https:\/\/vitraaz.ee\/fi\/wp-json\/wp\/v2\/product_brand?post=5881"},{"taxonomy":"product_cat","embeddable":true,"href":"https:\/\/vitraaz.ee\/fi\/wp-json\/wp\/v2\/product_cat?post=5881"},{"taxonomy":"product_tag","embeddable":true,"href":"https:\/\/vitraaz.ee\/fi\/wp-json\/wp\/v2\/product_tag?post=5881"}],"curies":[{"name":"wp","href":"https:\/\/api.w.org\/{rel}","templated":true}]}}