{"id":5878,"date":"2023-11-02T13:58:17","date_gmt":"2023-11-02T13:58:17","guid":{"rendered":"https:\/\/vitraaz.ee\/?post_type=product&#038;p=5878"},"modified":"2025-01-17T02:10:29","modified_gmt":"2025-01-17T02:10:29","slug":"kuldne-kaevoru","status":"publish","type":"product","link":"https:\/\/vitraaz.ee\/fi\/toode\/kuldne-kaevoru\/","title":{"rendered":"Kuldne k\u00e4ev\u00f5ru"},"content":{"rendered":"<p>Nahast rihmaga kuldne k\u00e4ev\u00f5ru, on ehe millest ei saa m\u00f6\u00f6da vaadata. Rangel nahkrihmal p\u00e4\u00e4seb suurep\u00e4raselt esile klaasist kuldne ja s\u00e4delev detail. Klaas p\u00fc\u00fcab valgust ning kuldses toonis leidub palju p\u00f5nevaid varjundeid. Nahast rihm on k\u00e4e \u00fcmber m\u00f5nus ja pehme. Rihm kinnitub truki abil. Et leida endale sobivaim ehe veendu, et sinu k\u00e4e \u00fcmberm\u00f5\u00f5dule see sobib. Selleks m\u00f5\u00f5da oma k\u00e4tt randmest veidi k\u00f5rgemalt, sealt, kus sooviksid ehet kanda. See ehe sobib randmele \u00fcmberm\u00f5\u00f5duga 18 cm. Klaasist osa m\u00f5\u00f5t: 0,7&#215;5 cm. Rihma laius 1,6 cm.<\/p>\n","protected":false},"excerpt":{"rendered":"<p>Nahast rihmaga kuldne k\u00e4ev\u00f5ru, on ehe millest ei saa m\u00f6\u00f6da vaadata. Rangel nahkrihmal p\u00e4\u00e4seb suurep\u00e4raselt esile klaasist kuldne ja s\u00e4delev detail. Klaas p\u00fc\u00fcab valgust ning kuldses toonis leidub palju p\u00f5nevaid varjundeid. Nahast rihm on k\u00e4e \u00fcmber m\u00f5nus ja pehme. Rihm kinnitub truki abil. Et leida endale sobivaim ehe veendu, et sinu k\u00e4e \u00fcmberm\u00f5\u00f5dule see sobib. [&hellip;]<\/p>\n","protected":false},"featured_media":5801,"template":"","meta":{"_acf_changed":false},"product_brand":[],"product_cat":[39],"product_tag":[],"class_list":{"0":"post-5878","1":"product","2":"type-product","3":"status-publish","4":"has-post-thumbnail","6":"product_cat-ehted","8":"first","9":"instock","10":"taxable","11":"shipping-taxable","12":"purchasable","13":"product-type-simple"},"acf":[],"yoast_head":"<!-- This site is optimized with the Yoast SEO plugin v27.3 - https:\/\/yoast.com\/product\/yoast-seo-wordpress\/ -->\n<title>Kuldne k\u00e4ev\u00f5ru - Vitraaz.ee<\/title>\n<meta name=\"description\" content=\"See kuldne k\u00e4ev\u00f5ru nahast rihmaga v\u00f5iks olla sinu uus lemmik aksessuaar. Suurep\u00e4rane t\u00e4iendus igap\u00e4evasele ja pidulikule riietusele.\" \/>\n<meta name=\"robots\" content=\"index, follow, max-snippet:-1, max-image-preview:large, max-video-preview:-1\" \/>\n<link rel=\"canonical\" href=\"https:\/\/vitraaz.ee\/fi\/toode\/kuldne-kaevoru\/\" \/>\n<meta property=\"og:locale\" content=\"fi_FI\" \/>\n<meta property=\"og:type\" content=\"article\" \/>\n<meta property=\"og:title\" content=\"Kuldne k\u00e4ev\u00f5ru - Vitraaz.ee\" \/>\n<meta property=\"og:description\" content=\"See kuldne k\u00e4ev\u00f5ru nahast rihmaga v\u00f5iks olla sinu uus lemmik aksessuaar. Suurep\u00e4rane t\u00e4iendus igap\u00e4evasele ja pidulikule riietusele.\" \/>\n<meta property=\"og:url\" content=\"https:\/\/vitraaz.ee\/fi\/toode\/kuldne-kaevoru\/\" \/>\n<meta property=\"og:site_name\" content=\"Vitraaz.ee\" \/>\n<meta property=\"article:publisher\" content=\"https:\/\/www.facebook.com\/Klaasinterjoor\" \/>\n<meta property=\"article:modified_time\" content=\"2025-01-17T02:10:29+00:00\" \/>\n<meta property=\"og:image\" content=\"https:\/\/vitraaz.ee\/wp-content\/uploads\/2023\/10\/kuldnekitsas1.jpg\" \/>\n\t<meta property=\"og:image:width\" content=\"1200\" \/>\n\t<meta property=\"og:image:height\" content=\"798\" \/>\n\t<meta property=\"og:image:type\" content=\"image\/jpeg\" \/>\n<meta name=\"twitter:card\" content=\"summary_large_image\" \/>\n<meta name=\"twitter:label1\" content=\"Arvioitu lukuaika\" \/>\n\t<meta name=\"twitter:data1\" content=\"1 minuutti\" \/>\n<script type=\"application\/ld+json\" class=\"yoast-schema-graph\">{\"@context\":\"https:\\\/\\\/schema.org\",\"@graph\":[{\"@type\":\"WebPage\",\"@id\":\"https:\\\/\\\/vitraaz.ee\\\/fi\\\/toode\\\/kuldne-kaevoru\\\/\",\"url\":\"https:\\\/\\\/vitraaz.ee\\\/fi\\\/toode\\\/kuldne-kaevoru\\\/\",\"name\":\"Kuldne k\u00e4ev\u00f5ru - Vitraaz.ee\",\"isPartOf\":{\"@id\":\"https:\\\/\\\/vitraaz.ee\\\/fi\\\/#website\"},\"primaryImageOfPage\":{\"@id\":\"https:\\\/\\\/vitraaz.ee\\\/fi\\\/toode\\\/kuldne-kaevoru\\\/#primaryimage\"},\"image\":{\"@id\":\"https:\\\/\\\/vitraaz.ee\\\/fi\\\/toode\\\/kuldne-kaevoru\\\/#primaryimage\"},\"thumbnailUrl\":\"https:\\\/\\\/vitraaz.ee\\\/wp-content\\\/uploads\\\/2023\\\/10\\\/kuldnekitsas1.jpg\",\"datePublished\":\"2023-11-02T13:58:17+00:00\",\"dateModified\":\"2025-01-17T02:10:29+00:00\",\"description\":\"See kuldne k\u00e4ev\u00f5ru nahast rihmaga v\u00f5iks olla sinu uus lemmik aksessuaar. Suurep\u00e4rane t\u00e4iendus igap\u00e4evasele ja pidulikule riietusele.\",\"breadcrumb\":{\"@id\":\"https:\\\/\\\/vitraaz.ee\\\/fi\\\/toode\\\/kuldne-kaevoru\\\/#breadcrumb\"},\"inLanguage\":\"fi\",\"potentialAction\":[{\"@type\":\"ReadAction\",\"target\":[\"https:\\\/\\\/vitraaz.ee\\\/fi\\\/toode\\\/kuldne-kaevoru\\\/\"]}]},{\"@type\":\"ImageObject\",\"inLanguage\":\"fi\",\"@id\":\"https:\\\/\\\/vitraaz.ee\\\/fi\\\/toode\\\/kuldne-kaevoru\\\/#primaryimage\",\"url\":\"https:\\\/\\\/vitraaz.ee\\\/wp-content\\\/uploads\\\/2023\\\/10\\\/kuldnekitsas1.jpg\",\"contentUrl\":\"https:\\\/\\\/vitraaz.ee\\\/wp-content\\\/uploads\\\/2023\\\/10\\\/kuldnekitsas1.jpg\",\"width\":1200,\"height\":798,\"caption\":\"kuldse klaasiga k\u00e4ev\u00f5ru\"},{\"@type\":\"BreadcrumbList\",\"@id\":\"https:\\\/\\\/vitraaz.ee\\\/fi\\\/toode\\\/kuldne-kaevoru\\\/#breadcrumb\",\"itemListElement\":[{\"@type\":\"ListItem\",\"position\":1,\"name\":\"Home\",\"item\":\"https:\\\/\\\/vitraaz.ee\\\/fi\\\/\"},{\"@type\":\"ListItem\",\"position\":2,\"name\":\"Pood\",\"item\":\"https:\\\/\\\/vitraaz.ee\\\/pood\\\/\"},{\"@type\":\"ListItem\",\"position\":3,\"name\":\"Kuldne k\u00e4ev\u00f5ru\"}]},{\"@type\":\"WebSite\",\"@id\":\"https:\\\/\\\/vitraaz.ee\\\/fi\\\/#website\",\"url\":\"https:\\\/\\\/vitraaz.ee\\\/fi\\\/\",\"name\":\"Vitraaz.ee\",\"description\":\"Klaasinterj&ouml;&ouml;r\",\"publisher\":{\"@id\":\"https:\\\/\\\/vitraaz.ee\\\/fi\\\/#organization\"},\"potentialAction\":[{\"@type\":\"SearchAction\",\"target\":{\"@type\":\"EntryPoint\",\"urlTemplate\":\"https:\\\/\\\/vitraaz.ee\\\/fi\\\/?s={search_term_string}\"},\"query-input\":{\"@type\":\"PropertyValueSpecification\",\"valueRequired\":true,\"valueName\":\"search_term_string\"}}],\"inLanguage\":\"fi\"},{\"@type\":\"Organization\",\"@id\":\"https:\\\/\\\/vitraaz.ee\\\/fi\\\/#organization\",\"name\":\"KLAASINTERJ\u00d6\u00d6R O\u00dc\",\"url\":\"https:\\\/\\\/vitraaz.ee\\\/fi\\\/\",\"logo\":{\"@type\":\"ImageObject\",\"inLanguage\":\"fi\",\"@id\":\"https:\\\/\\\/vitraaz.ee\\\/fi\\\/#\\\/schema\\\/logo\\\/image\\\/\",\"url\":\"https:\\\/\\\/vitraaz.ee\\\/wp-content\\\/uploads\\\/2022\\\/09\\\/logoKI.png\",\"contentUrl\":\"https:\\\/\\\/vitraaz.ee\\\/wp-content\\\/uploads\\\/2022\\\/09\\\/logoKI.png\",\"width\":1159,\"height\":458,\"caption\":\"KLAASINTERJ\u00d6\u00d6R O\u00dc\"},\"image\":{\"@id\":\"https:\\\/\\\/vitraaz.ee\\\/fi\\\/#\\\/schema\\\/logo\\\/image\\\/\"},\"sameAs\":[\"https:\\\/\\\/www.facebook.com\\\/Klaasinterjoor\"]}]}<\/script>\n<!-- \/ Yoast SEO plugin. -->","yoast_head_json":{"title":"Kuldne k\u00e4ev\u00f5ru - Vitraaz.ee","description":"See kuldne k\u00e4ev\u00f5ru nahast rihmaga v\u00f5iks olla sinu uus lemmik aksessuaar. Suurep\u00e4rane t\u00e4iendus igap\u00e4evasele ja pidulikule riietusele.","robots":{"index":"index","follow":"follow","max-snippet":"max-snippet:-1","max-image-preview":"max-image-preview:large","max-video-preview":"max-video-preview:-1"},"canonical":"https:\/\/vitraaz.ee\/fi\/toode\/kuldne-kaevoru\/","og_locale":"fi_FI","og_type":"article","og_title":"Kuldne k\u00e4ev\u00f5ru - Vitraaz.ee","og_description":"See kuldne k\u00e4ev\u00f5ru nahast rihmaga v\u00f5iks olla sinu uus lemmik aksessuaar. Suurep\u00e4rane t\u00e4iendus igap\u00e4evasele ja pidulikule riietusele.","og_url":"https:\/\/vitraaz.ee\/fi\/toode\/kuldne-kaevoru\/","og_site_name":"Vitraaz.ee","article_publisher":"https:\/\/www.facebook.com\/Klaasinterjoor","article_modified_time":"2025-01-17T02:10:29+00:00","og_image":[{"width":1200,"height":798,"url":"https:\/\/vitraaz.ee\/wp-content\/uploads\/2023\/10\/kuldnekitsas1.jpg","type":"image\/jpeg"}],"twitter_card":"summary_large_image","twitter_misc":{"Arvioitu lukuaika":"1 minuutti"},"schema":{"@context":"https:\/\/schema.org","@graph":[{"@type":"WebPage","@id":"https:\/\/vitraaz.ee\/fi\/toode\/kuldne-kaevoru\/","url":"https:\/\/vitraaz.ee\/fi\/toode\/kuldne-kaevoru\/","name":"Kuldne k\u00e4ev\u00f5ru - Vitraaz.ee","isPartOf":{"@id":"https:\/\/vitraaz.ee\/fi\/#website"},"primaryImageOfPage":{"@id":"https:\/\/vitraaz.ee\/fi\/toode\/kuldne-kaevoru\/#primaryimage"},"image":{"@id":"https:\/\/vitraaz.ee\/fi\/toode\/kuldne-kaevoru\/#primaryimage"},"thumbnailUrl":"https:\/\/vitraaz.ee\/wp-content\/uploads\/2023\/10\/kuldnekitsas1.jpg","datePublished":"2023-11-02T13:58:17+00:00","dateModified":"2025-01-17T02:10:29+00:00","description":"See kuldne k\u00e4ev\u00f5ru nahast rihmaga v\u00f5iks olla sinu uus lemmik aksessuaar. Suurep\u00e4rane t\u00e4iendus igap\u00e4evasele ja pidulikule riietusele.","breadcrumb":{"@id":"https:\/\/vitraaz.ee\/fi\/toode\/kuldne-kaevoru\/#breadcrumb"},"inLanguage":"fi","potentialAction":[{"@type":"ReadAction","target":["https:\/\/vitraaz.ee\/fi\/toode\/kuldne-kaevoru\/"]}]},{"@type":"ImageObject","inLanguage":"fi","@id":"https:\/\/vitraaz.ee\/fi\/toode\/kuldne-kaevoru\/#primaryimage","url":"https:\/\/vitraaz.ee\/wp-content\/uploads\/2023\/10\/kuldnekitsas1.jpg","contentUrl":"https:\/\/vitraaz.ee\/wp-content\/uploads\/2023\/10\/kuldnekitsas1.jpg","width":1200,"height":798,"caption":"kuldse klaasiga k\u00e4ev\u00f5ru"},{"@type":"BreadcrumbList","@id":"https:\/\/vitraaz.ee\/fi\/toode\/kuldne-kaevoru\/#breadcrumb","itemListElement":[{"@type":"ListItem","position":1,"name":"Home","item":"https:\/\/vitraaz.ee\/fi\/"},{"@type":"ListItem","position":2,"name":"Pood","item":"https:\/\/vitraaz.ee\/pood\/"},{"@type":"ListItem","position":3,"name":"Kuldne k\u00e4ev\u00f5ru"}]},{"@type":"WebSite","@id":"https:\/\/vitraaz.ee\/fi\/#website","url":"https:\/\/vitraaz.ee\/fi\/","name":"Vitraaz.ee","description":"Klaasinterj&ouml;&ouml;r","publisher":{"@id":"https:\/\/vitraaz.ee\/fi\/#organization"},"potentialAction":[{"@type":"SearchAction","target":{"@type":"EntryPoint","urlTemplate":"https:\/\/vitraaz.ee\/fi\/?s={search_term_string}"},"query-input":{"@type":"PropertyValueSpecification","valueRequired":true,"valueName":"search_term_string"}}],"inLanguage":"fi"},{"@type":"Organization","@id":"https:\/\/vitraaz.ee\/fi\/#organization","name":"KLAASINTERJ\u00d6\u00d6R O\u00dc","url":"https:\/\/vitraaz.ee\/fi\/","logo":{"@type":"ImageObject","inLanguage":"fi","@id":"https:\/\/vitraaz.ee\/fi\/#\/schema\/logo\/image\/","url":"https:\/\/vitraaz.ee\/wp-content\/uploads\/2022\/09\/logoKI.png","contentUrl":"https:\/\/vitraaz.ee\/wp-content\/uploads\/2022\/09\/logoKI.png","width":1159,"height":458,"caption":"KLAASINTERJ\u00d6\u00d6R O\u00dc"},"image":{"@id":"https:\/\/vitraaz.ee\/fi\/#\/schema\/logo\/image\/"},"sameAs":["https:\/\/www.facebook.com\/Klaasinterjoor"]}]}},"_links":{"self":[{"href":"https:\/\/vitraaz.ee\/fi\/wp-json\/wp\/v2\/product\/5878","targetHints":{"allow":["GET"]}}],"collection":[{"href":"https:\/\/vitraaz.ee\/fi\/wp-json\/wp\/v2\/product"}],"about":[{"href":"https:\/\/vitraaz.ee\/fi\/wp-json\/wp\/v2\/types\/product"}],"version-history":[{"count":1,"href":"https:\/\/vitraaz.ee\/fi\/wp-json\/wp\/v2\/product\/5878\/revisions"}],"predecessor-version":[{"id":8072,"href":"https:\/\/vitraaz.ee\/fi\/wp-json\/wp\/v2\/product\/5878\/revisions\/8072"}],"wp:featuredmedia":[{"embeddable":true,"href":"https:\/\/vitraaz.ee\/fi\/wp-json\/wp\/v2\/media\/5801"}],"wp:attachment":[{"href":"https:\/\/vitraaz.ee\/fi\/wp-json\/wp\/v2\/media?parent=5878"}],"wp:term":[{"taxonomy":"product_brand","embeddable":true,"href":"https:\/\/vitraaz.ee\/fi\/wp-json\/wp\/v2\/product_brand?post=5878"},{"taxonomy":"product_cat","embeddable":true,"href":"https:\/\/vitraaz.ee\/fi\/wp-json\/wp\/v2\/product_cat?post=5878"},{"taxonomy":"product_tag","embeddable":true,"href":"https:\/\/vitraaz.ee\/fi\/wp-json\/wp\/v2\/product_tag?post=5878"}],"curies":[{"name":"wp","href":"https:\/\/api.w.org\/{rel}","templated":true}]}}