{"id":5714,"date":"2023-10-23T12:10:28","date_gmt":"2023-10-23T12:10:28","guid":{"rendered":"https:\/\/vitraaz.ee\/?post_type=product&#038;p=5714"},"modified":"2025-01-17T02:10:55","modified_gmt":"2025-01-17T02:10:55","slug":"aknavitraaz","status":"publish","type":"product","link":"https:\/\/vitraaz.ee\/fi\/toode\/aknavitraaz\/","title":{"rendered":"Aknavitraa\u017e K\u00fclmalilled"},"content":{"rendered":"<p>Aknavitraa\u017e K\u00fclmalilled on valmistatud tiffany-tehnikas. Vitraa\u017eis on kasutatud lihvitud klaaskristalle, mis p\u00fc\u00fcavad\u00a0 osavalt valgust: s\u00e4ravad ja sillerdavad. Kirkad j\u00e4ised \u00f5ied sirguvad roosade toonide ja erinevate j\u00e4\u00e4klaaside keskelt. Vitraa\u017ei m\u00f5\u00f5dud on 30x42cm.\u00a0 Riputatav vitraa\u017e on eriline kingitus.<\/p>\n<p>Kui otsid kingitust, vaata ka teisi tooteid siit: <a href=\"https:\/\/vitraaz.ee\/pood\/\">pood<\/a>.<\/p>\n","protected":false},"excerpt":{"rendered":"<p>Aknavitraa\u017e K\u00fclmalilled on valmistatud tiffany-tehnikas. Vitraa\u017eis on kasutatud lihvitud klaaskristalle, mis p\u00fc\u00fcavad\u00a0 osavalt valgust: s\u00e4ravad ja sillerdavad. Kirkad j\u00e4ised \u00f5ied sirguvad roosade toonide ja erinevate j\u00e4\u00e4klaaside keskelt. Vitraa\u017ei m\u00f5\u00f5dud on 30x42cm.\u00a0 Riputatav vitraa\u017e on eriline kingitus. Kui otsid kingitust, vaata ka teisi tooteid siit: pood.<\/p>\n","protected":false},"featured_media":5715,"template":"","meta":{"_acf_changed":false},"product_brand":[],"product_cat":[47],"product_tag":[],"class_list":{"0":"post-5714","1":"product","2":"type-product","3":"status-publish","4":"has-post-thumbnail","6":"product_cat-vitraazid","8":"first","9":"instock","10":"taxable","11":"shipping-taxable","12":"purchasable","13":"product-type-simple"},"acf":[],"yoast_head":"<!-- This site is optimized with the Yoast SEO plugin v27.3 - https:\/\/yoast.com\/product\/yoast-seo-wordpress\/ -->\n<title>Aknavitraa\u017e K\u00fclmalilled - Vitraaz.ee<\/title>\n<meta name=\"description\" content=\"Aknavitraa\u017e kannab nime K\u00fclmalilled. Vitraa\u017eis on kasutatud s\u00e4ravaid klaaskristalle, mis valguse k\u00e4es eriti s\u00e4rama l\u00f6\u00f6vad.\" \/>\n<meta name=\"robots\" content=\"index, follow, max-snippet:-1, max-image-preview:large, max-video-preview:-1\" \/>\n<link rel=\"canonical\" href=\"https:\/\/vitraaz.ee\/fi\/toode\/aknavitraaz\/\" \/>\n<meta property=\"og:locale\" content=\"fi_FI\" \/>\n<meta property=\"og:type\" content=\"article\" \/>\n<meta property=\"og:title\" content=\"Aknavitraa\u017e K\u00fclmalilled - Vitraaz.ee\" \/>\n<meta property=\"og:description\" content=\"Aknavitraa\u017e kannab nime K\u00fclmalilled. Vitraa\u017eis on kasutatud s\u00e4ravaid klaaskristalle, mis valguse k\u00e4es eriti s\u00e4rama l\u00f6\u00f6vad.\" \/>\n<meta property=\"og:url\" content=\"https:\/\/vitraaz.ee\/fi\/toode\/aknavitraaz\/\" \/>\n<meta property=\"og:site_name\" content=\"Vitraaz.ee\" \/>\n<meta property=\"article:publisher\" content=\"https:\/\/www.facebook.com\/Klaasinterjoor\" \/>\n<meta property=\"article:modified_time\" content=\"2025-01-17T02:10:55+00:00\" \/>\n<meta property=\"og:image\" content=\"https:\/\/vitraaz.ee\/wp-content\/uploads\/2023\/10\/umarpead.jpg\" \/>\n\t<meta property=\"og:image:width\" content=\"531\" \/>\n\t<meta property=\"og:image:height\" content=\"799\" \/>\n\t<meta property=\"og:image:type\" content=\"image\/jpeg\" \/>\n<meta name=\"twitter:card\" content=\"summary_large_image\" \/>\n<meta name=\"twitter:label1\" content=\"Arvioitu lukuaika\" \/>\n\t<meta name=\"twitter:data1\" content=\"1 minuutti\" \/>\n<script type=\"application\/ld+json\" class=\"yoast-schema-graph\">{\"@context\":\"https:\\\/\\\/schema.org\",\"@graph\":[{\"@type\":\"WebPage\",\"@id\":\"https:\\\/\\\/vitraaz.ee\\\/fi\\\/toode\\\/aknavitraaz\\\/\",\"url\":\"https:\\\/\\\/vitraaz.ee\\\/fi\\\/toode\\\/aknavitraaz\\\/\",\"name\":\"Aknavitraa\u017e K\u00fclmalilled - Vitraaz.ee\",\"isPartOf\":{\"@id\":\"https:\\\/\\\/vitraaz.ee\\\/fi\\\/#website\"},\"primaryImageOfPage\":{\"@id\":\"https:\\\/\\\/vitraaz.ee\\\/fi\\\/toode\\\/aknavitraaz\\\/#primaryimage\"},\"image\":{\"@id\":\"https:\\\/\\\/vitraaz.ee\\\/fi\\\/toode\\\/aknavitraaz\\\/#primaryimage\"},\"thumbnailUrl\":\"https:\\\/\\\/vitraaz.ee\\\/wp-content\\\/uploads\\\/2023\\\/10\\\/umarpead.jpg\",\"datePublished\":\"2023-10-23T12:10:28+00:00\",\"dateModified\":\"2025-01-17T02:10:55+00:00\",\"description\":\"Aknavitraa\u017e kannab nime K\u00fclmalilled. Vitraa\u017eis on kasutatud s\u00e4ravaid klaaskristalle, mis valguse k\u00e4es eriti s\u00e4rama l\u00f6\u00f6vad.\",\"breadcrumb\":{\"@id\":\"https:\\\/\\\/vitraaz.ee\\\/fi\\\/toode\\\/aknavitraaz\\\/#breadcrumb\"},\"inLanguage\":\"fi\",\"potentialAction\":[{\"@type\":\"ReadAction\",\"target\":[\"https:\\\/\\\/vitraaz.ee\\\/fi\\\/toode\\\/aknavitraaz\\\/\"]}]},{\"@type\":\"ImageObject\",\"inLanguage\":\"fi\",\"@id\":\"https:\\\/\\\/vitraaz.ee\\\/fi\\\/toode\\\/aknavitraaz\\\/#primaryimage\",\"url\":\"https:\\\/\\\/vitraaz.ee\\\/wp-content\\\/uploads\\\/2023\\\/10\\\/umarpead.jpg\",\"contentUrl\":\"https:\\\/\\\/vitraaz.ee\\\/wp-content\\\/uploads\\\/2023\\\/10\\\/umarpead.jpg\",\"width\":531,\"height\":799,\"caption\":\"aknavitraa\u017e\"},{\"@type\":\"BreadcrumbList\",\"@id\":\"https:\\\/\\\/vitraaz.ee\\\/fi\\\/toode\\\/aknavitraaz\\\/#breadcrumb\",\"itemListElement\":[{\"@type\":\"ListItem\",\"position\":1,\"name\":\"Home\",\"item\":\"https:\\\/\\\/vitraaz.ee\\\/fi\\\/\"},{\"@type\":\"ListItem\",\"position\":2,\"name\":\"Pood\",\"item\":\"https:\\\/\\\/vitraaz.ee\\\/pood\\\/\"},{\"@type\":\"ListItem\",\"position\":3,\"name\":\"Aknavitraa\u017e K\u00fclmalilled\"}]},{\"@type\":\"WebSite\",\"@id\":\"https:\\\/\\\/vitraaz.ee\\\/fi\\\/#website\",\"url\":\"https:\\\/\\\/vitraaz.ee\\\/fi\\\/\",\"name\":\"Vitraaz.ee\",\"description\":\"Klaasinterj&ouml;&ouml;r\",\"publisher\":{\"@id\":\"https:\\\/\\\/vitraaz.ee\\\/fi\\\/#organization\"},\"potentialAction\":[{\"@type\":\"SearchAction\",\"target\":{\"@type\":\"EntryPoint\",\"urlTemplate\":\"https:\\\/\\\/vitraaz.ee\\\/fi\\\/?s={search_term_string}\"},\"query-input\":{\"@type\":\"PropertyValueSpecification\",\"valueRequired\":true,\"valueName\":\"search_term_string\"}}],\"inLanguage\":\"fi\"},{\"@type\":\"Organization\",\"@id\":\"https:\\\/\\\/vitraaz.ee\\\/fi\\\/#organization\",\"name\":\"KLAASINTERJ\u00d6\u00d6R O\u00dc\",\"url\":\"https:\\\/\\\/vitraaz.ee\\\/fi\\\/\",\"logo\":{\"@type\":\"ImageObject\",\"inLanguage\":\"fi\",\"@id\":\"https:\\\/\\\/vitraaz.ee\\\/fi\\\/#\\\/schema\\\/logo\\\/image\\\/\",\"url\":\"https:\\\/\\\/vitraaz.ee\\\/wp-content\\\/uploads\\\/2022\\\/09\\\/logoKI.png\",\"contentUrl\":\"https:\\\/\\\/vitraaz.ee\\\/wp-content\\\/uploads\\\/2022\\\/09\\\/logoKI.png\",\"width\":1159,\"height\":458,\"caption\":\"KLAASINTERJ\u00d6\u00d6R O\u00dc\"},\"image\":{\"@id\":\"https:\\\/\\\/vitraaz.ee\\\/fi\\\/#\\\/schema\\\/logo\\\/image\\\/\"},\"sameAs\":[\"https:\\\/\\\/www.facebook.com\\\/Klaasinterjoor\"]}]}<\/script>\n<!-- \/ Yoast SEO plugin. -->","yoast_head_json":{"title":"Aknavitraa\u017e K\u00fclmalilled - Vitraaz.ee","description":"Aknavitraa\u017e kannab nime K\u00fclmalilled. Vitraa\u017eis on kasutatud s\u00e4ravaid klaaskristalle, mis valguse k\u00e4es eriti s\u00e4rama l\u00f6\u00f6vad.","robots":{"index":"index","follow":"follow","max-snippet":"max-snippet:-1","max-image-preview":"max-image-preview:large","max-video-preview":"max-video-preview:-1"},"canonical":"https:\/\/vitraaz.ee\/fi\/toode\/aknavitraaz\/","og_locale":"fi_FI","og_type":"article","og_title":"Aknavitraa\u017e K\u00fclmalilled - Vitraaz.ee","og_description":"Aknavitraa\u017e kannab nime K\u00fclmalilled. Vitraa\u017eis on kasutatud s\u00e4ravaid klaaskristalle, mis valguse k\u00e4es eriti s\u00e4rama l\u00f6\u00f6vad.","og_url":"https:\/\/vitraaz.ee\/fi\/toode\/aknavitraaz\/","og_site_name":"Vitraaz.ee","article_publisher":"https:\/\/www.facebook.com\/Klaasinterjoor","article_modified_time":"2025-01-17T02:10:55+00:00","og_image":[{"width":531,"height":799,"url":"https:\/\/vitraaz.ee\/wp-content\/uploads\/2023\/10\/umarpead.jpg","type":"image\/jpeg"}],"twitter_card":"summary_large_image","twitter_misc":{"Arvioitu lukuaika":"1 minuutti"},"schema":{"@context":"https:\/\/schema.org","@graph":[{"@type":"WebPage","@id":"https:\/\/vitraaz.ee\/fi\/toode\/aknavitraaz\/","url":"https:\/\/vitraaz.ee\/fi\/toode\/aknavitraaz\/","name":"Aknavitraa\u017e K\u00fclmalilled - Vitraaz.ee","isPartOf":{"@id":"https:\/\/vitraaz.ee\/fi\/#website"},"primaryImageOfPage":{"@id":"https:\/\/vitraaz.ee\/fi\/toode\/aknavitraaz\/#primaryimage"},"image":{"@id":"https:\/\/vitraaz.ee\/fi\/toode\/aknavitraaz\/#primaryimage"},"thumbnailUrl":"https:\/\/vitraaz.ee\/wp-content\/uploads\/2023\/10\/umarpead.jpg","datePublished":"2023-10-23T12:10:28+00:00","dateModified":"2025-01-17T02:10:55+00:00","description":"Aknavitraa\u017e kannab nime K\u00fclmalilled. Vitraa\u017eis on kasutatud s\u00e4ravaid klaaskristalle, mis valguse k\u00e4es eriti s\u00e4rama l\u00f6\u00f6vad.","breadcrumb":{"@id":"https:\/\/vitraaz.ee\/fi\/toode\/aknavitraaz\/#breadcrumb"},"inLanguage":"fi","potentialAction":[{"@type":"ReadAction","target":["https:\/\/vitraaz.ee\/fi\/toode\/aknavitraaz\/"]}]},{"@type":"ImageObject","inLanguage":"fi","@id":"https:\/\/vitraaz.ee\/fi\/toode\/aknavitraaz\/#primaryimage","url":"https:\/\/vitraaz.ee\/wp-content\/uploads\/2023\/10\/umarpead.jpg","contentUrl":"https:\/\/vitraaz.ee\/wp-content\/uploads\/2023\/10\/umarpead.jpg","width":531,"height":799,"caption":"aknavitraa\u017e"},{"@type":"BreadcrumbList","@id":"https:\/\/vitraaz.ee\/fi\/toode\/aknavitraaz\/#breadcrumb","itemListElement":[{"@type":"ListItem","position":1,"name":"Home","item":"https:\/\/vitraaz.ee\/fi\/"},{"@type":"ListItem","position":2,"name":"Pood","item":"https:\/\/vitraaz.ee\/pood\/"},{"@type":"ListItem","position":3,"name":"Aknavitraa\u017e K\u00fclmalilled"}]},{"@type":"WebSite","@id":"https:\/\/vitraaz.ee\/fi\/#website","url":"https:\/\/vitraaz.ee\/fi\/","name":"Vitraaz.ee","description":"Klaasinterj&ouml;&ouml;r","publisher":{"@id":"https:\/\/vitraaz.ee\/fi\/#organization"},"potentialAction":[{"@type":"SearchAction","target":{"@type":"EntryPoint","urlTemplate":"https:\/\/vitraaz.ee\/fi\/?s={search_term_string}"},"query-input":{"@type":"PropertyValueSpecification","valueRequired":true,"valueName":"search_term_string"}}],"inLanguage":"fi"},{"@type":"Organization","@id":"https:\/\/vitraaz.ee\/fi\/#organization","name":"KLAASINTERJ\u00d6\u00d6R O\u00dc","url":"https:\/\/vitraaz.ee\/fi\/","logo":{"@type":"ImageObject","inLanguage":"fi","@id":"https:\/\/vitraaz.ee\/fi\/#\/schema\/logo\/image\/","url":"https:\/\/vitraaz.ee\/wp-content\/uploads\/2022\/09\/logoKI.png","contentUrl":"https:\/\/vitraaz.ee\/wp-content\/uploads\/2022\/09\/logoKI.png","width":1159,"height":458,"caption":"KLAASINTERJ\u00d6\u00d6R O\u00dc"},"image":{"@id":"https:\/\/vitraaz.ee\/fi\/#\/schema\/logo\/image\/"},"sameAs":["https:\/\/www.facebook.com\/Klaasinterjoor"]}]}},"_links":{"self":[{"href":"https:\/\/vitraaz.ee\/fi\/wp-json\/wp\/v2\/product\/5714","targetHints":{"allow":["GET"]}}],"collection":[{"href":"https:\/\/vitraaz.ee\/fi\/wp-json\/wp\/v2\/product"}],"about":[{"href":"https:\/\/vitraaz.ee\/fi\/wp-json\/wp\/v2\/types\/product"}],"version-history":[{"count":1,"href":"https:\/\/vitraaz.ee\/fi\/wp-json\/wp\/v2\/product\/5714\/revisions"}],"predecessor-version":[{"id":7939,"href":"https:\/\/vitraaz.ee\/fi\/wp-json\/wp\/v2\/product\/5714\/revisions\/7939"}],"wp:featuredmedia":[{"embeddable":true,"href":"https:\/\/vitraaz.ee\/fi\/wp-json\/wp\/v2\/media\/5715"}],"wp:attachment":[{"href":"https:\/\/vitraaz.ee\/fi\/wp-json\/wp\/v2\/media?parent=5714"}],"wp:term":[{"taxonomy":"product_brand","embeddable":true,"href":"https:\/\/vitraaz.ee\/fi\/wp-json\/wp\/v2\/product_brand?post=5714"},{"taxonomy":"product_cat","embeddable":true,"href":"https:\/\/vitraaz.ee\/fi\/wp-json\/wp\/v2\/product_cat?post=5714"},{"taxonomy":"product_tag","embeddable":true,"href":"https:\/\/vitraaz.ee\/fi\/wp-json\/wp\/v2\/product_tag?post=5714"}],"curies":[{"name":"wp","href":"https:\/\/api.w.org\/{rel}","templated":true}]}}