{"id":5700,"date":"2023-10-23T11:36:54","date_gmt":"2023-10-23T11:36:54","guid":{"rendered":"https:\/\/vitraaz.ee\/?post_type=product&#038;p=5700"},"modified":"2025-01-06T11:07:08","modified_gmt":"2025-01-06T11:07:08","slug":"vitraaz-moonid","status":"publish","type":"product","link":"https:\/\/vitraaz.ee\/fi\/toode\/vitraaz-moonid\/","title":{"rendered":"Vitraa\u017e Moonid"},"content":{"rendered":"<p>Vitraa\u017e Moonid on \u00e4\u00e4rmiselt pilkup\u00fc\u00fcdev. Nii nagu moonid oma erepunaste \u00f5itega v\u00f5lub ka see riputatav vitraa\u017e oma j\u00f5uliste punaste toonidega. Punasele lisab soojust mahe roheline. Erksate toonidega sobib see vitraa\u017e energilisele ja s\u00e4rtsakale inimesel, kes armastab v\u00e4rve. Akna ette riputatul p\u00e4\u00e4sevad vitraa\u017eide v\u00e4rvid k\u00f5ige paremini m\u00f5jule. Heaks abimeheks vitraa\u017ei riputamisel on spetsiaalsed riputuskonksud aknale, mille v\u00f5id leida siit: <a href=\"https:\/\/vitraaz.ee\/toode\/vitraazi-riputuskonksud-aknale\/\">riputuskonksud<\/a><\/p>\n","protected":false},"excerpt":{"rendered":"<p>Vitraa\u017e Moonid on \u00e4\u00e4rmiselt pilkup\u00fc\u00fcdev. Nii nagu moonid oma erepunaste \u00f5itega v\u00f5lub ka see riputatav vitraa\u017e oma j\u00f5uliste punaste toonidega. Punasele lisab soojust mahe roheline. Erksate toonidega sobib see vitraa\u017e energilisele ja s\u00e4rtsakale inimesel, kes armastab v\u00e4rve. Akna ette riputatul p\u00e4\u00e4sevad vitraa\u017eide v\u00e4rvid k\u00f5ige paremini m\u00f5jule. Heaks abimeheks vitraa\u017ei riputamisel on spetsiaalsed riputuskonksud aknale, mille [&hellip;]<\/p>\n","protected":false},"featured_media":5701,"template":"","meta":{"_acf_changed":false},"product_brand":[],"product_cat":[47],"product_tag":[],"class_list":{"0":"post-5700","1":"product","2":"type-product","3":"status-publish","4":"has-post-thumbnail","6":"product_cat-vitraazid","8":"first","9":"outofstock","10":"taxable","11":"shipping-taxable","12":"purchasable","13":"product-type-simple"},"acf":[],"yoast_head":"<!-- This site is optimized with the Yoast SEO plugin v27.3 - https:\/\/yoast.com\/product\/yoast-seo-wordpress\/ -->\n<title>Vitraa\u017e Moonid - Vitraaz.ee<\/title>\n<meta name=\"description\" content=\"Vitraa\u017e Moonid on pilkup\u00fc\u00fcdev ja erksav\u00e4rviline. V\u00e4ike riputatav vitraa\u017e on kena kingitus v\u00f5i kaunis lisa ilmestamaks t\u00fchja akent.\" \/>\n<meta name=\"robots\" content=\"index, follow, max-snippet:-1, max-image-preview:large, max-video-preview:-1\" \/>\n<link rel=\"canonical\" href=\"https:\/\/vitraaz.ee\/fi\/toode\/vitraaz-moonid\/\" \/>\n<meta property=\"og:locale\" content=\"fi_FI\" \/>\n<meta property=\"og:type\" content=\"article\" \/>\n<meta property=\"og:title\" content=\"Vitraa\u017e Moonid - Vitraaz.ee\" \/>\n<meta property=\"og:description\" content=\"Vitraa\u017e Moonid on pilkup\u00fc\u00fcdev ja erksav\u00e4rviline. V\u00e4ike riputatav vitraa\u017e on kena kingitus v\u00f5i kaunis lisa ilmestamaks t\u00fchja akent.\" \/>\n<meta property=\"og:url\" content=\"https:\/\/vitraaz.ee\/fi\/toode\/vitraaz-moonid\/\" \/>\n<meta property=\"og:site_name\" content=\"Vitraaz.ee\" \/>\n<meta property=\"article:publisher\" content=\"https:\/\/www.facebook.com\/Klaasinterjoor\" \/>\n<meta property=\"article:modified_time\" content=\"2025-01-06T11:07:08+00:00\" \/>\n<meta property=\"og:image\" content=\"https:\/\/vitraaz.ee\/wp-content\/uploads\/2023\/10\/moonid.jpg\" \/>\n\t<meta property=\"og:image:width\" content=\"1200\" \/>\n\t<meta property=\"og:image:height\" content=\"798\" \/>\n\t<meta property=\"og:image:type\" content=\"image\/jpeg\" \/>\n<meta name=\"twitter:card\" content=\"summary_large_image\" \/>\n<meta name=\"twitter:label1\" content=\"Arvioitu lukuaika\" \/>\n\t<meta name=\"twitter:data1\" content=\"1 minuutti\" \/>\n<script type=\"application\/ld+json\" class=\"yoast-schema-graph\">{\"@context\":\"https:\\\/\\\/schema.org\",\"@graph\":[{\"@type\":\"WebPage\",\"@id\":\"https:\\\/\\\/vitraaz.ee\\\/fi\\\/toode\\\/vitraaz-moonid\\\/\",\"url\":\"https:\\\/\\\/vitraaz.ee\\\/fi\\\/toode\\\/vitraaz-moonid\\\/\",\"name\":\"Vitraa\u017e Moonid - Vitraaz.ee\",\"isPartOf\":{\"@id\":\"https:\\\/\\\/vitraaz.ee\\\/fi\\\/#website\"},\"primaryImageOfPage\":{\"@id\":\"https:\\\/\\\/vitraaz.ee\\\/fi\\\/toode\\\/vitraaz-moonid\\\/#primaryimage\"},\"image\":{\"@id\":\"https:\\\/\\\/vitraaz.ee\\\/fi\\\/toode\\\/vitraaz-moonid\\\/#primaryimage\"},\"thumbnailUrl\":\"https:\\\/\\\/vitraaz.ee\\\/wp-content\\\/uploads\\\/2023\\\/10\\\/moonid.jpg\",\"datePublished\":\"2023-10-23T11:36:54+00:00\",\"dateModified\":\"2025-01-06T11:07:08+00:00\",\"description\":\"Vitraa\u017e Moonid on pilkup\u00fc\u00fcdev ja erksav\u00e4rviline. V\u00e4ike riputatav vitraa\u017e on kena kingitus v\u00f5i kaunis lisa ilmestamaks t\u00fchja akent.\",\"breadcrumb\":{\"@id\":\"https:\\\/\\\/vitraaz.ee\\\/fi\\\/toode\\\/vitraaz-moonid\\\/#breadcrumb\"},\"inLanguage\":\"fi\",\"potentialAction\":[{\"@type\":\"ReadAction\",\"target\":[\"https:\\\/\\\/vitraaz.ee\\\/fi\\\/toode\\\/vitraaz-moonid\\\/\"]}]},{\"@type\":\"ImageObject\",\"inLanguage\":\"fi\",\"@id\":\"https:\\\/\\\/vitraaz.ee\\\/fi\\\/toode\\\/vitraaz-moonid\\\/#primaryimage\",\"url\":\"https:\\\/\\\/vitraaz.ee\\\/wp-content\\\/uploads\\\/2023\\\/10\\\/moonid.jpg\",\"contentUrl\":\"https:\\\/\\\/vitraaz.ee\\\/wp-content\\\/uploads\\\/2023\\\/10\\\/moonid.jpg\",\"width\":1200,\"height\":798,\"caption\":\"vitraa\u017e aknale\"},{\"@type\":\"BreadcrumbList\",\"@id\":\"https:\\\/\\\/vitraaz.ee\\\/fi\\\/toode\\\/vitraaz-moonid\\\/#breadcrumb\",\"itemListElement\":[{\"@type\":\"ListItem\",\"position\":1,\"name\":\"Home\",\"item\":\"https:\\\/\\\/vitraaz.ee\\\/fi\\\/\"},{\"@type\":\"ListItem\",\"position\":2,\"name\":\"Pood\",\"item\":\"https:\\\/\\\/vitraaz.ee\\\/pood\\\/\"},{\"@type\":\"ListItem\",\"position\":3,\"name\":\"Vitraa\u017e Moonid\"}]},{\"@type\":\"WebSite\",\"@id\":\"https:\\\/\\\/vitraaz.ee\\\/fi\\\/#website\",\"url\":\"https:\\\/\\\/vitraaz.ee\\\/fi\\\/\",\"name\":\"Vitraaz.ee\",\"description\":\"Klaasinterj&ouml;&ouml;r\",\"publisher\":{\"@id\":\"https:\\\/\\\/vitraaz.ee\\\/fi\\\/#organization\"},\"potentialAction\":[{\"@type\":\"SearchAction\",\"target\":{\"@type\":\"EntryPoint\",\"urlTemplate\":\"https:\\\/\\\/vitraaz.ee\\\/fi\\\/?s={search_term_string}\"},\"query-input\":{\"@type\":\"PropertyValueSpecification\",\"valueRequired\":true,\"valueName\":\"search_term_string\"}}],\"inLanguage\":\"fi\"},{\"@type\":\"Organization\",\"@id\":\"https:\\\/\\\/vitraaz.ee\\\/fi\\\/#organization\",\"name\":\"KLAASINTERJ\u00d6\u00d6R O\u00dc\",\"url\":\"https:\\\/\\\/vitraaz.ee\\\/fi\\\/\",\"logo\":{\"@type\":\"ImageObject\",\"inLanguage\":\"fi\",\"@id\":\"https:\\\/\\\/vitraaz.ee\\\/fi\\\/#\\\/schema\\\/logo\\\/image\\\/\",\"url\":\"https:\\\/\\\/vitraaz.ee\\\/wp-content\\\/uploads\\\/2022\\\/09\\\/logoKI.png\",\"contentUrl\":\"https:\\\/\\\/vitraaz.ee\\\/wp-content\\\/uploads\\\/2022\\\/09\\\/logoKI.png\",\"width\":1159,\"height\":458,\"caption\":\"KLAASINTERJ\u00d6\u00d6R O\u00dc\"},\"image\":{\"@id\":\"https:\\\/\\\/vitraaz.ee\\\/fi\\\/#\\\/schema\\\/logo\\\/image\\\/\"},\"sameAs\":[\"https:\\\/\\\/www.facebook.com\\\/Klaasinterjoor\"]}]}<\/script>\n<!-- \/ Yoast SEO plugin. -->","yoast_head_json":{"title":"Vitraa\u017e Moonid - Vitraaz.ee","description":"Vitraa\u017e Moonid on pilkup\u00fc\u00fcdev ja erksav\u00e4rviline. V\u00e4ike riputatav vitraa\u017e on kena kingitus v\u00f5i kaunis lisa ilmestamaks t\u00fchja akent.","robots":{"index":"index","follow":"follow","max-snippet":"max-snippet:-1","max-image-preview":"max-image-preview:large","max-video-preview":"max-video-preview:-1"},"canonical":"https:\/\/vitraaz.ee\/fi\/toode\/vitraaz-moonid\/","og_locale":"fi_FI","og_type":"article","og_title":"Vitraa\u017e Moonid - Vitraaz.ee","og_description":"Vitraa\u017e Moonid on pilkup\u00fc\u00fcdev ja erksav\u00e4rviline. V\u00e4ike riputatav vitraa\u017e on kena kingitus v\u00f5i kaunis lisa ilmestamaks t\u00fchja akent.","og_url":"https:\/\/vitraaz.ee\/fi\/toode\/vitraaz-moonid\/","og_site_name":"Vitraaz.ee","article_publisher":"https:\/\/www.facebook.com\/Klaasinterjoor","article_modified_time":"2025-01-06T11:07:08+00:00","og_image":[{"width":1200,"height":798,"url":"https:\/\/vitraaz.ee\/wp-content\/uploads\/2023\/10\/moonid.jpg","type":"image\/jpeg"}],"twitter_card":"summary_large_image","twitter_misc":{"Arvioitu lukuaika":"1 minuutti"},"schema":{"@context":"https:\/\/schema.org","@graph":[{"@type":"WebPage","@id":"https:\/\/vitraaz.ee\/fi\/toode\/vitraaz-moonid\/","url":"https:\/\/vitraaz.ee\/fi\/toode\/vitraaz-moonid\/","name":"Vitraa\u017e Moonid - Vitraaz.ee","isPartOf":{"@id":"https:\/\/vitraaz.ee\/fi\/#website"},"primaryImageOfPage":{"@id":"https:\/\/vitraaz.ee\/fi\/toode\/vitraaz-moonid\/#primaryimage"},"image":{"@id":"https:\/\/vitraaz.ee\/fi\/toode\/vitraaz-moonid\/#primaryimage"},"thumbnailUrl":"https:\/\/vitraaz.ee\/wp-content\/uploads\/2023\/10\/moonid.jpg","datePublished":"2023-10-23T11:36:54+00:00","dateModified":"2025-01-06T11:07:08+00:00","description":"Vitraa\u017e Moonid on pilkup\u00fc\u00fcdev ja erksav\u00e4rviline. V\u00e4ike riputatav vitraa\u017e on kena kingitus v\u00f5i kaunis lisa ilmestamaks t\u00fchja akent.","breadcrumb":{"@id":"https:\/\/vitraaz.ee\/fi\/toode\/vitraaz-moonid\/#breadcrumb"},"inLanguage":"fi","potentialAction":[{"@type":"ReadAction","target":["https:\/\/vitraaz.ee\/fi\/toode\/vitraaz-moonid\/"]}]},{"@type":"ImageObject","inLanguage":"fi","@id":"https:\/\/vitraaz.ee\/fi\/toode\/vitraaz-moonid\/#primaryimage","url":"https:\/\/vitraaz.ee\/wp-content\/uploads\/2023\/10\/moonid.jpg","contentUrl":"https:\/\/vitraaz.ee\/wp-content\/uploads\/2023\/10\/moonid.jpg","width":1200,"height":798,"caption":"vitraa\u017e aknale"},{"@type":"BreadcrumbList","@id":"https:\/\/vitraaz.ee\/fi\/toode\/vitraaz-moonid\/#breadcrumb","itemListElement":[{"@type":"ListItem","position":1,"name":"Home","item":"https:\/\/vitraaz.ee\/fi\/"},{"@type":"ListItem","position":2,"name":"Pood","item":"https:\/\/vitraaz.ee\/pood\/"},{"@type":"ListItem","position":3,"name":"Vitraa\u017e Moonid"}]},{"@type":"WebSite","@id":"https:\/\/vitraaz.ee\/fi\/#website","url":"https:\/\/vitraaz.ee\/fi\/","name":"Vitraaz.ee","description":"Klaasinterj&ouml;&ouml;r","publisher":{"@id":"https:\/\/vitraaz.ee\/fi\/#organization"},"potentialAction":[{"@type":"SearchAction","target":{"@type":"EntryPoint","urlTemplate":"https:\/\/vitraaz.ee\/fi\/?s={search_term_string}"},"query-input":{"@type":"PropertyValueSpecification","valueRequired":true,"valueName":"search_term_string"}}],"inLanguage":"fi"},{"@type":"Organization","@id":"https:\/\/vitraaz.ee\/fi\/#organization","name":"KLAASINTERJ\u00d6\u00d6R O\u00dc","url":"https:\/\/vitraaz.ee\/fi\/","logo":{"@type":"ImageObject","inLanguage":"fi","@id":"https:\/\/vitraaz.ee\/fi\/#\/schema\/logo\/image\/","url":"https:\/\/vitraaz.ee\/wp-content\/uploads\/2022\/09\/logoKI.png","contentUrl":"https:\/\/vitraaz.ee\/wp-content\/uploads\/2022\/09\/logoKI.png","width":1159,"height":458,"caption":"KLAASINTERJ\u00d6\u00d6R O\u00dc"},"image":{"@id":"https:\/\/vitraaz.ee\/fi\/#\/schema\/logo\/image\/"},"sameAs":["https:\/\/www.facebook.com\/Klaasinterjoor"]}]}},"_links":{"self":[{"href":"https:\/\/vitraaz.ee\/fi\/wp-json\/wp\/v2\/product\/5700","targetHints":{"allow":["GET"]}}],"collection":[{"href":"https:\/\/vitraaz.ee\/fi\/wp-json\/wp\/v2\/product"}],"about":[{"href":"https:\/\/vitraaz.ee\/fi\/wp-json\/wp\/v2\/types\/product"}],"version-history":[{"count":1,"href":"https:\/\/vitraaz.ee\/fi\/wp-json\/wp\/v2\/product\/5700\/revisions"}],"predecessor-version":[{"id":8131,"href":"https:\/\/vitraaz.ee\/fi\/wp-json\/wp\/v2\/product\/5700\/revisions\/8131"}],"wp:featuredmedia":[{"embeddable":true,"href":"https:\/\/vitraaz.ee\/fi\/wp-json\/wp\/v2\/media\/5701"}],"wp:attachment":[{"href":"https:\/\/vitraaz.ee\/fi\/wp-json\/wp\/v2\/media?parent=5700"}],"wp:term":[{"taxonomy":"product_brand","embeddable":true,"href":"https:\/\/vitraaz.ee\/fi\/wp-json\/wp\/v2\/product_brand?post=5700"},{"taxonomy":"product_cat","embeddable":true,"href":"https:\/\/vitraaz.ee\/fi\/wp-json\/wp\/v2\/product_cat?post=5700"},{"taxonomy":"product_tag","embeddable":true,"href":"https:\/\/vitraaz.ee\/fi\/wp-json\/wp\/v2\/product_tag?post=5700"}],"curies":[{"name":"wp","href":"https:\/\/api.w.org\/{rel}","templated":true}]}}