{"id":5682,"date":"2023-10-23T10:25:05","date_gmt":"2023-10-23T10:25:05","guid":{"rendered":"https:\/\/vitraaz.ee\/?post_type=product&#038;p=5682"},"modified":"2024-10-01T06:37:48","modified_gmt":"2024-10-01T06:37:48","slug":"vitraaz-kahekesi","status":"publish","type":"product","link":"https:\/\/vitraaz.ee\/fi\/toode\/vitraaz-kahekesi\/","title":{"rendered":"Vitraa\u017e &#8221;Kahekesi&#8221;"},"content":{"rendered":"<p>Vitraa\u017e &#8221;Kahekesi&#8221; on inspireeritud Eestimaa looduses kasvavast kurel\u00e4\u00e4tse v\u00e4ikestest, kuid kaunitest \u00f5itest. \u00d5ied oleks justkui teineteise embuses, omaette kahekesi. Helerohelised toonid m\u00e4ngivad lillade ja maheda bee\u017eiga. Vitraa\u017e &#8221; Kahekesi&#8221; sobib h\u00e4sti kingituseks erilistel t\u00e4htp\u00e4evadel nagu s\u00fcnnip\u00e4ev v\u00f5i emadep\u00e4ev. Kusjuures metsaservades v\u00f5ib kurel\u00e4\u00e4tse \u00f5itsemist m\u00e4rgata just emadep\u00e4eva paiku.\u00a0 V\u00e4ike vitraa\u017e sobib h\u00e4sti pilgup\u00fc\u00fcdjaks lagedatele ja t\u00fchjadele akendele. Vitraa\u017ei m\u00f5\u00f5dud 21&#215;30 cm.<\/p>\n","protected":false},"excerpt":{"rendered":"<p>Vitraa\u017e &#8221;Kahekesi&#8221; on inspireeritud Eestimaa looduses kasvavast kurel\u00e4\u00e4tse v\u00e4ikestest, kuid kaunitest \u00f5itest. \u00d5ied oleks justkui teineteise embuses, omaette kahekesi. Helerohelised toonid m\u00e4ngivad lillade ja maheda bee\u017eiga. Vitraa\u017e &#8221; Kahekesi&#8221; sobib h\u00e4sti kingituseks erilistel t\u00e4htp\u00e4evadel nagu s\u00fcnnip\u00e4ev v\u00f5i emadep\u00e4ev. Kusjuures metsaservades v\u00f5ib kurel\u00e4\u00e4tse \u00f5itsemist m\u00e4rgata just emadep\u00e4eva paiku.\u00a0 V\u00e4ike vitraa\u017e sobib h\u00e4sti pilgup\u00fc\u00fcdjaks lagedatele ja t\u00fchjadele [&hellip;]<\/p>\n","protected":false},"featured_media":5695,"template":"","meta":{"_acf_changed":false},"product_brand":[],"product_cat":[47],"product_tag":[],"class_list":{"0":"post-5682","1":"product","2":"type-product","3":"status-publish","4":"has-post-thumbnail","6":"product_cat-vitraazid","8":"first","9":"onbackorder","10":"taxable","11":"shipping-taxable","12":"purchasable","13":"product-type-simple"},"acf":[],"yoast_head":"<!-- This site is optimized with the Yoast SEO plugin v27.3 - https:\/\/yoast.com\/product\/yoast-seo-wordpress\/ -->\n<title>Vitraa\u017e &#039;&#039;Kahekesi&#039;&#039; - Vitraaz.ee<\/title>\n<meta name=\"description\" content=\"Vitraa\u017e Kahekesi on inspireeritud kurel\u00e4\u00e4tse kevadistest erklilladest \u00f5itest. V\u00e4ike vitraa\u017e sobib h\u00e4sti kingituseks emale v\u00f5i s\u00fcdames\u00f5brale.\" \/>\n<meta name=\"robots\" content=\"index, follow, max-snippet:-1, max-image-preview:large, max-video-preview:-1\" \/>\n<link rel=\"canonical\" href=\"https:\/\/vitraaz.ee\/fi\/toode\/vitraaz-kahekesi\/\" \/>\n<meta property=\"og:locale\" content=\"fi_FI\" \/>\n<meta property=\"og:type\" content=\"article\" \/>\n<meta property=\"og:title\" content=\"Vitraa\u017e &#039;&#039;Kahekesi&#039;&#039; - Vitraaz.ee\" \/>\n<meta property=\"og:description\" content=\"Vitraa\u017e Kahekesi on inspireeritud kurel\u00e4\u00e4tse kevadistest erklilladest \u00f5itest. V\u00e4ike vitraa\u017e sobib h\u00e4sti kingituseks emale v\u00f5i s\u00fcdames\u00f5brale.\" \/>\n<meta property=\"og:url\" content=\"https:\/\/vitraaz.ee\/fi\/toode\/vitraaz-kahekesi\/\" \/>\n<meta property=\"og:site_name\" content=\"Vitraaz.ee\" \/>\n<meta property=\"article:publisher\" content=\"https:\/\/www.facebook.com\/Klaasinterjoor\" \/>\n<meta property=\"article:modified_time\" content=\"2024-10-01T06:37:48+00:00\" \/>\n<meta property=\"og:image\" content=\"https:\/\/vitraaz.ee\/wp-content\/uploads\/2023\/10\/hiirekorvad4-scaled.jpg\" \/>\n\t<meta property=\"og:image:width\" content=\"1696\" \/>\n\t<meta property=\"og:image:height\" content=\"2560\" \/>\n\t<meta property=\"og:image:type\" content=\"image\/jpeg\" \/>\n<meta name=\"twitter:card\" content=\"summary_large_image\" \/>\n<meta name=\"twitter:label1\" content=\"Arvioitu lukuaika\" \/>\n\t<meta name=\"twitter:data1\" content=\"1 minuutti\" \/>\n<script type=\"application\/ld+json\" class=\"yoast-schema-graph\">{\"@context\":\"https:\\\/\\\/schema.org\",\"@graph\":[{\"@type\":\"WebPage\",\"@id\":\"https:\\\/\\\/vitraaz.ee\\\/fi\\\/toode\\\/vitraaz-kahekesi\\\/\",\"url\":\"https:\\\/\\\/vitraaz.ee\\\/fi\\\/toode\\\/vitraaz-kahekesi\\\/\",\"name\":\"Vitraa\u017e ''Kahekesi'' - Vitraaz.ee\",\"isPartOf\":{\"@id\":\"https:\\\/\\\/vitraaz.ee\\\/fi\\\/#website\"},\"primaryImageOfPage\":{\"@id\":\"https:\\\/\\\/vitraaz.ee\\\/fi\\\/toode\\\/vitraaz-kahekesi\\\/#primaryimage\"},\"image\":{\"@id\":\"https:\\\/\\\/vitraaz.ee\\\/fi\\\/toode\\\/vitraaz-kahekesi\\\/#primaryimage\"},\"thumbnailUrl\":\"https:\\\/\\\/vitraaz.ee\\\/wp-content\\\/uploads\\\/2023\\\/10\\\/hiirekorvad4-scaled.jpg\",\"datePublished\":\"2023-10-23T10:25:05+00:00\",\"dateModified\":\"2024-10-01T06:37:48+00:00\",\"description\":\"Vitraa\u017e Kahekesi on inspireeritud kurel\u00e4\u00e4tse kevadistest erklilladest \u00f5itest. V\u00e4ike vitraa\u017e sobib h\u00e4sti kingituseks emale v\u00f5i s\u00fcdames\u00f5brale.\",\"breadcrumb\":{\"@id\":\"https:\\\/\\\/vitraaz.ee\\\/fi\\\/toode\\\/vitraaz-kahekesi\\\/#breadcrumb\"},\"inLanguage\":\"fi\",\"potentialAction\":[{\"@type\":\"ReadAction\",\"target\":[\"https:\\\/\\\/vitraaz.ee\\\/fi\\\/toode\\\/vitraaz-kahekesi\\\/\"]}]},{\"@type\":\"ImageObject\",\"inLanguage\":\"fi\",\"@id\":\"https:\\\/\\\/vitraaz.ee\\\/fi\\\/toode\\\/vitraaz-kahekesi\\\/#primaryimage\",\"url\":\"https:\\\/\\\/vitraaz.ee\\\/wp-content\\\/uploads\\\/2023\\\/10\\\/hiirekorvad4-scaled.jpg\",\"contentUrl\":\"https:\\\/\\\/vitraaz.ee\\\/wp-content\\\/uploads\\\/2023\\\/10\\\/hiirekorvad4-scaled.jpg\",\"width\":1696,\"height\":2560,\"caption\":\"v\u00e4ike vitraa\u017e\"},{\"@type\":\"BreadcrumbList\",\"@id\":\"https:\\\/\\\/vitraaz.ee\\\/fi\\\/toode\\\/vitraaz-kahekesi\\\/#breadcrumb\",\"itemListElement\":[{\"@type\":\"ListItem\",\"position\":1,\"name\":\"Home\",\"item\":\"https:\\\/\\\/vitraaz.ee\\\/fi\\\/\"},{\"@type\":\"ListItem\",\"position\":2,\"name\":\"Pood\",\"item\":\"https:\\\/\\\/vitraaz.ee\\\/pood\\\/\"},{\"@type\":\"ListItem\",\"position\":3,\"name\":\"Vitraa\u017e &#8221;Kahekesi&#8221;\"}]},{\"@type\":\"WebSite\",\"@id\":\"https:\\\/\\\/vitraaz.ee\\\/fi\\\/#website\",\"url\":\"https:\\\/\\\/vitraaz.ee\\\/fi\\\/\",\"name\":\"Vitraaz.ee\",\"description\":\"Klaasinterj&ouml;&ouml;r\",\"publisher\":{\"@id\":\"https:\\\/\\\/vitraaz.ee\\\/fi\\\/#organization\"},\"potentialAction\":[{\"@type\":\"SearchAction\",\"target\":{\"@type\":\"EntryPoint\",\"urlTemplate\":\"https:\\\/\\\/vitraaz.ee\\\/fi\\\/?s={search_term_string}\"},\"query-input\":{\"@type\":\"PropertyValueSpecification\",\"valueRequired\":true,\"valueName\":\"search_term_string\"}}],\"inLanguage\":\"fi\"},{\"@type\":\"Organization\",\"@id\":\"https:\\\/\\\/vitraaz.ee\\\/fi\\\/#organization\",\"name\":\"KLAASINTERJ\u00d6\u00d6R O\u00dc\",\"url\":\"https:\\\/\\\/vitraaz.ee\\\/fi\\\/\",\"logo\":{\"@type\":\"ImageObject\",\"inLanguage\":\"fi\",\"@id\":\"https:\\\/\\\/vitraaz.ee\\\/fi\\\/#\\\/schema\\\/logo\\\/image\\\/\",\"url\":\"https:\\\/\\\/vitraaz.ee\\\/wp-content\\\/uploads\\\/2022\\\/09\\\/logoKI.png\",\"contentUrl\":\"https:\\\/\\\/vitraaz.ee\\\/wp-content\\\/uploads\\\/2022\\\/09\\\/logoKI.png\",\"width\":1159,\"height\":458,\"caption\":\"KLAASINTERJ\u00d6\u00d6R O\u00dc\"},\"image\":{\"@id\":\"https:\\\/\\\/vitraaz.ee\\\/fi\\\/#\\\/schema\\\/logo\\\/image\\\/\"},\"sameAs\":[\"https:\\\/\\\/www.facebook.com\\\/Klaasinterjoor\"]}]}<\/script>\n<!-- \/ Yoast SEO plugin. -->","yoast_head_json":{"title":"Vitraa\u017e ''Kahekesi'' - Vitraaz.ee","description":"Vitraa\u017e Kahekesi on inspireeritud kurel\u00e4\u00e4tse kevadistest erklilladest \u00f5itest. V\u00e4ike vitraa\u017e sobib h\u00e4sti kingituseks emale v\u00f5i s\u00fcdames\u00f5brale.","robots":{"index":"index","follow":"follow","max-snippet":"max-snippet:-1","max-image-preview":"max-image-preview:large","max-video-preview":"max-video-preview:-1"},"canonical":"https:\/\/vitraaz.ee\/fi\/toode\/vitraaz-kahekesi\/","og_locale":"fi_FI","og_type":"article","og_title":"Vitraa\u017e ''Kahekesi'' - Vitraaz.ee","og_description":"Vitraa\u017e Kahekesi on inspireeritud kurel\u00e4\u00e4tse kevadistest erklilladest \u00f5itest. V\u00e4ike vitraa\u017e sobib h\u00e4sti kingituseks emale v\u00f5i s\u00fcdames\u00f5brale.","og_url":"https:\/\/vitraaz.ee\/fi\/toode\/vitraaz-kahekesi\/","og_site_name":"Vitraaz.ee","article_publisher":"https:\/\/www.facebook.com\/Klaasinterjoor","article_modified_time":"2024-10-01T06:37:48+00:00","og_image":[{"width":1696,"height":2560,"url":"https:\/\/vitraaz.ee\/wp-content\/uploads\/2023\/10\/hiirekorvad4-scaled.jpg","type":"image\/jpeg"}],"twitter_card":"summary_large_image","twitter_misc":{"Arvioitu lukuaika":"1 minuutti"},"schema":{"@context":"https:\/\/schema.org","@graph":[{"@type":"WebPage","@id":"https:\/\/vitraaz.ee\/fi\/toode\/vitraaz-kahekesi\/","url":"https:\/\/vitraaz.ee\/fi\/toode\/vitraaz-kahekesi\/","name":"Vitraa\u017e ''Kahekesi'' - Vitraaz.ee","isPartOf":{"@id":"https:\/\/vitraaz.ee\/fi\/#website"},"primaryImageOfPage":{"@id":"https:\/\/vitraaz.ee\/fi\/toode\/vitraaz-kahekesi\/#primaryimage"},"image":{"@id":"https:\/\/vitraaz.ee\/fi\/toode\/vitraaz-kahekesi\/#primaryimage"},"thumbnailUrl":"https:\/\/vitraaz.ee\/wp-content\/uploads\/2023\/10\/hiirekorvad4-scaled.jpg","datePublished":"2023-10-23T10:25:05+00:00","dateModified":"2024-10-01T06:37:48+00:00","description":"Vitraa\u017e Kahekesi on inspireeritud kurel\u00e4\u00e4tse kevadistest erklilladest \u00f5itest. V\u00e4ike vitraa\u017e sobib h\u00e4sti kingituseks emale v\u00f5i s\u00fcdames\u00f5brale.","breadcrumb":{"@id":"https:\/\/vitraaz.ee\/fi\/toode\/vitraaz-kahekesi\/#breadcrumb"},"inLanguage":"fi","potentialAction":[{"@type":"ReadAction","target":["https:\/\/vitraaz.ee\/fi\/toode\/vitraaz-kahekesi\/"]}]},{"@type":"ImageObject","inLanguage":"fi","@id":"https:\/\/vitraaz.ee\/fi\/toode\/vitraaz-kahekesi\/#primaryimage","url":"https:\/\/vitraaz.ee\/wp-content\/uploads\/2023\/10\/hiirekorvad4-scaled.jpg","contentUrl":"https:\/\/vitraaz.ee\/wp-content\/uploads\/2023\/10\/hiirekorvad4-scaled.jpg","width":1696,"height":2560,"caption":"v\u00e4ike vitraa\u017e"},{"@type":"BreadcrumbList","@id":"https:\/\/vitraaz.ee\/fi\/toode\/vitraaz-kahekesi\/#breadcrumb","itemListElement":[{"@type":"ListItem","position":1,"name":"Home","item":"https:\/\/vitraaz.ee\/fi\/"},{"@type":"ListItem","position":2,"name":"Pood","item":"https:\/\/vitraaz.ee\/pood\/"},{"@type":"ListItem","position":3,"name":"Vitraa\u017e &#8221;Kahekesi&#8221;"}]},{"@type":"WebSite","@id":"https:\/\/vitraaz.ee\/fi\/#website","url":"https:\/\/vitraaz.ee\/fi\/","name":"Vitraaz.ee","description":"Klaasinterj&ouml;&ouml;r","publisher":{"@id":"https:\/\/vitraaz.ee\/fi\/#organization"},"potentialAction":[{"@type":"SearchAction","target":{"@type":"EntryPoint","urlTemplate":"https:\/\/vitraaz.ee\/fi\/?s={search_term_string}"},"query-input":{"@type":"PropertyValueSpecification","valueRequired":true,"valueName":"search_term_string"}}],"inLanguage":"fi"},{"@type":"Organization","@id":"https:\/\/vitraaz.ee\/fi\/#organization","name":"KLAASINTERJ\u00d6\u00d6R O\u00dc","url":"https:\/\/vitraaz.ee\/fi\/","logo":{"@type":"ImageObject","inLanguage":"fi","@id":"https:\/\/vitraaz.ee\/fi\/#\/schema\/logo\/image\/","url":"https:\/\/vitraaz.ee\/wp-content\/uploads\/2022\/09\/logoKI.png","contentUrl":"https:\/\/vitraaz.ee\/wp-content\/uploads\/2022\/09\/logoKI.png","width":1159,"height":458,"caption":"KLAASINTERJ\u00d6\u00d6R O\u00dc"},"image":{"@id":"https:\/\/vitraaz.ee\/fi\/#\/schema\/logo\/image\/"},"sameAs":["https:\/\/www.facebook.com\/Klaasinterjoor"]}]}},"_links":{"self":[{"href":"https:\/\/vitraaz.ee\/fi\/wp-json\/wp\/v2\/product\/5682","targetHints":{"allow":["GET"]}}],"collection":[{"href":"https:\/\/vitraaz.ee\/fi\/wp-json\/wp\/v2\/product"}],"about":[{"href":"https:\/\/vitraaz.ee\/fi\/wp-json\/wp\/v2\/types\/product"}],"version-history":[{"count":0,"href":"https:\/\/vitraaz.ee\/fi\/wp-json\/wp\/v2\/product\/5682\/revisions"}],"wp:featuredmedia":[{"embeddable":true,"href":"https:\/\/vitraaz.ee\/fi\/wp-json\/wp\/v2\/media\/5695"}],"wp:attachment":[{"href":"https:\/\/vitraaz.ee\/fi\/wp-json\/wp\/v2\/media?parent=5682"}],"wp:term":[{"taxonomy":"product_brand","embeddable":true,"href":"https:\/\/vitraaz.ee\/fi\/wp-json\/wp\/v2\/product_brand?post=5682"},{"taxonomy":"product_cat","embeddable":true,"href":"https:\/\/vitraaz.ee\/fi\/wp-json\/wp\/v2\/product_cat?post=5682"},{"taxonomy":"product_tag","embeddable":true,"href":"https:\/\/vitraaz.ee\/fi\/wp-json\/wp\/v2\/product_tag?post=5682"}],"curies":[{"name":"wp","href":"https:\/\/api.w.org\/{rel}","templated":true}]}}