{"id":5393,"date":"2023-02-23T09:23:41","date_gmt":"2023-02-23T09:23:41","guid":{"rendered":"https:\/\/vitraaz.ee\/?post_type=product&#038;p=5393"},"modified":"2023-10-24T09:45:26","modified_gmt":"2023-10-24T09:45:26","slug":"vitraaz-aknale-sugis","status":"publish","type":"product","link":"https:\/\/vitraaz.ee\/fi\/toode\/vitraaz-aknale-sugis\/","title":{"rendered":"vitraa\u017e aknale S\u00fcgis"},"content":{"rendered":"<p>S\u00fcgisv\u00e4rvidest ja lehesajust inspireeritud riputatav vitraa\u017e aknale. Vitraa\u017e on erksates punastes ja kollastes toonides, mis toovad r\u00f5\u00f5mu halli argip\u00e4eva. Vitraa\u017e S\u00fcgis on omamoodi kuulus, sest on osalenud koos kaksiks\u00f5saraga peategelasena Nurgakivi\u00a0 saates. Saatel\u00f5ik tutvustas vitraa\u017ei valmistamise kunsti ja tehnikaid. Vitraa\u017ei detailides on kasutatud sulatustehnikat ja liivaprits matistust. Vitraa\u017e on m\u00f5\u00f5tudega 40&#215;75 cm. Seda vitraa\u017ei ei saa suuruse t\u00f5ttu tellida pakiautomaati. Vali palun ostukorvis &#8221; tulen ise j\u00e4rele&#8221;<\/p>\n<p>Tooted m\u00e4rkusega &#8221;j\u00e4reltellimisel&#8221; tuleks arvestada tellimuse t\u00e4itmiseks 2 n\u00e4dalat. Teiega v\u00f5etakse \u00fchendust kui tellimus on valmis.<\/p>\n","protected":false},"excerpt":{"rendered":"<p>S\u00fcgisv\u00e4rvidest ja lehesajust inspireeritud riputatav vitraa\u017e aknale. Vitraa\u017e on erksates punastes ja kollastes toonides, mis toovad r\u00f5\u00f5mu halli argip\u00e4eva. Vitraa\u017e S\u00fcgis on omamoodi kuulus, sest on osalenud koos kaksiks\u00f5saraga peategelasena Nurgakivi\u00a0 saates. Saatel\u00f5ik tutvustas vitraa\u017ei valmistamise kunsti ja tehnikaid. Vitraa\u017ei detailides on kasutatud sulatustehnikat ja liivaprits matistust. Vitraa\u017e on m\u00f5\u00f5tudega 40&#215;75 cm. Seda vitraa\u017ei ei [&hellip;]<\/p>\n","protected":false},"featured_media":5398,"template":"","meta":{"_acf_changed":false},"product_brand":[],"product_cat":[47],"product_tag":[],"class_list":{"0":"post-5393","1":"product","2":"type-product","3":"status-publish","4":"has-post-thumbnail","6":"product_cat-vitraazid","8":"first","9":"onbackorder","10":"taxable","11":"shipping-taxable","12":"purchasable","13":"product-type-simple"},"acf":[],"yoast_head":"<!-- This site is optimized with the Yoast SEO plugin v27.3 - https:\/\/yoast.com\/product\/yoast-seo-wordpress\/ -->\n<title>vitraa\u017e aknale S\u00fcgis - Vitraaz.ee<\/title>\n<meta name=\"description\" content=\"efektne ja v\u00e4rvik\u00fcllane vitraa\u017e S\u00fcgis toob aknal rippudes rohkelt r\u00f5\u00f5mu. S\u00fcgisesest lehem\u00f6llust inspireeritud klaasvitraa\u017e sobib imeliselt kingituseks.\" \/>\n<meta name=\"robots\" content=\"index, follow, max-snippet:-1, max-image-preview:large, max-video-preview:-1\" \/>\n<link rel=\"canonical\" href=\"https:\/\/vitraaz.ee\/fi\/toode\/vitraaz-aknale-sugis\/\" \/>\n<meta property=\"og:locale\" content=\"fi_FI\" \/>\n<meta property=\"og:type\" content=\"article\" \/>\n<meta property=\"og:title\" content=\"vitraa\u017e aknale S\u00fcgis - Vitraaz.ee\" \/>\n<meta property=\"og:description\" content=\"efektne ja v\u00e4rvik\u00fcllane vitraa\u017e S\u00fcgis toob aknal rippudes rohkelt r\u00f5\u00f5mu. S\u00fcgisesest lehem\u00f6llust inspireeritud klaasvitraa\u017e sobib imeliselt kingituseks.\" \/>\n<meta property=\"og:url\" content=\"https:\/\/vitraaz.ee\/fi\/toode\/vitraaz-aknale-sugis\/\" \/>\n<meta property=\"og:site_name\" content=\"Vitraaz.ee\" \/>\n<meta property=\"article:publisher\" content=\"https:\/\/www.facebook.com\/Klaasinterjoor\" \/>\n<meta property=\"article:modified_time\" content=\"2023-10-24T09:45:26+00:00\" \/>\n<meta property=\"og:image\" content=\"https:\/\/vitraaz.ee\/wp-content\/uploads\/2023\/02\/vahtraleht1.jpg\" \/>\n\t<meta property=\"og:image:width\" content=\"531\" \/>\n\t<meta property=\"og:image:height\" content=\"798\" \/>\n\t<meta property=\"og:image:type\" content=\"image\/jpeg\" \/>\n<meta name=\"twitter:card\" content=\"summary_large_image\" \/>\n<meta name=\"twitter:label1\" content=\"Arvioitu lukuaika\" \/>\n\t<meta name=\"twitter:data1\" content=\"1 minuutti\" \/>\n<script type=\"application\/ld+json\" class=\"yoast-schema-graph\">{\"@context\":\"https:\\\/\\\/schema.org\",\"@graph\":[{\"@type\":\"WebPage\",\"@id\":\"https:\\\/\\\/vitraaz.ee\\\/fi\\\/toode\\\/vitraaz-aknale-sugis\\\/\",\"url\":\"https:\\\/\\\/vitraaz.ee\\\/fi\\\/toode\\\/vitraaz-aknale-sugis\\\/\",\"name\":\"vitraa\u017e aknale S\u00fcgis - Vitraaz.ee\",\"isPartOf\":{\"@id\":\"https:\\\/\\\/vitraaz.ee\\\/fi\\\/#website\"},\"primaryImageOfPage\":{\"@id\":\"https:\\\/\\\/vitraaz.ee\\\/fi\\\/toode\\\/vitraaz-aknale-sugis\\\/#primaryimage\"},\"image\":{\"@id\":\"https:\\\/\\\/vitraaz.ee\\\/fi\\\/toode\\\/vitraaz-aknale-sugis\\\/#primaryimage\"},\"thumbnailUrl\":\"https:\\\/\\\/vitraaz.ee\\\/wp-content\\\/uploads\\\/2023\\\/02\\\/vahtraleht1.jpg\",\"datePublished\":\"2023-02-23T09:23:41+00:00\",\"dateModified\":\"2023-10-24T09:45:26+00:00\",\"description\":\"efektne ja v\u00e4rvik\u00fcllane vitraa\u017e S\u00fcgis toob aknal rippudes rohkelt r\u00f5\u00f5mu. S\u00fcgisesest lehem\u00f6llust inspireeritud klaasvitraa\u017e sobib imeliselt kingituseks.\",\"breadcrumb\":{\"@id\":\"https:\\\/\\\/vitraaz.ee\\\/fi\\\/toode\\\/vitraaz-aknale-sugis\\\/#breadcrumb\"},\"inLanguage\":\"fi\",\"potentialAction\":[{\"@type\":\"ReadAction\",\"target\":[\"https:\\\/\\\/vitraaz.ee\\\/fi\\\/toode\\\/vitraaz-aknale-sugis\\\/\"]}]},{\"@type\":\"ImageObject\",\"inLanguage\":\"fi\",\"@id\":\"https:\\\/\\\/vitraaz.ee\\\/fi\\\/toode\\\/vitraaz-aknale-sugis\\\/#primaryimage\",\"url\":\"https:\\\/\\\/vitraaz.ee\\\/wp-content\\\/uploads\\\/2023\\\/02\\\/vahtraleht1.jpg\",\"contentUrl\":\"https:\\\/\\\/vitraaz.ee\\\/wp-content\\\/uploads\\\/2023\\\/02\\\/vahtraleht1.jpg\",\"width\":531,\"height\":798,\"caption\":\"klaasvitraa\u017e\"},{\"@type\":\"BreadcrumbList\",\"@id\":\"https:\\\/\\\/vitraaz.ee\\\/fi\\\/toode\\\/vitraaz-aknale-sugis\\\/#breadcrumb\",\"itemListElement\":[{\"@type\":\"ListItem\",\"position\":1,\"name\":\"Home\",\"item\":\"https:\\\/\\\/vitraaz.ee\\\/fi\\\/\"},{\"@type\":\"ListItem\",\"position\":2,\"name\":\"Pood\",\"item\":\"https:\\\/\\\/vitraaz.ee\\\/pood\\\/\"},{\"@type\":\"ListItem\",\"position\":3,\"name\":\"vitraa\u017e aknale S\u00fcgis\"}]},{\"@type\":\"WebSite\",\"@id\":\"https:\\\/\\\/vitraaz.ee\\\/fi\\\/#website\",\"url\":\"https:\\\/\\\/vitraaz.ee\\\/fi\\\/\",\"name\":\"Vitraaz.ee\",\"description\":\"Klaasinterj&ouml;&ouml;r\",\"publisher\":{\"@id\":\"https:\\\/\\\/vitraaz.ee\\\/fi\\\/#organization\"},\"potentialAction\":[{\"@type\":\"SearchAction\",\"target\":{\"@type\":\"EntryPoint\",\"urlTemplate\":\"https:\\\/\\\/vitraaz.ee\\\/fi\\\/?s={search_term_string}\"},\"query-input\":{\"@type\":\"PropertyValueSpecification\",\"valueRequired\":true,\"valueName\":\"search_term_string\"}}],\"inLanguage\":\"fi\"},{\"@type\":\"Organization\",\"@id\":\"https:\\\/\\\/vitraaz.ee\\\/fi\\\/#organization\",\"name\":\"KLAASINTERJ\u00d6\u00d6R O\u00dc\",\"url\":\"https:\\\/\\\/vitraaz.ee\\\/fi\\\/\",\"logo\":{\"@type\":\"ImageObject\",\"inLanguage\":\"fi\",\"@id\":\"https:\\\/\\\/vitraaz.ee\\\/fi\\\/#\\\/schema\\\/logo\\\/image\\\/\",\"url\":\"https:\\\/\\\/vitraaz.ee\\\/wp-content\\\/uploads\\\/2022\\\/09\\\/logoKI.png\",\"contentUrl\":\"https:\\\/\\\/vitraaz.ee\\\/wp-content\\\/uploads\\\/2022\\\/09\\\/logoKI.png\",\"width\":1159,\"height\":458,\"caption\":\"KLAASINTERJ\u00d6\u00d6R O\u00dc\"},\"image\":{\"@id\":\"https:\\\/\\\/vitraaz.ee\\\/fi\\\/#\\\/schema\\\/logo\\\/image\\\/\"},\"sameAs\":[\"https:\\\/\\\/www.facebook.com\\\/Klaasinterjoor\"]}]}<\/script>\n<!-- \/ Yoast SEO plugin. -->","yoast_head_json":{"title":"vitraa\u017e aknale S\u00fcgis - Vitraaz.ee","description":"efektne ja v\u00e4rvik\u00fcllane vitraa\u017e S\u00fcgis toob aknal rippudes rohkelt r\u00f5\u00f5mu. S\u00fcgisesest lehem\u00f6llust inspireeritud klaasvitraa\u017e sobib imeliselt kingituseks.","robots":{"index":"index","follow":"follow","max-snippet":"max-snippet:-1","max-image-preview":"max-image-preview:large","max-video-preview":"max-video-preview:-1"},"canonical":"https:\/\/vitraaz.ee\/fi\/toode\/vitraaz-aknale-sugis\/","og_locale":"fi_FI","og_type":"article","og_title":"vitraa\u017e aknale S\u00fcgis - Vitraaz.ee","og_description":"efektne ja v\u00e4rvik\u00fcllane vitraa\u017e S\u00fcgis toob aknal rippudes rohkelt r\u00f5\u00f5mu. S\u00fcgisesest lehem\u00f6llust inspireeritud klaasvitraa\u017e sobib imeliselt kingituseks.","og_url":"https:\/\/vitraaz.ee\/fi\/toode\/vitraaz-aknale-sugis\/","og_site_name":"Vitraaz.ee","article_publisher":"https:\/\/www.facebook.com\/Klaasinterjoor","article_modified_time":"2023-10-24T09:45:26+00:00","og_image":[{"width":531,"height":798,"url":"https:\/\/vitraaz.ee\/wp-content\/uploads\/2023\/02\/vahtraleht1.jpg","type":"image\/jpeg"}],"twitter_card":"summary_large_image","twitter_misc":{"Arvioitu lukuaika":"1 minuutti"},"schema":{"@context":"https:\/\/schema.org","@graph":[{"@type":"WebPage","@id":"https:\/\/vitraaz.ee\/fi\/toode\/vitraaz-aknale-sugis\/","url":"https:\/\/vitraaz.ee\/fi\/toode\/vitraaz-aknale-sugis\/","name":"vitraa\u017e aknale S\u00fcgis - Vitraaz.ee","isPartOf":{"@id":"https:\/\/vitraaz.ee\/fi\/#website"},"primaryImageOfPage":{"@id":"https:\/\/vitraaz.ee\/fi\/toode\/vitraaz-aknale-sugis\/#primaryimage"},"image":{"@id":"https:\/\/vitraaz.ee\/fi\/toode\/vitraaz-aknale-sugis\/#primaryimage"},"thumbnailUrl":"https:\/\/vitraaz.ee\/wp-content\/uploads\/2023\/02\/vahtraleht1.jpg","datePublished":"2023-02-23T09:23:41+00:00","dateModified":"2023-10-24T09:45:26+00:00","description":"efektne ja v\u00e4rvik\u00fcllane vitraa\u017e S\u00fcgis toob aknal rippudes rohkelt r\u00f5\u00f5mu. S\u00fcgisesest lehem\u00f6llust inspireeritud klaasvitraa\u017e sobib imeliselt kingituseks.","breadcrumb":{"@id":"https:\/\/vitraaz.ee\/fi\/toode\/vitraaz-aknale-sugis\/#breadcrumb"},"inLanguage":"fi","potentialAction":[{"@type":"ReadAction","target":["https:\/\/vitraaz.ee\/fi\/toode\/vitraaz-aknale-sugis\/"]}]},{"@type":"ImageObject","inLanguage":"fi","@id":"https:\/\/vitraaz.ee\/fi\/toode\/vitraaz-aknale-sugis\/#primaryimage","url":"https:\/\/vitraaz.ee\/wp-content\/uploads\/2023\/02\/vahtraleht1.jpg","contentUrl":"https:\/\/vitraaz.ee\/wp-content\/uploads\/2023\/02\/vahtraleht1.jpg","width":531,"height":798,"caption":"klaasvitraa\u017e"},{"@type":"BreadcrumbList","@id":"https:\/\/vitraaz.ee\/fi\/toode\/vitraaz-aknale-sugis\/#breadcrumb","itemListElement":[{"@type":"ListItem","position":1,"name":"Home","item":"https:\/\/vitraaz.ee\/fi\/"},{"@type":"ListItem","position":2,"name":"Pood","item":"https:\/\/vitraaz.ee\/pood\/"},{"@type":"ListItem","position":3,"name":"vitraa\u017e aknale S\u00fcgis"}]},{"@type":"WebSite","@id":"https:\/\/vitraaz.ee\/fi\/#website","url":"https:\/\/vitraaz.ee\/fi\/","name":"Vitraaz.ee","description":"Klaasinterj&ouml;&ouml;r","publisher":{"@id":"https:\/\/vitraaz.ee\/fi\/#organization"},"potentialAction":[{"@type":"SearchAction","target":{"@type":"EntryPoint","urlTemplate":"https:\/\/vitraaz.ee\/fi\/?s={search_term_string}"},"query-input":{"@type":"PropertyValueSpecification","valueRequired":true,"valueName":"search_term_string"}}],"inLanguage":"fi"},{"@type":"Organization","@id":"https:\/\/vitraaz.ee\/fi\/#organization","name":"KLAASINTERJ\u00d6\u00d6R O\u00dc","url":"https:\/\/vitraaz.ee\/fi\/","logo":{"@type":"ImageObject","inLanguage":"fi","@id":"https:\/\/vitraaz.ee\/fi\/#\/schema\/logo\/image\/","url":"https:\/\/vitraaz.ee\/wp-content\/uploads\/2022\/09\/logoKI.png","contentUrl":"https:\/\/vitraaz.ee\/wp-content\/uploads\/2022\/09\/logoKI.png","width":1159,"height":458,"caption":"KLAASINTERJ\u00d6\u00d6R O\u00dc"},"image":{"@id":"https:\/\/vitraaz.ee\/fi\/#\/schema\/logo\/image\/"},"sameAs":["https:\/\/www.facebook.com\/Klaasinterjoor"]}]}},"_links":{"self":[{"href":"https:\/\/vitraaz.ee\/fi\/wp-json\/wp\/v2\/product\/5393","targetHints":{"allow":["GET"]}}],"collection":[{"href":"https:\/\/vitraaz.ee\/fi\/wp-json\/wp\/v2\/product"}],"about":[{"href":"https:\/\/vitraaz.ee\/fi\/wp-json\/wp\/v2\/types\/product"}],"version-history":[{"count":0,"href":"https:\/\/vitraaz.ee\/fi\/wp-json\/wp\/v2\/product\/5393\/revisions"}],"wp:featuredmedia":[{"embeddable":true,"href":"https:\/\/vitraaz.ee\/fi\/wp-json\/wp\/v2\/media\/5398"}],"wp:attachment":[{"href":"https:\/\/vitraaz.ee\/fi\/wp-json\/wp\/v2\/media?parent=5393"}],"wp:term":[{"taxonomy":"product_brand","embeddable":true,"href":"https:\/\/vitraaz.ee\/fi\/wp-json\/wp\/v2\/product_brand?post=5393"},{"taxonomy":"product_cat","embeddable":true,"href":"https:\/\/vitraaz.ee\/fi\/wp-json\/wp\/v2\/product_cat?post=5393"},{"taxonomy":"product_tag","embeddable":true,"href":"https:\/\/vitraaz.ee\/fi\/wp-json\/wp\/v2\/product_tag?post=5393"}],"curies":[{"name":"wp","href":"https:\/\/api.w.org\/{rel}","templated":true}]}}