{"id":3206,"date":"2022-10-05T23:56:17","date_gmt":"2022-10-05T23:56:17","guid":{"rendered":"https:\/\/vitraaz.ee\/?post_type=product&#038;p=3206"},"modified":"2024-07-16T22:47:26","modified_gmt":"2024-07-16T22:47:26","slug":"seinakell-taiskuu","status":"publish","type":"product","link":"https:\/\/vitraaz.ee\/fi\/toode\/seinakell-taiskuu\/","title":{"rendered":"Seinakell &#8221;T\u00e4iskuu&#8221;"},"content":{"rendered":"<p>Mahedates toonides seinakell &#8221;T\u00e4iskuu&#8221;\u00a0on valminud kilevitraa\u017ei tehnikas. P\u00f5neva mustri kella pinnale loovad v\u00e4rvilised kiled ja valge tina. Seierid on kuldsed. Seinakella mehhanism on kvaliteetne ja tiksub v\u00e4ga vaikselt. Kella m\u00f5\u00f5t: 40cm. Kell on pakitud karpi ning kaasas on patarei.<\/p>\n","protected":false},"excerpt":{"rendered":"<p>Mahedates toonides seinakell &#8221;T\u00e4iskuu&#8221;\u00a0on valminud kilevitraa\u017ei tehnikas. P\u00f5neva mustri kella pinnale loovad v\u00e4rvilised kiled ja valge tina. Seierid on kuldsed. Seinakella mehhanism on kvaliteetne ja tiksub v\u00e4ga vaikselt. Kella m\u00f5\u00f5t: 40cm. Kell on pakitud karpi ning kaasas on patarei.<\/p>\n","protected":false},"featured_media":3339,"template":"","meta":{"_acf_changed":false},"product_brand":[],"product_cat":[37],"product_tag":[63,64],"class_list":{"0":"post-3206","1":"product","2":"type-product","3":"status-publish","4":"has-post-thumbnail","6":"product_cat-seinakellad-lauakellad","7":"product_tag-kell","8":"product_tag-seinakell","10":"first","11":"instock","12":"taxable","13":"shipping-taxable","14":"purchasable","15":"product-type-simple"},"acf":[],"yoast_head":"<!-- This site is optimized with the Yoast SEO plugin v27.3 - https:\/\/yoast.com\/product\/yoast-seo-wordpress\/ -->\n<title>Seinakell &#039;&#039;T\u00e4iskuu&#039;&#039; - Vitraaz.ee<\/title>\n<meta name=\"description\" content=\"Mahedates toonides seinakell &#039;&#039;T\u00e4iskuu&#039;&#039; on valminud kilevitraa\u017ei tehnikas. P\u00f5neva mustri kella pinnale loovad v\u00e4rvilised kiled ja valge tina.\" \/>\n<meta name=\"robots\" content=\"index, follow, max-snippet:-1, max-image-preview:large, max-video-preview:-1\" \/>\n<link rel=\"canonical\" href=\"https:\/\/vitraaz.ee\/fi\/toode\/seinakell-taiskuu\/\" \/>\n<meta property=\"og:locale\" content=\"fi_FI\" \/>\n<meta property=\"og:type\" content=\"article\" \/>\n<meta property=\"og:title\" content=\"Seinakell &#039;&#039;T\u00e4iskuu&#039;&#039; - Vitraaz.ee\" \/>\n<meta property=\"og:description\" content=\"Mahedates toonides seinakell &#039;&#039;T\u00e4iskuu&#039;&#039; on valminud kilevitraa\u017ei tehnikas. P\u00f5neva mustri kella pinnale loovad v\u00e4rvilised kiled ja valge tina.\" \/>\n<meta property=\"og:url\" content=\"https:\/\/vitraaz.ee\/fi\/toode\/seinakell-taiskuu\/\" \/>\n<meta property=\"og:site_name\" content=\"Vitraaz.ee\" \/>\n<meta property=\"article:publisher\" content=\"https:\/\/www.facebook.com\/Klaasinterjoor\" \/>\n<meta property=\"article:modified_time\" content=\"2024-07-16T22:47:26+00:00\" \/>\n<meta property=\"og:image\" content=\"https:\/\/vitraaz.ee\/wp-content\/uploads\/2022\/10\/kell-ules3.jpg\" \/>\n\t<meta property=\"og:image:width\" content=\"1200\" \/>\n\t<meta property=\"og:image:height\" content=\"798\" \/>\n\t<meta property=\"og:image:type\" content=\"image\/jpeg\" \/>\n<meta name=\"twitter:card\" content=\"summary_large_image\" \/>\n<meta name=\"twitter:label1\" content=\"Arvioitu lukuaika\" \/>\n\t<meta name=\"twitter:data1\" content=\"1 minuutti\" \/>\n<script type=\"application\/ld+json\" class=\"yoast-schema-graph\">{\"@context\":\"https:\\\/\\\/schema.org\",\"@graph\":[{\"@type\":\"WebPage\",\"@id\":\"https:\\\/\\\/vitraaz.ee\\\/fi\\\/toode\\\/seinakell-taiskuu\\\/\",\"url\":\"https:\\\/\\\/vitraaz.ee\\\/fi\\\/toode\\\/seinakell-taiskuu\\\/\",\"name\":\"Seinakell ''T\u00e4iskuu'' - Vitraaz.ee\",\"isPartOf\":{\"@id\":\"https:\\\/\\\/vitraaz.ee\\\/fi\\\/#website\"},\"primaryImageOfPage\":{\"@id\":\"https:\\\/\\\/vitraaz.ee\\\/fi\\\/toode\\\/seinakell-taiskuu\\\/#primaryimage\"},\"image\":{\"@id\":\"https:\\\/\\\/vitraaz.ee\\\/fi\\\/toode\\\/seinakell-taiskuu\\\/#primaryimage\"},\"thumbnailUrl\":\"https:\\\/\\\/vitraaz.ee\\\/wp-content\\\/uploads\\\/2022\\\/10\\\/kell-ules3.jpg\",\"datePublished\":\"2022-10-05T23:56:17+00:00\",\"dateModified\":\"2024-07-16T22:47:26+00:00\",\"description\":\"Mahedates toonides seinakell ''T\u00e4iskuu'' on valminud kilevitraa\u017ei tehnikas. P\u00f5neva mustri kella pinnale loovad v\u00e4rvilised kiled ja valge tina.\",\"breadcrumb\":{\"@id\":\"https:\\\/\\\/vitraaz.ee\\\/fi\\\/toode\\\/seinakell-taiskuu\\\/#breadcrumb\"},\"inLanguage\":\"fi\",\"potentialAction\":[{\"@type\":\"ReadAction\",\"target\":[\"https:\\\/\\\/vitraaz.ee\\\/fi\\\/toode\\\/seinakell-taiskuu\\\/\"]}]},{\"@type\":\"ImageObject\",\"inLanguage\":\"fi\",\"@id\":\"https:\\\/\\\/vitraaz.ee\\\/fi\\\/toode\\\/seinakell-taiskuu\\\/#primaryimage\",\"url\":\"https:\\\/\\\/vitraaz.ee\\\/wp-content\\\/uploads\\\/2022\\\/10\\\/kell-ules3.jpg\",\"contentUrl\":\"https:\\\/\\\/vitraaz.ee\\\/wp-content\\\/uploads\\\/2022\\\/10\\\/kell-ules3.jpg\",\"width\":1200,\"height\":798},{\"@type\":\"BreadcrumbList\",\"@id\":\"https:\\\/\\\/vitraaz.ee\\\/fi\\\/toode\\\/seinakell-taiskuu\\\/#breadcrumb\",\"itemListElement\":[{\"@type\":\"ListItem\",\"position\":1,\"name\":\"Home\",\"item\":\"https:\\\/\\\/vitraaz.ee\\\/fi\\\/\"},{\"@type\":\"ListItem\",\"position\":2,\"name\":\"Pood\",\"item\":\"https:\\\/\\\/vitraaz.ee\\\/pood\\\/\"},{\"@type\":\"ListItem\",\"position\":3,\"name\":\"Seinakell &#8221;T\u00e4iskuu&#8221;\"}]},{\"@type\":\"WebSite\",\"@id\":\"https:\\\/\\\/vitraaz.ee\\\/fi\\\/#website\",\"url\":\"https:\\\/\\\/vitraaz.ee\\\/fi\\\/\",\"name\":\"Vitraaz.ee\",\"description\":\"Klaasinterj&ouml;&ouml;r\",\"publisher\":{\"@id\":\"https:\\\/\\\/vitraaz.ee\\\/fi\\\/#organization\"},\"potentialAction\":[{\"@type\":\"SearchAction\",\"target\":{\"@type\":\"EntryPoint\",\"urlTemplate\":\"https:\\\/\\\/vitraaz.ee\\\/fi\\\/?s={search_term_string}\"},\"query-input\":{\"@type\":\"PropertyValueSpecification\",\"valueRequired\":true,\"valueName\":\"search_term_string\"}}],\"inLanguage\":\"fi\"},{\"@type\":\"Organization\",\"@id\":\"https:\\\/\\\/vitraaz.ee\\\/fi\\\/#organization\",\"name\":\"KLAASINTERJ\u00d6\u00d6R O\u00dc\",\"url\":\"https:\\\/\\\/vitraaz.ee\\\/fi\\\/\",\"logo\":{\"@type\":\"ImageObject\",\"inLanguage\":\"fi\",\"@id\":\"https:\\\/\\\/vitraaz.ee\\\/fi\\\/#\\\/schema\\\/logo\\\/image\\\/\",\"url\":\"https:\\\/\\\/vitraaz.ee\\\/wp-content\\\/uploads\\\/2022\\\/09\\\/logoKI.png\",\"contentUrl\":\"https:\\\/\\\/vitraaz.ee\\\/wp-content\\\/uploads\\\/2022\\\/09\\\/logoKI.png\",\"width\":1159,\"height\":458,\"caption\":\"KLAASINTERJ\u00d6\u00d6R O\u00dc\"},\"image\":{\"@id\":\"https:\\\/\\\/vitraaz.ee\\\/fi\\\/#\\\/schema\\\/logo\\\/image\\\/\"},\"sameAs\":[\"https:\\\/\\\/www.facebook.com\\\/Klaasinterjoor\"]}]}<\/script>\n<!-- \/ Yoast SEO plugin. -->","yoast_head_json":{"title":"Seinakell ''T\u00e4iskuu'' - Vitraaz.ee","description":"Mahedates toonides seinakell ''T\u00e4iskuu'' on valminud kilevitraa\u017ei tehnikas. P\u00f5neva mustri kella pinnale loovad v\u00e4rvilised kiled ja valge tina.","robots":{"index":"index","follow":"follow","max-snippet":"max-snippet:-1","max-image-preview":"max-image-preview:large","max-video-preview":"max-video-preview:-1"},"canonical":"https:\/\/vitraaz.ee\/fi\/toode\/seinakell-taiskuu\/","og_locale":"fi_FI","og_type":"article","og_title":"Seinakell ''T\u00e4iskuu'' - Vitraaz.ee","og_description":"Mahedates toonides seinakell ''T\u00e4iskuu'' on valminud kilevitraa\u017ei tehnikas. P\u00f5neva mustri kella pinnale loovad v\u00e4rvilised kiled ja valge tina.","og_url":"https:\/\/vitraaz.ee\/fi\/toode\/seinakell-taiskuu\/","og_site_name":"Vitraaz.ee","article_publisher":"https:\/\/www.facebook.com\/Klaasinterjoor","article_modified_time":"2024-07-16T22:47:26+00:00","og_image":[{"width":1200,"height":798,"url":"https:\/\/vitraaz.ee\/wp-content\/uploads\/2022\/10\/kell-ules3.jpg","type":"image\/jpeg"}],"twitter_card":"summary_large_image","twitter_misc":{"Arvioitu lukuaika":"1 minuutti"},"schema":{"@context":"https:\/\/schema.org","@graph":[{"@type":"WebPage","@id":"https:\/\/vitraaz.ee\/fi\/toode\/seinakell-taiskuu\/","url":"https:\/\/vitraaz.ee\/fi\/toode\/seinakell-taiskuu\/","name":"Seinakell ''T\u00e4iskuu'' - Vitraaz.ee","isPartOf":{"@id":"https:\/\/vitraaz.ee\/fi\/#website"},"primaryImageOfPage":{"@id":"https:\/\/vitraaz.ee\/fi\/toode\/seinakell-taiskuu\/#primaryimage"},"image":{"@id":"https:\/\/vitraaz.ee\/fi\/toode\/seinakell-taiskuu\/#primaryimage"},"thumbnailUrl":"https:\/\/vitraaz.ee\/wp-content\/uploads\/2022\/10\/kell-ules3.jpg","datePublished":"2022-10-05T23:56:17+00:00","dateModified":"2024-07-16T22:47:26+00:00","description":"Mahedates toonides seinakell ''T\u00e4iskuu'' on valminud kilevitraa\u017ei tehnikas. P\u00f5neva mustri kella pinnale loovad v\u00e4rvilised kiled ja valge tina.","breadcrumb":{"@id":"https:\/\/vitraaz.ee\/fi\/toode\/seinakell-taiskuu\/#breadcrumb"},"inLanguage":"fi","potentialAction":[{"@type":"ReadAction","target":["https:\/\/vitraaz.ee\/fi\/toode\/seinakell-taiskuu\/"]}]},{"@type":"ImageObject","inLanguage":"fi","@id":"https:\/\/vitraaz.ee\/fi\/toode\/seinakell-taiskuu\/#primaryimage","url":"https:\/\/vitraaz.ee\/wp-content\/uploads\/2022\/10\/kell-ules3.jpg","contentUrl":"https:\/\/vitraaz.ee\/wp-content\/uploads\/2022\/10\/kell-ules3.jpg","width":1200,"height":798},{"@type":"BreadcrumbList","@id":"https:\/\/vitraaz.ee\/fi\/toode\/seinakell-taiskuu\/#breadcrumb","itemListElement":[{"@type":"ListItem","position":1,"name":"Home","item":"https:\/\/vitraaz.ee\/fi\/"},{"@type":"ListItem","position":2,"name":"Pood","item":"https:\/\/vitraaz.ee\/pood\/"},{"@type":"ListItem","position":3,"name":"Seinakell &#8221;T\u00e4iskuu&#8221;"}]},{"@type":"WebSite","@id":"https:\/\/vitraaz.ee\/fi\/#website","url":"https:\/\/vitraaz.ee\/fi\/","name":"Vitraaz.ee","description":"Klaasinterj&ouml;&ouml;r","publisher":{"@id":"https:\/\/vitraaz.ee\/fi\/#organization"},"potentialAction":[{"@type":"SearchAction","target":{"@type":"EntryPoint","urlTemplate":"https:\/\/vitraaz.ee\/fi\/?s={search_term_string}"},"query-input":{"@type":"PropertyValueSpecification","valueRequired":true,"valueName":"search_term_string"}}],"inLanguage":"fi"},{"@type":"Organization","@id":"https:\/\/vitraaz.ee\/fi\/#organization","name":"KLAASINTERJ\u00d6\u00d6R O\u00dc","url":"https:\/\/vitraaz.ee\/fi\/","logo":{"@type":"ImageObject","inLanguage":"fi","@id":"https:\/\/vitraaz.ee\/fi\/#\/schema\/logo\/image\/","url":"https:\/\/vitraaz.ee\/wp-content\/uploads\/2022\/09\/logoKI.png","contentUrl":"https:\/\/vitraaz.ee\/wp-content\/uploads\/2022\/09\/logoKI.png","width":1159,"height":458,"caption":"KLAASINTERJ\u00d6\u00d6R O\u00dc"},"image":{"@id":"https:\/\/vitraaz.ee\/fi\/#\/schema\/logo\/image\/"},"sameAs":["https:\/\/www.facebook.com\/Klaasinterjoor"]}]}},"_links":{"self":[{"href":"https:\/\/vitraaz.ee\/fi\/wp-json\/wp\/v2\/product\/3206","targetHints":{"allow":["GET"]}}],"collection":[{"href":"https:\/\/vitraaz.ee\/fi\/wp-json\/wp\/v2\/product"}],"about":[{"href":"https:\/\/vitraaz.ee\/fi\/wp-json\/wp\/v2\/types\/product"}],"version-history":[{"count":0,"href":"https:\/\/vitraaz.ee\/fi\/wp-json\/wp\/v2\/product\/3206\/revisions"}],"wp:featuredmedia":[{"embeddable":true,"href":"https:\/\/vitraaz.ee\/fi\/wp-json\/wp\/v2\/media\/3339"}],"wp:attachment":[{"href":"https:\/\/vitraaz.ee\/fi\/wp-json\/wp\/v2\/media?parent=3206"}],"wp:term":[{"taxonomy":"product_brand","embeddable":true,"href":"https:\/\/vitraaz.ee\/fi\/wp-json\/wp\/v2\/product_brand?post=3206"},{"taxonomy":"product_cat","embeddable":true,"href":"https:\/\/vitraaz.ee\/fi\/wp-json\/wp\/v2\/product_cat?post=3206"},{"taxonomy":"product_tag","embeddable":true,"href":"https:\/\/vitraaz.ee\/fi\/wp-json\/wp\/v2\/product_tag?post=3206"}],"curies":[{"name":"wp","href":"https:\/\/api.w.org\/{rel}","templated":true}]}}