{"id":3070,"date":"2022-10-05T23:55:56","date_gmt":"2022-10-05T23:55:56","guid":{"rendered":"https:\/\/vitraaz.ee\/?post_type=product&#038;p=3070"},"modified":"2025-10-28T17:03:31","modified_gmt":"2025-10-28T17:03:31","slug":"vitraazi-riputuskonksud-aknale","status":"publish","type":"product","link":"https:\/\/vitraaz.ee\/fi\/toode\/vitraazi-riputuskonksud-aknale\/","title":{"rendered":"Vitraa\u017ei riputuskonksud aknale"},"content":{"rendered":"<p>Need v\u00e4iksed abimehed vitraa\u017ei riputuskonksud aknale aitavad vitraa\u017ei aknale riputada eriti lihtsalt. Konksude kasutamiseks ava aken ning l\u00fckka konksud aknaraami peale, seej\u00e4rel sule aken. Nii j\u00e4\u00e4vad raamile kaks konksu, kuhu riputada vitraa\u017e. Spetsiaalsete riputuskonksude eeliseks on see, et ei pea puurima auke raami sisse ega aknapalesse. Need on sama lihtsalt eemaldatavad, ning nende kasutamine ei kahjusta aknaraami. Komplektis on 2 konksu. Konksu n\u00e4htav osa raami peal 3&#215;3,5 cm.<\/p>\n","protected":false},"excerpt":{"rendered":"<p>Need v\u00e4iksed abimehed vitraa\u017ei riputuskonksud aknale aitavad vitraa\u017ei aknale riputada eriti lihtsalt. Konksude kasutamiseks ava aken ning l\u00fckka konksud aknaraami peale, seej\u00e4rel sule aken. Nii j\u00e4\u00e4vad raamile kaks konksu, kuhu riputada vitraa\u017e. Spetsiaalsete riputuskonksude eeliseks on see, et ei pea puurima auke raami sisse ega aknapalesse. Need on sama lihtsalt eemaldatavad, ning nende kasutamine ei [&hellip;]<\/p>\n","protected":false},"featured_media":3312,"template":"","meta":{"_acf_changed":false},"product_brand":[],"product_cat":[47],"product_tag":[66],"class_list":{"0":"post-3070","1":"product","2":"type-product","3":"status-publish","4":"has-post-thumbnail","6":"product_cat-vitraazid","7":"product_tag-riputuskonksud","9":"first","10":"outofstock","11":"taxable","12":"shipping-taxable","13":"purchasable","14":"product-type-simple"},"acf":[],"yoast_head":"<!-- This site is optimized with the Yoast SEO plugin v27.3 - https:\/\/yoast.com\/product\/yoast-seo-wordpress\/ -->\n<title>Vitraa\u017ei riputuskonksud aknale - Vitraaz.ee<\/title>\n<meta name=\"description\" content=\"Need v\u00e4iksed abimehed vitraa\u017ei riputuskonksud aknale aitavad vitraa\u017ei aknale riputada eriti lihtsalt. 2 konksu. Konksu n\u00e4htav osa raami peal 3x3,5 cm.\" \/>\n<meta name=\"robots\" content=\"index, follow, max-snippet:-1, max-image-preview:large, max-video-preview:-1\" \/>\n<link rel=\"canonical\" href=\"https:\/\/vitraaz.ee\/fi\/toode\/vitraazi-riputuskonksud-aknale\/\" \/>\n<meta property=\"og:locale\" content=\"fi_FI\" \/>\n<meta property=\"og:type\" content=\"article\" \/>\n<meta property=\"og:title\" content=\"Vitraa\u017ei riputuskonksud aknale - Vitraaz.ee\" \/>\n<meta property=\"og:description\" content=\"Need v\u00e4iksed abimehed vitraa\u017ei riputuskonksud aknale aitavad vitraa\u017ei aknale riputada eriti lihtsalt. 2 konksu. Konksu n\u00e4htav osa raami peal 3x3,5 cm.\" \/>\n<meta property=\"og:url\" content=\"https:\/\/vitraaz.ee\/fi\/toode\/vitraazi-riputuskonksud-aknale\/\" \/>\n<meta property=\"og:site_name\" content=\"Vitraaz.ee\" \/>\n<meta property=\"article:publisher\" content=\"https:\/\/www.facebook.com\/Klaasinterjoor\" \/>\n<meta property=\"article:modified_time\" content=\"2025-10-28T17:03:31+00:00\" \/>\n<meta property=\"og:image\" content=\"https:\/\/vitraaz.ee\/wp-content\/uploads\/2022\/10\/konksud2.jpg\" \/>\n\t<meta property=\"og:image:width\" content=\"531\" \/>\n\t<meta property=\"og:image:height\" content=\"798\" \/>\n\t<meta property=\"og:image:type\" content=\"image\/jpeg\" \/>\n<meta name=\"twitter:card\" content=\"summary_large_image\" \/>\n<meta name=\"twitter:label1\" content=\"Arvioitu lukuaika\" \/>\n\t<meta name=\"twitter:data1\" content=\"1 minuutti\" \/>\n<script type=\"application\/ld+json\" class=\"yoast-schema-graph\">{\"@context\":\"https:\\\/\\\/schema.org\",\"@graph\":[{\"@type\":\"WebPage\",\"@id\":\"https:\\\/\\\/vitraaz.ee\\\/fi\\\/toode\\\/vitraazi-riputuskonksud-aknale\\\/\",\"url\":\"https:\\\/\\\/vitraaz.ee\\\/fi\\\/toode\\\/vitraazi-riputuskonksud-aknale\\\/\",\"name\":\"Vitraa\u017ei riputuskonksud aknale - Vitraaz.ee\",\"isPartOf\":{\"@id\":\"https:\\\/\\\/vitraaz.ee\\\/fi\\\/#website\"},\"primaryImageOfPage\":{\"@id\":\"https:\\\/\\\/vitraaz.ee\\\/fi\\\/toode\\\/vitraazi-riputuskonksud-aknale\\\/#primaryimage\"},\"image\":{\"@id\":\"https:\\\/\\\/vitraaz.ee\\\/fi\\\/toode\\\/vitraazi-riputuskonksud-aknale\\\/#primaryimage\"},\"thumbnailUrl\":\"https:\\\/\\\/vitraaz.ee\\\/wp-content\\\/uploads\\\/2022\\\/10\\\/konksud2.jpg\",\"datePublished\":\"2022-10-05T23:55:56+00:00\",\"dateModified\":\"2025-10-28T17:03:31+00:00\",\"description\":\"Need v\u00e4iksed abimehed vitraa\u017ei riputuskonksud aknale aitavad vitraa\u017ei aknale riputada eriti lihtsalt. 2 konksu. Konksu n\u00e4htav osa raami peal 3x3,5 cm.\",\"breadcrumb\":{\"@id\":\"https:\\\/\\\/vitraaz.ee\\\/fi\\\/toode\\\/vitraazi-riputuskonksud-aknale\\\/#breadcrumb\"},\"inLanguage\":\"fi\",\"potentialAction\":[{\"@type\":\"ReadAction\",\"target\":[\"https:\\\/\\\/vitraaz.ee\\\/fi\\\/toode\\\/vitraazi-riputuskonksud-aknale\\\/\"]}]},{\"@type\":\"ImageObject\",\"inLanguage\":\"fi\",\"@id\":\"https:\\\/\\\/vitraaz.ee\\\/fi\\\/toode\\\/vitraazi-riputuskonksud-aknale\\\/#primaryimage\",\"url\":\"https:\\\/\\\/vitraaz.ee\\\/wp-content\\\/uploads\\\/2022\\\/10\\\/konksud2.jpg\",\"contentUrl\":\"https:\\\/\\\/vitraaz.ee\\\/wp-content\\\/uploads\\\/2022\\\/10\\\/konksud2.jpg\",\"width\":531,\"height\":798},{\"@type\":\"BreadcrumbList\",\"@id\":\"https:\\\/\\\/vitraaz.ee\\\/fi\\\/toode\\\/vitraazi-riputuskonksud-aknale\\\/#breadcrumb\",\"itemListElement\":[{\"@type\":\"ListItem\",\"position\":1,\"name\":\"Home\",\"item\":\"https:\\\/\\\/vitraaz.ee\\\/fi\\\/\"},{\"@type\":\"ListItem\",\"position\":2,\"name\":\"Pood\",\"item\":\"https:\\\/\\\/vitraaz.ee\\\/pood\\\/\"},{\"@type\":\"ListItem\",\"position\":3,\"name\":\"Vitraa\u017ei riputuskonksud aknale\"}]},{\"@type\":\"WebSite\",\"@id\":\"https:\\\/\\\/vitraaz.ee\\\/fi\\\/#website\",\"url\":\"https:\\\/\\\/vitraaz.ee\\\/fi\\\/\",\"name\":\"Vitraaz.ee\",\"description\":\"Klaasinterj&ouml;&ouml;r\",\"publisher\":{\"@id\":\"https:\\\/\\\/vitraaz.ee\\\/fi\\\/#organization\"},\"potentialAction\":[{\"@type\":\"SearchAction\",\"target\":{\"@type\":\"EntryPoint\",\"urlTemplate\":\"https:\\\/\\\/vitraaz.ee\\\/fi\\\/?s={search_term_string}\"},\"query-input\":{\"@type\":\"PropertyValueSpecification\",\"valueRequired\":true,\"valueName\":\"search_term_string\"}}],\"inLanguage\":\"fi\"},{\"@type\":\"Organization\",\"@id\":\"https:\\\/\\\/vitraaz.ee\\\/fi\\\/#organization\",\"name\":\"KLAASINTERJ\u00d6\u00d6R O\u00dc\",\"url\":\"https:\\\/\\\/vitraaz.ee\\\/fi\\\/\",\"logo\":{\"@type\":\"ImageObject\",\"inLanguage\":\"fi\",\"@id\":\"https:\\\/\\\/vitraaz.ee\\\/fi\\\/#\\\/schema\\\/logo\\\/image\\\/\",\"url\":\"https:\\\/\\\/vitraaz.ee\\\/wp-content\\\/uploads\\\/2022\\\/09\\\/logoKI.png\",\"contentUrl\":\"https:\\\/\\\/vitraaz.ee\\\/wp-content\\\/uploads\\\/2022\\\/09\\\/logoKI.png\",\"width\":1159,\"height\":458,\"caption\":\"KLAASINTERJ\u00d6\u00d6R O\u00dc\"},\"image\":{\"@id\":\"https:\\\/\\\/vitraaz.ee\\\/fi\\\/#\\\/schema\\\/logo\\\/image\\\/\"},\"sameAs\":[\"https:\\\/\\\/www.facebook.com\\\/Klaasinterjoor\"]}]}<\/script>\n<!-- \/ Yoast SEO plugin. -->","yoast_head_json":{"title":"Vitraa\u017ei riputuskonksud aknale - Vitraaz.ee","description":"Need v\u00e4iksed abimehed vitraa\u017ei riputuskonksud aknale aitavad vitraa\u017ei aknale riputada eriti lihtsalt. 2 konksu. Konksu n\u00e4htav osa raami peal 3x3,5 cm.","robots":{"index":"index","follow":"follow","max-snippet":"max-snippet:-1","max-image-preview":"max-image-preview:large","max-video-preview":"max-video-preview:-1"},"canonical":"https:\/\/vitraaz.ee\/fi\/toode\/vitraazi-riputuskonksud-aknale\/","og_locale":"fi_FI","og_type":"article","og_title":"Vitraa\u017ei riputuskonksud aknale - Vitraaz.ee","og_description":"Need v\u00e4iksed abimehed vitraa\u017ei riputuskonksud aknale aitavad vitraa\u017ei aknale riputada eriti lihtsalt. 2 konksu. Konksu n\u00e4htav osa raami peal 3x3,5 cm.","og_url":"https:\/\/vitraaz.ee\/fi\/toode\/vitraazi-riputuskonksud-aknale\/","og_site_name":"Vitraaz.ee","article_publisher":"https:\/\/www.facebook.com\/Klaasinterjoor","article_modified_time":"2025-10-28T17:03:31+00:00","og_image":[{"width":531,"height":798,"url":"https:\/\/vitraaz.ee\/wp-content\/uploads\/2022\/10\/konksud2.jpg","type":"image\/jpeg"}],"twitter_card":"summary_large_image","twitter_misc":{"Arvioitu lukuaika":"1 minuutti"},"schema":{"@context":"https:\/\/schema.org","@graph":[{"@type":"WebPage","@id":"https:\/\/vitraaz.ee\/fi\/toode\/vitraazi-riputuskonksud-aknale\/","url":"https:\/\/vitraaz.ee\/fi\/toode\/vitraazi-riputuskonksud-aknale\/","name":"Vitraa\u017ei riputuskonksud aknale - Vitraaz.ee","isPartOf":{"@id":"https:\/\/vitraaz.ee\/fi\/#website"},"primaryImageOfPage":{"@id":"https:\/\/vitraaz.ee\/fi\/toode\/vitraazi-riputuskonksud-aknale\/#primaryimage"},"image":{"@id":"https:\/\/vitraaz.ee\/fi\/toode\/vitraazi-riputuskonksud-aknale\/#primaryimage"},"thumbnailUrl":"https:\/\/vitraaz.ee\/wp-content\/uploads\/2022\/10\/konksud2.jpg","datePublished":"2022-10-05T23:55:56+00:00","dateModified":"2025-10-28T17:03:31+00:00","description":"Need v\u00e4iksed abimehed vitraa\u017ei riputuskonksud aknale aitavad vitraa\u017ei aknale riputada eriti lihtsalt. 2 konksu. Konksu n\u00e4htav osa raami peal 3x3,5 cm.","breadcrumb":{"@id":"https:\/\/vitraaz.ee\/fi\/toode\/vitraazi-riputuskonksud-aknale\/#breadcrumb"},"inLanguage":"fi","potentialAction":[{"@type":"ReadAction","target":["https:\/\/vitraaz.ee\/fi\/toode\/vitraazi-riputuskonksud-aknale\/"]}]},{"@type":"ImageObject","inLanguage":"fi","@id":"https:\/\/vitraaz.ee\/fi\/toode\/vitraazi-riputuskonksud-aknale\/#primaryimage","url":"https:\/\/vitraaz.ee\/wp-content\/uploads\/2022\/10\/konksud2.jpg","contentUrl":"https:\/\/vitraaz.ee\/wp-content\/uploads\/2022\/10\/konksud2.jpg","width":531,"height":798},{"@type":"BreadcrumbList","@id":"https:\/\/vitraaz.ee\/fi\/toode\/vitraazi-riputuskonksud-aknale\/#breadcrumb","itemListElement":[{"@type":"ListItem","position":1,"name":"Home","item":"https:\/\/vitraaz.ee\/fi\/"},{"@type":"ListItem","position":2,"name":"Pood","item":"https:\/\/vitraaz.ee\/pood\/"},{"@type":"ListItem","position":3,"name":"Vitraa\u017ei riputuskonksud aknale"}]},{"@type":"WebSite","@id":"https:\/\/vitraaz.ee\/fi\/#website","url":"https:\/\/vitraaz.ee\/fi\/","name":"Vitraaz.ee","description":"Klaasinterj&ouml;&ouml;r","publisher":{"@id":"https:\/\/vitraaz.ee\/fi\/#organization"},"potentialAction":[{"@type":"SearchAction","target":{"@type":"EntryPoint","urlTemplate":"https:\/\/vitraaz.ee\/fi\/?s={search_term_string}"},"query-input":{"@type":"PropertyValueSpecification","valueRequired":true,"valueName":"search_term_string"}}],"inLanguage":"fi"},{"@type":"Organization","@id":"https:\/\/vitraaz.ee\/fi\/#organization","name":"KLAASINTERJ\u00d6\u00d6R O\u00dc","url":"https:\/\/vitraaz.ee\/fi\/","logo":{"@type":"ImageObject","inLanguage":"fi","@id":"https:\/\/vitraaz.ee\/fi\/#\/schema\/logo\/image\/","url":"https:\/\/vitraaz.ee\/wp-content\/uploads\/2022\/09\/logoKI.png","contentUrl":"https:\/\/vitraaz.ee\/wp-content\/uploads\/2022\/09\/logoKI.png","width":1159,"height":458,"caption":"KLAASINTERJ\u00d6\u00d6R O\u00dc"},"image":{"@id":"https:\/\/vitraaz.ee\/fi\/#\/schema\/logo\/image\/"},"sameAs":["https:\/\/www.facebook.com\/Klaasinterjoor"]}]}},"_links":{"self":[{"href":"https:\/\/vitraaz.ee\/fi\/wp-json\/wp\/v2\/product\/3070","targetHints":{"allow":["GET"]}}],"collection":[{"href":"https:\/\/vitraaz.ee\/fi\/wp-json\/wp\/v2\/product"}],"about":[{"href":"https:\/\/vitraaz.ee\/fi\/wp-json\/wp\/v2\/types\/product"}],"version-history":[{"count":0,"href":"https:\/\/vitraaz.ee\/fi\/wp-json\/wp\/v2\/product\/3070\/revisions"}],"wp:featuredmedia":[{"embeddable":true,"href":"https:\/\/vitraaz.ee\/fi\/wp-json\/wp\/v2\/media\/3312"}],"wp:attachment":[{"href":"https:\/\/vitraaz.ee\/fi\/wp-json\/wp\/v2\/media?parent=3070"}],"wp:term":[{"taxonomy":"product_brand","embeddable":true,"href":"https:\/\/vitraaz.ee\/fi\/wp-json\/wp\/v2\/product_brand?post=3070"},{"taxonomy":"product_cat","embeddable":true,"href":"https:\/\/vitraaz.ee\/fi\/wp-json\/wp\/v2\/product_cat?post=3070"},{"taxonomy":"product_tag","embeddable":true,"href":"https:\/\/vitraaz.ee\/fi\/wp-json\/wp\/v2\/product_tag?post=3070"}],"curies":[{"name":"wp","href":"https:\/\/api.w.org\/{rel}","templated":true}]}}