{"id":3069,"date":"2022-10-05T23:55:56","date_gmt":"2022-10-05T23:55:56","guid":{"rendered":"https:\/\/vitraaz.ee\/?post_type=product&#038;p=3069"},"modified":"2024-07-17T08:29:09","modified_gmt":"2024-07-17T08:29:09","slug":"vitraaz-sina-minu-sudames","status":"publish","type":"product","link":"https:\/\/vitraaz.ee\/fi\/toode\/vitraaz-sina-minu-sudames\/","title":{"rendered":"Vitraa\u017e Sina minu s\u00fcdames"},"content":{"rendered":"<p>S\u00fcdame motiiviga vitraa\u017e Sina minu s\u00fcdames sobib h\u00e4sti s\u00f5brap\u00e4eva kingituseks v\u00f5i pulma-aastap\u00e4evaks. Punane klaas on silmatorkavaks kontrastiks heledate roosade ja l\u00e4bipaistvate vahel. Vitraa\u017eis p\u00fc\u00fcavad pilku kaks tahulist kristalli. Klaasvitraa\u017ei m\u00f5\u00f5dud: 24,5&#215;15,5 cm. Kui soovid vitraa\u017ei riputada, pakume selleks aknaraami peale l\u00fckatavaid riputuskonkse. Konksud ei riku raami. <a href=\"https:\/\/vitraaz.ee\/toode\/vitraazi-riputuskonksud-aknale\/\">Toote v\u00f5id leida siit.<\/a><\/p>\n<p>Tooted m\u00e4rkusega &#8221;j\u00e4reltellimisel&#8221; tuleks arvestada tellimuse t\u00e4itmiseks v\u00e4hemalt 7 p\u00e4eva. Teiega v\u00f5etakse \u00fchendust kui tellimus on valmis.<\/p>\n","protected":false},"excerpt":{"rendered":"<p>S\u00fcdame motiiviga vitraa\u017e Sina minu s\u00fcdames sobib h\u00e4sti s\u00f5brap\u00e4eva kingituseks v\u00f5i pulma-aastap\u00e4evaks. Punane klaas on silmatorkavaks kontrastiks heledate roosade ja l\u00e4bipaistvate vahel. Vitraa\u017eis p\u00fc\u00fcavad pilku kaks tahulist kristalli. Klaasvitraa\u017ei m\u00f5\u00f5dud: 24,5&#215;15,5 cm. Kui soovid vitraa\u017ei riputada, pakume selleks aknaraami peale l\u00fckatavaid riputuskonkse. Konksud ei riku raami. Toote v\u00f5id leida siit. Tooted m\u00e4rkusega &#8221;j\u00e4reltellimisel&#8221; tuleks arvestada [&hellip;]<\/p>\n","protected":false},"featured_media":3303,"template":"","meta":{"_acf_changed":false},"product_brand":[],"product_cat":[47],"product_tag":[65],"class_list":{"0":"post-3069","1":"product","2":"type-product","3":"status-publish","4":"has-post-thumbnail","6":"product_cat-vitraazid","7":"product_tag-vitraaz","9":"first","10":"onbackorder","11":"taxable","12":"shipping-taxable","13":"purchasable","14":"product-type-simple"},"acf":[],"yoast_head":"<!-- This site is optimized with the Yoast SEO plugin v27.3 - https:\/\/yoast.com\/product\/yoast-seo-wordpress\/ -->\n<title>Vitraa\u017e Sina minu s\u00fcdames - Vitraaz.ee<\/title>\n<meta name=\"description\" content=\"S\u00fcdame motiiviga vitraa\u017e Sina minu s\u00fcdames sobib h\u00e4sti s\u00f5brap\u00e4eva kingituseks v\u00f5i pulma-aastap\u00e4evaks. Vitraa\u017eis p\u00fc\u00fcavad pilku kaks tahulist kristalli.\" \/>\n<meta name=\"robots\" content=\"index, follow, max-snippet:-1, max-image-preview:large, max-video-preview:-1\" \/>\n<link rel=\"canonical\" href=\"https:\/\/vitraaz.ee\/fi\/toode\/vitraaz-sina-minu-sudames\/\" \/>\n<meta property=\"og:locale\" content=\"fi_FI\" \/>\n<meta property=\"og:type\" content=\"article\" \/>\n<meta property=\"og:title\" content=\"Vitraa\u017e Sina minu s\u00fcdames - Vitraaz.ee\" \/>\n<meta property=\"og:description\" content=\"S\u00fcdame motiiviga vitraa\u017e Sina minu s\u00fcdames sobib h\u00e4sti s\u00f5brap\u00e4eva kingituseks v\u00f5i pulma-aastap\u00e4evaks. Vitraa\u017eis p\u00fc\u00fcavad pilku kaks tahulist kristalli.\" \/>\n<meta property=\"og:url\" content=\"https:\/\/vitraaz.ee\/fi\/toode\/vitraaz-sina-minu-sudames\/\" \/>\n<meta property=\"og:site_name\" content=\"Vitraaz.ee\" \/>\n<meta property=\"article:publisher\" content=\"https:\/\/www.facebook.com\/Klaasinterjoor\" \/>\n<meta property=\"article:modified_time\" content=\"2024-07-17T08:29:09+00:00\" \/>\n<meta property=\"og:image\" content=\"https:\/\/vitraaz.ee\/wp-content\/uploads\/2022\/10\/suda1.jpg\" \/>\n\t<meta property=\"og:image:width\" content=\"1200\" \/>\n\t<meta property=\"og:image:height\" content=\"798\" \/>\n\t<meta property=\"og:image:type\" content=\"image\/jpeg\" \/>\n<meta name=\"twitter:card\" content=\"summary_large_image\" \/>\n<meta name=\"twitter:label1\" content=\"Arvioitu lukuaika\" \/>\n\t<meta name=\"twitter:data1\" content=\"1 minuutti\" \/>\n<script type=\"application\/ld+json\" class=\"yoast-schema-graph\">{\"@context\":\"https:\\\/\\\/schema.org\",\"@graph\":[{\"@type\":\"WebPage\",\"@id\":\"https:\\\/\\\/vitraaz.ee\\\/fi\\\/toode\\\/vitraaz-sina-minu-sudames\\\/\",\"url\":\"https:\\\/\\\/vitraaz.ee\\\/fi\\\/toode\\\/vitraaz-sina-minu-sudames\\\/\",\"name\":\"Vitraa\u017e Sina minu s\u00fcdames - Vitraaz.ee\",\"isPartOf\":{\"@id\":\"https:\\\/\\\/vitraaz.ee\\\/fi\\\/#website\"},\"primaryImageOfPage\":{\"@id\":\"https:\\\/\\\/vitraaz.ee\\\/fi\\\/toode\\\/vitraaz-sina-minu-sudames\\\/#primaryimage\"},\"image\":{\"@id\":\"https:\\\/\\\/vitraaz.ee\\\/fi\\\/toode\\\/vitraaz-sina-minu-sudames\\\/#primaryimage\"},\"thumbnailUrl\":\"https:\\\/\\\/vitraaz.ee\\\/wp-content\\\/uploads\\\/2022\\\/10\\\/suda1.jpg\",\"datePublished\":\"2022-10-05T23:55:56+00:00\",\"dateModified\":\"2024-07-17T08:29:09+00:00\",\"description\":\"S\u00fcdame motiiviga vitraa\u017e Sina minu s\u00fcdames sobib h\u00e4sti s\u00f5brap\u00e4eva kingituseks v\u00f5i pulma-aastap\u00e4evaks. Vitraa\u017eis p\u00fc\u00fcavad pilku kaks tahulist kristalli.\",\"breadcrumb\":{\"@id\":\"https:\\\/\\\/vitraaz.ee\\\/fi\\\/toode\\\/vitraaz-sina-minu-sudames\\\/#breadcrumb\"},\"inLanguage\":\"fi\",\"potentialAction\":[{\"@type\":\"ReadAction\",\"target\":[\"https:\\\/\\\/vitraaz.ee\\\/fi\\\/toode\\\/vitraaz-sina-minu-sudames\\\/\"]}]},{\"@type\":\"ImageObject\",\"inLanguage\":\"fi\",\"@id\":\"https:\\\/\\\/vitraaz.ee\\\/fi\\\/toode\\\/vitraaz-sina-minu-sudames\\\/#primaryimage\",\"url\":\"https:\\\/\\\/vitraaz.ee\\\/wp-content\\\/uploads\\\/2022\\\/10\\\/suda1.jpg\",\"contentUrl\":\"https:\\\/\\\/vitraaz.ee\\\/wp-content\\\/uploads\\\/2022\\\/10\\\/suda1.jpg\",\"width\":1200,\"height\":798},{\"@type\":\"BreadcrumbList\",\"@id\":\"https:\\\/\\\/vitraaz.ee\\\/fi\\\/toode\\\/vitraaz-sina-minu-sudames\\\/#breadcrumb\",\"itemListElement\":[{\"@type\":\"ListItem\",\"position\":1,\"name\":\"Home\",\"item\":\"https:\\\/\\\/vitraaz.ee\\\/fi\\\/\"},{\"@type\":\"ListItem\",\"position\":2,\"name\":\"Pood\",\"item\":\"https:\\\/\\\/vitraaz.ee\\\/pood\\\/\"},{\"@type\":\"ListItem\",\"position\":3,\"name\":\"Vitraa\u017e Sina minu s\u00fcdames\"}]},{\"@type\":\"WebSite\",\"@id\":\"https:\\\/\\\/vitraaz.ee\\\/fi\\\/#website\",\"url\":\"https:\\\/\\\/vitraaz.ee\\\/fi\\\/\",\"name\":\"Vitraaz.ee\",\"description\":\"Klaasinterj&ouml;&ouml;r\",\"publisher\":{\"@id\":\"https:\\\/\\\/vitraaz.ee\\\/fi\\\/#organization\"},\"potentialAction\":[{\"@type\":\"SearchAction\",\"target\":{\"@type\":\"EntryPoint\",\"urlTemplate\":\"https:\\\/\\\/vitraaz.ee\\\/fi\\\/?s={search_term_string}\"},\"query-input\":{\"@type\":\"PropertyValueSpecification\",\"valueRequired\":true,\"valueName\":\"search_term_string\"}}],\"inLanguage\":\"fi\"},{\"@type\":\"Organization\",\"@id\":\"https:\\\/\\\/vitraaz.ee\\\/fi\\\/#organization\",\"name\":\"KLAASINTERJ\u00d6\u00d6R O\u00dc\",\"url\":\"https:\\\/\\\/vitraaz.ee\\\/fi\\\/\",\"logo\":{\"@type\":\"ImageObject\",\"inLanguage\":\"fi\",\"@id\":\"https:\\\/\\\/vitraaz.ee\\\/fi\\\/#\\\/schema\\\/logo\\\/image\\\/\",\"url\":\"https:\\\/\\\/vitraaz.ee\\\/wp-content\\\/uploads\\\/2022\\\/09\\\/logoKI.png\",\"contentUrl\":\"https:\\\/\\\/vitraaz.ee\\\/wp-content\\\/uploads\\\/2022\\\/09\\\/logoKI.png\",\"width\":1159,\"height\":458,\"caption\":\"KLAASINTERJ\u00d6\u00d6R O\u00dc\"},\"image\":{\"@id\":\"https:\\\/\\\/vitraaz.ee\\\/fi\\\/#\\\/schema\\\/logo\\\/image\\\/\"},\"sameAs\":[\"https:\\\/\\\/www.facebook.com\\\/Klaasinterjoor\"]}]}<\/script>\n<!-- \/ Yoast SEO plugin. -->","yoast_head_json":{"title":"Vitraa\u017e Sina minu s\u00fcdames - Vitraaz.ee","description":"S\u00fcdame motiiviga vitraa\u017e Sina minu s\u00fcdames sobib h\u00e4sti s\u00f5brap\u00e4eva kingituseks v\u00f5i pulma-aastap\u00e4evaks. Vitraa\u017eis p\u00fc\u00fcavad pilku kaks tahulist kristalli.","robots":{"index":"index","follow":"follow","max-snippet":"max-snippet:-1","max-image-preview":"max-image-preview:large","max-video-preview":"max-video-preview:-1"},"canonical":"https:\/\/vitraaz.ee\/fi\/toode\/vitraaz-sina-minu-sudames\/","og_locale":"fi_FI","og_type":"article","og_title":"Vitraa\u017e Sina minu s\u00fcdames - Vitraaz.ee","og_description":"S\u00fcdame motiiviga vitraa\u017e Sina minu s\u00fcdames sobib h\u00e4sti s\u00f5brap\u00e4eva kingituseks v\u00f5i pulma-aastap\u00e4evaks. Vitraa\u017eis p\u00fc\u00fcavad pilku kaks tahulist kristalli.","og_url":"https:\/\/vitraaz.ee\/fi\/toode\/vitraaz-sina-minu-sudames\/","og_site_name":"Vitraaz.ee","article_publisher":"https:\/\/www.facebook.com\/Klaasinterjoor","article_modified_time":"2024-07-17T08:29:09+00:00","og_image":[{"width":1200,"height":798,"url":"https:\/\/vitraaz.ee\/wp-content\/uploads\/2022\/10\/suda1.jpg","type":"image\/jpeg"}],"twitter_card":"summary_large_image","twitter_misc":{"Arvioitu lukuaika":"1 minuutti"},"schema":{"@context":"https:\/\/schema.org","@graph":[{"@type":"WebPage","@id":"https:\/\/vitraaz.ee\/fi\/toode\/vitraaz-sina-minu-sudames\/","url":"https:\/\/vitraaz.ee\/fi\/toode\/vitraaz-sina-minu-sudames\/","name":"Vitraa\u017e Sina minu s\u00fcdames - Vitraaz.ee","isPartOf":{"@id":"https:\/\/vitraaz.ee\/fi\/#website"},"primaryImageOfPage":{"@id":"https:\/\/vitraaz.ee\/fi\/toode\/vitraaz-sina-minu-sudames\/#primaryimage"},"image":{"@id":"https:\/\/vitraaz.ee\/fi\/toode\/vitraaz-sina-minu-sudames\/#primaryimage"},"thumbnailUrl":"https:\/\/vitraaz.ee\/wp-content\/uploads\/2022\/10\/suda1.jpg","datePublished":"2022-10-05T23:55:56+00:00","dateModified":"2024-07-17T08:29:09+00:00","description":"S\u00fcdame motiiviga vitraa\u017e Sina minu s\u00fcdames sobib h\u00e4sti s\u00f5brap\u00e4eva kingituseks v\u00f5i pulma-aastap\u00e4evaks. Vitraa\u017eis p\u00fc\u00fcavad pilku kaks tahulist kristalli.","breadcrumb":{"@id":"https:\/\/vitraaz.ee\/fi\/toode\/vitraaz-sina-minu-sudames\/#breadcrumb"},"inLanguage":"fi","potentialAction":[{"@type":"ReadAction","target":["https:\/\/vitraaz.ee\/fi\/toode\/vitraaz-sina-minu-sudames\/"]}]},{"@type":"ImageObject","inLanguage":"fi","@id":"https:\/\/vitraaz.ee\/fi\/toode\/vitraaz-sina-minu-sudames\/#primaryimage","url":"https:\/\/vitraaz.ee\/wp-content\/uploads\/2022\/10\/suda1.jpg","contentUrl":"https:\/\/vitraaz.ee\/wp-content\/uploads\/2022\/10\/suda1.jpg","width":1200,"height":798},{"@type":"BreadcrumbList","@id":"https:\/\/vitraaz.ee\/fi\/toode\/vitraaz-sina-minu-sudames\/#breadcrumb","itemListElement":[{"@type":"ListItem","position":1,"name":"Home","item":"https:\/\/vitraaz.ee\/fi\/"},{"@type":"ListItem","position":2,"name":"Pood","item":"https:\/\/vitraaz.ee\/pood\/"},{"@type":"ListItem","position":3,"name":"Vitraa\u017e Sina minu s\u00fcdames"}]},{"@type":"WebSite","@id":"https:\/\/vitraaz.ee\/fi\/#website","url":"https:\/\/vitraaz.ee\/fi\/","name":"Vitraaz.ee","description":"Klaasinterj&ouml;&ouml;r","publisher":{"@id":"https:\/\/vitraaz.ee\/fi\/#organization"},"potentialAction":[{"@type":"SearchAction","target":{"@type":"EntryPoint","urlTemplate":"https:\/\/vitraaz.ee\/fi\/?s={search_term_string}"},"query-input":{"@type":"PropertyValueSpecification","valueRequired":true,"valueName":"search_term_string"}}],"inLanguage":"fi"},{"@type":"Organization","@id":"https:\/\/vitraaz.ee\/fi\/#organization","name":"KLAASINTERJ\u00d6\u00d6R O\u00dc","url":"https:\/\/vitraaz.ee\/fi\/","logo":{"@type":"ImageObject","inLanguage":"fi","@id":"https:\/\/vitraaz.ee\/fi\/#\/schema\/logo\/image\/","url":"https:\/\/vitraaz.ee\/wp-content\/uploads\/2022\/09\/logoKI.png","contentUrl":"https:\/\/vitraaz.ee\/wp-content\/uploads\/2022\/09\/logoKI.png","width":1159,"height":458,"caption":"KLAASINTERJ\u00d6\u00d6R O\u00dc"},"image":{"@id":"https:\/\/vitraaz.ee\/fi\/#\/schema\/logo\/image\/"},"sameAs":["https:\/\/www.facebook.com\/Klaasinterjoor"]}]}},"_links":{"self":[{"href":"https:\/\/vitraaz.ee\/fi\/wp-json\/wp\/v2\/product\/3069","targetHints":{"allow":["GET"]}}],"collection":[{"href":"https:\/\/vitraaz.ee\/fi\/wp-json\/wp\/v2\/product"}],"about":[{"href":"https:\/\/vitraaz.ee\/fi\/wp-json\/wp\/v2\/types\/product"}],"version-history":[{"count":0,"href":"https:\/\/vitraaz.ee\/fi\/wp-json\/wp\/v2\/product\/3069\/revisions"}],"wp:featuredmedia":[{"embeddable":true,"href":"https:\/\/vitraaz.ee\/fi\/wp-json\/wp\/v2\/media\/3303"}],"wp:attachment":[{"href":"https:\/\/vitraaz.ee\/fi\/wp-json\/wp\/v2\/media?parent=3069"}],"wp:term":[{"taxonomy":"product_brand","embeddable":true,"href":"https:\/\/vitraaz.ee\/fi\/wp-json\/wp\/v2\/product_brand?post=3069"},{"taxonomy":"product_cat","embeddable":true,"href":"https:\/\/vitraaz.ee\/fi\/wp-json\/wp\/v2\/product_cat?post=3069"},{"taxonomy":"product_tag","embeddable":true,"href":"https:\/\/vitraaz.ee\/fi\/wp-json\/wp\/v2\/product_tag?post=3069"}],"curies":[{"name":"wp","href":"https:\/\/api.w.org\/{rel}","templated":true}]}}