{"id":2949,"date":"2022-10-05T23:55:33","date_gmt":"2022-10-05T23:55:33","guid":{"rendered":"https:\/\/vitraaz.ee\/?post_type=product&#038;p=2949"},"modified":"2024-07-17T07:54:33","modified_gmt":"2024-07-17T07:54:33","slug":"valgusti-mikker-lilla","status":"publish","type":"product","link":"https:\/\/vitraaz.ee\/fi\/toode\/valgusti-mikker-lilla\/","title":{"rendered":"Valgusti &#8221;Mikker&#8221; lilla"},"content":{"rendered":"<p>Valgusti &#8221;Mikker&#8221; lilla on p\u00f5randa -ja lauavalgustite sarjast, milles on \u00fchendatud naturaalne tammepuit ja sulatatud klaas. Lilla tooniga lauavalgusti jala tooni saab valida ostu sooritamisel rippmen\u00fc\u00fcst. Valikus on naturaalne ja tume peitsitud tamm. Valgusti loob ruumi \u00f5dusa meeleolu. Lambi valgusvihku saab suunata ette ja taha. Lauavalgustil on must l\u00fclitiga juhe. Valgusallikaks on LED riba. Valgusti m\u00f5\u00f5tmed on: 28x10x32 cm.<\/p>\n","protected":false},"excerpt":{"rendered":"<p>Valgusti &#8221;Mikker&#8221; lilla on p\u00f5randa -ja lauavalgustite sarjast, milles on \u00fchendatud naturaalne tammepuit ja sulatatud klaas. Lilla tooniga lauavalgusti jala tooni saab valida ostu sooritamisel rippmen\u00fc\u00fcst. Valikus on naturaalne ja tume peitsitud tamm. Valgusti loob ruumi \u00f5dusa meeleolu. Lambi valgusvihku saab suunata ette ja taha. Lauavalgustil on must l\u00fclitiga juhe. Valgusallikaks on LED riba. Valgusti [&hellip;]<\/p>\n","protected":false},"featured_media":3117,"template":"","meta":{"_acf_changed":false},"product_brand":[],"product_cat":[48],"product_tag":[72],"class_list":{"0":"post-2949","1":"product","2":"type-product","3":"status-publish","4":"has-post-thumbnail","6":"product_cat-valgustid","7":"product_tag-valgusti","9":"first","10":"instock","11":"taxable","12":"shipping-taxable","13":"purchasable","14":"product-type-variable"},"acf":[],"yoast_head":"<!-- This site is optimized with the Yoast SEO plugin v27.3 - https:\/\/yoast.com\/product\/yoast-seo-wordpress\/ -->\n<title>Valgusti &#039;&#039;Mikker&#039;&#039; lilla - Vitraaz.ee<\/title>\n<meta name=\"description\" content=\"Valgusti &#039;&#039;Mikker&#039;&#039; lilla on p\u00f5randa -ja lauavalgustite sari, milles on \u00fchendatud naturaalne tammepuit ja sulatatud klaas. Valgusti m\u00f5\u00f5tmed on: 28x10x32 cm.\" \/>\n<meta name=\"robots\" content=\"index, follow, max-snippet:-1, max-image-preview:large, max-video-preview:-1\" \/>\n<link rel=\"canonical\" href=\"https:\/\/vitraaz.ee\/fi\/toode\/valgusti-mikker-lilla\/\" \/>\n<meta property=\"og:locale\" content=\"fi_FI\" \/>\n<meta property=\"og:type\" content=\"article\" \/>\n<meta property=\"og:title\" content=\"Valgusti &#039;&#039;Mikker&#039;&#039; lilla - Vitraaz.ee\" \/>\n<meta property=\"og:description\" content=\"Valgusti &#039;&#039;Mikker&#039;&#039; lilla on p\u00f5randa -ja lauavalgustite sari, milles on \u00fchendatud naturaalne tammepuit ja sulatatud klaas. Valgusti m\u00f5\u00f5tmed on: 28x10x32 cm.\" \/>\n<meta property=\"og:url\" content=\"https:\/\/vitraaz.ee\/fi\/toode\/valgusti-mikker-lilla\/\" \/>\n<meta property=\"og:site_name\" content=\"Vitraaz.ee\" \/>\n<meta property=\"article:publisher\" content=\"https:\/\/www.facebook.com\/Klaasinterjoor\" \/>\n<meta property=\"article:modified_time\" content=\"2024-07-17T07:54:33+00:00\" \/>\n<meta property=\"og:image\" content=\"https:\/\/vitraaz.ee\/wp-content\/uploads\/2022\/10\/5.jpg\" \/>\n\t<meta property=\"og:image:width\" content=\"798\" \/>\n\t<meta property=\"og:image:height\" content=\"1200\" \/>\n\t<meta property=\"og:image:type\" content=\"image\/jpeg\" \/>\n<meta name=\"twitter:card\" content=\"summary_large_image\" \/>\n<meta name=\"twitter:label1\" content=\"Arvioitu lukuaika\" \/>\n\t<meta name=\"twitter:data1\" content=\"1 minuutti\" \/>\n<script type=\"application\/ld+json\" class=\"yoast-schema-graph\">{\"@context\":\"https:\\\/\\\/schema.org\",\"@graph\":[{\"@type\":\"WebPage\",\"@id\":\"https:\\\/\\\/vitraaz.ee\\\/fi\\\/toode\\\/valgusti-mikker-lilla\\\/\",\"url\":\"https:\\\/\\\/vitraaz.ee\\\/fi\\\/toode\\\/valgusti-mikker-lilla\\\/\",\"name\":\"Valgusti ''Mikker'' lilla - Vitraaz.ee\",\"isPartOf\":{\"@id\":\"https:\\\/\\\/vitraaz.ee\\\/fi\\\/#website\"},\"primaryImageOfPage\":{\"@id\":\"https:\\\/\\\/vitraaz.ee\\\/fi\\\/toode\\\/valgusti-mikker-lilla\\\/#primaryimage\"},\"image\":{\"@id\":\"https:\\\/\\\/vitraaz.ee\\\/fi\\\/toode\\\/valgusti-mikker-lilla\\\/#primaryimage\"},\"thumbnailUrl\":\"https:\\\/\\\/vitraaz.ee\\\/wp-content\\\/uploads\\\/2022\\\/10\\\/5.jpg\",\"datePublished\":\"2022-10-05T23:55:33+00:00\",\"dateModified\":\"2024-07-17T07:54:33+00:00\",\"description\":\"Valgusti ''Mikker'' lilla on p\u00f5randa -ja lauavalgustite sari, milles on \u00fchendatud naturaalne tammepuit ja sulatatud klaas. Valgusti m\u00f5\u00f5tmed on: 28x10x32 cm.\",\"breadcrumb\":{\"@id\":\"https:\\\/\\\/vitraaz.ee\\\/fi\\\/toode\\\/valgusti-mikker-lilla\\\/#breadcrumb\"},\"inLanguage\":\"fi\",\"potentialAction\":[{\"@type\":\"ReadAction\",\"target\":[\"https:\\\/\\\/vitraaz.ee\\\/fi\\\/toode\\\/valgusti-mikker-lilla\\\/\"]}]},{\"@type\":\"ImageObject\",\"inLanguage\":\"fi\",\"@id\":\"https:\\\/\\\/vitraaz.ee\\\/fi\\\/toode\\\/valgusti-mikker-lilla\\\/#primaryimage\",\"url\":\"https:\\\/\\\/vitraaz.ee\\\/wp-content\\\/uploads\\\/2022\\\/10\\\/5.jpg\",\"contentUrl\":\"https:\\\/\\\/vitraaz.ee\\\/wp-content\\\/uploads\\\/2022\\\/10\\\/5.jpg\",\"width\":798,\"height\":1200,\"caption\":\"Klaasist valgustid\"},{\"@type\":\"BreadcrumbList\",\"@id\":\"https:\\\/\\\/vitraaz.ee\\\/fi\\\/toode\\\/valgusti-mikker-lilla\\\/#breadcrumb\",\"itemListElement\":[{\"@type\":\"ListItem\",\"position\":1,\"name\":\"Home\",\"item\":\"https:\\\/\\\/vitraaz.ee\\\/fi\\\/\"},{\"@type\":\"ListItem\",\"position\":2,\"name\":\"Pood\",\"item\":\"https:\\\/\\\/vitraaz.ee\\\/pood\\\/\"},{\"@type\":\"ListItem\",\"position\":3,\"name\":\"Valgusti &#8221;Mikker&#8221; lilla\"}]},{\"@type\":\"WebSite\",\"@id\":\"https:\\\/\\\/vitraaz.ee\\\/fi\\\/#website\",\"url\":\"https:\\\/\\\/vitraaz.ee\\\/fi\\\/\",\"name\":\"Vitraaz.ee\",\"description\":\"Klaasinterj&ouml;&ouml;r\",\"publisher\":{\"@id\":\"https:\\\/\\\/vitraaz.ee\\\/fi\\\/#organization\"},\"potentialAction\":[{\"@type\":\"SearchAction\",\"target\":{\"@type\":\"EntryPoint\",\"urlTemplate\":\"https:\\\/\\\/vitraaz.ee\\\/fi\\\/?s={search_term_string}\"},\"query-input\":{\"@type\":\"PropertyValueSpecification\",\"valueRequired\":true,\"valueName\":\"search_term_string\"}}],\"inLanguage\":\"fi\"},{\"@type\":\"Organization\",\"@id\":\"https:\\\/\\\/vitraaz.ee\\\/fi\\\/#organization\",\"name\":\"KLAASINTERJ\u00d6\u00d6R O\u00dc\",\"url\":\"https:\\\/\\\/vitraaz.ee\\\/fi\\\/\",\"logo\":{\"@type\":\"ImageObject\",\"inLanguage\":\"fi\",\"@id\":\"https:\\\/\\\/vitraaz.ee\\\/fi\\\/#\\\/schema\\\/logo\\\/image\\\/\",\"url\":\"https:\\\/\\\/vitraaz.ee\\\/wp-content\\\/uploads\\\/2022\\\/09\\\/logoKI.png\",\"contentUrl\":\"https:\\\/\\\/vitraaz.ee\\\/wp-content\\\/uploads\\\/2022\\\/09\\\/logoKI.png\",\"width\":1159,\"height\":458,\"caption\":\"KLAASINTERJ\u00d6\u00d6R O\u00dc\"},\"image\":{\"@id\":\"https:\\\/\\\/vitraaz.ee\\\/fi\\\/#\\\/schema\\\/logo\\\/image\\\/\"},\"sameAs\":[\"https:\\\/\\\/www.facebook.com\\\/Klaasinterjoor\"]}]}<\/script>\n<!-- \/ Yoast SEO plugin. -->","yoast_head_json":{"title":"Valgusti ''Mikker'' lilla - Vitraaz.ee","description":"Valgusti ''Mikker'' lilla on p\u00f5randa -ja lauavalgustite sari, milles on \u00fchendatud naturaalne tammepuit ja sulatatud klaas. Valgusti m\u00f5\u00f5tmed on: 28x10x32 cm.","robots":{"index":"index","follow":"follow","max-snippet":"max-snippet:-1","max-image-preview":"max-image-preview:large","max-video-preview":"max-video-preview:-1"},"canonical":"https:\/\/vitraaz.ee\/fi\/toode\/valgusti-mikker-lilla\/","og_locale":"fi_FI","og_type":"article","og_title":"Valgusti ''Mikker'' lilla - Vitraaz.ee","og_description":"Valgusti ''Mikker'' lilla on p\u00f5randa -ja lauavalgustite sari, milles on \u00fchendatud naturaalne tammepuit ja sulatatud klaas. Valgusti m\u00f5\u00f5tmed on: 28x10x32 cm.","og_url":"https:\/\/vitraaz.ee\/fi\/toode\/valgusti-mikker-lilla\/","og_site_name":"Vitraaz.ee","article_publisher":"https:\/\/www.facebook.com\/Klaasinterjoor","article_modified_time":"2024-07-17T07:54:33+00:00","og_image":[{"width":798,"height":1200,"url":"https:\/\/vitraaz.ee\/wp-content\/uploads\/2022\/10\/5.jpg","type":"image\/jpeg"}],"twitter_card":"summary_large_image","twitter_misc":{"Arvioitu lukuaika":"1 minuutti"},"schema":{"@context":"https:\/\/schema.org","@graph":[{"@type":"WebPage","@id":"https:\/\/vitraaz.ee\/fi\/toode\/valgusti-mikker-lilla\/","url":"https:\/\/vitraaz.ee\/fi\/toode\/valgusti-mikker-lilla\/","name":"Valgusti ''Mikker'' lilla - Vitraaz.ee","isPartOf":{"@id":"https:\/\/vitraaz.ee\/fi\/#website"},"primaryImageOfPage":{"@id":"https:\/\/vitraaz.ee\/fi\/toode\/valgusti-mikker-lilla\/#primaryimage"},"image":{"@id":"https:\/\/vitraaz.ee\/fi\/toode\/valgusti-mikker-lilla\/#primaryimage"},"thumbnailUrl":"https:\/\/vitraaz.ee\/wp-content\/uploads\/2022\/10\/5.jpg","datePublished":"2022-10-05T23:55:33+00:00","dateModified":"2024-07-17T07:54:33+00:00","description":"Valgusti ''Mikker'' lilla on p\u00f5randa -ja lauavalgustite sari, milles on \u00fchendatud naturaalne tammepuit ja sulatatud klaas. Valgusti m\u00f5\u00f5tmed on: 28x10x32 cm.","breadcrumb":{"@id":"https:\/\/vitraaz.ee\/fi\/toode\/valgusti-mikker-lilla\/#breadcrumb"},"inLanguage":"fi","potentialAction":[{"@type":"ReadAction","target":["https:\/\/vitraaz.ee\/fi\/toode\/valgusti-mikker-lilla\/"]}]},{"@type":"ImageObject","inLanguage":"fi","@id":"https:\/\/vitraaz.ee\/fi\/toode\/valgusti-mikker-lilla\/#primaryimage","url":"https:\/\/vitraaz.ee\/wp-content\/uploads\/2022\/10\/5.jpg","contentUrl":"https:\/\/vitraaz.ee\/wp-content\/uploads\/2022\/10\/5.jpg","width":798,"height":1200,"caption":"Klaasist valgustid"},{"@type":"BreadcrumbList","@id":"https:\/\/vitraaz.ee\/fi\/toode\/valgusti-mikker-lilla\/#breadcrumb","itemListElement":[{"@type":"ListItem","position":1,"name":"Home","item":"https:\/\/vitraaz.ee\/fi\/"},{"@type":"ListItem","position":2,"name":"Pood","item":"https:\/\/vitraaz.ee\/pood\/"},{"@type":"ListItem","position":3,"name":"Valgusti &#8221;Mikker&#8221; lilla"}]},{"@type":"WebSite","@id":"https:\/\/vitraaz.ee\/fi\/#website","url":"https:\/\/vitraaz.ee\/fi\/","name":"Vitraaz.ee","description":"Klaasinterj&ouml;&ouml;r","publisher":{"@id":"https:\/\/vitraaz.ee\/fi\/#organization"},"potentialAction":[{"@type":"SearchAction","target":{"@type":"EntryPoint","urlTemplate":"https:\/\/vitraaz.ee\/fi\/?s={search_term_string}"},"query-input":{"@type":"PropertyValueSpecification","valueRequired":true,"valueName":"search_term_string"}}],"inLanguage":"fi"},{"@type":"Organization","@id":"https:\/\/vitraaz.ee\/fi\/#organization","name":"KLAASINTERJ\u00d6\u00d6R O\u00dc","url":"https:\/\/vitraaz.ee\/fi\/","logo":{"@type":"ImageObject","inLanguage":"fi","@id":"https:\/\/vitraaz.ee\/fi\/#\/schema\/logo\/image\/","url":"https:\/\/vitraaz.ee\/wp-content\/uploads\/2022\/09\/logoKI.png","contentUrl":"https:\/\/vitraaz.ee\/wp-content\/uploads\/2022\/09\/logoKI.png","width":1159,"height":458,"caption":"KLAASINTERJ\u00d6\u00d6R O\u00dc"},"image":{"@id":"https:\/\/vitraaz.ee\/fi\/#\/schema\/logo\/image\/"},"sameAs":["https:\/\/www.facebook.com\/Klaasinterjoor"]}]}},"_links":{"self":[{"href":"https:\/\/vitraaz.ee\/fi\/wp-json\/wp\/v2\/product\/2949","targetHints":{"allow":["GET"]}}],"collection":[{"href":"https:\/\/vitraaz.ee\/fi\/wp-json\/wp\/v2\/product"}],"about":[{"href":"https:\/\/vitraaz.ee\/fi\/wp-json\/wp\/v2\/types\/product"}],"version-history":[{"count":0,"href":"https:\/\/vitraaz.ee\/fi\/wp-json\/wp\/v2\/product\/2949\/revisions"}],"wp:featuredmedia":[{"embeddable":true,"href":"https:\/\/vitraaz.ee\/fi\/wp-json\/wp\/v2\/media\/3117"}],"wp:attachment":[{"href":"https:\/\/vitraaz.ee\/fi\/wp-json\/wp\/v2\/media?parent=2949"}],"wp:term":[{"taxonomy":"product_brand","embeddable":true,"href":"https:\/\/vitraaz.ee\/fi\/wp-json\/wp\/v2\/product_brand?post=2949"},{"taxonomy":"product_cat","embeddable":true,"href":"https:\/\/vitraaz.ee\/fi\/wp-json\/wp\/v2\/product_cat?post=2949"},{"taxonomy":"product_tag","embeddable":true,"href":"https:\/\/vitraaz.ee\/fi\/wp-json\/wp\/v2\/product_tag?post=2949"}],"curies":[{"name":"wp","href":"https:\/\/api.w.org\/{rel}","templated":true}]}}