{"id":2948,"date":"2022-10-05T23:55:33","date_gmt":"2022-10-05T23:55:33","guid":{"rendered":"https:\/\/vitraaz.ee\/?post_type=product&#038;p=2948"},"modified":"2024-07-17T07:45:22","modified_gmt":"2024-07-17T07:45:22","slug":"lauavalgusti-mikker-valge","status":"publish","type":"product","link":"https:\/\/vitraaz.ee\/fi\/toode\/lauavalgusti-mikker-valge\/","title":{"rendered":"Lauavalgusti &#8221;Mikker&#8221; valge"},"content":{"rendered":"<p>Lauavalgusti &#8221;Mikker&#8221; valge on valgustite sarjast &#8221;Mikker&#8221; mis on inspireeritud vanaaegsetest mikrofonidest. Valgusti valgest klaasist tahvlite vahelt kumab\u00a0 LED -valgus. Valgusvihkude suunda saab v\u00e4hesel m\u00e4\u00e4ral muuta keerates klaaside keskosast ette v\u00f5i taha.\u00a0 Valgustil on \u00f5litatud tammepuidust naturaalset tooni jalg. Valgustil on must l\u00fclitiga jalg. Lauavalgusti m\u00f5\u00f5dud on 28x10x32 cm.<\/p>\n","protected":false},"excerpt":{"rendered":"<p>Lauavalgusti &#8221;Mikker&#8221; valge on valgustite sarjast &#8221;Mikker&#8221; mis on inspireeritud vanaaegsetest mikrofonidest. Valgusti valgest klaasist tahvlite vahelt kumab\u00a0 LED -valgus. Valgusvihkude suunda saab v\u00e4hesel m\u00e4\u00e4ral muuta keerates klaaside keskosast ette v\u00f5i taha.\u00a0 Valgustil on \u00f5litatud tammepuidust naturaalset tooni jalg. Valgustil on must l\u00fclitiga jalg. Lauavalgusti m\u00f5\u00f5dud on 28x10x32 cm.<\/p>\n","protected":false},"featured_media":3104,"template":"","meta":{"_acf_changed":false},"product_brand":[],"product_cat":[48],"product_tag":[71],"class_list":{"0":"post-2948","1":"product","2":"type-product","3":"status-publish","4":"has-post-thumbnail","6":"product_cat-valgustid","7":"product_tag-lauavalgusti","9":"first","10":"instock","11":"taxable","12":"shipping-taxable","13":"purchasable","14":"product-type-simple"},"acf":[],"yoast_head":"<!-- This site is optimized with the Yoast SEO plugin v27.3 - https:\/\/yoast.com\/product\/yoast-seo-wordpress\/ -->\n<title>Lauavalgusti &#039;&#039;Mikker&#039;&#039; valge - Vitraaz.ee<\/title>\n<meta name=\"description\" content=\"Lauavalgusti &#039;&#039;Mikker&#039;&#039; valge on valgustite sarjast &#039;&#039;Mikker&#039;&#039; mis on inspireeritud vanaaegsetest mikrofonidest. Valgusti on LED -valgusega.\" \/>\n<meta name=\"robots\" content=\"index, follow, max-snippet:-1, max-image-preview:large, max-video-preview:-1\" \/>\n<link rel=\"canonical\" href=\"https:\/\/vitraaz.ee\/fi\/toode\/lauavalgusti-mikker-valge\/\" \/>\n<meta property=\"og:locale\" content=\"fi_FI\" \/>\n<meta property=\"og:type\" content=\"article\" \/>\n<meta property=\"og:title\" content=\"Lauavalgusti &#039;&#039;Mikker&#039;&#039; valge - Vitraaz.ee\" \/>\n<meta property=\"og:description\" content=\"Lauavalgusti &#039;&#039;Mikker&#039;&#039; valge on valgustite sarjast &#039;&#039;Mikker&#039;&#039; mis on inspireeritud vanaaegsetest mikrofonidest. Valgusti on LED -valgusega.\" \/>\n<meta property=\"og:url\" content=\"https:\/\/vitraaz.ee\/fi\/toode\/lauavalgusti-mikker-valge\/\" \/>\n<meta property=\"og:site_name\" content=\"Vitraaz.ee\" \/>\n<meta property=\"article:publisher\" content=\"https:\/\/www.facebook.com\/Klaasinterjoor\" \/>\n<meta property=\"article:modified_time\" content=\"2024-07-17T07:45:22+00:00\" \/>\n<meta property=\"og:image\" content=\"https:\/\/vitraaz.ee\/wp-content\/uploads\/2022\/10\/Valgusti-valge.jpg\" \/>\n\t<meta property=\"og:image:width\" content=\"1200\" \/>\n\t<meta property=\"og:image:height\" content=\"798\" \/>\n\t<meta property=\"og:image:type\" content=\"image\/jpeg\" \/>\n<meta name=\"twitter:card\" content=\"summary_large_image\" \/>\n<meta name=\"twitter:label1\" content=\"Arvioitu lukuaika\" \/>\n\t<meta name=\"twitter:data1\" content=\"1 minuutti\" \/>\n<script type=\"application\/ld+json\" class=\"yoast-schema-graph\">{\"@context\":\"https:\\\/\\\/schema.org\",\"@graph\":[{\"@type\":\"WebPage\",\"@id\":\"https:\\\/\\\/vitraaz.ee\\\/fi\\\/toode\\\/lauavalgusti-mikker-valge\\\/\",\"url\":\"https:\\\/\\\/vitraaz.ee\\\/fi\\\/toode\\\/lauavalgusti-mikker-valge\\\/\",\"name\":\"Lauavalgusti ''Mikker'' valge - Vitraaz.ee\",\"isPartOf\":{\"@id\":\"https:\\\/\\\/vitraaz.ee\\\/fi\\\/#website\"},\"primaryImageOfPage\":{\"@id\":\"https:\\\/\\\/vitraaz.ee\\\/fi\\\/toode\\\/lauavalgusti-mikker-valge\\\/#primaryimage\"},\"image\":{\"@id\":\"https:\\\/\\\/vitraaz.ee\\\/fi\\\/toode\\\/lauavalgusti-mikker-valge\\\/#primaryimage\"},\"thumbnailUrl\":\"https:\\\/\\\/vitraaz.ee\\\/wp-content\\\/uploads\\\/2022\\\/10\\\/Valgusti-valge.jpg\",\"datePublished\":\"2022-10-05T23:55:33+00:00\",\"dateModified\":\"2024-07-17T07:45:22+00:00\",\"description\":\"Lauavalgusti ''Mikker'' valge on valgustite sarjast ''Mikker'' mis on inspireeritud vanaaegsetest mikrofonidest. Valgusti on LED -valgusega.\",\"breadcrumb\":{\"@id\":\"https:\\\/\\\/vitraaz.ee\\\/fi\\\/toode\\\/lauavalgusti-mikker-valge\\\/#breadcrumb\"},\"inLanguage\":\"fi\",\"potentialAction\":[{\"@type\":\"ReadAction\",\"target\":[\"https:\\\/\\\/vitraaz.ee\\\/fi\\\/toode\\\/lauavalgusti-mikker-valge\\\/\"]}]},{\"@type\":\"ImageObject\",\"inLanguage\":\"fi\",\"@id\":\"https:\\\/\\\/vitraaz.ee\\\/fi\\\/toode\\\/lauavalgusti-mikker-valge\\\/#primaryimage\",\"url\":\"https:\\\/\\\/vitraaz.ee\\\/wp-content\\\/uploads\\\/2022\\\/10\\\/Valgusti-valge.jpg\",\"contentUrl\":\"https:\\\/\\\/vitraaz.ee\\\/wp-content\\\/uploads\\\/2022\\\/10\\\/Valgusti-valge.jpg\",\"width\":1200,\"height\":798},{\"@type\":\"BreadcrumbList\",\"@id\":\"https:\\\/\\\/vitraaz.ee\\\/fi\\\/toode\\\/lauavalgusti-mikker-valge\\\/#breadcrumb\",\"itemListElement\":[{\"@type\":\"ListItem\",\"position\":1,\"name\":\"Home\",\"item\":\"https:\\\/\\\/vitraaz.ee\\\/fi\\\/\"},{\"@type\":\"ListItem\",\"position\":2,\"name\":\"Pood\",\"item\":\"https:\\\/\\\/vitraaz.ee\\\/pood\\\/\"},{\"@type\":\"ListItem\",\"position\":3,\"name\":\"Lauavalgusti &#8221;Mikker&#8221; valge\"}]},{\"@type\":\"WebSite\",\"@id\":\"https:\\\/\\\/vitraaz.ee\\\/fi\\\/#website\",\"url\":\"https:\\\/\\\/vitraaz.ee\\\/fi\\\/\",\"name\":\"Vitraaz.ee\",\"description\":\"Klaasinterj&ouml;&ouml;r\",\"publisher\":{\"@id\":\"https:\\\/\\\/vitraaz.ee\\\/fi\\\/#organization\"},\"potentialAction\":[{\"@type\":\"SearchAction\",\"target\":{\"@type\":\"EntryPoint\",\"urlTemplate\":\"https:\\\/\\\/vitraaz.ee\\\/fi\\\/?s={search_term_string}\"},\"query-input\":{\"@type\":\"PropertyValueSpecification\",\"valueRequired\":true,\"valueName\":\"search_term_string\"}}],\"inLanguage\":\"fi\"},{\"@type\":\"Organization\",\"@id\":\"https:\\\/\\\/vitraaz.ee\\\/fi\\\/#organization\",\"name\":\"KLAASINTERJ\u00d6\u00d6R O\u00dc\",\"url\":\"https:\\\/\\\/vitraaz.ee\\\/fi\\\/\",\"logo\":{\"@type\":\"ImageObject\",\"inLanguage\":\"fi\",\"@id\":\"https:\\\/\\\/vitraaz.ee\\\/fi\\\/#\\\/schema\\\/logo\\\/image\\\/\",\"url\":\"https:\\\/\\\/vitraaz.ee\\\/wp-content\\\/uploads\\\/2022\\\/09\\\/logoKI.png\",\"contentUrl\":\"https:\\\/\\\/vitraaz.ee\\\/wp-content\\\/uploads\\\/2022\\\/09\\\/logoKI.png\",\"width\":1159,\"height\":458,\"caption\":\"KLAASINTERJ\u00d6\u00d6R O\u00dc\"},\"image\":{\"@id\":\"https:\\\/\\\/vitraaz.ee\\\/fi\\\/#\\\/schema\\\/logo\\\/image\\\/\"},\"sameAs\":[\"https:\\\/\\\/www.facebook.com\\\/Klaasinterjoor\"]}]}<\/script>\n<!-- \/ Yoast SEO plugin. -->","yoast_head_json":{"title":"Lauavalgusti ''Mikker'' valge - Vitraaz.ee","description":"Lauavalgusti ''Mikker'' valge on valgustite sarjast ''Mikker'' mis on inspireeritud vanaaegsetest mikrofonidest. Valgusti on LED -valgusega.","robots":{"index":"index","follow":"follow","max-snippet":"max-snippet:-1","max-image-preview":"max-image-preview:large","max-video-preview":"max-video-preview:-1"},"canonical":"https:\/\/vitraaz.ee\/fi\/toode\/lauavalgusti-mikker-valge\/","og_locale":"fi_FI","og_type":"article","og_title":"Lauavalgusti ''Mikker'' valge - Vitraaz.ee","og_description":"Lauavalgusti ''Mikker'' valge on valgustite sarjast ''Mikker'' mis on inspireeritud vanaaegsetest mikrofonidest. Valgusti on LED -valgusega.","og_url":"https:\/\/vitraaz.ee\/fi\/toode\/lauavalgusti-mikker-valge\/","og_site_name":"Vitraaz.ee","article_publisher":"https:\/\/www.facebook.com\/Klaasinterjoor","article_modified_time":"2024-07-17T07:45:22+00:00","og_image":[{"width":1200,"height":798,"url":"https:\/\/vitraaz.ee\/wp-content\/uploads\/2022\/10\/Valgusti-valge.jpg","type":"image\/jpeg"}],"twitter_card":"summary_large_image","twitter_misc":{"Arvioitu lukuaika":"1 minuutti"},"schema":{"@context":"https:\/\/schema.org","@graph":[{"@type":"WebPage","@id":"https:\/\/vitraaz.ee\/fi\/toode\/lauavalgusti-mikker-valge\/","url":"https:\/\/vitraaz.ee\/fi\/toode\/lauavalgusti-mikker-valge\/","name":"Lauavalgusti ''Mikker'' valge - Vitraaz.ee","isPartOf":{"@id":"https:\/\/vitraaz.ee\/fi\/#website"},"primaryImageOfPage":{"@id":"https:\/\/vitraaz.ee\/fi\/toode\/lauavalgusti-mikker-valge\/#primaryimage"},"image":{"@id":"https:\/\/vitraaz.ee\/fi\/toode\/lauavalgusti-mikker-valge\/#primaryimage"},"thumbnailUrl":"https:\/\/vitraaz.ee\/wp-content\/uploads\/2022\/10\/Valgusti-valge.jpg","datePublished":"2022-10-05T23:55:33+00:00","dateModified":"2024-07-17T07:45:22+00:00","description":"Lauavalgusti ''Mikker'' valge on valgustite sarjast ''Mikker'' mis on inspireeritud vanaaegsetest mikrofonidest. Valgusti on LED -valgusega.","breadcrumb":{"@id":"https:\/\/vitraaz.ee\/fi\/toode\/lauavalgusti-mikker-valge\/#breadcrumb"},"inLanguage":"fi","potentialAction":[{"@type":"ReadAction","target":["https:\/\/vitraaz.ee\/fi\/toode\/lauavalgusti-mikker-valge\/"]}]},{"@type":"ImageObject","inLanguage":"fi","@id":"https:\/\/vitraaz.ee\/fi\/toode\/lauavalgusti-mikker-valge\/#primaryimage","url":"https:\/\/vitraaz.ee\/wp-content\/uploads\/2022\/10\/Valgusti-valge.jpg","contentUrl":"https:\/\/vitraaz.ee\/wp-content\/uploads\/2022\/10\/Valgusti-valge.jpg","width":1200,"height":798},{"@type":"BreadcrumbList","@id":"https:\/\/vitraaz.ee\/fi\/toode\/lauavalgusti-mikker-valge\/#breadcrumb","itemListElement":[{"@type":"ListItem","position":1,"name":"Home","item":"https:\/\/vitraaz.ee\/fi\/"},{"@type":"ListItem","position":2,"name":"Pood","item":"https:\/\/vitraaz.ee\/pood\/"},{"@type":"ListItem","position":3,"name":"Lauavalgusti &#8221;Mikker&#8221; valge"}]},{"@type":"WebSite","@id":"https:\/\/vitraaz.ee\/fi\/#website","url":"https:\/\/vitraaz.ee\/fi\/","name":"Vitraaz.ee","description":"Klaasinterj&ouml;&ouml;r","publisher":{"@id":"https:\/\/vitraaz.ee\/fi\/#organization"},"potentialAction":[{"@type":"SearchAction","target":{"@type":"EntryPoint","urlTemplate":"https:\/\/vitraaz.ee\/fi\/?s={search_term_string}"},"query-input":{"@type":"PropertyValueSpecification","valueRequired":true,"valueName":"search_term_string"}}],"inLanguage":"fi"},{"@type":"Organization","@id":"https:\/\/vitraaz.ee\/fi\/#organization","name":"KLAASINTERJ\u00d6\u00d6R O\u00dc","url":"https:\/\/vitraaz.ee\/fi\/","logo":{"@type":"ImageObject","inLanguage":"fi","@id":"https:\/\/vitraaz.ee\/fi\/#\/schema\/logo\/image\/","url":"https:\/\/vitraaz.ee\/wp-content\/uploads\/2022\/09\/logoKI.png","contentUrl":"https:\/\/vitraaz.ee\/wp-content\/uploads\/2022\/09\/logoKI.png","width":1159,"height":458,"caption":"KLAASINTERJ\u00d6\u00d6R O\u00dc"},"image":{"@id":"https:\/\/vitraaz.ee\/fi\/#\/schema\/logo\/image\/"},"sameAs":["https:\/\/www.facebook.com\/Klaasinterjoor"]}]}},"_links":{"self":[{"href":"https:\/\/vitraaz.ee\/fi\/wp-json\/wp\/v2\/product\/2948","targetHints":{"allow":["GET"]}}],"collection":[{"href":"https:\/\/vitraaz.ee\/fi\/wp-json\/wp\/v2\/product"}],"about":[{"href":"https:\/\/vitraaz.ee\/fi\/wp-json\/wp\/v2\/types\/product"}],"version-history":[{"count":0,"href":"https:\/\/vitraaz.ee\/fi\/wp-json\/wp\/v2\/product\/2948\/revisions"}],"wp:featuredmedia":[{"embeddable":true,"href":"https:\/\/vitraaz.ee\/fi\/wp-json\/wp\/v2\/media\/3104"}],"wp:attachment":[{"href":"https:\/\/vitraaz.ee\/fi\/wp-json\/wp\/v2\/media?parent=2948"}],"wp:term":[{"taxonomy":"product_brand","embeddable":true,"href":"https:\/\/vitraaz.ee\/fi\/wp-json\/wp\/v2\/product_brand?post=2948"},{"taxonomy":"product_cat","embeddable":true,"href":"https:\/\/vitraaz.ee\/fi\/wp-json\/wp\/v2\/product_cat?post=2948"},{"taxonomy":"product_tag","embeddable":true,"href":"https:\/\/vitraaz.ee\/fi\/wp-json\/wp\/v2\/product_tag?post=2948"}],"curies":[{"name":"wp","href":"https:\/\/api.w.org\/{rel}","templated":true}]}}