{"id":2946,"date":"2022-10-05T23:55:33","date_gmt":"2022-10-05T23:55:33","guid":{"rendered":"https:\/\/vitraaz.ee\/?post_type=product&#038;p=2946"},"modified":"2024-07-17T07:49:26","modified_gmt":"2024-07-17T07:49:26","slug":"topelt-rihmaga-kaevoru","status":"publish","type":"product","link":"https:\/\/vitraaz.ee\/fi\/toode\/topelt-rihmaga-kaevoru\/","title":{"rendered":"Topelt rihmaga k\u00e4ev\u00f5ru"},"content":{"rendered":"<p>Topelt rihmaga k\u00e4ev\u00f5ru sobib h\u00e4sti neile, kes ei pelga kanda j\u00f5ulisi ehteid. Rihm k\u00e4ib \u00fcmber k\u00e4e kaks korda ja seda kaunistavad kolm mustast klaasist detaili. Must klaas on \u00e4\u00e4rmiselt soliidne ja \u0161ikk. Rihm sobib k\u00e4e\u00fcmberm\u00f5\u00f5dule kuni 17 cm. M\u00f6\u00f6da oma k\u00e4si kindlasti \u00fcle, randmest veidi k\u00f5rgemalt. Rihma laius on 1,5 cm.<\/p>\n","protected":false},"excerpt":{"rendered":"<p>Topelt rihmaga k\u00e4ev\u00f5ru sobib h\u00e4sti neile, kes ei pelga kanda j\u00f5ulisi ehteid. Rihm k\u00e4ib \u00fcmber k\u00e4e kaks korda ja seda kaunistavad kolm mustast klaasist detaili. Must klaas on \u00e4\u00e4rmiselt soliidne ja \u0161ikk. Rihm sobib k\u00e4e\u00fcmberm\u00f5\u00f5dule kuni 17 cm. M\u00f6\u00f6da oma k\u00e4si kindlasti \u00fcle, randmest veidi k\u00f5rgemalt. Rihma laius on 1,5 cm.<\/p>\n","protected":false},"featured_media":3082,"template":"","meta":{"_acf_changed":false},"product_brand":[],"product_cat":[39],"product_tag":[70],"class_list":{"0":"post-2946","1":"product","2":"type-product","3":"status-publish","4":"has-post-thumbnail","6":"product_cat-ehted","7":"product_tag-kaevoru","9":"first","10":"instock","11":"taxable","12":"shipping-taxable","13":"purchasable","14":"product-type-simple"},"acf":[],"yoast_head":"<!-- This site is optimized with the Yoast SEO plugin v27.3 - https:\/\/yoast.com\/product\/yoast-seo-wordpress\/ -->\n<title>Topelt rihmaga k\u00e4ev\u00f5ru - Vitraaz.ee<\/title>\n<meta name=\"description\" content=\"Topelt rihmaga k\u00e4ev\u00f5ru sobib h\u00e4sti neile, kes ei pelga kanda j\u00f5ulisi ehteid. Rihm k\u00e4ib \u00fcmber k\u00e4e kaks korda mida kaunistavad kolm mustast klaasist detaili\" \/>\n<meta name=\"robots\" content=\"index, follow, max-snippet:-1, max-image-preview:large, max-video-preview:-1\" \/>\n<link rel=\"canonical\" href=\"https:\/\/vitraaz.ee\/fi\/toode\/topelt-rihmaga-kaevoru\/\" \/>\n<meta property=\"og:locale\" content=\"fi_FI\" \/>\n<meta property=\"og:type\" content=\"article\" \/>\n<meta property=\"og:title\" content=\"Topelt rihmaga k\u00e4ev\u00f5ru - Vitraaz.ee\" \/>\n<meta property=\"og:description\" content=\"Topelt rihmaga k\u00e4ev\u00f5ru sobib h\u00e4sti neile, kes ei pelga kanda j\u00f5ulisi ehteid. Rihm k\u00e4ib \u00fcmber k\u00e4e kaks korda mida kaunistavad kolm mustast klaasist detaili\" \/>\n<meta property=\"og:url\" content=\"https:\/\/vitraaz.ee\/fi\/toode\/topelt-rihmaga-kaevoru\/\" \/>\n<meta property=\"og:site_name\" content=\"Vitraaz.ee\" \/>\n<meta property=\"article:publisher\" content=\"https:\/\/www.facebook.com\/Klaasinterjoor\" \/>\n<meta property=\"article:modified_time\" content=\"2024-07-17T07:49:26+00:00\" \/>\n<meta property=\"og:image\" content=\"https:\/\/vitraaz.ee\/wp-content\/uploads\/2022\/10\/kaeehe-kolme-klaasiga.jpg\" \/>\n\t<meta property=\"og:image:width\" content=\"1200\" \/>\n\t<meta property=\"og:image:height\" content=\"798\" \/>\n\t<meta property=\"og:image:type\" content=\"image\/jpeg\" \/>\n<meta name=\"twitter:card\" content=\"summary_large_image\" \/>\n<meta name=\"twitter:label1\" content=\"Arvioitu lukuaika\" \/>\n\t<meta name=\"twitter:data1\" content=\"1 minuutti\" \/>\n<script type=\"application\/ld+json\" class=\"yoast-schema-graph\">{\"@context\":\"https:\\\/\\\/schema.org\",\"@graph\":[{\"@type\":\"WebPage\",\"@id\":\"https:\\\/\\\/vitraaz.ee\\\/fi\\\/toode\\\/topelt-rihmaga-kaevoru\\\/\",\"url\":\"https:\\\/\\\/vitraaz.ee\\\/fi\\\/toode\\\/topelt-rihmaga-kaevoru\\\/\",\"name\":\"Topelt rihmaga k\u00e4ev\u00f5ru - Vitraaz.ee\",\"isPartOf\":{\"@id\":\"https:\\\/\\\/vitraaz.ee\\\/fi\\\/#website\"},\"primaryImageOfPage\":{\"@id\":\"https:\\\/\\\/vitraaz.ee\\\/fi\\\/toode\\\/topelt-rihmaga-kaevoru\\\/#primaryimage\"},\"image\":{\"@id\":\"https:\\\/\\\/vitraaz.ee\\\/fi\\\/toode\\\/topelt-rihmaga-kaevoru\\\/#primaryimage\"},\"thumbnailUrl\":\"https:\\\/\\\/vitraaz.ee\\\/wp-content\\\/uploads\\\/2022\\\/10\\\/kaeehe-kolme-klaasiga.jpg\",\"datePublished\":\"2022-10-05T23:55:33+00:00\",\"dateModified\":\"2024-07-17T07:49:26+00:00\",\"description\":\"Topelt rihmaga k\u00e4ev\u00f5ru sobib h\u00e4sti neile, kes ei pelga kanda j\u00f5ulisi ehteid. Rihm k\u00e4ib \u00fcmber k\u00e4e kaks korda mida kaunistavad kolm mustast klaasist detaili\",\"breadcrumb\":{\"@id\":\"https:\\\/\\\/vitraaz.ee\\\/fi\\\/toode\\\/topelt-rihmaga-kaevoru\\\/#breadcrumb\"},\"inLanguage\":\"fi\",\"potentialAction\":[{\"@type\":\"ReadAction\",\"target\":[\"https:\\\/\\\/vitraaz.ee\\\/fi\\\/toode\\\/topelt-rihmaga-kaevoru\\\/\"]}]},{\"@type\":\"ImageObject\",\"inLanguage\":\"fi\",\"@id\":\"https:\\\/\\\/vitraaz.ee\\\/fi\\\/toode\\\/topelt-rihmaga-kaevoru\\\/#primaryimage\",\"url\":\"https:\\\/\\\/vitraaz.ee\\\/wp-content\\\/uploads\\\/2022\\\/10\\\/kaeehe-kolme-klaasiga.jpg\",\"contentUrl\":\"https:\\\/\\\/vitraaz.ee\\\/wp-content\\\/uploads\\\/2022\\\/10\\\/kaeehe-kolme-klaasiga.jpg\",\"width\":1200,\"height\":798},{\"@type\":\"BreadcrumbList\",\"@id\":\"https:\\\/\\\/vitraaz.ee\\\/fi\\\/toode\\\/topelt-rihmaga-kaevoru\\\/#breadcrumb\",\"itemListElement\":[{\"@type\":\"ListItem\",\"position\":1,\"name\":\"Home\",\"item\":\"https:\\\/\\\/vitraaz.ee\\\/fi\\\/\"},{\"@type\":\"ListItem\",\"position\":2,\"name\":\"Pood\",\"item\":\"https:\\\/\\\/vitraaz.ee\\\/pood\\\/\"},{\"@type\":\"ListItem\",\"position\":3,\"name\":\"Topelt rihmaga k\u00e4ev\u00f5ru\"}]},{\"@type\":\"WebSite\",\"@id\":\"https:\\\/\\\/vitraaz.ee\\\/fi\\\/#website\",\"url\":\"https:\\\/\\\/vitraaz.ee\\\/fi\\\/\",\"name\":\"Vitraaz.ee\",\"description\":\"Klaasinterj&ouml;&ouml;r\",\"publisher\":{\"@id\":\"https:\\\/\\\/vitraaz.ee\\\/fi\\\/#organization\"},\"potentialAction\":[{\"@type\":\"SearchAction\",\"target\":{\"@type\":\"EntryPoint\",\"urlTemplate\":\"https:\\\/\\\/vitraaz.ee\\\/fi\\\/?s={search_term_string}\"},\"query-input\":{\"@type\":\"PropertyValueSpecification\",\"valueRequired\":true,\"valueName\":\"search_term_string\"}}],\"inLanguage\":\"fi\"},{\"@type\":\"Organization\",\"@id\":\"https:\\\/\\\/vitraaz.ee\\\/fi\\\/#organization\",\"name\":\"KLAASINTERJ\u00d6\u00d6R O\u00dc\",\"url\":\"https:\\\/\\\/vitraaz.ee\\\/fi\\\/\",\"logo\":{\"@type\":\"ImageObject\",\"inLanguage\":\"fi\",\"@id\":\"https:\\\/\\\/vitraaz.ee\\\/fi\\\/#\\\/schema\\\/logo\\\/image\\\/\",\"url\":\"https:\\\/\\\/vitraaz.ee\\\/wp-content\\\/uploads\\\/2022\\\/09\\\/logoKI.png\",\"contentUrl\":\"https:\\\/\\\/vitraaz.ee\\\/wp-content\\\/uploads\\\/2022\\\/09\\\/logoKI.png\",\"width\":1159,\"height\":458,\"caption\":\"KLAASINTERJ\u00d6\u00d6R O\u00dc\"},\"image\":{\"@id\":\"https:\\\/\\\/vitraaz.ee\\\/fi\\\/#\\\/schema\\\/logo\\\/image\\\/\"},\"sameAs\":[\"https:\\\/\\\/www.facebook.com\\\/Klaasinterjoor\"]}]}<\/script>\n<!-- \/ Yoast SEO plugin. -->","yoast_head_json":{"title":"Topelt rihmaga k\u00e4ev\u00f5ru - Vitraaz.ee","description":"Topelt rihmaga k\u00e4ev\u00f5ru sobib h\u00e4sti neile, kes ei pelga kanda j\u00f5ulisi ehteid. Rihm k\u00e4ib \u00fcmber k\u00e4e kaks korda mida kaunistavad kolm mustast klaasist detaili","robots":{"index":"index","follow":"follow","max-snippet":"max-snippet:-1","max-image-preview":"max-image-preview:large","max-video-preview":"max-video-preview:-1"},"canonical":"https:\/\/vitraaz.ee\/fi\/toode\/topelt-rihmaga-kaevoru\/","og_locale":"fi_FI","og_type":"article","og_title":"Topelt rihmaga k\u00e4ev\u00f5ru - Vitraaz.ee","og_description":"Topelt rihmaga k\u00e4ev\u00f5ru sobib h\u00e4sti neile, kes ei pelga kanda j\u00f5ulisi ehteid. Rihm k\u00e4ib \u00fcmber k\u00e4e kaks korda mida kaunistavad kolm mustast klaasist detaili","og_url":"https:\/\/vitraaz.ee\/fi\/toode\/topelt-rihmaga-kaevoru\/","og_site_name":"Vitraaz.ee","article_publisher":"https:\/\/www.facebook.com\/Klaasinterjoor","article_modified_time":"2024-07-17T07:49:26+00:00","og_image":[{"width":1200,"height":798,"url":"https:\/\/vitraaz.ee\/wp-content\/uploads\/2022\/10\/kaeehe-kolme-klaasiga.jpg","type":"image\/jpeg"}],"twitter_card":"summary_large_image","twitter_misc":{"Arvioitu lukuaika":"1 minuutti"},"schema":{"@context":"https:\/\/schema.org","@graph":[{"@type":"WebPage","@id":"https:\/\/vitraaz.ee\/fi\/toode\/topelt-rihmaga-kaevoru\/","url":"https:\/\/vitraaz.ee\/fi\/toode\/topelt-rihmaga-kaevoru\/","name":"Topelt rihmaga k\u00e4ev\u00f5ru - Vitraaz.ee","isPartOf":{"@id":"https:\/\/vitraaz.ee\/fi\/#website"},"primaryImageOfPage":{"@id":"https:\/\/vitraaz.ee\/fi\/toode\/topelt-rihmaga-kaevoru\/#primaryimage"},"image":{"@id":"https:\/\/vitraaz.ee\/fi\/toode\/topelt-rihmaga-kaevoru\/#primaryimage"},"thumbnailUrl":"https:\/\/vitraaz.ee\/wp-content\/uploads\/2022\/10\/kaeehe-kolme-klaasiga.jpg","datePublished":"2022-10-05T23:55:33+00:00","dateModified":"2024-07-17T07:49:26+00:00","description":"Topelt rihmaga k\u00e4ev\u00f5ru sobib h\u00e4sti neile, kes ei pelga kanda j\u00f5ulisi ehteid. Rihm k\u00e4ib \u00fcmber k\u00e4e kaks korda mida kaunistavad kolm mustast klaasist detaili","breadcrumb":{"@id":"https:\/\/vitraaz.ee\/fi\/toode\/topelt-rihmaga-kaevoru\/#breadcrumb"},"inLanguage":"fi","potentialAction":[{"@type":"ReadAction","target":["https:\/\/vitraaz.ee\/fi\/toode\/topelt-rihmaga-kaevoru\/"]}]},{"@type":"ImageObject","inLanguage":"fi","@id":"https:\/\/vitraaz.ee\/fi\/toode\/topelt-rihmaga-kaevoru\/#primaryimage","url":"https:\/\/vitraaz.ee\/wp-content\/uploads\/2022\/10\/kaeehe-kolme-klaasiga.jpg","contentUrl":"https:\/\/vitraaz.ee\/wp-content\/uploads\/2022\/10\/kaeehe-kolme-klaasiga.jpg","width":1200,"height":798},{"@type":"BreadcrumbList","@id":"https:\/\/vitraaz.ee\/fi\/toode\/topelt-rihmaga-kaevoru\/#breadcrumb","itemListElement":[{"@type":"ListItem","position":1,"name":"Home","item":"https:\/\/vitraaz.ee\/fi\/"},{"@type":"ListItem","position":2,"name":"Pood","item":"https:\/\/vitraaz.ee\/pood\/"},{"@type":"ListItem","position":3,"name":"Topelt rihmaga k\u00e4ev\u00f5ru"}]},{"@type":"WebSite","@id":"https:\/\/vitraaz.ee\/fi\/#website","url":"https:\/\/vitraaz.ee\/fi\/","name":"Vitraaz.ee","description":"Klaasinterj&ouml;&ouml;r","publisher":{"@id":"https:\/\/vitraaz.ee\/fi\/#organization"},"potentialAction":[{"@type":"SearchAction","target":{"@type":"EntryPoint","urlTemplate":"https:\/\/vitraaz.ee\/fi\/?s={search_term_string}"},"query-input":{"@type":"PropertyValueSpecification","valueRequired":true,"valueName":"search_term_string"}}],"inLanguage":"fi"},{"@type":"Organization","@id":"https:\/\/vitraaz.ee\/fi\/#organization","name":"KLAASINTERJ\u00d6\u00d6R O\u00dc","url":"https:\/\/vitraaz.ee\/fi\/","logo":{"@type":"ImageObject","inLanguage":"fi","@id":"https:\/\/vitraaz.ee\/fi\/#\/schema\/logo\/image\/","url":"https:\/\/vitraaz.ee\/wp-content\/uploads\/2022\/09\/logoKI.png","contentUrl":"https:\/\/vitraaz.ee\/wp-content\/uploads\/2022\/09\/logoKI.png","width":1159,"height":458,"caption":"KLAASINTERJ\u00d6\u00d6R O\u00dc"},"image":{"@id":"https:\/\/vitraaz.ee\/fi\/#\/schema\/logo\/image\/"},"sameAs":["https:\/\/www.facebook.com\/Klaasinterjoor"]}]}},"_links":{"self":[{"href":"https:\/\/vitraaz.ee\/fi\/wp-json\/wp\/v2\/product\/2946","targetHints":{"allow":["GET"]}}],"collection":[{"href":"https:\/\/vitraaz.ee\/fi\/wp-json\/wp\/v2\/product"}],"about":[{"href":"https:\/\/vitraaz.ee\/fi\/wp-json\/wp\/v2\/types\/product"}],"version-history":[{"count":0,"href":"https:\/\/vitraaz.ee\/fi\/wp-json\/wp\/v2\/product\/2946\/revisions"}],"wp:featuredmedia":[{"embeddable":true,"href":"https:\/\/vitraaz.ee\/fi\/wp-json\/wp\/v2\/media\/3082"}],"wp:attachment":[{"href":"https:\/\/vitraaz.ee\/fi\/wp-json\/wp\/v2\/media?parent=2946"}],"wp:term":[{"taxonomy":"product_brand","embeddable":true,"href":"https:\/\/vitraaz.ee\/fi\/wp-json\/wp\/v2\/product_brand?post=2946"},{"taxonomy":"product_cat","embeddable":true,"href":"https:\/\/vitraaz.ee\/fi\/wp-json\/wp\/v2\/product_cat?post=2946"},{"taxonomy":"product_tag","embeddable":true,"href":"https:\/\/vitraaz.ee\/fi\/wp-json\/wp\/v2\/product_tag?post=2946"}],"curies":[{"name":"wp","href":"https:\/\/api.w.org\/{rel}","templated":true}]}}