{"id":2788,"date":"2022-10-05T23:55:11","date_gmt":"2022-10-05T23:55:11","guid":{"rendered":"https:\/\/vitraaz.ee\/?post_type=product&#038;p=2788"},"modified":"2025-04-09T12:50:11","modified_gmt":"2025-04-09T12:50:11","slug":"klaasist-kauss-flow","status":"publish","type":"product","link":"https:\/\/vitraaz.ee\/fi\/toode\/klaasist-kauss-flow\/","title":{"rendered":"Klaasist kauss &#8221;Flow&#8221;"},"content":{"rendered":"<p>Klaasist kauss &#8221;Flow&#8221; on trendika rohelise tooniga l\u00e4bipaistmatust klaasist kauss. M\u00e4ngleva vormi saab kauss sulatusahjus. Eriline kingitus kolleegile v\u00f5i l\u00e4hedasele inimesele. Kingituse saab muuta veelgi isiklikumaks lisades tootele sinu soovitud teksti v\u00f5i s\u00fcmboolikaga graveeringu, selleks tee ostu sooritades linnuke kasti &#8221;lisa graveering&#8221;. Kausi m\u00f5\u00f5dud: 25&#215;15 cm.<\/p>\n<p>NB! &#8221;J\u00e4reltellimisel\u00b4\u00b4 m\u00e4rkega vitraa\u017eid pole laos. V\u00f5tame ostjaga \u00fchendust, peale ostu vormistamist, et kokku leppida tellimuse valmistamise t\u00e4htaeg. Tavaliselt v\u00f5ib selleks kuluda kuni 5 t\u00f6\u00f6p\u00e4eva ning seej\u00e4rel saame paki postitada.<\/p>\n","protected":false},"excerpt":{"rendered":"<p>Klaasist kauss &#8221;Flow&#8221; on trendika rohelise tooniga l\u00e4bipaistmatust klaasist kauss. M\u00e4ngleva vormi saab kauss sulatusahjus. Eriline kingitus kolleegile v\u00f5i l\u00e4hedasele inimesele. Kingituse saab muuta veelgi isiklikumaks lisades tootele sinu soovitud teksti v\u00f5i s\u00fcmboolikaga graveeringu, selleks tee ostu sooritades linnuke kasti &#8221;lisa graveering&#8221;. Kausi m\u00f5\u00f5dud: 25&#215;15 cm. NB! &#8221;J\u00e4reltellimisel\u00b4\u00b4 m\u00e4rkega vitraa\u017eid pole laos. V\u00f5tame ostjaga \u00fchendust, [&hellip;]<\/p>\n","protected":false},"featured_media":2965,"template":"","meta":{"_acf_changed":false},"product_brand":[],"product_cat":[35],"product_tag":[78],"class_list":{"0":"post-2788","1":"product","2":"type-product","3":"status-publish","4":"has-post-thumbnail","6":"product_cat-kingitused-ja-meened","7":"product_tag-kauss","9":"first","10":"onbackorder","11":"taxable","12":"shipping-taxable","13":"purchasable","14":"product-type-simple"},"acf":[],"yoast_head":"<!-- This site is optimized with the Yoast SEO plugin v27.3 - https:\/\/yoast.com\/product\/yoast-seo-wordpress\/ -->\n<title>Klaasist kauss &#039;&#039;Flow&#039;&#039; - Vitraaz.ee<\/title>\n<meta name=\"description\" content=\"Klaasist kauss &#039;&#039;Flow&#039;&#039; on trendika rohelise tooniga l\u00e4bipaistmatust klaasist kauss. Eriline kingitus kolleegile v\u00f5i l\u00e4hedasele inimesele.\" \/>\n<meta name=\"robots\" content=\"index, follow, max-snippet:-1, max-image-preview:large, max-video-preview:-1\" \/>\n<link rel=\"canonical\" href=\"https:\/\/vitraaz.ee\/fi\/toode\/klaasist-kauss-flow\/\" \/>\n<meta property=\"og:locale\" content=\"fi_FI\" \/>\n<meta property=\"og:type\" content=\"article\" \/>\n<meta property=\"og:title\" content=\"Klaasist kauss &#039;&#039;Flow&#039;&#039; - Vitraaz.ee\" \/>\n<meta property=\"og:description\" content=\"Klaasist kauss &#039;&#039;Flow&#039;&#039; on trendika rohelise tooniga l\u00e4bipaistmatust klaasist kauss. Eriline kingitus kolleegile v\u00f5i l\u00e4hedasele inimesele.\" \/>\n<meta property=\"og:url\" content=\"https:\/\/vitraaz.ee\/fi\/toode\/klaasist-kauss-flow\/\" \/>\n<meta property=\"og:site_name\" content=\"Vitraaz.ee\" \/>\n<meta property=\"article:publisher\" content=\"https:\/\/www.facebook.com\/Klaasinterjoor\" \/>\n<meta property=\"article:modified_time\" content=\"2025-04-09T12:50:11+00:00\" \/>\n<meta property=\"og:image\" content=\"https:\/\/vitraaz.ee\/wp-content\/uploads\/2022\/10\/roheline-kauss.jpg\" \/>\n\t<meta property=\"og:image:width\" content=\"1200\" \/>\n\t<meta property=\"og:image:height\" content=\"798\" \/>\n\t<meta property=\"og:image:type\" content=\"image\/jpeg\" \/>\n<meta name=\"twitter:card\" content=\"summary_large_image\" \/>\n<meta name=\"twitter:label1\" content=\"Arvioitu lukuaika\" \/>\n\t<meta name=\"twitter:data1\" content=\"1 minuutti\" \/>\n<script type=\"application\/ld+json\" class=\"yoast-schema-graph\">{\"@context\":\"https:\\\/\\\/schema.org\",\"@graph\":[{\"@type\":\"WebPage\",\"@id\":\"https:\\\/\\\/vitraaz.ee\\\/fi\\\/toode\\\/klaasist-kauss-flow\\\/\",\"url\":\"https:\\\/\\\/vitraaz.ee\\\/fi\\\/toode\\\/klaasist-kauss-flow\\\/\",\"name\":\"Klaasist kauss ''Flow'' - Vitraaz.ee\",\"isPartOf\":{\"@id\":\"https:\\\/\\\/vitraaz.ee\\\/fi\\\/#website\"},\"primaryImageOfPage\":{\"@id\":\"https:\\\/\\\/vitraaz.ee\\\/fi\\\/toode\\\/klaasist-kauss-flow\\\/#primaryimage\"},\"image\":{\"@id\":\"https:\\\/\\\/vitraaz.ee\\\/fi\\\/toode\\\/klaasist-kauss-flow\\\/#primaryimage\"},\"thumbnailUrl\":\"https:\\\/\\\/vitraaz.ee\\\/wp-content\\\/uploads\\\/2022\\\/10\\\/roheline-kauss.jpg\",\"datePublished\":\"2022-10-05T23:55:11+00:00\",\"dateModified\":\"2025-04-09T12:50:11+00:00\",\"description\":\"Klaasist kauss ''Flow'' on trendika rohelise tooniga l\u00e4bipaistmatust klaasist kauss. Eriline kingitus kolleegile v\u00f5i l\u00e4hedasele inimesele.\",\"breadcrumb\":{\"@id\":\"https:\\\/\\\/vitraaz.ee\\\/fi\\\/toode\\\/klaasist-kauss-flow\\\/#breadcrumb\"},\"inLanguage\":\"fi\",\"potentialAction\":[{\"@type\":\"ReadAction\",\"target\":[\"https:\\\/\\\/vitraaz.ee\\\/fi\\\/toode\\\/klaasist-kauss-flow\\\/\"]}]},{\"@type\":\"ImageObject\",\"inLanguage\":\"fi\",\"@id\":\"https:\\\/\\\/vitraaz.ee\\\/fi\\\/toode\\\/klaasist-kauss-flow\\\/#primaryimage\",\"url\":\"https:\\\/\\\/vitraaz.ee\\\/wp-content\\\/uploads\\\/2022\\\/10\\\/roheline-kauss.jpg\",\"contentUrl\":\"https:\\\/\\\/vitraaz.ee\\\/wp-content\\\/uploads\\\/2022\\\/10\\\/roheline-kauss.jpg\",\"width\":1200,\"height\":798},{\"@type\":\"BreadcrumbList\",\"@id\":\"https:\\\/\\\/vitraaz.ee\\\/fi\\\/toode\\\/klaasist-kauss-flow\\\/#breadcrumb\",\"itemListElement\":[{\"@type\":\"ListItem\",\"position\":1,\"name\":\"Home\",\"item\":\"https:\\\/\\\/vitraaz.ee\\\/fi\\\/\"},{\"@type\":\"ListItem\",\"position\":2,\"name\":\"Pood\",\"item\":\"https:\\\/\\\/vitraaz.ee\\\/pood\\\/\"},{\"@type\":\"ListItem\",\"position\":3,\"name\":\"Klaasist kauss &#8221;Flow&#8221;\"}]},{\"@type\":\"WebSite\",\"@id\":\"https:\\\/\\\/vitraaz.ee\\\/fi\\\/#website\",\"url\":\"https:\\\/\\\/vitraaz.ee\\\/fi\\\/\",\"name\":\"Vitraaz.ee\",\"description\":\"Klaasinterj&ouml;&ouml;r\",\"publisher\":{\"@id\":\"https:\\\/\\\/vitraaz.ee\\\/fi\\\/#organization\"},\"potentialAction\":[{\"@type\":\"SearchAction\",\"target\":{\"@type\":\"EntryPoint\",\"urlTemplate\":\"https:\\\/\\\/vitraaz.ee\\\/fi\\\/?s={search_term_string}\"},\"query-input\":{\"@type\":\"PropertyValueSpecification\",\"valueRequired\":true,\"valueName\":\"search_term_string\"}}],\"inLanguage\":\"fi\"},{\"@type\":\"Organization\",\"@id\":\"https:\\\/\\\/vitraaz.ee\\\/fi\\\/#organization\",\"name\":\"KLAASINTERJ\u00d6\u00d6R O\u00dc\",\"url\":\"https:\\\/\\\/vitraaz.ee\\\/fi\\\/\",\"logo\":{\"@type\":\"ImageObject\",\"inLanguage\":\"fi\",\"@id\":\"https:\\\/\\\/vitraaz.ee\\\/fi\\\/#\\\/schema\\\/logo\\\/image\\\/\",\"url\":\"https:\\\/\\\/vitraaz.ee\\\/wp-content\\\/uploads\\\/2022\\\/09\\\/logoKI.png\",\"contentUrl\":\"https:\\\/\\\/vitraaz.ee\\\/wp-content\\\/uploads\\\/2022\\\/09\\\/logoKI.png\",\"width\":1159,\"height\":458,\"caption\":\"KLAASINTERJ\u00d6\u00d6R O\u00dc\"},\"image\":{\"@id\":\"https:\\\/\\\/vitraaz.ee\\\/fi\\\/#\\\/schema\\\/logo\\\/image\\\/\"},\"sameAs\":[\"https:\\\/\\\/www.facebook.com\\\/Klaasinterjoor\"]}]}<\/script>\n<!-- \/ Yoast SEO plugin. -->","yoast_head_json":{"title":"Klaasist kauss ''Flow'' - Vitraaz.ee","description":"Klaasist kauss ''Flow'' on trendika rohelise tooniga l\u00e4bipaistmatust klaasist kauss. Eriline kingitus kolleegile v\u00f5i l\u00e4hedasele inimesele.","robots":{"index":"index","follow":"follow","max-snippet":"max-snippet:-1","max-image-preview":"max-image-preview:large","max-video-preview":"max-video-preview:-1"},"canonical":"https:\/\/vitraaz.ee\/fi\/toode\/klaasist-kauss-flow\/","og_locale":"fi_FI","og_type":"article","og_title":"Klaasist kauss ''Flow'' - Vitraaz.ee","og_description":"Klaasist kauss ''Flow'' on trendika rohelise tooniga l\u00e4bipaistmatust klaasist kauss. Eriline kingitus kolleegile v\u00f5i l\u00e4hedasele inimesele.","og_url":"https:\/\/vitraaz.ee\/fi\/toode\/klaasist-kauss-flow\/","og_site_name":"Vitraaz.ee","article_publisher":"https:\/\/www.facebook.com\/Klaasinterjoor","article_modified_time":"2025-04-09T12:50:11+00:00","og_image":[{"width":1200,"height":798,"url":"https:\/\/vitraaz.ee\/wp-content\/uploads\/2022\/10\/roheline-kauss.jpg","type":"image\/jpeg"}],"twitter_card":"summary_large_image","twitter_misc":{"Arvioitu lukuaika":"1 minuutti"},"schema":{"@context":"https:\/\/schema.org","@graph":[{"@type":"WebPage","@id":"https:\/\/vitraaz.ee\/fi\/toode\/klaasist-kauss-flow\/","url":"https:\/\/vitraaz.ee\/fi\/toode\/klaasist-kauss-flow\/","name":"Klaasist kauss ''Flow'' - Vitraaz.ee","isPartOf":{"@id":"https:\/\/vitraaz.ee\/fi\/#website"},"primaryImageOfPage":{"@id":"https:\/\/vitraaz.ee\/fi\/toode\/klaasist-kauss-flow\/#primaryimage"},"image":{"@id":"https:\/\/vitraaz.ee\/fi\/toode\/klaasist-kauss-flow\/#primaryimage"},"thumbnailUrl":"https:\/\/vitraaz.ee\/wp-content\/uploads\/2022\/10\/roheline-kauss.jpg","datePublished":"2022-10-05T23:55:11+00:00","dateModified":"2025-04-09T12:50:11+00:00","description":"Klaasist kauss ''Flow'' on trendika rohelise tooniga l\u00e4bipaistmatust klaasist kauss. Eriline kingitus kolleegile v\u00f5i l\u00e4hedasele inimesele.","breadcrumb":{"@id":"https:\/\/vitraaz.ee\/fi\/toode\/klaasist-kauss-flow\/#breadcrumb"},"inLanguage":"fi","potentialAction":[{"@type":"ReadAction","target":["https:\/\/vitraaz.ee\/fi\/toode\/klaasist-kauss-flow\/"]}]},{"@type":"ImageObject","inLanguage":"fi","@id":"https:\/\/vitraaz.ee\/fi\/toode\/klaasist-kauss-flow\/#primaryimage","url":"https:\/\/vitraaz.ee\/wp-content\/uploads\/2022\/10\/roheline-kauss.jpg","contentUrl":"https:\/\/vitraaz.ee\/wp-content\/uploads\/2022\/10\/roheline-kauss.jpg","width":1200,"height":798},{"@type":"BreadcrumbList","@id":"https:\/\/vitraaz.ee\/fi\/toode\/klaasist-kauss-flow\/#breadcrumb","itemListElement":[{"@type":"ListItem","position":1,"name":"Home","item":"https:\/\/vitraaz.ee\/fi\/"},{"@type":"ListItem","position":2,"name":"Pood","item":"https:\/\/vitraaz.ee\/pood\/"},{"@type":"ListItem","position":3,"name":"Klaasist kauss &#8221;Flow&#8221;"}]},{"@type":"WebSite","@id":"https:\/\/vitraaz.ee\/fi\/#website","url":"https:\/\/vitraaz.ee\/fi\/","name":"Vitraaz.ee","description":"Klaasinterj&ouml;&ouml;r","publisher":{"@id":"https:\/\/vitraaz.ee\/fi\/#organization"},"potentialAction":[{"@type":"SearchAction","target":{"@type":"EntryPoint","urlTemplate":"https:\/\/vitraaz.ee\/fi\/?s={search_term_string}"},"query-input":{"@type":"PropertyValueSpecification","valueRequired":true,"valueName":"search_term_string"}}],"inLanguage":"fi"},{"@type":"Organization","@id":"https:\/\/vitraaz.ee\/fi\/#organization","name":"KLAASINTERJ\u00d6\u00d6R O\u00dc","url":"https:\/\/vitraaz.ee\/fi\/","logo":{"@type":"ImageObject","inLanguage":"fi","@id":"https:\/\/vitraaz.ee\/fi\/#\/schema\/logo\/image\/","url":"https:\/\/vitraaz.ee\/wp-content\/uploads\/2022\/09\/logoKI.png","contentUrl":"https:\/\/vitraaz.ee\/wp-content\/uploads\/2022\/09\/logoKI.png","width":1159,"height":458,"caption":"KLAASINTERJ\u00d6\u00d6R O\u00dc"},"image":{"@id":"https:\/\/vitraaz.ee\/fi\/#\/schema\/logo\/image\/"},"sameAs":["https:\/\/www.facebook.com\/Klaasinterjoor"]}]}},"_links":{"self":[{"href":"https:\/\/vitraaz.ee\/fi\/wp-json\/wp\/v2\/product\/2788","targetHints":{"allow":["GET"]}}],"collection":[{"href":"https:\/\/vitraaz.ee\/fi\/wp-json\/wp\/v2\/product"}],"about":[{"href":"https:\/\/vitraaz.ee\/fi\/wp-json\/wp\/v2\/types\/product"}],"version-history":[{"count":2,"href":"https:\/\/vitraaz.ee\/fi\/wp-json\/wp\/v2\/product\/2788\/revisions"}],"predecessor-version":[{"id":8564,"href":"https:\/\/vitraaz.ee\/fi\/wp-json\/wp\/v2\/product\/2788\/revisions\/8564"}],"wp:featuredmedia":[{"embeddable":true,"href":"https:\/\/vitraaz.ee\/fi\/wp-json\/wp\/v2\/media\/2965"}],"wp:attachment":[{"href":"https:\/\/vitraaz.ee\/fi\/wp-json\/wp\/v2\/media?parent=2788"}],"wp:term":[{"taxonomy":"product_brand","embeddable":true,"href":"https:\/\/vitraaz.ee\/fi\/wp-json\/wp\/v2\/product_brand?post=2788"},{"taxonomy":"product_cat","embeddable":true,"href":"https:\/\/vitraaz.ee\/fi\/wp-json\/wp\/v2\/product_cat?post=2788"},{"taxonomy":"product_tag","embeddable":true,"href":"https:\/\/vitraaz.ee\/fi\/wp-json\/wp\/v2\/product_tag?post=2788"}],"curies":[{"name":"wp","href":"https:\/\/api.w.org\/{rel}","templated":true}]}}