{"id":2782,"date":"2022-10-05T23:55:11","date_gmt":"2022-10-05T23:55:11","guid":{"rendered":"https:\/\/vitraaz.ee\/?post_type=product&#038;p=2782"},"modified":"2024-07-17T08:27:25","modified_gmt":"2024-07-17T08:27:25","slug":"klaasist-kaeehe-nahast-rihmaga","status":"publish","type":"product","link":"https:\/\/vitraaz.ee\/fi\/toode\/klaasist-kaeehe-nahast-rihmaga\/","title":{"rendered":"Klaasist k\u00e4eehe nahast rihmaga"},"content":{"rendered":"<p>Ehtel on tumedam bee\u017eist seemisnahast rihm, mida kaunistab stiilselt l\u00e4ikiv klaasist element. Musta klaasdetaili m\u00f5\u00f5t 3,8&#215;3,8 cm. Rihma laius 2 cm. Rihm kinnitub \u00fcmber k\u00e4e trukiga. \u0161ikk aksessuaar nii peole kui kandmiseks argip\u00e4eval. Klaasist randmeehe sobib kandjale k\u00e4e\u00fcmberm\u00f5\u00f5duga kuni 17 cm, M\u00f5\u00f5tmiseks v\u00f5ta abiks n\u00e4iteks pael. M\u00f5\u00f5da oma k\u00e4si randmest veidi k\u00f5rgemalt, sealt, kus kannaksid k\u00e4ekella. Vaata, et\u00a0 pael ei pigista ja aseta pael joonlauale.<\/p>\n","protected":false},"excerpt":{"rendered":"<p>Ehtel on tumedam bee\u017eist seemisnahast rihm, mida kaunistab stiilselt l\u00e4ikiv klaasist element. Musta klaasdetaili m\u00f5\u00f5t 3,8&#215;3,8 cm. Rihma laius 2 cm. Rihm kinnitub \u00fcmber k\u00e4e trukiga. \u0161ikk aksessuaar nii peole kui kandmiseks argip\u00e4eval. Klaasist randmeehe sobib kandjale k\u00e4e\u00fcmberm\u00f5\u00f5duga kuni 17 cm, M\u00f5\u00f5tmiseks v\u00f5ta abiks n\u00e4iteks pael. M\u00f5\u00f5da oma k\u00e4si randmest veidi k\u00f5rgemalt, sealt, kus kannaksid [&hellip;]<\/p>\n","protected":false},"featured_media":2892,"template":"","meta":{"_acf_changed":false},"product_brand":[],"product_cat":[39],"product_tag":[],"class_list":{"0":"post-2782","1":"product","2":"type-product","3":"status-publish","4":"has-post-thumbnail","6":"product_cat-ehted","8":"first","9":"instock","10":"taxable","11":"shipping-taxable","12":"purchasable","13":"product-type-simple"},"acf":[],"yoast_head":"<!-- This site is optimized with the Yoast SEO plugin v27.3 - https:\/\/yoast.com\/product\/yoast-seo-wordpress\/ -->\n<title>Klaasist k\u00e4eehe nahast rihmaga - Vitraaz.ee<\/title>\n<meta name=\"robots\" content=\"index, follow, max-snippet:-1, max-image-preview:large, max-video-preview:-1\" \/>\n<link rel=\"canonical\" href=\"https:\/\/vitraaz.ee\/fi\/toode\/klaasist-kaeehe-nahast-rihmaga\/\" \/>\n<meta property=\"og:locale\" content=\"fi_FI\" \/>\n<meta property=\"og:type\" content=\"article\" \/>\n<meta property=\"og:title\" content=\"Klaasist k\u00e4eehe nahast rihmaga - Vitraaz.ee\" \/>\n<meta property=\"og:description\" content=\"Ehtel on tumedam bee\u017eist seemisnahast rihm, mida kaunistab stiilselt l\u00e4ikiv klaasist element. Musta klaasdetaili m\u00f5\u00f5t 3,8&#215;3,8 cm. Rihma laius 2 cm. Rihm kinnitub \u00fcmber k\u00e4e trukiga. \u0161ikk aksessuaar nii peole kui kandmiseks argip\u00e4eval. Klaasist randmeehe sobib kandjale k\u00e4e\u00fcmberm\u00f5\u00f5duga kuni 17 cm, M\u00f5\u00f5tmiseks v\u00f5ta abiks n\u00e4iteks pael. M\u00f5\u00f5da oma k\u00e4si randmest veidi k\u00f5rgemalt, sealt, kus kannaksid [&hellip;]\" \/>\n<meta property=\"og:url\" content=\"https:\/\/vitraaz.ee\/fi\/toode\/klaasist-kaeehe-nahast-rihmaga\/\" \/>\n<meta property=\"og:site_name\" content=\"Vitraaz.ee\" \/>\n<meta property=\"article:publisher\" content=\"https:\/\/www.facebook.com\/Klaasinterjoor\" \/>\n<meta property=\"article:modified_time\" content=\"2024-07-17T08:27:25+00:00\" \/>\n<meta property=\"og:image\" content=\"https:\/\/vitraaz.ee\/wp-content\/uploads\/2022\/10\/KLBA1.jpg\" \/>\n\t<meta property=\"og:image:width\" content=\"1200\" \/>\n\t<meta property=\"og:image:height\" content=\"798\" \/>\n\t<meta property=\"og:image:type\" content=\"image\/jpeg\" \/>\n<meta name=\"twitter:card\" content=\"summary_large_image\" \/>\n<meta name=\"twitter:label1\" content=\"Arvioitu lukuaika\" \/>\n\t<meta name=\"twitter:data1\" content=\"1 minuutti\" \/>\n<script type=\"application\/ld+json\" class=\"yoast-schema-graph\">{\"@context\":\"https:\\\/\\\/schema.org\",\"@graph\":[{\"@type\":\"WebPage\",\"@id\":\"https:\\\/\\\/vitraaz.ee\\\/fi\\\/toode\\\/klaasist-kaeehe-nahast-rihmaga\\\/\",\"url\":\"https:\\\/\\\/vitraaz.ee\\\/fi\\\/toode\\\/klaasist-kaeehe-nahast-rihmaga\\\/\",\"name\":\"Klaasist k\u00e4eehe nahast rihmaga - Vitraaz.ee\",\"isPartOf\":{\"@id\":\"https:\\\/\\\/vitraaz.ee\\\/fi\\\/#website\"},\"primaryImageOfPage\":{\"@id\":\"https:\\\/\\\/vitraaz.ee\\\/fi\\\/toode\\\/klaasist-kaeehe-nahast-rihmaga\\\/#primaryimage\"},\"image\":{\"@id\":\"https:\\\/\\\/vitraaz.ee\\\/fi\\\/toode\\\/klaasist-kaeehe-nahast-rihmaga\\\/#primaryimage\"},\"thumbnailUrl\":\"https:\\\/\\\/vitraaz.ee\\\/wp-content\\\/uploads\\\/2022\\\/10\\\/KLBA1.jpg\",\"datePublished\":\"2022-10-05T23:55:11+00:00\",\"dateModified\":\"2024-07-17T08:27:25+00:00\",\"breadcrumb\":{\"@id\":\"https:\\\/\\\/vitraaz.ee\\\/fi\\\/toode\\\/klaasist-kaeehe-nahast-rihmaga\\\/#breadcrumb\"},\"inLanguage\":\"fi\",\"potentialAction\":[{\"@type\":\"ReadAction\",\"target\":[\"https:\\\/\\\/vitraaz.ee\\\/fi\\\/toode\\\/klaasist-kaeehe-nahast-rihmaga\\\/\"]}]},{\"@type\":\"ImageObject\",\"inLanguage\":\"fi\",\"@id\":\"https:\\\/\\\/vitraaz.ee\\\/fi\\\/toode\\\/klaasist-kaeehe-nahast-rihmaga\\\/#primaryimage\",\"url\":\"https:\\\/\\\/vitraaz.ee\\\/wp-content\\\/uploads\\\/2022\\\/10\\\/KLBA1.jpg\",\"contentUrl\":\"https:\\\/\\\/vitraaz.ee\\\/wp-content\\\/uploads\\\/2022\\\/10\\\/KLBA1.jpg\",\"width\":1200,\"height\":798},{\"@type\":\"BreadcrumbList\",\"@id\":\"https:\\\/\\\/vitraaz.ee\\\/fi\\\/toode\\\/klaasist-kaeehe-nahast-rihmaga\\\/#breadcrumb\",\"itemListElement\":[{\"@type\":\"ListItem\",\"position\":1,\"name\":\"Home\",\"item\":\"https:\\\/\\\/vitraaz.ee\\\/fi\\\/\"},{\"@type\":\"ListItem\",\"position\":2,\"name\":\"Pood\",\"item\":\"https:\\\/\\\/vitraaz.ee\\\/pood\\\/\"},{\"@type\":\"ListItem\",\"position\":3,\"name\":\"Klaasist k\u00e4eehe nahast rihmaga\"}]},{\"@type\":\"WebSite\",\"@id\":\"https:\\\/\\\/vitraaz.ee\\\/fi\\\/#website\",\"url\":\"https:\\\/\\\/vitraaz.ee\\\/fi\\\/\",\"name\":\"Vitraaz.ee\",\"description\":\"Klaasinterj&ouml;&ouml;r\",\"publisher\":{\"@id\":\"https:\\\/\\\/vitraaz.ee\\\/fi\\\/#organization\"},\"potentialAction\":[{\"@type\":\"SearchAction\",\"target\":{\"@type\":\"EntryPoint\",\"urlTemplate\":\"https:\\\/\\\/vitraaz.ee\\\/fi\\\/?s={search_term_string}\"},\"query-input\":{\"@type\":\"PropertyValueSpecification\",\"valueRequired\":true,\"valueName\":\"search_term_string\"}}],\"inLanguage\":\"fi\"},{\"@type\":\"Organization\",\"@id\":\"https:\\\/\\\/vitraaz.ee\\\/fi\\\/#organization\",\"name\":\"KLAASINTERJ\u00d6\u00d6R O\u00dc\",\"url\":\"https:\\\/\\\/vitraaz.ee\\\/fi\\\/\",\"logo\":{\"@type\":\"ImageObject\",\"inLanguage\":\"fi\",\"@id\":\"https:\\\/\\\/vitraaz.ee\\\/fi\\\/#\\\/schema\\\/logo\\\/image\\\/\",\"url\":\"https:\\\/\\\/vitraaz.ee\\\/wp-content\\\/uploads\\\/2022\\\/09\\\/logoKI.png\",\"contentUrl\":\"https:\\\/\\\/vitraaz.ee\\\/wp-content\\\/uploads\\\/2022\\\/09\\\/logoKI.png\",\"width\":1159,\"height\":458,\"caption\":\"KLAASINTERJ\u00d6\u00d6R O\u00dc\"},\"image\":{\"@id\":\"https:\\\/\\\/vitraaz.ee\\\/fi\\\/#\\\/schema\\\/logo\\\/image\\\/\"},\"sameAs\":[\"https:\\\/\\\/www.facebook.com\\\/Klaasinterjoor\"]}]}<\/script>\n<!-- \/ Yoast SEO plugin. -->","yoast_head_json":{"title":"Klaasist k\u00e4eehe nahast rihmaga - Vitraaz.ee","robots":{"index":"index","follow":"follow","max-snippet":"max-snippet:-1","max-image-preview":"max-image-preview:large","max-video-preview":"max-video-preview:-1"},"canonical":"https:\/\/vitraaz.ee\/fi\/toode\/klaasist-kaeehe-nahast-rihmaga\/","og_locale":"fi_FI","og_type":"article","og_title":"Klaasist k\u00e4eehe nahast rihmaga - Vitraaz.ee","og_description":"Ehtel on tumedam bee\u017eist seemisnahast rihm, mida kaunistab stiilselt l\u00e4ikiv klaasist element. Musta klaasdetaili m\u00f5\u00f5t 3,8&#215;3,8 cm. Rihma laius 2 cm. Rihm kinnitub \u00fcmber k\u00e4e trukiga. \u0161ikk aksessuaar nii peole kui kandmiseks argip\u00e4eval. Klaasist randmeehe sobib kandjale k\u00e4e\u00fcmberm\u00f5\u00f5duga kuni 17 cm, M\u00f5\u00f5tmiseks v\u00f5ta abiks n\u00e4iteks pael. M\u00f5\u00f5da oma k\u00e4si randmest veidi k\u00f5rgemalt, sealt, kus kannaksid [&hellip;]","og_url":"https:\/\/vitraaz.ee\/fi\/toode\/klaasist-kaeehe-nahast-rihmaga\/","og_site_name":"Vitraaz.ee","article_publisher":"https:\/\/www.facebook.com\/Klaasinterjoor","article_modified_time":"2024-07-17T08:27:25+00:00","og_image":[{"width":1200,"height":798,"url":"https:\/\/vitraaz.ee\/wp-content\/uploads\/2022\/10\/KLBA1.jpg","type":"image\/jpeg"}],"twitter_card":"summary_large_image","twitter_misc":{"Arvioitu lukuaika":"1 minuutti"},"schema":{"@context":"https:\/\/schema.org","@graph":[{"@type":"WebPage","@id":"https:\/\/vitraaz.ee\/fi\/toode\/klaasist-kaeehe-nahast-rihmaga\/","url":"https:\/\/vitraaz.ee\/fi\/toode\/klaasist-kaeehe-nahast-rihmaga\/","name":"Klaasist k\u00e4eehe nahast rihmaga - Vitraaz.ee","isPartOf":{"@id":"https:\/\/vitraaz.ee\/fi\/#website"},"primaryImageOfPage":{"@id":"https:\/\/vitraaz.ee\/fi\/toode\/klaasist-kaeehe-nahast-rihmaga\/#primaryimage"},"image":{"@id":"https:\/\/vitraaz.ee\/fi\/toode\/klaasist-kaeehe-nahast-rihmaga\/#primaryimage"},"thumbnailUrl":"https:\/\/vitraaz.ee\/wp-content\/uploads\/2022\/10\/KLBA1.jpg","datePublished":"2022-10-05T23:55:11+00:00","dateModified":"2024-07-17T08:27:25+00:00","breadcrumb":{"@id":"https:\/\/vitraaz.ee\/fi\/toode\/klaasist-kaeehe-nahast-rihmaga\/#breadcrumb"},"inLanguage":"fi","potentialAction":[{"@type":"ReadAction","target":["https:\/\/vitraaz.ee\/fi\/toode\/klaasist-kaeehe-nahast-rihmaga\/"]}]},{"@type":"ImageObject","inLanguage":"fi","@id":"https:\/\/vitraaz.ee\/fi\/toode\/klaasist-kaeehe-nahast-rihmaga\/#primaryimage","url":"https:\/\/vitraaz.ee\/wp-content\/uploads\/2022\/10\/KLBA1.jpg","contentUrl":"https:\/\/vitraaz.ee\/wp-content\/uploads\/2022\/10\/KLBA1.jpg","width":1200,"height":798},{"@type":"BreadcrumbList","@id":"https:\/\/vitraaz.ee\/fi\/toode\/klaasist-kaeehe-nahast-rihmaga\/#breadcrumb","itemListElement":[{"@type":"ListItem","position":1,"name":"Home","item":"https:\/\/vitraaz.ee\/fi\/"},{"@type":"ListItem","position":2,"name":"Pood","item":"https:\/\/vitraaz.ee\/pood\/"},{"@type":"ListItem","position":3,"name":"Klaasist k\u00e4eehe nahast rihmaga"}]},{"@type":"WebSite","@id":"https:\/\/vitraaz.ee\/fi\/#website","url":"https:\/\/vitraaz.ee\/fi\/","name":"Vitraaz.ee","description":"Klaasinterj&ouml;&ouml;r","publisher":{"@id":"https:\/\/vitraaz.ee\/fi\/#organization"},"potentialAction":[{"@type":"SearchAction","target":{"@type":"EntryPoint","urlTemplate":"https:\/\/vitraaz.ee\/fi\/?s={search_term_string}"},"query-input":{"@type":"PropertyValueSpecification","valueRequired":true,"valueName":"search_term_string"}}],"inLanguage":"fi"},{"@type":"Organization","@id":"https:\/\/vitraaz.ee\/fi\/#organization","name":"KLAASINTERJ\u00d6\u00d6R O\u00dc","url":"https:\/\/vitraaz.ee\/fi\/","logo":{"@type":"ImageObject","inLanguage":"fi","@id":"https:\/\/vitraaz.ee\/fi\/#\/schema\/logo\/image\/","url":"https:\/\/vitraaz.ee\/wp-content\/uploads\/2022\/09\/logoKI.png","contentUrl":"https:\/\/vitraaz.ee\/wp-content\/uploads\/2022\/09\/logoKI.png","width":1159,"height":458,"caption":"KLAASINTERJ\u00d6\u00d6R O\u00dc"},"image":{"@id":"https:\/\/vitraaz.ee\/fi\/#\/schema\/logo\/image\/"},"sameAs":["https:\/\/www.facebook.com\/Klaasinterjoor"]}]}},"_links":{"self":[{"href":"https:\/\/vitraaz.ee\/fi\/wp-json\/wp\/v2\/product\/2782","targetHints":{"allow":["GET"]}}],"collection":[{"href":"https:\/\/vitraaz.ee\/fi\/wp-json\/wp\/v2\/product"}],"about":[{"href":"https:\/\/vitraaz.ee\/fi\/wp-json\/wp\/v2\/types\/product"}],"version-history":[{"count":0,"href":"https:\/\/vitraaz.ee\/fi\/wp-json\/wp\/v2\/product\/2782\/revisions"}],"wp:featuredmedia":[{"embeddable":true,"href":"https:\/\/vitraaz.ee\/fi\/wp-json\/wp\/v2\/media\/2892"}],"wp:attachment":[{"href":"https:\/\/vitraaz.ee\/fi\/wp-json\/wp\/v2\/media?parent=2782"}],"wp:term":[{"taxonomy":"product_brand","embeddable":true,"href":"https:\/\/vitraaz.ee\/fi\/wp-json\/wp\/v2\/product_brand?post=2782"},{"taxonomy":"product_cat","embeddable":true,"href":"https:\/\/vitraaz.ee\/fi\/wp-json\/wp\/v2\/product_cat?post=2782"},{"taxonomy":"product_tag","embeddable":true,"href":"https:\/\/vitraaz.ee\/fi\/wp-json\/wp\/v2\/product_tag?post=2782"}],"curies":[{"name":"wp","href":"https:\/\/api.w.org\/{rel}","templated":true}]}}