{"id":2668,"date":"2022-10-05T23:54:50","date_gmt":"2022-10-05T23:54:50","guid":{"rendered":"https:\/\/vitraaz.ee\/?post_type=product&#038;p=2668"},"modified":"2024-07-17T08:38:51","modified_gmt":"2024-07-17T08:38:51","slug":"neutraalsetes-toonides-kaeehe","status":"publish","type":"product","link":"https:\/\/vitraaz.ee\/fi\/toode\/neutraalsetes-toonides-kaeehe\/","title":{"rendered":"Neutraalsetes toonides k\u00e4eehe"},"content":{"rendered":"<p>Neutraalsetes toonides k\u00e4eehe on l\u00e4bipaistvast, valgest ja pruunikast klaasist elementidega k\u00e4eehe bee\u017ei topeltrihmaga. Ehte rihm on pehmest ja naturaalsest seemisnahast. Rihma laius 1,5 cm.\u00a0 K\u00e4ev\u00f5ru kaunistavad kolm erinevas suuruses klaasist elemendid. Rihm on kinnitatav trukiga. Rihm sobib k\u00e4ele \u00fcmberm\u00f5\u00f5duga 17 cm.<\/p>\n","protected":false},"excerpt":{"rendered":"<p>Neutraalsetes toonides k\u00e4eehe on l\u00e4bipaistvast, valgest ja pruunikast klaasist elementidega k\u00e4eehe bee\u017ei topeltrihmaga. Ehte rihm on pehmest ja naturaalsest seemisnahast. Rihma laius 1,5 cm.\u00a0 K\u00e4ev\u00f5ru kaunistavad kolm erinevas suuruses klaasist elemendid. Rihm on kinnitatav trukiga. Rihm sobib k\u00e4ele \u00fcmberm\u00f5\u00f5duga 17 cm.<\/p>\n","protected":false},"featured_media":2873,"template":"","meta":{"_acf_changed":false},"product_brand":[],"product_cat":[39],"product_tag":[79],"class_list":{"0":"post-2668","1":"product","2":"type-product","3":"status-publish","4":"has-post-thumbnail","6":"product_cat-ehted","7":"product_tag-kaeehe","9":"first","10":"instock","11":"taxable","12":"shipping-taxable","13":"purchasable","14":"product-type-simple"},"acf":[],"yoast_head":"<!-- This site is optimized with the Yoast SEO plugin v27.3 - https:\/\/yoast.com\/product\/yoast-seo-wordpress\/ -->\n<title>Neutraalsetes toonides k\u00e4eehe - Vitraaz.ee<\/title>\n<meta name=\"description\" content=\"Neutraalsetes toonides k\u00e4eehe on l\u00e4bipaistvast, valgest ja pruunikast klaasist elementidega k\u00e4eehe bee\u017ei topeltrihmaga. Seemisnahast rihma laius 1,5 cm.\u00a0\" \/>\n<meta name=\"robots\" content=\"index, follow, max-snippet:-1, max-image-preview:large, max-video-preview:-1\" \/>\n<link rel=\"canonical\" href=\"https:\/\/vitraaz.ee\/fi\/toode\/neutraalsetes-toonides-kaeehe\/\" \/>\n<meta property=\"og:locale\" content=\"fi_FI\" \/>\n<meta property=\"og:type\" content=\"article\" \/>\n<meta property=\"og:title\" content=\"Neutraalsetes toonides k\u00e4eehe - Vitraaz.ee\" \/>\n<meta property=\"og:description\" content=\"Neutraalsetes toonides k\u00e4eehe on l\u00e4bipaistvast, valgest ja pruunikast klaasist elementidega k\u00e4eehe bee\u017ei topeltrihmaga. Seemisnahast rihma laius 1,5 cm.\u00a0\" \/>\n<meta property=\"og:url\" content=\"https:\/\/vitraaz.ee\/fi\/toode\/neutraalsetes-toonides-kaeehe\/\" \/>\n<meta property=\"og:site_name\" content=\"Vitraaz.ee\" \/>\n<meta property=\"article:publisher\" content=\"https:\/\/www.facebook.com\/Klaasinterjoor\" \/>\n<meta property=\"article:modified_time\" content=\"2024-07-17T08:38:51+00:00\" \/>\n<meta property=\"og:image\" content=\"https:\/\/vitraaz.ee\/wp-content\/uploads\/2022\/10\/KLB3.jpg\" \/>\n\t<meta property=\"og:image:width\" content=\"557\" \/>\n\t<meta property=\"og:image:height\" content=\"798\" \/>\n\t<meta property=\"og:image:type\" content=\"image\/jpeg\" \/>\n<meta name=\"twitter:card\" content=\"summary_large_image\" \/>\n<meta name=\"twitter:label1\" content=\"Arvioitu lukuaika\" \/>\n\t<meta name=\"twitter:data1\" content=\"1 minuutti\" \/>\n<script type=\"application\/ld+json\" class=\"yoast-schema-graph\">{\"@context\":\"https:\\\/\\\/schema.org\",\"@graph\":[{\"@type\":\"WebPage\",\"@id\":\"https:\\\/\\\/vitraaz.ee\\\/fi\\\/toode\\\/neutraalsetes-toonides-kaeehe\\\/\",\"url\":\"https:\\\/\\\/vitraaz.ee\\\/fi\\\/toode\\\/neutraalsetes-toonides-kaeehe\\\/\",\"name\":\"Neutraalsetes toonides k\u00e4eehe - Vitraaz.ee\",\"isPartOf\":{\"@id\":\"https:\\\/\\\/vitraaz.ee\\\/fi\\\/#website\"},\"primaryImageOfPage\":{\"@id\":\"https:\\\/\\\/vitraaz.ee\\\/fi\\\/toode\\\/neutraalsetes-toonides-kaeehe\\\/#primaryimage\"},\"image\":{\"@id\":\"https:\\\/\\\/vitraaz.ee\\\/fi\\\/toode\\\/neutraalsetes-toonides-kaeehe\\\/#primaryimage\"},\"thumbnailUrl\":\"https:\\\/\\\/vitraaz.ee\\\/wp-content\\\/uploads\\\/2022\\\/10\\\/KLB3.jpg\",\"datePublished\":\"2022-10-05T23:54:50+00:00\",\"dateModified\":\"2024-07-17T08:38:51+00:00\",\"description\":\"Neutraalsetes toonides k\u00e4eehe on l\u00e4bipaistvast, valgest ja pruunikast klaasist elementidega k\u00e4eehe bee\u017ei topeltrihmaga. Seemisnahast rihma laius 1,5 cm.\u00a0\",\"breadcrumb\":{\"@id\":\"https:\\\/\\\/vitraaz.ee\\\/fi\\\/toode\\\/neutraalsetes-toonides-kaeehe\\\/#breadcrumb\"},\"inLanguage\":\"fi\",\"potentialAction\":[{\"@type\":\"ReadAction\",\"target\":[\"https:\\\/\\\/vitraaz.ee\\\/fi\\\/toode\\\/neutraalsetes-toonides-kaeehe\\\/\"]}]},{\"@type\":\"ImageObject\",\"inLanguage\":\"fi\",\"@id\":\"https:\\\/\\\/vitraaz.ee\\\/fi\\\/toode\\\/neutraalsetes-toonides-kaeehe\\\/#primaryimage\",\"url\":\"https:\\\/\\\/vitraaz.ee\\\/wp-content\\\/uploads\\\/2022\\\/10\\\/KLB3.jpg\",\"contentUrl\":\"https:\\\/\\\/vitraaz.ee\\\/wp-content\\\/uploads\\\/2022\\\/10\\\/KLB3.jpg\",\"width\":557,\"height\":798},{\"@type\":\"BreadcrumbList\",\"@id\":\"https:\\\/\\\/vitraaz.ee\\\/fi\\\/toode\\\/neutraalsetes-toonides-kaeehe\\\/#breadcrumb\",\"itemListElement\":[{\"@type\":\"ListItem\",\"position\":1,\"name\":\"Home\",\"item\":\"https:\\\/\\\/vitraaz.ee\\\/fi\\\/\"},{\"@type\":\"ListItem\",\"position\":2,\"name\":\"Pood\",\"item\":\"https:\\\/\\\/vitraaz.ee\\\/pood\\\/\"},{\"@type\":\"ListItem\",\"position\":3,\"name\":\"Neutraalsetes toonides k\u00e4eehe\"}]},{\"@type\":\"WebSite\",\"@id\":\"https:\\\/\\\/vitraaz.ee\\\/fi\\\/#website\",\"url\":\"https:\\\/\\\/vitraaz.ee\\\/fi\\\/\",\"name\":\"Vitraaz.ee\",\"description\":\"Klaasinterj&ouml;&ouml;r\",\"publisher\":{\"@id\":\"https:\\\/\\\/vitraaz.ee\\\/fi\\\/#organization\"},\"potentialAction\":[{\"@type\":\"SearchAction\",\"target\":{\"@type\":\"EntryPoint\",\"urlTemplate\":\"https:\\\/\\\/vitraaz.ee\\\/fi\\\/?s={search_term_string}\"},\"query-input\":{\"@type\":\"PropertyValueSpecification\",\"valueRequired\":true,\"valueName\":\"search_term_string\"}}],\"inLanguage\":\"fi\"},{\"@type\":\"Organization\",\"@id\":\"https:\\\/\\\/vitraaz.ee\\\/fi\\\/#organization\",\"name\":\"KLAASINTERJ\u00d6\u00d6R O\u00dc\",\"url\":\"https:\\\/\\\/vitraaz.ee\\\/fi\\\/\",\"logo\":{\"@type\":\"ImageObject\",\"inLanguage\":\"fi\",\"@id\":\"https:\\\/\\\/vitraaz.ee\\\/fi\\\/#\\\/schema\\\/logo\\\/image\\\/\",\"url\":\"https:\\\/\\\/vitraaz.ee\\\/wp-content\\\/uploads\\\/2022\\\/09\\\/logoKI.png\",\"contentUrl\":\"https:\\\/\\\/vitraaz.ee\\\/wp-content\\\/uploads\\\/2022\\\/09\\\/logoKI.png\",\"width\":1159,\"height\":458,\"caption\":\"KLAASINTERJ\u00d6\u00d6R O\u00dc\"},\"image\":{\"@id\":\"https:\\\/\\\/vitraaz.ee\\\/fi\\\/#\\\/schema\\\/logo\\\/image\\\/\"},\"sameAs\":[\"https:\\\/\\\/www.facebook.com\\\/Klaasinterjoor\"]}]}<\/script>\n<!-- \/ Yoast SEO plugin. -->","yoast_head_json":{"title":"Neutraalsetes toonides k\u00e4eehe - Vitraaz.ee","description":"Neutraalsetes toonides k\u00e4eehe on l\u00e4bipaistvast, valgest ja pruunikast klaasist elementidega k\u00e4eehe bee\u017ei topeltrihmaga. Seemisnahast rihma laius 1,5 cm.\u00a0","robots":{"index":"index","follow":"follow","max-snippet":"max-snippet:-1","max-image-preview":"max-image-preview:large","max-video-preview":"max-video-preview:-1"},"canonical":"https:\/\/vitraaz.ee\/fi\/toode\/neutraalsetes-toonides-kaeehe\/","og_locale":"fi_FI","og_type":"article","og_title":"Neutraalsetes toonides k\u00e4eehe - Vitraaz.ee","og_description":"Neutraalsetes toonides k\u00e4eehe on l\u00e4bipaistvast, valgest ja pruunikast klaasist elementidega k\u00e4eehe bee\u017ei topeltrihmaga. Seemisnahast rihma laius 1,5 cm.\u00a0","og_url":"https:\/\/vitraaz.ee\/fi\/toode\/neutraalsetes-toonides-kaeehe\/","og_site_name":"Vitraaz.ee","article_publisher":"https:\/\/www.facebook.com\/Klaasinterjoor","article_modified_time":"2024-07-17T08:38:51+00:00","og_image":[{"width":557,"height":798,"url":"https:\/\/vitraaz.ee\/wp-content\/uploads\/2022\/10\/KLB3.jpg","type":"image\/jpeg"}],"twitter_card":"summary_large_image","twitter_misc":{"Arvioitu lukuaika":"1 minuutti"},"schema":{"@context":"https:\/\/schema.org","@graph":[{"@type":"WebPage","@id":"https:\/\/vitraaz.ee\/fi\/toode\/neutraalsetes-toonides-kaeehe\/","url":"https:\/\/vitraaz.ee\/fi\/toode\/neutraalsetes-toonides-kaeehe\/","name":"Neutraalsetes toonides k\u00e4eehe - Vitraaz.ee","isPartOf":{"@id":"https:\/\/vitraaz.ee\/fi\/#website"},"primaryImageOfPage":{"@id":"https:\/\/vitraaz.ee\/fi\/toode\/neutraalsetes-toonides-kaeehe\/#primaryimage"},"image":{"@id":"https:\/\/vitraaz.ee\/fi\/toode\/neutraalsetes-toonides-kaeehe\/#primaryimage"},"thumbnailUrl":"https:\/\/vitraaz.ee\/wp-content\/uploads\/2022\/10\/KLB3.jpg","datePublished":"2022-10-05T23:54:50+00:00","dateModified":"2024-07-17T08:38:51+00:00","description":"Neutraalsetes toonides k\u00e4eehe on l\u00e4bipaistvast, valgest ja pruunikast klaasist elementidega k\u00e4eehe bee\u017ei topeltrihmaga. Seemisnahast rihma laius 1,5 cm.\u00a0","breadcrumb":{"@id":"https:\/\/vitraaz.ee\/fi\/toode\/neutraalsetes-toonides-kaeehe\/#breadcrumb"},"inLanguage":"fi","potentialAction":[{"@type":"ReadAction","target":["https:\/\/vitraaz.ee\/fi\/toode\/neutraalsetes-toonides-kaeehe\/"]}]},{"@type":"ImageObject","inLanguage":"fi","@id":"https:\/\/vitraaz.ee\/fi\/toode\/neutraalsetes-toonides-kaeehe\/#primaryimage","url":"https:\/\/vitraaz.ee\/wp-content\/uploads\/2022\/10\/KLB3.jpg","contentUrl":"https:\/\/vitraaz.ee\/wp-content\/uploads\/2022\/10\/KLB3.jpg","width":557,"height":798},{"@type":"BreadcrumbList","@id":"https:\/\/vitraaz.ee\/fi\/toode\/neutraalsetes-toonides-kaeehe\/#breadcrumb","itemListElement":[{"@type":"ListItem","position":1,"name":"Home","item":"https:\/\/vitraaz.ee\/fi\/"},{"@type":"ListItem","position":2,"name":"Pood","item":"https:\/\/vitraaz.ee\/pood\/"},{"@type":"ListItem","position":3,"name":"Neutraalsetes toonides k\u00e4eehe"}]},{"@type":"WebSite","@id":"https:\/\/vitraaz.ee\/fi\/#website","url":"https:\/\/vitraaz.ee\/fi\/","name":"Vitraaz.ee","description":"Klaasinterj&ouml;&ouml;r","publisher":{"@id":"https:\/\/vitraaz.ee\/fi\/#organization"},"potentialAction":[{"@type":"SearchAction","target":{"@type":"EntryPoint","urlTemplate":"https:\/\/vitraaz.ee\/fi\/?s={search_term_string}"},"query-input":{"@type":"PropertyValueSpecification","valueRequired":true,"valueName":"search_term_string"}}],"inLanguage":"fi"},{"@type":"Organization","@id":"https:\/\/vitraaz.ee\/fi\/#organization","name":"KLAASINTERJ\u00d6\u00d6R O\u00dc","url":"https:\/\/vitraaz.ee\/fi\/","logo":{"@type":"ImageObject","inLanguage":"fi","@id":"https:\/\/vitraaz.ee\/fi\/#\/schema\/logo\/image\/","url":"https:\/\/vitraaz.ee\/wp-content\/uploads\/2022\/09\/logoKI.png","contentUrl":"https:\/\/vitraaz.ee\/wp-content\/uploads\/2022\/09\/logoKI.png","width":1159,"height":458,"caption":"KLAASINTERJ\u00d6\u00d6R O\u00dc"},"image":{"@id":"https:\/\/vitraaz.ee\/fi\/#\/schema\/logo\/image\/"},"sameAs":["https:\/\/www.facebook.com\/Klaasinterjoor"]}]}},"_links":{"self":[{"href":"https:\/\/vitraaz.ee\/fi\/wp-json\/wp\/v2\/product\/2668","targetHints":{"allow":["GET"]}}],"collection":[{"href":"https:\/\/vitraaz.ee\/fi\/wp-json\/wp\/v2\/product"}],"about":[{"href":"https:\/\/vitraaz.ee\/fi\/wp-json\/wp\/v2\/types\/product"}],"version-history":[{"count":0,"href":"https:\/\/vitraaz.ee\/fi\/wp-json\/wp\/v2\/product\/2668\/revisions"}],"wp:featuredmedia":[{"embeddable":true,"href":"https:\/\/vitraaz.ee\/fi\/wp-json\/wp\/v2\/media\/2873"}],"wp:attachment":[{"href":"https:\/\/vitraaz.ee\/fi\/wp-json\/wp\/v2\/media?parent=2668"}],"wp:term":[{"taxonomy":"product_brand","embeddable":true,"href":"https:\/\/vitraaz.ee\/fi\/wp-json\/wp\/v2\/product_brand?post=2668"},{"taxonomy":"product_cat","embeddable":true,"href":"https:\/\/vitraaz.ee\/fi\/wp-json\/wp\/v2\/product_cat?post=2668"},{"taxonomy":"product_tag","embeddable":true,"href":"https:\/\/vitraaz.ee\/fi\/wp-json\/wp\/v2\/product_tag?post=2668"}],"curies":[{"name":"wp","href":"https:\/\/api.w.org\/{rel}","templated":true}]}}