{"id":2666,"date":"2022-10-05T23:54:50","date_gmt":"2022-10-05T23:54:50","guid":{"rendered":"https:\/\/vitraaz.ee\/?post_type=product&#038;p=2666"},"modified":"2024-07-17T08:35:35","modified_gmt":"2024-07-17T08:35:35","slug":"sininisest-ja-valgest-klaasist-kaeehe","status":"publish","type":"product","link":"https:\/\/vitraaz.ee\/fi\/toode\/sininisest-ja-valgest-klaasist-kaeehe\/","title":{"rendered":"Sininisest ja valgest klaasist k\u00e4eehe"},"content":{"rendered":"<p>Sininisest ja valgest klaasist k\u00e4eehe on j\u00f5uline k\u00e4eehe mida kaunistavad kuus valgest ja sinisest klaasist elementi. K\u00e4ev\u00f5ru rihm k\u00e4ib \u00fcmber k\u00e4e kaks korda ja sobib kandjale randme\u00fcmberm\u00f5\u00f5duga 16 cm. Naturaalsest nahast rihma laius 1,5 cm. Rihm kinnitub trukiga.<\/p>\n","protected":false},"excerpt":{"rendered":"<p>Sininisest ja valgest klaasist k\u00e4eehe on j\u00f5uline k\u00e4eehe mida kaunistavad kuus valgest ja sinisest klaasist elementi. K\u00e4ev\u00f5ru rihm k\u00e4ib \u00fcmber k\u00e4e kaks korda ja sobib kandjale randme\u00fcmberm\u00f5\u00f5duga 16 cm. Naturaalsest nahast rihma laius 1,5 cm. Rihm kinnitub trukiga.<\/p>\n","protected":false},"featured_media":2859,"template":"","meta":{"_acf_changed":false},"product_brand":[],"product_cat":[39],"product_tag":[79],"class_list":{"0":"post-2666","1":"product","2":"type-product","3":"status-publish","4":"has-post-thumbnail","6":"product_cat-ehted","7":"product_tag-kaeehe","9":"first","10":"instock","11":"taxable","12":"shipping-taxable","13":"purchasable","14":"product-type-simple"},"acf":[],"yoast_head":"<!-- This site is optimized with the Yoast SEO plugin v27.3 - https:\/\/yoast.com\/product\/yoast-seo-wordpress\/ -->\n<title>Sininisest ja valgest klaasist k\u00e4eehe - Vitraaz.ee<\/title>\n<meta name=\"description\" content=\"Sininisest ja valgest klaasist k\u00e4eehe on j\u00f5uline k\u00e4eehe mida kaunistavad kuus valgest ja sinisest klaasist elementi. Naturaalsest nahast rihma laius 1,5 cm.\" \/>\n<meta name=\"robots\" content=\"index, follow, max-snippet:-1, max-image-preview:large, max-video-preview:-1\" \/>\n<link rel=\"canonical\" href=\"https:\/\/vitraaz.ee\/fi\/toode\/sininisest-ja-valgest-klaasist-kaeehe\/\" \/>\n<meta property=\"og:locale\" content=\"fi_FI\" \/>\n<meta property=\"og:type\" content=\"article\" \/>\n<meta property=\"og:title\" content=\"Sininisest ja valgest klaasist k\u00e4eehe - Vitraaz.ee\" \/>\n<meta property=\"og:description\" content=\"Sininisest ja valgest klaasist k\u00e4eehe on j\u00f5uline k\u00e4eehe mida kaunistavad kuus valgest ja sinisest klaasist elementi. Naturaalsest nahast rihma laius 1,5 cm.\" \/>\n<meta property=\"og:url\" content=\"https:\/\/vitraaz.ee\/fi\/toode\/sininisest-ja-valgest-klaasist-kaeehe\/\" \/>\n<meta property=\"og:site_name\" content=\"Vitraaz.ee\" \/>\n<meta property=\"article:publisher\" content=\"https:\/\/www.facebook.com\/Klaasinterjoor\" \/>\n<meta property=\"article:modified_time\" content=\"2024-07-17T08:35:35+00:00\" \/>\n<meta property=\"og:image\" content=\"https:\/\/vitraaz.ee\/wp-content\/uploads\/2022\/10\/KLsinineKo1.jpg\" \/>\n\t<meta property=\"og:image:width\" content=\"531\" \/>\n\t<meta property=\"og:image:height\" content=\"798\" \/>\n\t<meta property=\"og:image:type\" content=\"image\/jpeg\" \/>\n<meta name=\"twitter:card\" content=\"summary_large_image\" \/>\n<meta name=\"twitter:label1\" content=\"Arvioitu lukuaika\" \/>\n\t<meta name=\"twitter:data1\" content=\"1 minuutti\" \/>\n<script type=\"application\/ld+json\" class=\"yoast-schema-graph\">{\"@context\":\"https:\\\/\\\/schema.org\",\"@graph\":[{\"@type\":\"WebPage\",\"@id\":\"https:\\\/\\\/vitraaz.ee\\\/fi\\\/toode\\\/sininisest-ja-valgest-klaasist-kaeehe\\\/\",\"url\":\"https:\\\/\\\/vitraaz.ee\\\/fi\\\/toode\\\/sininisest-ja-valgest-klaasist-kaeehe\\\/\",\"name\":\"Sininisest ja valgest klaasist k\u00e4eehe - Vitraaz.ee\",\"isPartOf\":{\"@id\":\"https:\\\/\\\/vitraaz.ee\\\/fi\\\/#website\"},\"primaryImageOfPage\":{\"@id\":\"https:\\\/\\\/vitraaz.ee\\\/fi\\\/toode\\\/sininisest-ja-valgest-klaasist-kaeehe\\\/#primaryimage\"},\"image\":{\"@id\":\"https:\\\/\\\/vitraaz.ee\\\/fi\\\/toode\\\/sininisest-ja-valgest-klaasist-kaeehe\\\/#primaryimage\"},\"thumbnailUrl\":\"https:\\\/\\\/vitraaz.ee\\\/wp-content\\\/uploads\\\/2022\\\/10\\\/KLsinineKo1.jpg\",\"datePublished\":\"2022-10-05T23:54:50+00:00\",\"dateModified\":\"2024-07-17T08:35:35+00:00\",\"description\":\"Sininisest ja valgest klaasist k\u00e4eehe on j\u00f5uline k\u00e4eehe mida kaunistavad kuus valgest ja sinisest klaasist elementi. Naturaalsest nahast rihma laius 1,5 cm.\",\"breadcrumb\":{\"@id\":\"https:\\\/\\\/vitraaz.ee\\\/fi\\\/toode\\\/sininisest-ja-valgest-klaasist-kaeehe\\\/#breadcrumb\"},\"inLanguage\":\"fi\",\"potentialAction\":[{\"@type\":\"ReadAction\",\"target\":[\"https:\\\/\\\/vitraaz.ee\\\/fi\\\/toode\\\/sininisest-ja-valgest-klaasist-kaeehe\\\/\"]}]},{\"@type\":\"ImageObject\",\"inLanguage\":\"fi\",\"@id\":\"https:\\\/\\\/vitraaz.ee\\\/fi\\\/toode\\\/sininisest-ja-valgest-klaasist-kaeehe\\\/#primaryimage\",\"url\":\"https:\\\/\\\/vitraaz.ee\\\/wp-content\\\/uploads\\\/2022\\\/10\\\/KLsinineKo1.jpg\",\"contentUrl\":\"https:\\\/\\\/vitraaz.ee\\\/wp-content\\\/uploads\\\/2022\\\/10\\\/KLsinineKo1.jpg\",\"width\":531,\"height\":798},{\"@type\":\"BreadcrumbList\",\"@id\":\"https:\\\/\\\/vitraaz.ee\\\/fi\\\/toode\\\/sininisest-ja-valgest-klaasist-kaeehe\\\/#breadcrumb\",\"itemListElement\":[{\"@type\":\"ListItem\",\"position\":1,\"name\":\"Home\",\"item\":\"https:\\\/\\\/vitraaz.ee\\\/fi\\\/\"},{\"@type\":\"ListItem\",\"position\":2,\"name\":\"Pood\",\"item\":\"https:\\\/\\\/vitraaz.ee\\\/pood\\\/\"},{\"@type\":\"ListItem\",\"position\":3,\"name\":\"Sininisest ja valgest klaasist k\u00e4eehe\"}]},{\"@type\":\"WebSite\",\"@id\":\"https:\\\/\\\/vitraaz.ee\\\/fi\\\/#website\",\"url\":\"https:\\\/\\\/vitraaz.ee\\\/fi\\\/\",\"name\":\"Vitraaz.ee\",\"description\":\"Klaasinterj&ouml;&ouml;r\",\"publisher\":{\"@id\":\"https:\\\/\\\/vitraaz.ee\\\/fi\\\/#organization\"},\"potentialAction\":[{\"@type\":\"SearchAction\",\"target\":{\"@type\":\"EntryPoint\",\"urlTemplate\":\"https:\\\/\\\/vitraaz.ee\\\/fi\\\/?s={search_term_string}\"},\"query-input\":{\"@type\":\"PropertyValueSpecification\",\"valueRequired\":true,\"valueName\":\"search_term_string\"}}],\"inLanguage\":\"fi\"},{\"@type\":\"Organization\",\"@id\":\"https:\\\/\\\/vitraaz.ee\\\/fi\\\/#organization\",\"name\":\"KLAASINTERJ\u00d6\u00d6R O\u00dc\",\"url\":\"https:\\\/\\\/vitraaz.ee\\\/fi\\\/\",\"logo\":{\"@type\":\"ImageObject\",\"inLanguage\":\"fi\",\"@id\":\"https:\\\/\\\/vitraaz.ee\\\/fi\\\/#\\\/schema\\\/logo\\\/image\\\/\",\"url\":\"https:\\\/\\\/vitraaz.ee\\\/wp-content\\\/uploads\\\/2022\\\/09\\\/logoKI.png\",\"contentUrl\":\"https:\\\/\\\/vitraaz.ee\\\/wp-content\\\/uploads\\\/2022\\\/09\\\/logoKI.png\",\"width\":1159,\"height\":458,\"caption\":\"KLAASINTERJ\u00d6\u00d6R O\u00dc\"},\"image\":{\"@id\":\"https:\\\/\\\/vitraaz.ee\\\/fi\\\/#\\\/schema\\\/logo\\\/image\\\/\"},\"sameAs\":[\"https:\\\/\\\/www.facebook.com\\\/Klaasinterjoor\"]}]}<\/script>\n<!-- \/ Yoast SEO plugin. -->","yoast_head_json":{"title":"Sininisest ja valgest klaasist k\u00e4eehe - Vitraaz.ee","description":"Sininisest ja valgest klaasist k\u00e4eehe on j\u00f5uline k\u00e4eehe mida kaunistavad kuus valgest ja sinisest klaasist elementi. Naturaalsest nahast rihma laius 1,5 cm.","robots":{"index":"index","follow":"follow","max-snippet":"max-snippet:-1","max-image-preview":"max-image-preview:large","max-video-preview":"max-video-preview:-1"},"canonical":"https:\/\/vitraaz.ee\/fi\/toode\/sininisest-ja-valgest-klaasist-kaeehe\/","og_locale":"fi_FI","og_type":"article","og_title":"Sininisest ja valgest klaasist k\u00e4eehe - Vitraaz.ee","og_description":"Sininisest ja valgest klaasist k\u00e4eehe on j\u00f5uline k\u00e4eehe mida kaunistavad kuus valgest ja sinisest klaasist elementi. Naturaalsest nahast rihma laius 1,5 cm.","og_url":"https:\/\/vitraaz.ee\/fi\/toode\/sininisest-ja-valgest-klaasist-kaeehe\/","og_site_name":"Vitraaz.ee","article_publisher":"https:\/\/www.facebook.com\/Klaasinterjoor","article_modified_time":"2024-07-17T08:35:35+00:00","og_image":[{"width":531,"height":798,"url":"https:\/\/vitraaz.ee\/wp-content\/uploads\/2022\/10\/KLsinineKo1.jpg","type":"image\/jpeg"}],"twitter_card":"summary_large_image","twitter_misc":{"Arvioitu lukuaika":"1 minuutti"},"schema":{"@context":"https:\/\/schema.org","@graph":[{"@type":"WebPage","@id":"https:\/\/vitraaz.ee\/fi\/toode\/sininisest-ja-valgest-klaasist-kaeehe\/","url":"https:\/\/vitraaz.ee\/fi\/toode\/sininisest-ja-valgest-klaasist-kaeehe\/","name":"Sininisest ja valgest klaasist k\u00e4eehe - Vitraaz.ee","isPartOf":{"@id":"https:\/\/vitraaz.ee\/fi\/#website"},"primaryImageOfPage":{"@id":"https:\/\/vitraaz.ee\/fi\/toode\/sininisest-ja-valgest-klaasist-kaeehe\/#primaryimage"},"image":{"@id":"https:\/\/vitraaz.ee\/fi\/toode\/sininisest-ja-valgest-klaasist-kaeehe\/#primaryimage"},"thumbnailUrl":"https:\/\/vitraaz.ee\/wp-content\/uploads\/2022\/10\/KLsinineKo1.jpg","datePublished":"2022-10-05T23:54:50+00:00","dateModified":"2024-07-17T08:35:35+00:00","description":"Sininisest ja valgest klaasist k\u00e4eehe on j\u00f5uline k\u00e4eehe mida kaunistavad kuus valgest ja sinisest klaasist elementi. Naturaalsest nahast rihma laius 1,5 cm.","breadcrumb":{"@id":"https:\/\/vitraaz.ee\/fi\/toode\/sininisest-ja-valgest-klaasist-kaeehe\/#breadcrumb"},"inLanguage":"fi","potentialAction":[{"@type":"ReadAction","target":["https:\/\/vitraaz.ee\/fi\/toode\/sininisest-ja-valgest-klaasist-kaeehe\/"]}]},{"@type":"ImageObject","inLanguage":"fi","@id":"https:\/\/vitraaz.ee\/fi\/toode\/sininisest-ja-valgest-klaasist-kaeehe\/#primaryimage","url":"https:\/\/vitraaz.ee\/wp-content\/uploads\/2022\/10\/KLsinineKo1.jpg","contentUrl":"https:\/\/vitraaz.ee\/wp-content\/uploads\/2022\/10\/KLsinineKo1.jpg","width":531,"height":798},{"@type":"BreadcrumbList","@id":"https:\/\/vitraaz.ee\/fi\/toode\/sininisest-ja-valgest-klaasist-kaeehe\/#breadcrumb","itemListElement":[{"@type":"ListItem","position":1,"name":"Home","item":"https:\/\/vitraaz.ee\/fi\/"},{"@type":"ListItem","position":2,"name":"Pood","item":"https:\/\/vitraaz.ee\/pood\/"},{"@type":"ListItem","position":3,"name":"Sininisest ja valgest klaasist k\u00e4eehe"}]},{"@type":"WebSite","@id":"https:\/\/vitraaz.ee\/fi\/#website","url":"https:\/\/vitraaz.ee\/fi\/","name":"Vitraaz.ee","description":"Klaasinterj&ouml;&ouml;r","publisher":{"@id":"https:\/\/vitraaz.ee\/fi\/#organization"},"potentialAction":[{"@type":"SearchAction","target":{"@type":"EntryPoint","urlTemplate":"https:\/\/vitraaz.ee\/fi\/?s={search_term_string}"},"query-input":{"@type":"PropertyValueSpecification","valueRequired":true,"valueName":"search_term_string"}}],"inLanguage":"fi"},{"@type":"Organization","@id":"https:\/\/vitraaz.ee\/fi\/#organization","name":"KLAASINTERJ\u00d6\u00d6R O\u00dc","url":"https:\/\/vitraaz.ee\/fi\/","logo":{"@type":"ImageObject","inLanguage":"fi","@id":"https:\/\/vitraaz.ee\/fi\/#\/schema\/logo\/image\/","url":"https:\/\/vitraaz.ee\/wp-content\/uploads\/2022\/09\/logoKI.png","contentUrl":"https:\/\/vitraaz.ee\/wp-content\/uploads\/2022\/09\/logoKI.png","width":1159,"height":458,"caption":"KLAASINTERJ\u00d6\u00d6R O\u00dc"},"image":{"@id":"https:\/\/vitraaz.ee\/fi\/#\/schema\/logo\/image\/"},"sameAs":["https:\/\/www.facebook.com\/Klaasinterjoor"]}]}},"_links":{"self":[{"href":"https:\/\/vitraaz.ee\/fi\/wp-json\/wp\/v2\/product\/2666","targetHints":{"allow":["GET"]}}],"collection":[{"href":"https:\/\/vitraaz.ee\/fi\/wp-json\/wp\/v2\/product"}],"about":[{"href":"https:\/\/vitraaz.ee\/fi\/wp-json\/wp\/v2\/types\/product"}],"version-history":[{"count":0,"href":"https:\/\/vitraaz.ee\/fi\/wp-json\/wp\/v2\/product\/2666\/revisions"}],"wp:featuredmedia":[{"embeddable":true,"href":"https:\/\/vitraaz.ee\/fi\/wp-json\/wp\/v2\/media\/2859"}],"wp:attachment":[{"href":"https:\/\/vitraaz.ee\/fi\/wp-json\/wp\/v2\/media?parent=2666"}],"wp:term":[{"taxonomy":"product_brand","embeddable":true,"href":"https:\/\/vitraaz.ee\/fi\/wp-json\/wp\/v2\/product_brand?post=2666"},{"taxonomy":"product_cat","embeddable":true,"href":"https:\/\/vitraaz.ee\/fi\/wp-json\/wp\/v2\/product_cat?post=2666"},{"taxonomy":"product_tag","embeddable":true,"href":"https:\/\/vitraaz.ee\/fi\/wp-json\/wp\/v2\/product_tag?post=2666"}],"curies":[{"name":"wp","href":"https:\/\/api.w.org\/{rel}","templated":true}]}}