{"id":2657,"date":"2022-10-05T23:54:49","date_gmt":"2022-10-05T23:54:49","guid":{"rendered":"https:\/\/vitraaz.ee\/?post_type=product&#038;p=2657"},"modified":"2024-07-17T20:19:45","modified_gmt":"2024-07-17T20:19:45","slug":"klaasist-kollased-korvarongad","status":"publish","type":"product","link":"https:\/\/vitraaz.ee\/fi\/toode\/klaasist-kollased-korvarongad\/","title":{"rendered":"Klaasist kollased k\u00f5rvar\u00f5ngad"},"content":{"rendered":"<p>Klaasist kollased k\u00f5rvar\u00f5ngad on sidrunkollased klaasist ja h\u00f5bedast kinnitustega. K\u00f5rvar\u00f5ngad on valmistatud sulatatud kahekihilisest l\u00e4bipaistvast ja kollasest klaasist. K\u00f5rvar\u00f5nga l\u00e4bim\u00f5\u00f5t 8mm. K\u00f5rvar\u00f5ngad on mustas karbis ja sobivad h\u00e4sti kingituseks.<\/p>\n","protected":false},"excerpt":{"rendered":"<p>Klaasist kollased k\u00f5rvar\u00f5ngad on sidrunkollased klaasist ja h\u00f5bedast kinnitustega. K\u00f5rvar\u00f5ngad on valmistatud sulatatud kahekihilisest l\u00e4bipaistvast ja kollasest klaasist. K\u00f5rvar\u00f5nga l\u00e4bim\u00f5\u00f5t 8mm. K\u00f5rvar\u00f5ngad on mustas karbis ja sobivad h\u00e4sti kingituseks.<\/p>\n","protected":false},"featured_media":2772,"template":"","meta":{"_acf_changed":false},"product_brand":[],"product_cat":[39],"product_tag":[69],"class_list":{"0":"post-2657","1":"product","2":"type-product","3":"status-publish","4":"has-post-thumbnail","6":"product_cat-ehted","7":"product_tag-korvarongad","9":"first","10":"instock","11":"taxable","12":"shipping-taxable","13":"purchasable","14":"product-type-simple"},"acf":[],"yoast_head":"<!-- This site is optimized with the Yoast SEO plugin v27.3 - https:\/\/yoast.com\/product\/yoast-seo-wordpress\/ -->\n<title>Klaasist kollased k\u00f5rvar\u00f5ngad - Vitraaz.ee<\/title>\n<meta name=\"description\" content=\"Klaasist kollased k\u00f5rvar\u00f5ngad on sidrunkollased klaasist ja h\u00f5bedast kinnitustega. K\u00f5rvar\u00f5ngad on valmistatud sulatatud. K\u00f5rvar\u00f5nga l\u00e4bim\u00f5\u00f5t 8mm.\" \/>\n<meta name=\"robots\" content=\"index, follow, max-snippet:-1, max-image-preview:large, max-video-preview:-1\" \/>\n<link rel=\"canonical\" href=\"https:\/\/vitraaz.ee\/fi\/toode\/klaasist-kollased-korvarongad\/\" \/>\n<meta property=\"og:locale\" content=\"fi_FI\" \/>\n<meta property=\"og:type\" content=\"article\" \/>\n<meta property=\"og:title\" content=\"Klaasist kollased k\u00f5rvar\u00f5ngad - Vitraaz.ee\" \/>\n<meta property=\"og:description\" content=\"Klaasist kollased k\u00f5rvar\u00f5ngad on sidrunkollased klaasist ja h\u00f5bedast kinnitustega. K\u00f5rvar\u00f5ngad on valmistatud sulatatud. K\u00f5rvar\u00f5nga l\u00e4bim\u00f5\u00f5t 8mm.\" \/>\n<meta property=\"og:url\" content=\"https:\/\/vitraaz.ee\/fi\/toode\/klaasist-kollased-korvarongad\/\" \/>\n<meta property=\"og:site_name\" content=\"Vitraaz.ee\" \/>\n<meta property=\"article:publisher\" content=\"https:\/\/www.facebook.com\/Klaasinterjoor\" \/>\n<meta property=\"article:modified_time\" content=\"2024-07-17T20:19:45+00:00\" \/>\n<meta property=\"og:image\" content=\"https:\/\/vitraaz.ee\/wp-content\/uploads\/2022\/10\/KLkollanea3.jpg\" \/>\n\t<meta property=\"og:image:width\" content=\"521\" \/>\n\t<meta property=\"og:image:height\" content=\"798\" \/>\n\t<meta property=\"og:image:type\" content=\"image\/jpeg\" \/>\n<meta name=\"twitter:card\" content=\"summary_large_image\" \/>\n<meta name=\"twitter:label1\" content=\"Arvioitu lukuaika\" \/>\n\t<meta name=\"twitter:data1\" content=\"1 minuutti\" \/>\n<script type=\"application\/ld+json\" class=\"yoast-schema-graph\">{\"@context\":\"https:\\\/\\\/schema.org\",\"@graph\":[{\"@type\":\"WebPage\",\"@id\":\"https:\\\/\\\/vitraaz.ee\\\/fi\\\/toode\\\/klaasist-kollased-korvarongad\\\/\",\"url\":\"https:\\\/\\\/vitraaz.ee\\\/fi\\\/toode\\\/klaasist-kollased-korvarongad\\\/\",\"name\":\"Klaasist kollased k\u00f5rvar\u00f5ngad - Vitraaz.ee\",\"isPartOf\":{\"@id\":\"https:\\\/\\\/vitraaz.ee\\\/fi\\\/#website\"},\"primaryImageOfPage\":{\"@id\":\"https:\\\/\\\/vitraaz.ee\\\/fi\\\/toode\\\/klaasist-kollased-korvarongad\\\/#primaryimage\"},\"image\":{\"@id\":\"https:\\\/\\\/vitraaz.ee\\\/fi\\\/toode\\\/klaasist-kollased-korvarongad\\\/#primaryimage\"},\"thumbnailUrl\":\"https:\\\/\\\/vitraaz.ee\\\/wp-content\\\/uploads\\\/2022\\\/10\\\/KLkollanea3.jpg\",\"datePublished\":\"2022-10-05T23:54:49+00:00\",\"dateModified\":\"2024-07-17T20:19:45+00:00\",\"description\":\"Klaasist kollased k\u00f5rvar\u00f5ngad on sidrunkollased klaasist ja h\u00f5bedast kinnitustega. K\u00f5rvar\u00f5ngad on valmistatud sulatatud. K\u00f5rvar\u00f5nga l\u00e4bim\u00f5\u00f5t 8mm.\",\"breadcrumb\":{\"@id\":\"https:\\\/\\\/vitraaz.ee\\\/fi\\\/toode\\\/klaasist-kollased-korvarongad\\\/#breadcrumb\"},\"inLanguage\":\"fi\",\"potentialAction\":[{\"@type\":\"ReadAction\",\"target\":[\"https:\\\/\\\/vitraaz.ee\\\/fi\\\/toode\\\/klaasist-kollased-korvarongad\\\/\"]}]},{\"@type\":\"ImageObject\",\"inLanguage\":\"fi\",\"@id\":\"https:\\\/\\\/vitraaz.ee\\\/fi\\\/toode\\\/klaasist-kollased-korvarongad\\\/#primaryimage\",\"url\":\"https:\\\/\\\/vitraaz.ee\\\/wp-content\\\/uploads\\\/2022\\\/10\\\/KLkollanea3.jpg\",\"contentUrl\":\"https:\\\/\\\/vitraaz.ee\\\/wp-content\\\/uploads\\\/2022\\\/10\\\/KLkollanea3.jpg\",\"width\":521,\"height\":798},{\"@type\":\"BreadcrumbList\",\"@id\":\"https:\\\/\\\/vitraaz.ee\\\/fi\\\/toode\\\/klaasist-kollased-korvarongad\\\/#breadcrumb\",\"itemListElement\":[{\"@type\":\"ListItem\",\"position\":1,\"name\":\"Home\",\"item\":\"https:\\\/\\\/vitraaz.ee\\\/fi\\\/\"},{\"@type\":\"ListItem\",\"position\":2,\"name\":\"Pood\",\"item\":\"https:\\\/\\\/vitraaz.ee\\\/pood\\\/\"},{\"@type\":\"ListItem\",\"position\":3,\"name\":\"Klaasist kollased k\u00f5rvar\u00f5ngad\"}]},{\"@type\":\"WebSite\",\"@id\":\"https:\\\/\\\/vitraaz.ee\\\/fi\\\/#website\",\"url\":\"https:\\\/\\\/vitraaz.ee\\\/fi\\\/\",\"name\":\"Vitraaz.ee\",\"description\":\"Klaasinterj&ouml;&ouml;r\",\"publisher\":{\"@id\":\"https:\\\/\\\/vitraaz.ee\\\/fi\\\/#organization\"},\"potentialAction\":[{\"@type\":\"SearchAction\",\"target\":{\"@type\":\"EntryPoint\",\"urlTemplate\":\"https:\\\/\\\/vitraaz.ee\\\/fi\\\/?s={search_term_string}\"},\"query-input\":{\"@type\":\"PropertyValueSpecification\",\"valueRequired\":true,\"valueName\":\"search_term_string\"}}],\"inLanguage\":\"fi\"},{\"@type\":\"Organization\",\"@id\":\"https:\\\/\\\/vitraaz.ee\\\/fi\\\/#organization\",\"name\":\"KLAASINTERJ\u00d6\u00d6R O\u00dc\",\"url\":\"https:\\\/\\\/vitraaz.ee\\\/fi\\\/\",\"logo\":{\"@type\":\"ImageObject\",\"inLanguage\":\"fi\",\"@id\":\"https:\\\/\\\/vitraaz.ee\\\/fi\\\/#\\\/schema\\\/logo\\\/image\\\/\",\"url\":\"https:\\\/\\\/vitraaz.ee\\\/wp-content\\\/uploads\\\/2022\\\/09\\\/logoKI.png\",\"contentUrl\":\"https:\\\/\\\/vitraaz.ee\\\/wp-content\\\/uploads\\\/2022\\\/09\\\/logoKI.png\",\"width\":1159,\"height\":458,\"caption\":\"KLAASINTERJ\u00d6\u00d6R O\u00dc\"},\"image\":{\"@id\":\"https:\\\/\\\/vitraaz.ee\\\/fi\\\/#\\\/schema\\\/logo\\\/image\\\/\"},\"sameAs\":[\"https:\\\/\\\/www.facebook.com\\\/Klaasinterjoor\"]}]}<\/script>\n<!-- \/ Yoast SEO plugin. -->","yoast_head_json":{"title":"Klaasist kollased k\u00f5rvar\u00f5ngad - Vitraaz.ee","description":"Klaasist kollased k\u00f5rvar\u00f5ngad on sidrunkollased klaasist ja h\u00f5bedast kinnitustega. K\u00f5rvar\u00f5ngad on valmistatud sulatatud. K\u00f5rvar\u00f5nga l\u00e4bim\u00f5\u00f5t 8mm.","robots":{"index":"index","follow":"follow","max-snippet":"max-snippet:-1","max-image-preview":"max-image-preview:large","max-video-preview":"max-video-preview:-1"},"canonical":"https:\/\/vitraaz.ee\/fi\/toode\/klaasist-kollased-korvarongad\/","og_locale":"fi_FI","og_type":"article","og_title":"Klaasist kollased k\u00f5rvar\u00f5ngad - Vitraaz.ee","og_description":"Klaasist kollased k\u00f5rvar\u00f5ngad on sidrunkollased klaasist ja h\u00f5bedast kinnitustega. K\u00f5rvar\u00f5ngad on valmistatud sulatatud. K\u00f5rvar\u00f5nga l\u00e4bim\u00f5\u00f5t 8mm.","og_url":"https:\/\/vitraaz.ee\/fi\/toode\/klaasist-kollased-korvarongad\/","og_site_name":"Vitraaz.ee","article_publisher":"https:\/\/www.facebook.com\/Klaasinterjoor","article_modified_time":"2024-07-17T20:19:45+00:00","og_image":[{"width":521,"height":798,"url":"https:\/\/vitraaz.ee\/wp-content\/uploads\/2022\/10\/KLkollanea3.jpg","type":"image\/jpeg"}],"twitter_card":"summary_large_image","twitter_misc":{"Arvioitu lukuaika":"1 minuutti"},"schema":{"@context":"https:\/\/schema.org","@graph":[{"@type":"WebPage","@id":"https:\/\/vitraaz.ee\/fi\/toode\/klaasist-kollased-korvarongad\/","url":"https:\/\/vitraaz.ee\/fi\/toode\/klaasist-kollased-korvarongad\/","name":"Klaasist kollased k\u00f5rvar\u00f5ngad - Vitraaz.ee","isPartOf":{"@id":"https:\/\/vitraaz.ee\/fi\/#website"},"primaryImageOfPage":{"@id":"https:\/\/vitraaz.ee\/fi\/toode\/klaasist-kollased-korvarongad\/#primaryimage"},"image":{"@id":"https:\/\/vitraaz.ee\/fi\/toode\/klaasist-kollased-korvarongad\/#primaryimage"},"thumbnailUrl":"https:\/\/vitraaz.ee\/wp-content\/uploads\/2022\/10\/KLkollanea3.jpg","datePublished":"2022-10-05T23:54:49+00:00","dateModified":"2024-07-17T20:19:45+00:00","description":"Klaasist kollased k\u00f5rvar\u00f5ngad on sidrunkollased klaasist ja h\u00f5bedast kinnitustega. K\u00f5rvar\u00f5ngad on valmistatud sulatatud. K\u00f5rvar\u00f5nga l\u00e4bim\u00f5\u00f5t 8mm.","breadcrumb":{"@id":"https:\/\/vitraaz.ee\/fi\/toode\/klaasist-kollased-korvarongad\/#breadcrumb"},"inLanguage":"fi","potentialAction":[{"@type":"ReadAction","target":["https:\/\/vitraaz.ee\/fi\/toode\/klaasist-kollased-korvarongad\/"]}]},{"@type":"ImageObject","inLanguage":"fi","@id":"https:\/\/vitraaz.ee\/fi\/toode\/klaasist-kollased-korvarongad\/#primaryimage","url":"https:\/\/vitraaz.ee\/wp-content\/uploads\/2022\/10\/KLkollanea3.jpg","contentUrl":"https:\/\/vitraaz.ee\/wp-content\/uploads\/2022\/10\/KLkollanea3.jpg","width":521,"height":798},{"@type":"BreadcrumbList","@id":"https:\/\/vitraaz.ee\/fi\/toode\/klaasist-kollased-korvarongad\/#breadcrumb","itemListElement":[{"@type":"ListItem","position":1,"name":"Home","item":"https:\/\/vitraaz.ee\/fi\/"},{"@type":"ListItem","position":2,"name":"Pood","item":"https:\/\/vitraaz.ee\/pood\/"},{"@type":"ListItem","position":3,"name":"Klaasist kollased k\u00f5rvar\u00f5ngad"}]},{"@type":"WebSite","@id":"https:\/\/vitraaz.ee\/fi\/#website","url":"https:\/\/vitraaz.ee\/fi\/","name":"Vitraaz.ee","description":"Klaasinterj&ouml;&ouml;r","publisher":{"@id":"https:\/\/vitraaz.ee\/fi\/#organization"},"potentialAction":[{"@type":"SearchAction","target":{"@type":"EntryPoint","urlTemplate":"https:\/\/vitraaz.ee\/fi\/?s={search_term_string}"},"query-input":{"@type":"PropertyValueSpecification","valueRequired":true,"valueName":"search_term_string"}}],"inLanguage":"fi"},{"@type":"Organization","@id":"https:\/\/vitraaz.ee\/fi\/#organization","name":"KLAASINTERJ\u00d6\u00d6R O\u00dc","url":"https:\/\/vitraaz.ee\/fi\/","logo":{"@type":"ImageObject","inLanguage":"fi","@id":"https:\/\/vitraaz.ee\/fi\/#\/schema\/logo\/image\/","url":"https:\/\/vitraaz.ee\/wp-content\/uploads\/2022\/09\/logoKI.png","contentUrl":"https:\/\/vitraaz.ee\/wp-content\/uploads\/2022\/09\/logoKI.png","width":1159,"height":458,"caption":"KLAASINTERJ\u00d6\u00d6R O\u00dc"},"image":{"@id":"https:\/\/vitraaz.ee\/fi\/#\/schema\/logo\/image\/"},"sameAs":["https:\/\/www.facebook.com\/Klaasinterjoor"]}]}},"_links":{"self":[{"href":"https:\/\/vitraaz.ee\/fi\/wp-json\/wp\/v2\/product\/2657","targetHints":{"allow":["GET"]}}],"collection":[{"href":"https:\/\/vitraaz.ee\/fi\/wp-json\/wp\/v2\/product"}],"about":[{"href":"https:\/\/vitraaz.ee\/fi\/wp-json\/wp\/v2\/types\/product"}],"version-history":[{"count":0,"href":"https:\/\/vitraaz.ee\/fi\/wp-json\/wp\/v2\/product\/2657\/revisions"}],"wp:featuredmedia":[{"embeddable":true,"href":"https:\/\/vitraaz.ee\/fi\/wp-json\/wp\/v2\/media\/2772"}],"wp:attachment":[{"href":"https:\/\/vitraaz.ee\/fi\/wp-json\/wp\/v2\/media?parent=2657"}],"wp:term":[{"taxonomy":"product_brand","embeddable":true,"href":"https:\/\/vitraaz.ee\/fi\/wp-json\/wp\/v2\/product_brand?post=2657"},{"taxonomy":"product_cat","embeddable":true,"href":"https:\/\/vitraaz.ee\/fi\/wp-json\/wp\/v2\/product_cat?post=2657"},{"taxonomy":"product_tag","embeddable":true,"href":"https:\/\/vitraaz.ee\/fi\/wp-json\/wp\/v2\/product_tag?post=2657"}],"curies":[{"name":"wp","href":"https:\/\/api.w.org\/{rel}","templated":true}]}}