{"id":2525,"date":"2022-10-05T23:54:27","date_gmt":"2022-10-05T23:54:27","guid":{"rendered":"https:\/\/vitraaz.ee\/?post_type=product&#038;p=2525"},"modified":"2024-08-05T07:49:31","modified_gmt":"2024-08-05T07:49:31","slug":"seinakell-selge-valge","status":"publish","type":"product","link":"https:\/\/vitraaz.ee\/fi\/toode\/seinakell-selge-valge\/","title":{"rendered":"Seinakell &#8221;Selge valge&#8221;"},"content":{"rendered":"<div dir=\"auto\">Seinakell &#8221;Selge valge&#8221; on kena t\u00e4iendus sinu moodsasse interj\u00f6\u00f6ri. Must-valge interj\u00f6\u00f6r on klassikaline ja ajatu. Minimalistlik musta ja valge kombinatsioon on hea baas, millele rajada v\u00e4rske ja aegumatu sisekujundus. H\u00e4sti valitud aksessuaarid lisavad aga mustvalgesse p\u00f5nevust ja erinevaid kihte, seega pane oma ruum elama.\u00a0 Et valge ei tunduks liiga k\u00fclm on valgele kellal kuldsed seierid, mis lisavad luksusliku n\u00fcansi. Graafilisena m\u00f5juv peegelpinnaga minutijaotus sobib h\u00e4sti kaasaegsete k\u00f5rgl\u00e4ikeliste pindadega.<\/div>\n<h1 dir=\"auto\">Klassikaline<\/h1>\n<div dir=\"auto\">Lihtne ja aegumatu disain ei lase kellal moest minna.\u00a0 Kell sobitub h\u00e4sti ka romantilisema stiiliga. Pretensioonitu v\u00e4limus teeb lihtsamaks kella kinkimise. N\u00e4iteks puhkudel kui ei ole kindel kingituse saaja maitseelistustes v\u00f5i pole t\u00e4pselt teada, kas ja kuidas kell tema koju sobituks. Lihtsuses peitub v\u00f5lu ning seet\u00f5ttu sobiks seinakell &#8221;Selge valge&#8221; sama h\u00e4sti ka kontori seinale.<\/div>\n<h1 dir=\"auto\">Vaikne mootor<\/h1>\n<div dir=\"auto\">Mis k\u00f5ige t\u00e4htsam, kella mehhanism on kvaliteetne ega tiksu valjult. Sest, mis saaks olla hullem kui tiksumine,mis segab m\u00f5tlemist v\u00f5i uinumist. U.T.S kellamehhanism on toodetud Saksamaal, ning l\u00e4biproovitult \u00e4\u00e4rmiselt pikaealine tiksuja. Kellamehhanism t\u00f6\u00f6tab \u00fche AA patareiga. Patarei on kellaga kaasas. Kella l\u00e4bim\u00f5\u00f5t on 35 cm, ei liiga v\u00e4ike ega suur. Vajadusel saab samasuguse disainiga kella tellida ka suurema m\u00f5\u00f5duga. Selleks p\u00f6\u00f6rdu meie poole e-posti teel ja anna meile oma soovist teada. Sarnase, kuid t\u00f5eliselt suure pilgup\u00fc\u00fcdja saab osta kohe e-poest. Selleks vaata <a href=\"https:\/\/vitraaz.ee\/toode\/suur-seinakell\/\">SUUR SEINAKELL!<\/a><\/div>\n<div dir=\"auto\">E-poest tellides on meie kellad pakitud karpi.<\/div>\n","protected":false},"excerpt":{"rendered":"<p>Seinakell &#8221;Selge valge&#8221; on kena t\u00e4iendus sinu moodsasse interj\u00f6\u00f6ri. Must-valge interj\u00f6\u00f6r on klassikaline ja ajatu. Minimalistlik musta ja valge kombinatsioon on hea baas, millele rajada v\u00e4rske ja aegumatu sisekujundus. H\u00e4sti valitud aksessuaarid lisavad aga mustvalgesse p\u00f5nevust ja erinevaid kihte, seega pane oma ruum elama.\u00a0 Et valge ei tunduks liiga k\u00fclm on valgele kellal kuldsed seierid, [&hellip;]<\/p>\n","protected":false},"featured_media":2688,"template":"","meta":{"_acf_changed":false},"product_brand":[],"product_cat":[37],"product_tag":[64],"class_list":{"0":"post-2525","1":"product","2":"type-product","3":"status-publish","4":"has-post-thumbnail","6":"product_cat-seinakellad-lauakellad","7":"product_tag-seinakell","9":"first","10":"onbackorder","11":"taxable","12":"shipping-taxable","13":"purchasable","14":"product-type-simple"},"acf":[],"yoast_head":"<!-- This site is optimized with the Yoast SEO plugin v27.3 - https:\/\/yoast.com\/product\/yoast-seo-wordpress\/ -->\n<title>Seinakell &quot;Selge valge&quot; - Vitraaz.ee<\/title>\n<meta name=\"description\" content=\"Seinakell &quot;Selge valge&quot; on lihtsa ja klassikalise joonega kell. Valget pinda ja peegeljooni t\u00e4iustavad kuldsed seierid. Sobib paljudesse interj\u00f6\u00f6ridesse.\" \/>\n<meta name=\"robots\" content=\"index, follow, max-snippet:-1, max-image-preview:large, max-video-preview:-1\" \/>\n<link rel=\"canonical\" href=\"https:\/\/vitraaz.ee\/fi\/toode\/seinakell-selge-valge\/\" \/>\n<meta property=\"og:locale\" content=\"fi_FI\" \/>\n<meta property=\"og:type\" content=\"article\" \/>\n<meta property=\"og:title\" content=\"Seinakell &quot;Selge valge&quot; - Vitraaz.ee\" \/>\n<meta property=\"og:description\" content=\"Seinakell &quot;Selge valge&quot; on lihtsa ja klassikalise joonega kell. Valget pinda ja peegeljooni t\u00e4iustavad kuldsed seierid. Sobib paljudesse interj\u00f6\u00f6ridesse.\" \/>\n<meta property=\"og:url\" content=\"https:\/\/vitraaz.ee\/fi\/toode\/seinakell-selge-valge\/\" \/>\n<meta property=\"og:site_name\" content=\"Vitraaz.ee\" \/>\n<meta property=\"article:publisher\" content=\"https:\/\/www.facebook.com\/Klaasinterjoor\" \/>\n<meta property=\"article:modified_time\" content=\"2024-08-05T07:49:31+00:00\" \/>\n<meta property=\"og:image\" content=\"https:\/\/vitraaz.ee\/wp-content\/uploads\/2022\/10\/Selge-valge.jpg\" \/>\n\t<meta property=\"og:image:width\" content=\"1200\" \/>\n\t<meta property=\"og:image:height\" content=\"798\" \/>\n\t<meta property=\"og:image:type\" content=\"image\/jpeg\" \/>\n<meta name=\"twitter:card\" content=\"summary_large_image\" \/>\n<meta name=\"twitter:label1\" content=\"Arvioitu lukuaika\" \/>\n\t<meta name=\"twitter:data1\" content=\"2 minuuttia\" \/>\n<script type=\"application\/ld+json\" class=\"yoast-schema-graph\">{\"@context\":\"https:\\\/\\\/schema.org\",\"@graph\":[{\"@type\":\"WebPage\",\"@id\":\"https:\\\/\\\/vitraaz.ee\\\/fi\\\/toode\\\/seinakell-selge-valge\\\/\",\"url\":\"https:\\\/\\\/vitraaz.ee\\\/fi\\\/toode\\\/seinakell-selge-valge\\\/\",\"name\":\"Seinakell \\\"Selge valge\\\" - Vitraaz.ee\",\"isPartOf\":{\"@id\":\"https:\\\/\\\/vitraaz.ee\\\/fi\\\/#website\"},\"primaryImageOfPage\":{\"@id\":\"https:\\\/\\\/vitraaz.ee\\\/fi\\\/toode\\\/seinakell-selge-valge\\\/#primaryimage\"},\"image\":{\"@id\":\"https:\\\/\\\/vitraaz.ee\\\/fi\\\/toode\\\/seinakell-selge-valge\\\/#primaryimage\"},\"thumbnailUrl\":\"https:\\\/\\\/vitraaz.ee\\\/wp-content\\\/uploads\\\/2022\\\/10\\\/Selge-valge.jpg\",\"datePublished\":\"2022-10-05T23:54:27+00:00\",\"dateModified\":\"2024-08-05T07:49:31+00:00\",\"description\":\"Seinakell \\\"Selge valge\\\" on lihtsa ja klassikalise joonega kell. Valget pinda ja peegeljooni t\u00e4iustavad kuldsed seierid. Sobib paljudesse interj\u00f6\u00f6ridesse.\",\"breadcrumb\":{\"@id\":\"https:\\\/\\\/vitraaz.ee\\\/fi\\\/toode\\\/seinakell-selge-valge\\\/#breadcrumb\"},\"inLanguage\":\"fi\",\"potentialAction\":[{\"@type\":\"ReadAction\",\"target\":[\"https:\\\/\\\/vitraaz.ee\\\/fi\\\/toode\\\/seinakell-selge-valge\\\/\"]}]},{\"@type\":\"ImageObject\",\"inLanguage\":\"fi\",\"@id\":\"https:\\\/\\\/vitraaz.ee\\\/fi\\\/toode\\\/seinakell-selge-valge\\\/#primaryimage\",\"url\":\"https:\\\/\\\/vitraaz.ee\\\/wp-content\\\/uploads\\\/2022\\\/10\\\/Selge-valge.jpg\",\"contentUrl\":\"https:\\\/\\\/vitraaz.ee\\\/wp-content\\\/uploads\\\/2022\\\/10\\\/Selge-valge.jpg\",\"width\":1200,\"height\":798,\"caption\":\"valge ja peegel seinakell\"},{\"@type\":\"BreadcrumbList\",\"@id\":\"https:\\\/\\\/vitraaz.ee\\\/fi\\\/toode\\\/seinakell-selge-valge\\\/#breadcrumb\",\"itemListElement\":[{\"@type\":\"ListItem\",\"position\":1,\"name\":\"Home\",\"item\":\"https:\\\/\\\/vitraaz.ee\\\/fi\\\/\"},{\"@type\":\"ListItem\",\"position\":2,\"name\":\"Pood\",\"item\":\"https:\\\/\\\/vitraaz.ee\\\/pood\\\/\"},{\"@type\":\"ListItem\",\"position\":3,\"name\":\"Seinakell &#8220;Selge valge&#8221;\"}]},{\"@type\":\"WebSite\",\"@id\":\"https:\\\/\\\/vitraaz.ee\\\/fi\\\/#website\",\"url\":\"https:\\\/\\\/vitraaz.ee\\\/fi\\\/\",\"name\":\"Vitraaz.ee\",\"description\":\"Klaasinterj&ouml;&ouml;r\",\"publisher\":{\"@id\":\"https:\\\/\\\/vitraaz.ee\\\/fi\\\/#organization\"},\"potentialAction\":[{\"@type\":\"SearchAction\",\"target\":{\"@type\":\"EntryPoint\",\"urlTemplate\":\"https:\\\/\\\/vitraaz.ee\\\/fi\\\/?s={search_term_string}\"},\"query-input\":{\"@type\":\"PropertyValueSpecification\",\"valueRequired\":true,\"valueName\":\"search_term_string\"}}],\"inLanguage\":\"fi\"},{\"@type\":\"Organization\",\"@id\":\"https:\\\/\\\/vitraaz.ee\\\/fi\\\/#organization\",\"name\":\"KLAASINTERJ\u00d6\u00d6R O\u00dc\",\"url\":\"https:\\\/\\\/vitraaz.ee\\\/fi\\\/\",\"logo\":{\"@type\":\"ImageObject\",\"inLanguage\":\"fi\",\"@id\":\"https:\\\/\\\/vitraaz.ee\\\/fi\\\/#\\\/schema\\\/logo\\\/image\\\/\",\"url\":\"https:\\\/\\\/vitraaz.ee\\\/wp-content\\\/uploads\\\/2022\\\/09\\\/logoKI.png\",\"contentUrl\":\"https:\\\/\\\/vitraaz.ee\\\/wp-content\\\/uploads\\\/2022\\\/09\\\/logoKI.png\",\"width\":1159,\"height\":458,\"caption\":\"KLAASINTERJ\u00d6\u00d6R O\u00dc\"},\"image\":{\"@id\":\"https:\\\/\\\/vitraaz.ee\\\/fi\\\/#\\\/schema\\\/logo\\\/image\\\/\"},\"sameAs\":[\"https:\\\/\\\/www.facebook.com\\\/Klaasinterjoor\"]}]}<\/script>\n<!-- \/ Yoast SEO plugin. -->","yoast_head_json":{"title":"Seinakell \"Selge valge\" - Vitraaz.ee","description":"Seinakell \"Selge valge\" on lihtsa ja klassikalise joonega kell. Valget pinda ja peegeljooni t\u00e4iustavad kuldsed seierid. Sobib paljudesse interj\u00f6\u00f6ridesse.","robots":{"index":"index","follow":"follow","max-snippet":"max-snippet:-1","max-image-preview":"max-image-preview:large","max-video-preview":"max-video-preview:-1"},"canonical":"https:\/\/vitraaz.ee\/fi\/toode\/seinakell-selge-valge\/","og_locale":"fi_FI","og_type":"article","og_title":"Seinakell \"Selge valge\" - Vitraaz.ee","og_description":"Seinakell \"Selge valge\" on lihtsa ja klassikalise joonega kell. Valget pinda ja peegeljooni t\u00e4iustavad kuldsed seierid. Sobib paljudesse interj\u00f6\u00f6ridesse.","og_url":"https:\/\/vitraaz.ee\/fi\/toode\/seinakell-selge-valge\/","og_site_name":"Vitraaz.ee","article_publisher":"https:\/\/www.facebook.com\/Klaasinterjoor","article_modified_time":"2024-08-05T07:49:31+00:00","og_image":[{"width":1200,"height":798,"url":"https:\/\/vitraaz.ee\/wp-content\/uploads\/2022\/10\/Selge-valge.jpg","type":"image\/jpeg"}],"twitter_card":"summary_large_image","twitter_misc":{"Arvioitu lukuaika":"2 minuuttia"},"schema":{"@context":"https:\/\/schema.org","@graph":[{"@type":"WebPage","@id":"https:\/\/vitraaz.ee\/fi\/toode\/seinakell-selge-valge\/","url":"https:\/\/vitraaz.ee\/fi\/toode\/seinakell-selge-valge\/","name":"Seinakell \"Selge valge\" - Vitraaz.ee","isPartOf":{"@id":"https:\/\/vitraaz.ee\/fi\/#website"},"primaryImageOfPage":{"@id":"https:\/\/vitraaz.ee\/fi\/toode\/seinakell-selge-valge\/#primaryimage"},"image":{"@id":"https:\/\/vitraaz.ee\/fi\/toode\/seinakell-selge-valge\/#primaryimage"},"thumbnailUrl":"https:\/\/vitraaz.ee\/wp-content\/uploads\/2022\/10\/Selge-valge.jpg","datePublished":"2022-10-05T23:54:27+00:00","dateModified":"2024-08-05T07:49:31+00:00","description":"Seinakell \"Selge valge\" on lihtsa ja klassikalise joonega kell. Valget pinda ja peegeljooni t\u00e4iustavad kuldsed seierid. Sobib paljudesse interj\u00f6\u00f6ridesse.","breadcrumb":{"@id":"https:\/\/vitraaz.ee\/fi\/toode\/seinakell-selge-valge\/#breadcrumb"},"inLanguage":"fi","potentialAction":[{"@type":"ReadAction","target":["https:\/\/vitraaz.ee\/fi\/toode\/seinakell-selge-valge\/"]}]},{"@type":"ImageObject","inLanguage":"fi","@id":"https:\/\/vitraaz.ee\/fi\/toode\/seinakell-selge-valge\/#primaryimage","url":"https:\/\/vitraaz.ee\/wp-content\/uploads\/2022\/10\/Selge-valge.jpg","contentUrl":"https:\/\/vitraaz.ee\/wp-content\/uploads\/2022\/10\/Selge-valge.jpg","width":1200,"height":798,"caption":"valge ja peegel seinakell"},{"@type":"BreadcrumbList","@id":"https:\/\/vitraaz.ee\/fi\/toode\/seinakell-selge-valge\/#breadcrumb","itemListElement":[{"@type":"ListItem","position":1,"name":"Home","item":"https:\/\/vitraaz.ee\/fi\/"},{"@type":"ListItem","position":2,"name":"Pood","item":"https:\/\/vitraaz.ee\/pood\/"},{"@type":"ListItem","position":3,"name":"Seinakell &#8220;Selge valge&#8221;"}]},{"@type":"WebSite","@id":"https:\/\/vitraaz.ee\/fi\/#website","url":"https:\/\/vitraaz.ee\/fi\/","name":"Vitraaz.ee","description":"Klaasinterj&ouml;&ouml;r","publisher":{"@id":"https:\/\/vitraaz.ee\/fi\/#organization"},"potentialAction":[{"@type":"SearchAction","target":{"@type":"EntryPoint","urlTemplate":"https:\/\/vitraaz.ee\/fi\/?s={search_term_string}"},"query-input":{"@type":"PropertyValueSpecification","valueRequired":true,"valueName":"search_term_string"}}],"inLanguage":"fi"},{"@type":"Organization","@id":"https:\/\/vitraaz.ee\/fi\/#organization","name":"KLAASINTERJ\u00d6\u00d6R O\u00dc","url":"https:\/\/vitraaz.ee\/fi\/","logo":{"@type":"ImageObject","inLanguage":"fi","@id":"https:\/\/vitraaz.ee\/fi\/#\/schema\/logo\/image\/","url":"https:\/\/vitraaz.ee\/wp-content\/uploads\/2022\/09\/logoKI.png","contentUrl":"https:\/\/vitraaz.ee\/wp-content\/uploads\/2022\/09\/logoKI.png","width":1159,"height":458,"caption":"KLAASINTERJ\u00d6\u00d6R O\u00dc"},"image":{"@id":"https:\/\/vitraaz.ee\/fi\/#\/schema\/logo\/image\/"},"sameAs":["https:\/\/www.facebook.com\/Klaasinterjoor"]}]}},"_links":{"self":[{"href":"https:\/\/vitraaz.ee\/fi\/wp-json\/wp\/v2\/product\/2525","targetHints":{"allow":["GET"]}}],"collection":[{"href":"https:\/\/vitraaz.ee\/fi\/wp-json\/wp\/v2\/product"}],"about":[{"href":"https:\/\/vitraaz.ee\/fi\/wp-json\/wp\/v2\/types\/product"}],"version-history":[{"count":0,"href":"https:\/\/vitraaz.ee\/fi\/wp-json\/wp\/v2\/product\/2525\/revisions"}],"wp:featuredmedia":[{"embeddable":true,"href":"https:\/\/vitraaz.ee\/fi\/wp-json\/wp\/v2\/media\/2688"}],"wp:attachment":[{"href":"https:\/\/vitraaz.ee\/fi\/wp-json\/wp\/v2\/media?parent=2525"}],"wp:term":[{"taxonomy":"product_brand","embeddable":true,"href":"https:\/\/vitraaz.ee\/fi\/wp-json\/wp\/v2\/product_brand?post=2525"},{"taxonomy":"product_cat","embeddable":true,"href":"https:\/\/vitraaz.ee\/fi\/wp-json\/wp\/v2\/product_cat?post=2525"},{"taxonomy":"product_tag","embeddable":true,"href":"https:\/\/vitraaz.ee\/fi\/wp-json\/wp\/v2\/product_tag?post=2525"}],"curies":[{"name":"wp","href":"https:\/\/api.w.org\/{rel}","templated":true}]}}