{"id":2512,"date":"2022-10-05T23:54:26","date_gmt":"2022-10-05T23:54:26","guid":{"rendered":"https:\/\/vitraaz.ee\/?post_type=product&#038;p=2512"},"modified":"2024-07-19T11:24:47","modified_gmt":"2024-07-19T11:24:47","slug":"vaas-flow","status":"publish","type":"product","link":"https:\/\/vitraaz.ee\/fi\/toode\/vaas-flow\/","title":{"rendered":"Vaas &#8221;Flow&#8221;"},"content":{"rendered":"<p>Vaas &#8221;Flow&#8221; on voolava vormiga, l\u00e4ikivast mustast klaasist. Vaas saab oma kuju sulatusahjus ning iga j\u00e4rgnev on eelmisest veidi erinev. Silmapaistva vormi t\u00f5ttu on vaas v\u00e4ga dekoratiivne v\u00f5i peaaegu skulptuuraalne. \u00c4\u00e4rmiselt pilkup\u00fc\u00fcdev aksessuaar interj\u00f6\u00f6ri. Oma ainulaadse v\u00e4limusega sobib see h\u00e4sti ka trofeeks v\u00f5i auhinnaks. Soovi korral saab lisada teie poolt soovitud teksti.<br \/>\n(auhinna tellimisel lisa soovitud tekst lisainfo lahtrisse, mille leiad tellimuse kinnitamisel)<\/p>\n<p>M\u00f5\u00f5t: 20x15x20 cm<br \/>\nKaasas pakend<\/p>\n","protected":false},"excerpt":{"rendered":"<p>Vaas &#8221;Flow&#8221; on voolava vormiga, l\u00e4ikivast mustast klaasist. Vaas saab oma kuju sulatusahjus ning iga j\u00e4rgnev on eelmisest veidi erinev. Silmapaistva vormi t\u00f5ttu on vaas v\u00e4ga dekoratiivne v\u00f5i peaaegu skulptuuraalne. \u00c4\u00e4rmiselt pilkup\u00fc\u00fcdev aksessuaar interj\u00f6\u00f6ri. Oma ainulaadse v\u00e4limusega sobib see h\u00e4sti ka trofeeks v\u00f5i auhinnaks. Soovi korral saab lisada teie poolt soovitud teksti. (auhinna tellimisel lisa [&hellip;]<\/p>\n","protected":false},"featured_media":2558,"template":"","meta":{"_acf_changed":false},"product_brand":[],"product_cat":[35],"product_tag":[86,88],"class_list":{"0":"post-2512","1":"product","2":"type-product","3":"status-publish","4":"has-post-thumbnail","6":"product_cat-kingitused-ja-meened","7":"product_tag-kingitus","8":"product_tag-vaas","10":"first","11":"instock","12":"taxable","13":"shipping-taxable","14":"purchasable","15":"product-type-simple"},"acf":[],"yoast_head":"<!-- This site is optimized with the Yoast SEO plugin v27.3 - https:\/\/yoast.com\/product\/yoast-seo-wordpress\/ -->\n<title>Vaas &#039;&#039;Flow&#039;&#039; - Vitraaz.ee<\/title>\n<meta name=\"description\" content=\"Vaas &#039;&#039;Flow&#039;&#039; on voolava vormiga, l\u00e4ikivast mustast klaasist. Vaas saab oma kuju sulatusahjus ning iga j\u00e4rgnev on eelmisest veidi erinev.\" \/>\n<meta name=\"robots\" content=\"index, follow, max-snippet:-1, max-image-preview:large, max-video-preview:-1\" \/>\n<link rel=\"canonical\" href=\"https:\/\/vitraaz.ee\/fi\/toode\/vaas-flow\/\" \/>\n<meta property=\"og:locale\" content=\"fi_FI\" \/>\n<meta property=\"og:type\" content=\"article\" \/>\n<meta property=\"og:title\" content=\"Vaas &#039;&#039;Flow&#039;&#039; - Vitraaz.ee\" \/>\n<meta property=\"og:description\" content=\"Vaas &#039;&#039;Flow&#039;&#039; on voolava vormiga, l\u00e4ikivast mustast klaasist. Vaas saab oma kuju sulatusahjus ning iga j\u00e4rgnev on eelmisest veidi erinev.\" \/>\n<meta property=\"og:url\" content=\"https:\/\/vitraaz.ee\/fi\/toode\/vaas-flow\/\" \/>\n<meta property=\"og:site_name\" content=\"Vitraaz.ee\" \/>\n<meta property=\"article:publisher\" content=\"https:\/\/www.facebook.com\/Klaasinterjoor\" \/>\n<meta property=\"article:modified_time\" content=\"2024-07-19T11:24:47+00:00\" \/>\n<meta property=\"og:image\" content=\"https:\/\/vitraaz.ee\/wp-content\/uploads\/2022\/10\/vaas.jpg\" \/>\n\t<meta property=\"og:image:width\" content=\"1200\" \/>\n\t<meta property=\"og:image:height\" content=\"798\" \/>\n\t<meta property=\"og:image:type\" content=\"image\/jpeg\" \/>\n<meta name=\"twitter:card\" content=\"summary_large_image\" \/>\n<meta name=\"twitter:label1\" content=\"Arvioitu lukuaika\" \/>\n\t<meta name=\"twitter:data1\" content=\"1 minuutti\" \/>\n<script type=\"application\/ld+json\" class=\"yoast-schema-graph\">{\"@context\":\"https:\\\/\\\/schema.org\",\"@graph\":[{\"@type\":\"WebPage\",\"@id\":\"https:\\\/\\\/vitraaz.ee\\\/fi\\\/toode\\\/vaas-flow\\\/\",\"url\":\"https:\\\/\\\/vitraaz.ee\\\/fi\\\/toode\\\/vaas-flow\\\/\",\"name\":\"Vaas ''Flow'' - Vitraaz.ee\",\"isPartOf\":{\"@id\":\"https:\\\/\\\/vitraaz.ee\\\/fi\\\/#website\"},\"primaryImageOfPage\":{\"@id\":\"https:\\\/\\\/vitraaz.ee\\\/fi\\\/toode\\\/vaas-flow\\\/#primaryimage\"},\"image\":{\"@id\":\"https:\\\/\\\/vitraaz.ee\\\/fi\\\/toode\\\/vaas-flow\\\/#primaryimage\"},\"thumbnailUrl\":\"https:\\\/\\\/vitraaz.ee\\\/wp-content\\\/uploads\\\/2022\\\/10\\\/vaas.jpg\",\"datePublished\":\"2022-10-05T23:54:26+00:00\",\"dateModified\":\"2024-07-19T11:24:47+00:00\",\"description\":\"Vaas ''Flow'' on voolava vormiga, l\u00e4ikivast mustast klaasist. Vaas saab oma kuju sulatusahjus ning iga j\u00e4rgnev on eelmisest veidi erinev.\",\"breadcrumb\":{\"@id\":\"https:\\\/\\\/vitraaz.ee\\\/fi\\\/toode\\\/vaas-flow\\\/#breadcrumb\"},\"inLanguage\":\"fi\",\"potentialAction\":[{\"@type\":\"ReadAction\",\"target\":[\"https:\\\/\\\/vitraaz.ee\\\/fi\\\/toode\\\/vaas-flow\\\/\"]}]},{\"@type\":\"ImageObject\",\"inLanguage\":\"fi\",\"@id\":\"https:\\\/\\\/vitraaz.ee\\\/fi\\\/toode\\\/vaas-flow\\\/#primaryimage\",\"url\":\"https:\\\/\\\/vitraaz.ee\\\/wp-content\\\/uploads\\\/2022\\\/10\\\/vaas.jpg\",\"contentUrl\":\"https:\\\/\\\/vitraaz.ee\\\/wp-content\\\/uploads\\\/2022\\\/10\\\/vaas.jpg\",\"width\":1200,\"height\":798},{\"@type\":\"BreadcrumbList\",\"@id\":\"https:\\\/\\\/vitraaz.ee\\\/fi\\\/toode\\\/vaas-flow\\\/#breadcrumb\",\"itemListElement\":[{\"@type\":\"ListItem\",\"position\":1,\"name\":\"Home\",\"item\":\"https:\\\/\\\/vitraaz.ee\\\/fi\\\/\"},{\"@type\":\"ListItem\",\"position\":2,\"name\":\"Pood\",\"item\":\"https:\\\/\\\/vitraaz.ee\\\/pood\\\/\"},{\"@type\":\"ListItem\",\"position\":3,\"name\":\"Vaas &#8221;Flow&#8221;\"}]},{\"@type\":\"WebSite\",\"@id\":\"https:\\\/\\\/vitraaz.ee\\\/fi\\\/#website\",\"url\":\"https:\\\/\\\/vitraaz.ee\\\/fi\\\/\",\"name\":\"Vitraaz.ee\",\"description\":\"Klaasinterj&ouml;&ouml;r\",\"publisher\":{\"@id\":\"https:\\\/\\\/vitraaz.ee\\\/fi\\\/#organization\"},\"potentialAction\":[{\"@type\":\"SearchAction\",\"target\":{\"@type\":\"EntryPoint\",\"urlTemplate\":\"https:\\\/\\\/vitraaz.ee\\\/fi\\\/?s={search_term_string}\"},\"query-input\":{\"@type\":\"PropertyValueSpecification\",\"valueRequired\":true,\"valueName\":\"search_term_string\"}}],\"inLanguage\":\"fi\"},{\"@type\":\"Organization\",\"@id\":\"https:\\\/\\\/vitraaz.ee\\\/fi\\\/#organization\",\"name\":\"KLAASINTERJ\u00d6\u00d6R O\u00dc\",\"url\":\"https:\\\/\\\/vitraaz.ee\\\/fi\\\/\",\"logo\":{\"@type\":\"ImageObject\",\"inLanguage\":\"fi\",\"@id\":\"https:\\\/\\\/vitraaz.ee\\\/fi\\\/#\\\/schema\\\/logo\\\/image\\\/\",\"url\":\"https:\\\/\\\/vitraaz.ee\\\/wp-content\\\/uploads\\\/2022\\\/09\\\/logoKI.png\",\"contentUrl\":\"https:\\\/\\\/vitraaz.ee\\\/wp-content\\\/uploads\\\/2022\\\/09\\\/logoKI.png\",\"width\":1159,\"height\":458,\"caption\":\"KLAASINTERJ\u00d6\u00d6R O\u00dc\"},\"image\":{\"@id\":\"https:\\\/\\\/vitraaz.ee\\\/fi\\\/#\\\/schema\\\/logo\\\/image\\\/\"},\"sameAs\":[\"https:\\\/\\\/www.facebook.com\\\/Klaasinterjoor\"]}]}<\/script>\n<!-- \/ Yoast SEO plugin. -->","yoast_head_json":{"title":"Vaas ''Flow'' - Vitraaz.ee","description":"Vaas ''Flow'' on voolava vormiga, l\u00e4ikivast mustast klaasist. Vaas saab oma kuju sulatusahjus ning iga j\u00e4rgnev on eelmisest veidi erinev.","robots":{"index":"index","follow":"follow","max-snippet":"max-snippet:-1","max-image-preview":"max-image-preview:large","max-video-preview":"max-video-preview:-1"},"canonical":"https:\/\/vitraaz.ee\/fi\/toode\/vaas-flow\/","og_locale":"fi_FI","og_type":"article","og_title":"Vaas ''Flow'' - Vitraaz.ee","og_description":"Vaas ''Flow'' on voolava vormiga, l\u00e4ikivast mustast klaasist. Vaas saab oma kuju sulatusahjus ning iga j\u00e4rgnev on eelmisest veidi erinev.","og_url":"https:\/\/vitraaz.ee\/fi\/toode\/vaas-flow\/","og_site_name":"Vitraaz.ee","article_publisher":"https:\/\/www.facebook.com\/Klaasinterjoor","article_modified_time":"2024-07-19T11:24:47+00:00","og_image":[{"width":1200,"height":798,"url":"https:\/\/vitraaz.ee\/wp-content\/uploads\/2022\/10\/vaas.jpg","type":"image\/jpeg"}],"twitter_card":"summary_large_image","twitter_misc":{"Arvioitu lukuaika":"1 minuutti"},"schema":{"@context":"https:\/\/schema.org","@graph":[{"@type":"WebPage","@id":"https:\/\/vitraaz.ee\/fi\/toode\/vaas-flow\/","url":"https:\/\/vitraaz.ee\/fi\/toode\/vaas-flow\/","name":"Vaas ''Flow'' - Vitraaz.ee","isPartOf":{"@id":"https:\/\/vitraaz.ee\/fi\/#website"},"primaryImageOfPage":{"@id":"https:\/\/vitraaz.ee\/fi\/toode\/vaas-flow\/#primaryimage"},"image":{"@id":"https:\/\/vitraaz.ee\/fi\/toode\/vaas-flow\/#primaryimage"},"thumbnailUrl":"https:\/\/vitraaz.ee\/wp-content\/uploads\/2022\/10\/vaas.jpg","datePublished":"2022-10-05T23:54:26+00:00","dateModified":"2024-07-19T11:24:47+00:00","description":"Vaas ''Flow'' on voolava vormiga, l\u00e4ikivast mustast klaasist. Vaas saab oma kuju sulatusahjus ning iga j\u00e4rgnev on eelmisest veidi erinev.","breadcrumb":{"@id":"https:\/\/vitraaz.ee\/fi\/toode\/vaas-flow\/#breadcrumb"},"inLanguage":"fi","potentialAction":[{"@type":"ReadAction","target":["https:\/\/vitraaz.ee\/fi\/toode\/vaas-flow\/"]}]},{"@type":"ImageObject","inLanguage":"fi","@id":"https:\/\/vitraaz.ee\/fi\/toode\/vaas-flow\/#primaryimage","url":"https:\/\/vitraaz.ee\/wp-content\/uploads\/2022\/10\/vaas.jpg","contentUrl":"https:\/\/vitraaz.ee\/wp-content\/uploads\/2022\/10\/vaas.jpg","width":1200,"height":798},{"@type":"BreadcrumbList","@id":"https:\/\/vitraaz.ee\/fi\/toode\/vaas-flow\/#breadcrumb","itemListElement":[{"@type":"ListItem","position":1,"name":"Home","item":"https:\/\/vitraaz.ee\/fi\/"},{"@type":"ListItem","position":2,"name":"Pood","item":"https:\/\/vitraaz.ee\/pood\/"},{"@type":"ListItem","position":3,"name":"Vaas &#8221;Flow&#8221;"}]},{"@type":"WebSite","@id":"https:\/\/vitraaz.ee\/fi\/#website","url":"https:\/\/vitraaz.ee\/fi\/","name":"Vitraaz.ee","description":"Klaasinterj&ouml;&ouml;r","publisher":{"@id":"https:\/\/vitraaz.ee\/fi\/#organization"},"potentialAction":[{"@type":"SearchAction","target":{"@type":"EntryPoint","urlTemplate":"https:\/\/vitraaz.ee\/fi\/?s={search_term_string}"},"query-input":{"@type":"PropertyValueSpecification","valueRequired":true,"valueName":"search_term_string"}}],"inLanguage":"fi"},{"@type":"Organization","@id":"https:\/\/vitraaz.ee\/fi\/#organization","name":"KLAASINTERJ\u00d6\u00d6R O\u00dc","url":"https:\/\/vitraaz.ee\/fi\/","logo":{"@type":"ImageObject","inLanguage":"fi","@id":"https:\/\/vitraaz.ee\/fi\/#\/schema\/logo\/image\/","url":"https:\/\/vitraaz.ee\/wp-content\/uploads\/2022\/09\/logoKI.png","contentUrl":"https:\/\/vitraaz.ee\/wp-content\/uploads\/2022\/09\/logoKI.png","width":1159,"height":458,"caption":"KLAASINTERJ\u00d6\u00d6R O\u00dc"},"image":{"@id":"https:\/\/vitraaz.ee\/fi\/#\/schema\/logo\/image\/"},"sameAs":["https:\/\/www.facebook.com\/Klaasinterjoor"]}]}},"_links":{"self":[{"href":"https:\/\/vitraaz.ee\/fi\/wp-json\/wp\/v2\/product\/2512","targetHints":{"allow":["GET"]}}],"collection":[{"href":"https:\/\/vitraaz.ee\/fi\/wp-json\/wp\/v2\/product"}],"about":[{"href":"https:\/\/vitraaz.ee\/fi\/wp-json\/wp\/v2\/types\/product"}],"version-history":[{"count":0,"href":"https:\/\/vitraaz.ee\/fi\/wp-json\/wp\/v2\/product\/2512\/revisions"}],"wp:featuredmedia":[{"embeddable":true,"href":"https:\/\/vitraaz.ee\/fi\/wp-json\/wp\/v2\/media\/2558"}],"wp:attachment":[{"href":"https:\/\/vitraaz.ee\/fi\/wp-json\/wp\/v2\/media?parent=2512"}],"wp:term":[{"taxonomy":"product_brand","embeddable":true,"href":"https:\/\/vitraaz.ee\/fi\/wp-json\/wp\/v2\/product_brand?post=2512"},{"taxonomy":"product_cat","embeddable":true,"href":"https:\/\/vitraaz.ee\/fi\/wp-json\/wp\/v2\/product_cat?post=2512"},{"taxonomy":"product_tag","embeddable":true,"href":"https:\/\/vitraaz.ee\/fi\/wp-json\/wp\/v2\/product_tag?post=2512"}],"curies":[{"name":"wp","href":"https:\/\/api.w.org\/{rel}","templated":true}]}}