{"id":3740,"date":"2022-09-30T10:15:18","date_gmt":"2022-09-30T10:15:18","guid":{"rendered":"https:\/\/vitraaz.ee\/?page_id=3740"},"modified":"2022-10-11T23:41:39","modified_gmt":"2022-10-11T23:41:39","slug":"lasimaalaukset","status":"publish","type":"page","link":"https:\/\/vitraaz.ee\/fi\/lasimaalaukset\/","title":{"rendered":"Lasimaalaukset"},"content":{"rendered":"\t\t<div data-elementor-type=\"wp-page\" data-elementor-id=\"3740\" class=\"elementor elementor-3740 elementor-590\">\n\t\t\t\t\t\t<section class=\"elementor-section elementor-top-section elementor-element elementor-element-7a1b31a elementor-section-boxed elementor-section-height-default elementor-section-height-default\" data-id=\"7a1b31a\" data-element_type=\"section\" data-e-type=\"section\">\n\t\t\t\t\t\t<div class=\"elementor-container elementor-column-gap-default\">\n\t\t\t\t\t<div class=\"elementor-column elementor-col-100 elementor-top-column elementor-element elementor-element-676cbb8\" data-id=\"676cbb8\" data-element_type=\"column\" data-e-type=\"column\">\n\t\t\t<div class=\"elementor-widget-wrap elementor-element-populated\">\n\t\t\t\t\t\t<div class=\"elementor-element elementor-element-7c4ec1b elementor-widget elementor-widget-raven-photo-album\" data-id=\"7c4ec1b\" data-element_type=\"widget\" data-e-type=\"widget\" data-settings=\"{&quot;cover_columns&quot;:&quot;2&quot;,&quot;_skin&quot;:&quot;cover&quot;,&quot;cover_layout&quot;:&quot;grid&quot;,&quot;cover_columns_tablet&quot;:&quot;2&quot;,&quot;cover_columns_mobile&quot;:&quot;1&quot;}\" data-widget_type=\"raven-photo-album.cover\">\n\t\t\t\t<div class=\"elementor-widget-container\">\n\t\t\t\t\t\t\t<div class=\"raven-photo-album raven-photo-album-skin-cover raven-grid-2 raven-grid-mobile-1 raven-grid-tablet-2 raven-grid\">\n\t\t\t\t<div class=\"raven-grid-item\">\n\t\t\t<article class=\"raven-photo-album-item\">\n\t\t\t\t<a href=\"https:\/\/vitraaz.ee\/wp-content\/uploads\/2022\/09\/Vitraaz-4.jpg\" class=\"elementor-clickable\">\n\t\t\t\t\t<figure>\n\t\t\t\t\t\t\t\t\t<div class=\"raven-photo-album-img\" style=\"background-image: url(https:\/\/vitraaz.ee\/wp-content\/uploads\/2022\/09\/Vitraaz-4.jpg);\"><\/div>\n\t\t\t\t\t\t\t\t<figcaption class=\"raven-photo-album-content\">\n\t\t\t\t\t\t\t\t\t\t\t\t\t\t<div class=\"raven-photo-album-meta\">\n\t\t\t\t\t\t\t<h3 class=\"raven-photo-album-title\"><\/h3>\t\t\t\t\t\t\t<\/div>\n\t\t\t\t\t\t<\/figcaption>\n\t\t\t\t\t<\/figure>\n\t\t\t\t<\/a>\n\t\t\t\t\t\t\t<\/article>\n\t\t<\/div>\n\t\t\t\t<div class=\"raven-grid-item\">\n\t\t\t<article class=\"raven-photo-album-item\">\n\t\t\t\t<a href=\"https:\/\/vitraaz.ee\/wp-content\/uploads\/2022\/10\/Vitraaz.jpg\" class=\"elementor-clickable\">\n\t\t\t\t\t<figure>\n\t\t\t\t\t\t\t\t\t<div class=\"raven-photo-album-img\" style=\"background-image: url(https:\/\/vitraaz.ee\/wp-content\/uploads\/2022\/10\/Vitraaz.jpg);\"><\/div>\n\t\t\t\t\t\t\t\t<figcaption class=\"raven-photo-album-content\">\n\t\t\t\t\t\t\t\t\t\t\t\t\t\t<div class=\"raven-photo-album-meta\">\n\t\t\t\t\t\t\t<h3 class=\"raven-photo-album-title\"><\/h3>\t\t\t\t\t\t\t<\/div>\n\t\t\t\t\t\t<\/figcaption>\n\t\t\t\t\t<\/figure>\n\t\t\t\t<\/a>\n\t\t\t\t\t\t\t<\/article>\n\t\t<\/div>\n\t\t\t\t<div class=\"raven-grid-item\">\n\t\t\t<article class=\"raven-photo-album-item\">\n\t\t\t\t<a href=\"https:\/\/vitraaz.ee\/wp-content\/uploads\/2022\/09\/Vitraaz-5.jpg\" class=\"elementor-clickable\">\n\t\t\t\t\t<figure>\n\t\t\t\t\t\t\t\t\t<div class=\"raven-photo-album-img\" style=\"background-image: url(https:\/\/vitraaz.ee\/wp-content\/uploads\/2022\/09\/Vitraaz-5-768x511.jpg);\"><\/div>\n\t\t\t\t\t\t\t\t<figcaption class=\"raven-photo-album-content\">\n\t\t\t\t\t\t\t\t\t\t\t\t\t\t<div class=\"raven-photo-album-meta\">\n\t\t\t\t\t\t\t<h3 class=\"raven-photo-album-title\"><\/h3>\t\t\t\t\t\t\t<\/div>\n\t\t\t\t\t\t<\/figcaption>\n\t\t\t\t\t<\/figure>\n\t\t\t\t<\/a>\n\t\t\t\t\t\t\t<\/article>\n\t\t<\/div>\n\t\t\t\t<div class=\"raven-grid-item\">\n\t\t\t<article class=\"raven-photo-album-item\">\n\t\t\t\t<a href=\"https:\/\/vitraaz.ee\/wp-content\/uploads\/2022\/09\/Vitraaz-7.jpg\" class=\"elementor-clickable\">\n\t\t\t\t\t<figure>\n\t\t\t\t\t\t\t\t\t<div class=\"raven-photo-album-img\" style=\"background-image: url(https:\/\/vitraaz.ee\/wp-content\/uploads\/2022\/09\/Vitraaz-7-768x511.jpg);\"><\/div>\n\t\t\t\t\t\t\t\t<figcaption class=\"raven-photo-album-content\">\n\t\t\t\t\t\t\t\t\t\t\t\t\t\t<div class=\"raven-photo-album-meta\">\n\t\t\t\t\t\t\t<h3 class=\"raven-photo-album-title\"><\/h3>\t\t\t\t\t\t\t<\/div>\n\t\t\t\t\t\t<\/figcaption>\n\t\t\t\t\t<\/figure>\n\t\t\t\t<\/a>\n\t\t\t\t\t\t\t<\/article>\n\t\t<\/div>\n\t\t\t\t<div class=\"raven-grid-item\">\n\t\t\t<article class=\"raven-photo-album-item\">\n\t\t\t\t<a href=\"https:\/\/vitraaz.ee\/wp-content\/uploads\/2022\/09\/Vitraaz-6.jpg\" class=\"elementor-clickable\">\n\t\t\t\t\t<figure>\n\t\t\t\t\t\t\t\t\t<div class=\"raven-photo-album-img\" style=\"background-image: url(https:\/\/vitraaz.ee\/wp-content\/uploads\/2022\/09\/Vitraaz-6-768x511.jpg);\"><\/div>\n\t\t\t\t\t\t\t\t<figcaption class=\"raven-photo-album-content\">\n\t\t\t\t\t\t\t\t\t\t\t\t\t\t<div class=\"raven-photo-album-meta\">\n\t\t\t\t\t\t\t<h3 class=\"raven-photo-album-title\"><\/h3>\t\t\t\t\t\t\t<\/div>\n\t\t\t\t\t\t<\/figcaption>\n\t\t\t\t\t<\/figure>\n\t\t\t\t<\/a>\n\t\t\t\t\t\t\t<\/article>\n\t\t<\/div>\n\t\t\t\t<div class=\"raven-grid-item\">\n\t\t\t<article class=\"raven-photo-album-item\">\n\t\t\t\t<a href=\"https:\/\/vitraaz.ee\/wp-content\/uploads\/2022\/09\/Vitraaz-9.jpg\" class=\"elementor-clickable\">\n\t\t\t\t\t<figure>\n\t\t\t\t\t\t\t\t\t<div class=\"raven-photo-album-img\" style=\"background-image: url(https:\/\/vitraaz.ee\/wp-content\/uploads\/2022\/09\/Vitraaz-9-768x511.jpg);\"><\/div>\n\t\t\t\t\t\t\t\t<figcaption class=\"raven-photo-album-content\">\n\t\t\t\t\t\t\t\t\t\t\t\t\t\t<div class=\"raven-photo-album-meta\">\n\t\t\t\t\t\t\t<h3 class=\"raven-photo-album-title\"><\/h3>\t\t\t\t\t\t\t<\/div>\n\t\t\t\t\t\t<\/figcaption>\n\t\t\t\t\t<\/figure>\n\t\t\t\t<\/a>\n\t\t\t\t\t\t\t<\/article>\n\t\t<\/div>\n\t\t\t\t<div class=\"raven-grid-item\">\n\t\t\t<article class=\"raven-photo-album-item\">\n\t\t\t\t<a href=\"https:\/\/vitraaz.ee\/wp-content\/uploads\/2022\/09\/Vitraaz-10.jpg\" class=\"elementor-clickable\">\n\t\t\t\t\t<figure>\n\t\t\t\t\t\t\t\t\t<div class=\"raven-photo-album-img\" style=\"background-image: url(https:\/\/vitraaz.ee\/wp-content\/uploads\/2022\/09\/Vitraaz-10-768x511.jpg);\"><\/div>\n\t\t\t\t\t\t\t\t<figcaption class=\"raven-photo-album-content\">\n\t\t\t\t\t\t\t\t\t\t\t\t\t\t<div class=\"raven-photo-album-meta\">\n\t\t\t\t\t\t\t<h3 class=\"raven-photo-album-title\"><\/h3>\t\t\t\t\t\t\t<\/div>\n\t\t\t\t\t\t<\/figcaption>\n\t\t\t\t\t<\/figure>\n\t\t\t\t<\/a>\n\t\t\t\t\t\t\t<\/article>\n\t\t<\/div>\n\t\t\t\t<div class=\"raven-grid-item\">\n\t\t\t<article class=\"raven-photo-album-item\">\n\t\t\t\t<a href=\"https:\/\/vitraaz.ee\/wp-content\/uploads\/2022\/09\/Vitraaz-13.jpg\" class=\"elementor-clickable\">\n\t\t\t\t\t<figure>\n\t\t\t\t\t\t\t\t\t<div class=\"raven-photo-album-img\" style=\"background-image: url(https:\/\/vitraaz.ee\/wp-content\/uploads\/2022\/09\/Vitraaz-13-768x511.jpg);\"><\/div>\n\t\t\t\t\t\t\t\t<figcaption class=\"raven-photo-album-content\">\n\t\t\t\t\t\t\t\t\t\t\t\t\t\t<div class=\"raven-photo-album-meta\">\n\t\t\t\t\t\t\t<h3 class=\"raven-photo-album-title\"><\/h3>\t\t\t\t\t\t\t<\/div>\n\t\t\t\t\t\t<\/figcaption>\n\t\t\t\t\t<\/figure>\n\t\t\t\t<\/a>\n\t\t\t\t\t\t\t<\/article>\n\t\t<\/div>\n\t\t\t\t<div class=\"raven-grid-item\">\n\t\t\t<article class=\"raven-photo-album-item\">\n\t\t\t\t<a href=\"https:\/\/vitraaz.ee\/wp-content\/uploads\/2022\/09\/Vitraaz-11.jpg\" class=\"elementor-clickable\">\n\t\t\t\t\t<figure>\n\t\t\t\t\t\t\t\t\t<div class=\"raven-photo-album-img\" style=\"background-image: url(https:\/\/vitraaz.ee\/wp-content\/uploads\/2022\/09\/Vitraaz-11-768x1155.jpg);\"><\/div>\n\t\t\t\t\t\t\t\t<figcaption class=\"raven-photo-album-content\">\n\t\t\t\t\t\t\t\t\t\t\t\t\t\t<div class=\"raven-photo-album-meta\">\n\t\t\t\t\t\t\t<h3 class=\"raven-photo-album-title\"><\/h3>\t\t\t\t\t\t\t<\/div>\n\t\t\t\t\t\t<\/figcaption>\n\t\t\t\t\t<\/figure>\n\t\t\t\t<\/a>\n\t\t\t\t\t\t\t<\/article>\n\t\t<\/div>\n\t\t\t\t<div class=\"raven-grid-item\">\n\t\t\t<article class=\"raven-photo-album-item\">\n\t\t\t\t<a href=\"https:\/\/vitraaz.ee\/wp-content\/uploads\/2022\/09\/Vitraaz-12.jpg\" class=\"elementor-clickable\">\n\t\t\t\t\t<figure>\n\t\t\t\t\t\t\t\t\t<div class=\"raven-photo-album-img\" style=\"background-image: url(https:\/\/vitraaz.ee\/wp-content\/uploads\/2022\/09\/Vitraaz-12-768x1155.jpg);\"><\/div>\n\t\t\t\t\t\t\t\t<figcaption class=\"raven-photo-album-content\">\n\t\t\t\t\t\t\t\t\t\t\t\t\t\t<div class=\"raven-photo-album-meta\">\n\t\t\t\t\t\t\t<h3 class=\"raven-photo-album-title\"><\/h3>\t\t\t\t\t\t\t<\/div>\n\t\t\t\t\t\t<\/figcaption>\n\t\t\t\t\t<\/figure>\n\t\t\t\t<\/a>\n\t\t\t\t\t\t\t<\/article>\n\t\t<\/div>\n\t\t\t\t<div class=\"raven-grid-item\">\n\t\t\t<article class=\"raven-photo-album-item\">\n\t\t\t\t<a href=\"https:\/\/vitraaz.ee\/wp-content\/uploads\/2022\/09\/Vitraaz-15.jpg\" class=\"elementor-clickable\">\n\t\t\t\t\t<figure>\n\t\t\t\t\t\t\t\t\t<div class=\"raven-photo-album-img\" style=\"background-image: url(https:\/\/vitraaz.ee\/wp-content\/uploads\/2022\/09\/Vitraaz-15-768x1155.jpg);\"><\/div>\n\t\t\t\t\t\t\t\t<figcaption class=\"raven-photo-album-content\">\n\t\t\t\t\t\t\t\t\t\t\t\t\t\t<div class=\"raven-photo-album-meta\">\n\t\t\t\t\t\t\t<h3 class=\"raven-photo-album-title\"><\/h3>\t\t\t\t\t\t\t<\/div>\n\t\t\t\t\t\t<\/figcaption>\n\t\t\t\t\t<\/figure>\n\t\t\t\t<\/a>\n\t\t\t\t\t\t\t<\/article>\n\t\t<\/div>\n\t\t\t\t<div class=\"raven-grid-item\">\n\t\t\t<article class=\"raven-photo-album-item\">\n\t\t\t\t<a href=\"https:\/\/vitraaz.ee\/wp-content\/uploads\/2022\/09\/Vitraaz-14.jpg\" class=\"elementor-clickable\">\n\t\t\t\t\t<figure>\n\t\t\t\t\t\t\t\t\t<div class=\"raven-photo-album-img\" style=\"background-image: url(https:\/\/vitraaz.ee\/wp-content\/uploads\/2022\/09\/Vitraaz-14-768x1155.jpg);\"><\/div>\n\t\t\t\t\t\t\t\t<figcaption class=\"raven-photo-album-content\">\n\t\t\t\t\t\t\t\t\t\t\t\t\t\t<div class=\"raven-photo-album-meta\">\n\t\t\t\t\t\t\t<h3 class=\"raven-photo-album-title\"><\/h3>\t\t\t\t\t\t\t<\/div>\n\t\t\t\t\t\t<\/figcaption>\n\t\t\t\t\t<\/figure>\n\t\t\t\t<\/a>\n\t\t\t\t\t\t\t<\/article>\n\t\t<\/div>\n\t\t\t\t<div class=\"raven-grid-item\">\n\t\t\t<article class=\"raven-photo-album-item\">\n\t\t\t\t<a href=\"https:\/\/vitraaz.ee\/wp-content\/uploads\/2022\/09\/Vitraaz-16.jpg\" class=\"elementor-clickable\">\n\t\t\t\t\t<figure>\n\t\t\t\t\t\t\t\t\t<div class=\"raven-photo-album-img\" style=\"background-image: url(https:\/\/vitraaz.ee\/wp-content\/uploads\/2022\/09\/Vitraaz-16-768x1155.jpg);\"><\/div>\n\t\t\t\t\t\t\t\t<figcaption class=\"raven-photo-album-content\">\n\t\t\t\t\t\t\t\t\t\t\t\t\t\t<div class=\"raven-photo-album-meta\">\n\t\t\t\t\t\t\t<h3 class=\"raven-photo-album-title\"><\/h3>\t\t\t\t\t\t\t<\/div>\n\t\t\t\t\t\t<\/figcaption>\n\t\t\t\t\t<\/figure>\n\t\t\t\t<\/a>\n\t\t\t\t\t\t\t<\/article>\n\t\t<\/div>\n\t\t\t\t<div class=\"raven-grid-item\">\n\t\t\t<article class=\"raven-photo-album-item\">\n\t\t\t\t<a href=\"https:\/\/vitraaz.ee\/wp-content\/uploads\/2022\/09\/Vitraaz-17.jpg\" class=\"elementor-clickable\">\n\t\t\t\t\t<figure>\n\t\t\t\t\t\t\t\t\t<div class=\"raven-photo-album-img\" style=\"background-image: url(https:\/\/vitraaz.ee\/wp-content\/uploads\/2022\/09\/Vitraaz-17-768x511.jpg);\"><\/div>\n\t\t\t\t\t\t\t\t<figcaption class=\"raven-photo-album-content\">\n\t\t\t\t\t\t\t\t\t\t\t\t\t\t<div class=\"raven-photo-album-meta\">\n\t\t\t\t\t\t\t<h3 class=\"raven-photo-album-title\"><\/h3>\t\t\t\t\t\t\t<\/div>\n\t\t\t\t\t\t<\/figcaption>\n\t\t\t\t\t<\/figure>\n\t\t\t\t<\/a>\n\t\t\t\t\t\t\t<\/article>\n\t\t<\/div>\n\t\t\t\t<div class=\"raven-grid-item\">\n\t\t\t<article class=\"raven-photo-album-item\">\n\t\t\t\t<a href=\"https:\/\/vitraaz.ee\/wp-content\/uploads\/2022\/09\/Vitraaz-23.jpg\" class=\"elementor-clickable\">\n\t\t\t\t\t<figure>\n\t\t\t\t\t\t\t\t\t<div class=\"raven-photo-album-img\" style=\"background-image: url(https:\/\/vitraaz.ee\/wp-content\/uploads\/2022\/09\/Vitraaz-23-768x1155.jpg);\"><\/div>\n\t\t\t\t\t\t\t\t<figcaption class=\"raven-photo-album-content\">\n\t\t\t\t\t\t\t\t\t\t\t\t\t\t<div class=\"raven-photo-album-meta\">\n\t\t\t\t\t\t\t<h3 class=\"raven-photo-album-title\"><\/h3>\t\t\t\t\t\t\t<\/div>\n\t\t\t\t\t\t<\/figcaption>\n\t\t\t\t\t<\/figure>\n\t\t\t\t<\/a>\n\t\t\t\t\t\t\t<\/article>\n\t\t<\/div>\n\t\t\t\t<div class=\"raven-grid-item\">\n\t\t\t<article class=\"raven-photo-album-item\">\n\t\t\t\t<a href=\"https:\/\/vitraaz.ee\/wp-content\/uploads\/2022\/09\/Vitraaz-22.jpg\" class=\"elementor-clickable\">\n\t\t\t\t\t<figure>\n\t\t\t\t\t\t\t\t\t<div class=\"raven-photo-album-img\" style=\"background-image: url(https:\/\/vitraaz.ee\/wp-content\/uploads\/2022\/09\/Vitraaz-22-768x511.jpg);\"><\/div>\n\t\t\t\t\t\t\t\t<figcaption class=\"raven-photo-album-content\">\n\t\t\t\t\t\t\t\t\t\t\t\t\t\t<div class=\"raven-photo-album-meta\">\n\t\t\t\t\t\t\t<h3 class=\"raven-photo-album-title\"><\/h3>\t\t\t\t\t\t\t<\/div>\n\t\t\t\t\t\t<\/figcaption>\n\t\t\t\t\t<\/figure>\n\t\t\t\t<\/a>\n\t\t\t\t\t\t\t<\/article>\n\t\t<\/div>\n\t\t\t\t<div class=\"raven-grid-item\">\n\t\t\t<article class=\"raven-photo-album-item\">\n\t\t\t\t<a href=\"https:\/\/vitraaz.ee\/wp-content\/uploads\/2022\/09\/Vitraaz-18.jpg\" class=\"elementor-clickable\">\n\t\t\t\t\t<figure>\n\t\t\t\t\t\t\t\t\t<div class=\"raven-photo-album-img\" style=\"background-image: url(https:\/\/vitraaz.ee\/wp-content\/uploads\/2022\/09\/Vitraaz-18-768x1155.jpg);\"><\/div>\n\t\t\t\t\t\t\t\t<figcaption class=\"raven-photo-album-content\">\n\t\t\t\t\t\t\t\t\t\t\t\t\t\t<div class=\"raven-photo-album-meta\">\n\t\t\t\t\t\t\t<h3 class=\"raven-photo-album-title\"><\/h3>\t\t\t\t\t\t\t<\/div>\n\t\t\t\t\t\t<\/figcaption>\n\t\t\t\t\t<\/figure>\n\t\t\t\t<\/a>\n\t\t\t\t\t\t\t<\/article>\n\t\t<\/div>\n\t\t\t\t<div class=\"raven-grid-item\">\n\t\t\t<article class=\"raven-photo-album-item\">\n\t\t\t\t<a href=\"https:\/\/vitraaz.ee\/wp-content\/uploads\/2022\/09\/Vitraaz-19.jpg\" class=\"elementor-clickable\">\n\t\t\t\t\t<figure>\n\t\t\t\t\t\t\t\t\t<div class=\"raven-photo-album-img\" style=\"background-image: url(https:\/\/vitraaz.ee\/wp-content\/uploads\/2022\/09\/Vitraaz-19-768x1155.jpg);\"><\/div>\n\t\t\t\t\t\t\t\t<figcaption class=\"raven-photo-album-content\">\n\t\t\t\t\t\t\t\t\t\t\t\t\t\t<div class=\"raven-photo-album-meta\">\n\t\t\t\t\t\t\t<h3 class=\"raven-photo-album-title\"><\/h3>\t\t\t\t\t\t\t<\/div>\n\t\t\t\t\t\t<\/figcaption>\n\t\t\t\t\t<\/figure>\n\t\t\t\t<\/a>\n\t\t\t\t\t\t\t<\/article>\n\t\t<\/div>\n\t\t\t\t<div class=\"raven-grid-item\">\n\t\t\t<article class=\"raven-photo-album-item\">\n\t\t\t\t<a href=\"https:\/\/vitraaz.ee\/wp-content\/uploads\/2022\/09\/Vitraaz-21.jpg\" class=\"elementor-clickable\">\n\t\t\t\t\t<figure>\n\t\t\t\t\t\t\t\t\t<div class=\"raven-photo-album-img\" style=\"background-image: url(https:\/\/vitraaz.ee\/wp-content\/uploads\/2022\/09\/Vitraaz-21-768x511.jpg);\"><\/div>\n\t\t\t\t\t\t\t\t<figcaption class=\"raven-photo-album-content\">\n\t\t\t\t\t\t\t\t\t\t\t\t\t\t<div class=\"raven-photo-album-meta\">\n\t\t\t\t\t\t\t<h3 class=\"raven-photo-album-title\"><\/h3>\t\t\t\t\t\t\t<\/div>\n\t\t\t\t\t\t<\/figcaption>\n\t\t\t\t\t<\/figure>\n\t\t\t\t<\/a>\n\t\t\t\t\t\t\t<\/article>\n\t\t<\/div>\n\t\t\t\t<div class=\"raven-grid-item\">\n\t\t\t<article class=\"raven-photo-album-item\">\n\t\t\t\t<a href=\"https:\/\/vitraaz.ee\/wp-content\/uploads\/2022\/09\/Vitraazid-4.jpg\" class=\"elementor-clickable\">\n\t\t\t\t\t<figure>\n\t\t\t\t\t\t\t\t\t<div class=\"raven-photo-album-img\" style=\"background-image: url(https:\/\/vitraaz.ee\/wp-content\/uploads\/2022\/09\/Vitraazid-4-768x511.jpg);\"><\/div>\n\t\t\t\t\t\t\t\t<figcaption class=\"raven-photo-album-content\">\n\t\t\t\t\t\t\t\t\t\t\t\t\t\t<div class=\"raven-photo-album-meta\">\n\t\t\t\t\t\t\t<h3 class=\"raven-photo-album-title\"><\/h3>\t\t\t\t\t\t\t<\/div>\n\t\t\t\t\t\t<\/figcaption>\n\t\t\t\t\t<\/figure>\n\t\t\t\t<\/a>\n\t\t\t\t\t\t\t<\/article>\n\t\t<\/div>\n\t\t\t\t<div class=\"raven-grid-item\">\n\t\t\t<article class=\"raven-photo-album-item\">\n\t\t\t\t<a href=\"https:\/\/vitraaz.ee\/wp-content\/uploads\/2022\/09\/Vitraaz-24.jpg\" class=\"elementor-clickable\">\n\t\t\t\t\t<figure>\n\t\t\t\t\t\t\t\t\t<div class=\"raven-photo-album-img\" style=\"background-image: url(https:\/\/vitraaz.ee\/wp-content\/uploads\/2022\/09\/Vitraaz-24-768x1155.jpg);\"><\/div>\n\t\t\t\t\t\t\t\t<figcaption class=\"raven-photo-album-content\">\n\t\t\t\t\t\t\t\t\t\t\t\t\t\t<div class=\"raven-photo-album-meta\">\n\t\t\t\t\t\t\t<h3 class=\"raven-photo-album-title\"><\/h3>\t\t\t\t\t\t\t<\/div>\n\t\t\t\t\t\t<\/figcaption>\n\t\t\t\t\t<\/figure>\n\t\t\t\t<\/a>\n\t\t\t\t\t\t\t<\/article>\n\t\t<\/div>\n\t\t\t\t<div class=\"raven-grid-item\">\n\t\t\t<article class=\"raven-photo-album-item\">\n\t\t\t\t<a href=\"https:\/\/vitraaz.ee\/wp-content\/uploads\/2022\/09\/Vitraaz-25.jpg\" class=\"elementor-clickable\">\n\t\t\t\t\t<figure>\n\t\t\t\t\t\t\t\t\t<div class=\"raven-photo-album-img\" style=\"background-image: url(https:\/\/vitraaz.ee\/wp-content\/uploads\/2022\/09\/Vitraaz-25-768x1155.jpg);\"><\/div>\n\t\t\t\t\t\t\t\t<figcaption class=\"raven-photo-album-content\">\n\t\t\t\t\t\t\t\t\t\t\t\t\t\t<div class=\"raven-photo-album-meta\">\n\t\t\t\t\t\t\t<h3 class=\"raven-photo-album-title\"><\/h3>\t\t\t\t\t\t\t<\/div>\n\t\t\t\t\t\t<\/figcaption>\n\t\t\t\t\t<\/figure>\n\t\t\t\t<\/a>\n\t\t\t\t\t\t\t<\/article>\n\t\t<\/div>\n\t\t\t\t<div class=\"raven-grid-item\">\n\t\t\t<article class=\"raven-photo-album-item\">\n\t\t\t\t<a href=\"https:\/\/vitraaz.ee\/wp-content\/uploads\/2022\/09\/Vitraaz-20.jpg\" class=\"elementor-clickable\">\n\t\t\t\t\t<figure>\n\t\t\t\t\t\t\t\t\t<div class=\"raven-photo-album-img\" style=\"background-image: url(https:\/\/vitraaz.ee\/wp-content\/uploads\/2022\/09\/Vitraaz-20-768x1155.jpg);\"><\/div>\n\t\t\t\t\t\t\t\t<figcaption class=\"raven-photo-album-content\">\n\t\t\t\t\t\t\t\t\t\t\t\t\t\t<div class=\"raven-photo-album-meta\">\n\t\t\t\t\t\t\t<h3 class=\"raven-photo-album-title\"><\/h3>\t\t\t\t\t\t\t<\/div>\n\t\t\t\t\t\t<\/figcaption>\n\t\t\t\t\t<\/figure>\n\t\t\t\t<\/a>\n\t\t\t\t\t\t\t<\/article>\n\t\t<\/div>\n\t\t\t\t<div class=\"raven-grid-item\">\n\t\t\t<article class=\"raven-photo-album-item\">\n\t\t\t\t<a href=\"https:\/\/vitraaz.ee\/wp-content\/uploads\/2022\/09\/Vitraazid-5.jpg\" class=\"elementor-clickable\">\n\t\t\t\t\t<figure>\n\t\t\t\t\t\t\t\t\t<div class=\"raven-photo-album-img\" style=\"background-image: url(https:\/\/vitraaz.ee\/wp-content\/uploads\/2022\/09\/Vitraazid-5-768x511.jpg);\"><\/div>\n\t\t\t\t\t\t\t\t<figcaption class=\"raven-photo-album-content\">\n\t\t\t\t\t\t\t\t\t\t\t\t\t\t<div class=\"raven-photo-album-meta\">\n\t\t\t\t\t\t\t<h3 class=\"raven-photo-album-title\"><\/h3>\t\t\t\t\t\t\t<\/div>\n\t\t\t\t\t\t<\/figcaption>\n\t\t\t\t\t<\/figure>\n\t\t\t\t<\/a>\n\t\t\t\t\t\t\t<\/article>\n\t\t<\/div>\n\t\t\t\t<\/div>\n\t\t\t\t\t\t<\/div>\n\t\t\t\t<\/div>\n\t\t\t\t\t<\/div>\n\t\t<\/div>\n\t\t\t\t\t<\/div>\n\t\t<\/section>\n\t\t\t\t<\/div>\n\t\t","protected":false},"excerpt":{"rendered":"<p>content_copy share<\/p>\n","protected":false},"author":1,"featured_media":0,"parent":0,"menu_order":0,"comment_status":"closed","ping_status":"closed","template":"elementor_header_footer","meta":{"_acf_changed":false,"footnotes":""},"class_list":["post-3740","page","type-page","status-publish","hentry"],"acf":[],"yoast_head":"<!-- This site is optimized with the Yoast SEO plugin v27.3 - https:\/\/yoast.com\/product\/yoast-seo-wordpress\/ -->\n<title>Lasimaalaukset - Vitraaz.ee<\/title>\n<meta name=\"description\" content=\"Lasimaalaukset. Vaikka yrityksemme onkin pieni, olemme luotettavia, rohkeita ratkaisuja tarjoavia ja joustavia.\" \/>\n<meta name=\"robots\" content=\"index, follow, max-snippet:-1, max-image-preview:large, max-video-preview:-1\" \/>\n<link rel=\"canonical\" href=\"https:\/\/vitraaz.ee\/fi\/lasimaalaukset\/\" \/>\n<meta property=\"og:locale\" content=\"fi_FI\" \/>\n<meta property=\"og:type\" content=\"article\" \/>\n<meta property=\"og:title\" content=\"Lasimaalaukset - Vitraaz.ee\" \/>\n<meta property=\"og:description\" content=\"Lasimaalaukset. Vaikka yrityksemme onkin pieni, olemme luotettavia, rohkeita ratkaisuja tarjoavia ja joustavia.\" \/>\n<meta property=\"og:url\" content=\"https:\/\/vitraaz.ee\/fi\/lasimaalaukset\/\" \/>\n<meta property=\"og:site_name\" content=\"Vitraaz.ee\" \/>\n<meta property=\"article:publisher\" content=\"https:\/\/www.facebook.com\/Klaasinterjoor\" \/>\n<meta property=\"article:modified_time\" content=\"2022-10-11T23:41:39+00:00\" \/>\n<meta name=\"twitter:card\" content=\"summary_large_image\" \/>\n<meta name=\"twitter:label1\" content=\"Arvioitu lukuaika\" \/>\n\t<meta name=\"twitter:data1\" content=\"1 minuutti\" \/>\n<script type=\"application\/ld+json\" class=\"yoast-schema-graph\">{\"@context\":\"https:\\\/\\\/schema.org\",\"@graph\":[{\"@type\":\"WebPage\",\"@id\":\"https:\\\/\\\/vitraaz.ee\\\/fi\\\/lasimaalaukset\\\/\",\"url\":\"https:\\\/\\\/vitraaz.ee\\\/fi\\\/lasimaalaukset\\\/\",\"name\":\"Lasimaalaukset - Vitraaz.ee\",\"isPartOf\":{\"@id\":\"https:\\\/\\\/vitraaz.ee\\\/fi\\\/#website\"},\"datePublished\":\"2022-09-30T10:15:18+00:00\",\"dateModified\":\"2022-10-11T23:41:39+00:00\",\"description\":\"Lasimaalaukset. Vaikka yrityksemme onkin pieni, olemme luotettavia, rohkeita ratkaisuja tarjoavia ja joustavia.\",\"breadcrumb\":{\"@id\":\"https:\\\/\\\/vitraaz.ee\\\/fi\\\/lasimaalaukset\\\/#breadcrumb\"},\"inLanguage\":\"fi\",\"potentialAction\":[{\"@type\":\"ReadAction\",\"target\":[\"https:\\\/\\\/vitraaz.ee\\\/fi\\\/lasimaalaukset\\\/\"]}]},{\"@type\":\"BreadcrumbList\",\"@id\":\"https:\\\/\\\/vitraaz.ee\\\/fi\\\/lasimaalaukset\\\/#breadcrumb\",\"itemListElement\":[{\"@type\":\"ListItem\",\"position\":1,\"name\":\"Home\",\"item\":\"https:\\\/\\\/vitraaz.ee\\\/fi\\\/\"},{\"@type\":\"ListItem\",\"position\":2,\"name\":\"Lasimaalaukset\"}]},{\"@type\":\"WebSite\",\"@id\":\"https:\\\/\\\/vitraaz.ee\\\/fi\\\/#website\",\"url\":\"https:\\\/\\\/vitraaz.ee\\\/fi\\\/\",\"name\":\"Vitraaz.ee\",\"description\":\"Klaasinterj&ouml;&ouml;r\",\"publisher\":{\"@id\":\"https:\\\/\\\/vitraaz.ee\\\/fi\\\/#organization\"},\"potentialAction\":[{\"@type\":\"SearchAction\",\"target\":{\"@type\":\"EntryPoint\",\"urlTemplate\":\"https:\\\/\\\/vitraaz.ee\\\/fi\\\/?s={search_term_string}\"},\"query-input\":{\"@type\":\"PropertyValueSpecification\",\"valueRequired\":true,\"valueName\":\"search_term_string\"}}],\"inLanguage\":\"fi\"},{\"@type\":\"Organization\",\"@id\":\"https:\\\/\\\/vitraaz.ee\\\/fi\\\/#organization\",\"name\":\"KLAASINTERJ\u00d6\u00d6R O\u00dc\",\"url\":\"https:\\\/\\\/vitraaz.ee\\\/fi\\\/\",\"logo\":{\"@type\":\"ImageObject\",\"inLanguage\":\"fi\",\"@id\":\"https:\\\/\\\/vitraaz.ee\\\/fi\\\/#\\\/schema\\\/logo\\\/image\\\/\",\"url\":\"https:\\\/\\\/vitraaz.ee\\\/wp-content\\\/uploads\\\/2022\\\/09\\\/logoKI.png\",\"contentUrl\":\"https:\\\/\\\/vitraaz.ee\\\/wp-content\\\/uploads\\\/2022\\\/09\\\/logoKI.png\",\"width\":1159,\"height\":458,\"caption\":\"KLAASINTERJ\u00d6\u00d6R O\u00dc\"},\"image\":{\"@id\":\"https:\\\/\\\/vitraaz.ee\\\/fi\\\/#\\\/schema\\\/logo\\\/image\\\/\"},\"sameAs\":[\"https:\\\/\\\/www.facebook.com\\\/Klaasinterjoor\"]}]}<\/script>\n<!-- \/ Yoast SEO plugin. -->","yoast_head_json":{"title":"Lasimaalaukset - Vitraaz.ee","description":"Lasimaalaukset. Vaikka yrityksemme onkin pieni, olemme luotettavia, rohkeita ratkaisuja tarjoavia ja joustavia.","robots":{"index":"index","follow":"follow","max-snippet":"max-snippet:-1","max-image-preview":"max-image-preview:large","max-video-preview":"max-video-preview:-1"},"canonical":"https:\/\/vitraaz.ee\/fi\/lasimaalaukset\/","og_locale":"fi_FI","og_type":"article","og_title":"Lasimaalaukset - Vitraaz.ee","og_description":"Lasimaalaukset. Vaikka yrityksemme onkin pieni, olemme luotettavia, rohkeita ratkaisuja tarjoavia ja joustavia.","og_url":"https:\/\/vitraaz.ee\/fi\/lasimaalaukset\/","og_site_name":"Vitraaz.ee","article_publisher":"https:\/\/www.facebook.com\/Klaasinterjoor","article_modified_time":"2022-10-11T23:41:39+00:00","twitter_card":"summary_large_image","twitter_misc":{"Arvioitu lukuaika":"1 minuutti"},"schema":{"@context":"https:\/\/schema.org","@graph":[{"@type":"WebPage","@id":"https:\/\/vitraaz.ee\/fi\/lasimaalaukset\/","url":"https:\/\/vitraaz.ee\/fi\/lasimaalaukset\/","name":"Lasimaalaukset - Vitraaz.ee","isPartOf":{"@id":"https:\/\/vitraaz.ee\/fi\/#website"},"datePublished":"2022-09-30T10:15:18+00:00","dateModified":"2022-10-11T23:41:39+00:00","description":"Lasimaalaukset. Vaikka yrityksemme onkin pieni, olemme luotettavia, rohkeita ratkaisuja tarjoavia ja joustavia.","breadcrumb":{"@id":"https:\/\/vitraaz.ee\/fi\/lasimaalaukset\/#breadcrumb"},"inLanguage":"fi","potentialAction":[{"@type":"ReadAction","target":["https:\/\/vitraaz.ee\/fi\/lasimaalaukset\/"]}]},{"@type":"BreadcrumbList","@id":"https:\/\/vitraaz.ee\/fi\/lasimaalaukset\/#breadcrumb","itemListElement":[{"@type":"ListItem","position":1,"name":"Home","item":"https:\/\/vitraaz.ee\/fi\/"},{"@type":"ListItem","position":2,"name":"Lasimaalaukset"}]},{"@type":"WebSite","@id":"https:\/\/vitraaz.ee\/fi\/#website","url":"https:\/\/vitraaz.ee\/fi\/","name":"Vitraaz.ee","description":"Klaasinterj&ouml;&ouml;r","publisher":{"@id":"https:\/\/vitraaz.ee\/fi\/#organization"},"potentialAction":[{"@type":"SearchAction","target":{"@type":"EntryPoint","urlTemplate":"https:\/\/vitraaz.ee\/fi\/?s={search_term_string}"},"query-input":{"@type":"PropertyValueSpecification","valueRequired":true,"valueName":"search_term_string"}}],"inLanguage":"fi"},{"@type":"Organization","@id":"https:\/\/vitraaz.ee\/fi\/#organization","name":"KLAASINTERJ\u00d6\u00d6R O\u00dc","url":"https:\/\/vitraaz.ee\/fi\/","logo":{"@type":"ImageObject","inLanguage":"fi","@id":"https:\/\/vitraaz.ee\/fi\/#\/schema\/logo\/image\/","url":"https:\/\/vitraaz.ee\/wp-content\/uploads\/2022\/09\/logoKI.png","contentUrl":"https:\/\/vitraaz.ee\/wp-content\/uploads\/2022\/09\/logoKI.png","width":1159,"height":458,"caption":"KLAASINTERJ\u00d6\u00d6R O\u00dc"},"image":{"@id":"https:\/\/vitraaz.ee\/fi\/#\/schema\/logo\/image\/"},"sameAs":["https:\/\/www.facebook.com\/Klaasinterjoor"]}]}},"_links":{"self":[{"href":"https:\/\/vitraaz.ee\/fi\/wp-json\/wp\/v2\/pages\/3740","targetHints":{"allow":["GET"]}}],"collection":[{"href":"https:\/\/vitraaz.ee\/fi\/wp-json\/wp\/v2\/pages"}],"about":[{"href":"https:\/\/vitraaz.ee\/fi\/wp-json\/wp\/v2\/types\/page"}],"author":[{"embeddable":true,"href":"https:\/\/vitraaz.ee\/fi\/wp-json\/wp\/v2\/users\/1"}],"replies":[{"embeddable":true,"href":"https:\/\/vitraaz.ee\/fi\/wp-json\/wp\/v2\/comments?post=3740"}],"version-history":[{"count":0,"href":"https:\/\/vitraaz.ee\/fi\/wp-json\/wp\/v2\/pages\/3740\/revisions"}],"wp:attachment":[{"href":"https:\/\/vitraaz.ee\/fi\/wp-json\/wp\/v2\/media?parent=3740"}],"curies":[{"name":"wp","href":"https:\/\/api.w.org\/{rel}","templated":true}]}}