{"id":3679,"date":"2022-10-02T01:11:11","date_gmt":"2022-10-02T01:11:11","guid":{"rendered":"https:\/\/vitraaz.ee\/?page_id=3679"},"modified":"2022-10-11T23:29:08","modified_gmt":"2022-10-11T23:29:08","slug":"isot-projektit","status":"publish","type":"page","link":"https:\/\/vitraaz.ee\/fi\/isot-projektit\/","title":{"rendered":"Isot projektit"},"content":{"rendered":"\t\t<div data-elementor-type=\"wp-page\" data-elementor-id=\"3679\" class=\"elementor elementor-3679 elementor-1281\">\n\t\t\t\t\t\t<section class=\"elementor-section elementor-top-section elementor-element elementor-element-f2261ec elementor-section-boxed elementor-section-height-default elementor-section-height-default\" data-id=\"f2261ec\" data-element_type=\"section\" data-e-type=\"section\">\n\t\t\t\t\t\t<div class=\"elementor-container elementor-column-gap-default\">\n\t\t\t\t\t<div class=\"elementor-column elementor-col-33 elementor-top-column elementor-element elementor-element-d2da934\" data-id=\"d2da934\" data-element_type=\"column\" data-e-type=\"column\">\n\t\t\t<div class=\"elementor-widget-wrap elementor-element-populated\">\n\t\t\t\t\t\t<div class=\"elementor-element elementor-element-6cf6943 elementor-widget elementor-widget-image\" data-id=\"6cf6943\" data-element_type=\"widget\" data-e-type=\"widget\" data-widget_type=\"image.default\">\n\t\t\t\t<div class=\"elementor-widget-container\">\n\t\t\t\t\t\t\t\t\t\t\t\t\t\t\t<img fetchpriority=\"high\" decoding=\"async\" width=\"1024\" height=\"681\" src=\"https:\/\/vitraaz.ee\/wp-content\/uploads\/2022\/10\/klaaspindade-disain-pubi-villem-1024x681.jpg\" class=\"attachment-large size-large wp-image-2360\" alt=\"\" srcset=\"https:\/\/vitraaz.ee\/wp-content\/uploads\/2022\/10\/klaaspindade-disain-pubi-villem-1024x681.jpg 1024w, https:\/\/vitraaz.ee\/wp-content\/uploads\/2022\/10\/klaaspindade-disain-pubi-villem-600x399.jpg 600w, https:\/\/vitraaz.ee\/wp-content\/uploads\/2022\/10\/klaaspindade-disain-pubi-villem-300x200.jpg 300w, https:\/\/vitraaz.ee\/wp-content\/uploads\/2022\/10\/klaaspindade-disain-pubi-villem-768x511.jpg 768w, https:\/\/vitraaz.ee\/wp-content\/uploads\/2022\/10\/klaaspindade-disain-pubi-villem.jpg 1200w\" sizes=\"(max-width: 1024px) 100vw, 1024px\" \/>\t\t\t\t\t\t\t\t\t\t\t\t\t\t\t<\/div>\n\t\t\t\t<\/div>\n\t\t\t\t<div class=\"elementor-element elementor-element-e97d351 elementor-align-center elementor-widget elementor-widget-button\" data-id=\"e97d351\" data-element_type=\"widget\" data-e-type=\"widget\" data-widget_type=\"button.default\">\n\t\t\t\t<div class=\"elementor-widget-container\">\n\t\t\t\t\t\t\t\t\t<div class=\"elementor-button-wrapper\">\n\t\t\t\t\t<a class=\"elementor-button elementor-button-link elementor-size-sm\" href=\"https:\/\/vitraaz.ee\/vana-villemi-pubid\/\">\n\t\t\t\t\t\t<span class=\"elementor-button-content-wrapper\">\n\t\t\t\t\t\t\t\t\t<span class=\"elementor-button-text\">Vana Villemi pubid<\/span>\n\t\t\t\t\t<\/span>\n\t\t\t\t\t<\/a>\n\t\t\t\t<\/div>\n\t\t\t\t\t\t\t\t<\/div>\n\t\t\t\t<\/div>\n\t\t\t\t\t<\/div>\n\t\t<\/div>\n\t\t\t\t<div class=\"elementor-column elementor-col-33 elementor-top-column elementor-element elementor-element-556081a\" data-id=\"556081a\" data-element_type=\"column\" data-e-type=\"column\">\n\t\t\t<div class=\"elementor-widget-wrap elementor-element-populated\">\n\t\t\t\t\t\t<div class=\"elementor-element elementor-element-dd3ae2f elementor-widget elementor-widget-image\" data-id=\"dd3ae2f\" data-element_type=\"widget\" data-e-type=\"widget\" data-widget_type=\"image.default\">\n\t\t\t\t<div class=\"elementor-widget-container\">\n\t\t\t\t\t\t\t\t\t\t\t\t\t\t\t<img decoding=\"async\" width=\"1024\" height=\"681\" src=\"https:\/\/vitraaz.ee\/wp-content\/uploads\/2022\/10\/Klaasikunst-cocoa-suured-projektid-1024x681.jpg\" class=\"attachment-large size-large wp-image-2345\" alt=\"\" srcset=\"https:\/\/vitraaz.ee\/wp-content\/uploads\/2022\/10\/Klaasikunst-cocoa-suured-projektid-1024x681.jpg 1024w, https:\/\/vitraaz.ee\/wp-content\/uploads\/2022\/10\/Klaasikunst-cocoa-suured-projektid-600x399.jpg 600w, https:\/\/vitraaz.ee\/wp-content\/uploads\/2022\/10\/Klaasikunst-cocoa-suured-projektid-300x200.jpg 300w, https:\/\/vitraaz.ee\/wp-content\/uploads\/2022\/10\/Klaasikunst-cocoa-suured-projektid-768x511.jpg 768w, https:\/\/vitraaz.ee\/wp-content\/uploads\/2022\/10\/Klaasikunst-cocoa-suured-projektid.jpg 1200w\" sizes=\"(max-width: 1024px) 100vw, 1024px\" \/>\t\t\t\t\t\t\t\t\t\t\t\t\t\t\t<\/div>\n\t\t\t\t<\/div>\n\t\t\t\t<div class=\"elementor-element elementor-element-225e6be elementor-align-center elementor-widget elementor-widget-button\" data-id=\"225e6be\" data-element_type=\"widget\" data-e-type=\"widget\" data-widget_type=\"button.default\">\n\t\t\t\t<div class=\"elementor-widget-container\">\n\t\t\t\t\t\t\t\t\t<div class=\"elementor-button-wrapper\">\n\t\t\t\t\t<a class=\"elementor-button elementor-button-link elementor-size-sm\" href=\"https:\/\/vitraaz.ee\/the-coolest-place-for-cocoa\/\">\n\t\t\t\t\t\t<span class=\"elementor-button-content-wrapper\">\n\t\t\t\t\t\t\t\t\t<span class=\"elementor-button-text\">The coolest place for Cocoa<\/span>\n\t\t\t\t\t<\/span>\n\t\t\t\t\t<\/a>\n\t\t\t\t<\/div>\n\t\t\t\t\t\t\t\t<\/div>\n\t\t\t\t<\/div>\n\t\t\t\t\t<\/div>\n\t\t<\/div>\n\t\t\t\t<div class=\"elementor-column elementor-col-33 elementor-top-column elementor-element elementor-element-86bbdab\" data-id=\"86bbdab\" data-element_type=\"column\" data-e-type=\"column\">\n\t\t\t<div class=\"elementor-widget-wrap elementor-element-populated\">\n\t\t\t\t\t\t<div class=\"elementor-element elementor-element-f5d299c elementor-widget elementor-widget-image\" data-id=\"f5d299c\" data-element_type=\"widget\" data-e-type=\"widget\" data-widget_type=\"image.default\">\n\t\t\t\t<div class=\"elementor-widget-container\">\n\t\t\t\t\t\t\t\t\t\t\t\t\t\t\t<img decoding=\"async\" width=\"1024\" height=\"681\" src=\"https:\/\/vitraaz.ee\/wp-content\/uploads\/2022\/10\/Suured-projektid-klaasikunst-Noorus-Spa-restorani-vitraaz-1024x681.jpg\" class=\"attachment-large size-large wp-image-2348\" alt=\"\" srcset=\"https:\/\/vitraaz.ee\/wp-content\/uploads\/2022\/10\/Suured-projektid-klaasikunst-Noorus-Spa-restorani-vitraaz-1024x681.jpg 1024w, https:\/\/vitraaz.ee\/wp-content\/uploads\/2022\/10\/Suured-projektid-klaasikunst-Noorus-Spa-restorani-vitraaz-600x399.jpg 600w, https:\/\/vitraaz.ee\/wp-content\/uploads\/2022\/10\/Suured-projektid-klaasikunst-Noorus-Spa-restorani-vitraaz-300x200.jpg 300w, https:\/\/vitraaz.ee\/wp-content\/uploads\/2022\/10\/Suured-projektid-klaasikunst-Noorus-Spa-restorani-vitraaz-768x511.jpg 768w, https:\/\/vitraaz.ee\/wp-content\/uploads\/2022\/10\/Suured-projektid-klaasikunst-Noorus-Spa-restorani-vitraaz.jpg 1200w\" sizes=\"(max-width: 1024px) 100vw, 1024px\" \/>\t\t\t\t\t\t\t\t\t\t\t\t\t\t\t<\/div>\n\t\t\t\t<\/div>\n\t\t\t\t<div class=\"elementor-element elementor-element-1a54ba7 elementor-align-center elementor-widget elementor-widget-button\" data-id=\"1a54ba7\" data-element_type=\"widget\" data-e-type=\"widget\" data-widget_type=\"button.default\">\n\t\t\t\t<div class=\"elementor-widget-container\">\n\t\t\t\t\t\t\t\t\t<div class=\"elementor-button-wrapper\">\n\t\t\t\t\t<a class=\"elementor-button elementor-button-link elementor-size-sm\" href=\"https:\/\/vitraaz.ee\/noorus-spa\/\">\n\t\t\t\t\t\t<span class=\"elementor-button-content-wrapper\">\n\t\t\t\t\t\t\t\t\t<span class=\"elementor-button-text\">Noorus SPA restoran<\/span>\n\t\t\t\t\t<\/span>\n\t\t\t\t\t<\/a>\n\t\t\t\t<\/div>\n\t\t\t\t\t\t\t\t<\/div>\n\t\t\t\t<\/div>\n\t\t\t\t\t<\/div>\n\t\t<\/div>\n\t\t\t\t\t<\/div>\n\t\t<\/section>\n\t\t\t\t<section class=\"elementor-section elementor-top-section elementor-element elementor-element-0e875c8 elementor-section-boxed elementor-section-height-default elementor-section-height-default\" data-id=\"0e875c8\" data-element_type=\"section\" data-e-type=\"section\">\n\t\t\t\t\t\t<div class=\"elementor-container elementor-column-gap-default\">\n\t\t\t\t\t<div class=\"elementor-column elementor-col-33 elementor-top-column elementor-element elementor-element-542602f\" data-id=\"542602f\" data-element_type=\"column\" data-e-type=\"column\">\n\t\t\t<div class=\"elementor-widget-wrap\">\n\t\t\t\t\t\t\t<\/div>\n\t\t<\/div>\n\t\t\t\t<div class=\"elementor-column elementor-col-33 elementor-top-column elementor-element elementor-element-24e8e17\" data-id=\"24e8e17\" data-element_type=\"column\" data-e-type=\"column\">\n\t\t\t<div class=\"elementor-widget-wrap elementor-element-populated\">\n\t\t\t\t\t\t<div class=\"elementor-element elementor-element-80ea3ff elementor-widget elementor-widget-image\" data-id=\"80ea3ff\" data-element_type=\"widget\" data-e-type=\"widget\" data-widget_type=\"image.default\">\n\t\t\t\t<div class=\"elementor-widget-container\">\n\t\t\t\t\t\t\t\t\t\t\t\t\t\t\t<img loading=\"lazy\" decoding=\"async\" width=\"1024\" height=\"681\" src=\"https:\/\/vitraaz.ee\/wp-content\/uploads\/2022\/10\/Lihtsate-Vaartuste-Monument-1024x681.jpg\" class=\"attachment-large size-large wp-image-2354\" alt=\"\" srcset=\"https:\/\/vitraaz.ee\/wp-content\/uploads\/2022\/10\/Lihtsate-Vaartuste-Monument-1024x681.jpg 1024w, https:\/\/vitraaz.ee\/wp-content\/uploads\/2022\/10\/Lihtsate-Vaartuste-Monument-600x399.jpg 600w, https:\/\/vitraaz.ee\/wp-content\/uploads\/2022\/10\/Lihtsate-Vaartuste-Monument-300x200.jpg 300w, https:\/\/vitraaz.ee\/wp-content\/uploads\/2022\/10\/Lihtsate-Vaartuste-Monument-768x511.jpg 768w, https:\/\/vitraaz.ee\/wp-content\/uploads\/2022\/10\/Lihtsate-Vaartuste-Monument.jpg 1200w\" sizes=\"(max-width: 1024px) 100vw, 1024px\" \/>\t\t\t\t\t\t\t\t\t\t\t\t\t\t\t<\/div>\n\t\t\t\t<\/div>\n\t\t\t\t<div class=\"elementor-element elementor-element-4e8a45d elementor-align-center elementor-widget elementor-widget-button\" data-id=\"4e8a45d\" data-element_type=\"widget\" data-e-type=\"widget\" data-widget_type=\"button.default\">\n\t\t\t\t<div class=\"elementor-widget-container\">\n\t\t\t\t\t\t\t\t\t<div class=\"elementor-button-wrapper\">\n\t\t\t\t\t<a class=\"elementor-button elementor-button-link elementor-size-sm\" href=\"https:\/\/vitraaz.ee\/lihtsate-vaartuste-monument\/\">\n\t\t\t\t\t\t<span class=\"elementor-button-content-wrapper\">\n\t\t\t\t\t\t\t\t\t<span class=\"elementor-button-text\"> Lihtsate V\u00e4\u00e4rtuste Monument<\/span>\n\t\t\t\t\t<\/span>\n\t\t\t\t\t<\/a>\n\t\t\t\t<\/div>\n\t\t\t\t\t\t\t\t<\/div>\n\t\t\t\t<\/div>\n\t\t\t\t\t<\/div>\n\t\t<\/div>\n\t\t\t\t<div class=\"elementor-column elementor-col-33 elementor-top-column elementor-element elementor-element-c81c680\" data-id=\"c81c680\" data-element_type=\"column\" data-e-type=\"column\">\n\t\t\t<div class=\"elementor-widget-wrap\">\n\t\t\t\t\t\t\t<\/div>\n\t\t<\/div>\n\t\t\t\t\t<\/div>\n\t\t<\/section>\n\t\t\t\t<\/div>\n\t\t","protected":false},"excerpt":{"rendered":"<p>Vana Villemi pubid The coolest place for Cocoa Noorus SPA restoran Lihtsate V\u00e4\u00e4rtuste Monument<\/p>\n","protected":false},"author":1,"featured_media":0,"parent":0,"menu_order":0,"comment_status":"closed","ping_status":"closed","template":"elementor_header_footer","meta":{"_acf_changed":false,"footnotes":""},"class_list":["post-3679","page","type-page","status-publish","hentry"],"acf":[],"yoast_head":"<!-- This site is optimized with the Yoast SEO plugin v27.3 - https:\/\/yoast.com\/product\/yoast-seo-wordpress\/ -->\n<title>Isot projektit - Vitraaz.ee<\/title>\n<meta name=\"description\" content=\"Isot projektit lasitaiteen alalla. Vaikka yrityksemme onkin pieni, olemme luotettavia, rohkeita ratkaisuja tarjoavia ja joustavia.\" \/>\n<meta name=\"robots\" content=\"index, follow, max-snippet:-1, max-image-preview:large, max-video-preview:-1\" \/>\n<link rel=\"canonical\" href=\"https:\/\/vitraaz.ee\/fi\/isot-projektit\/\" \/>\n<meta property=\"og:locale\" content=\"fi_FI\" \/>\n<meta property=\"og:type\" content=\"article\" \/>\n<meta property=\"og:title\" content=\"Isot projektit - Vitraaz.ee\" \/>\n<meta property=\"og:description\" content=\"Isot projektit lasitaiteen alalla. Vaikka yrityksemme onkin pieni, olemme luotettavia, rohkeita ratkaisuja tarjoavia ja joustavia.\" \/>\n<meta property=\"og:url\" content=\"https:\/\/vitraaz.ee\/fi\/isot-projektit\/\" \/>\n<meta property=\"og:site_name\" content=\"Vitraaz.ee\" \/>\n<meta property=\"article:publisher\" content=\"https:\/\/www.facebook.com\/Klaasinterjoor\" \/>\n<meta property=\"article:modified_time\" content=\"2022-10-11T23:29:08+00:00\" \/>\n<meta property=\"og:image\" content=\"https:\/\/vitraaz.ee\/wp-content\/uploads\/2022\/10\/klaaspindade-disain-pubi-villem-1024x681.jpg\" \/>\n<meta name=\"twitter:card\" content=\"summary_large_image\" \/>\n<meta name=\"twitter:label1\" content=\"Arvioitu lukuaika\" \/>\n\t<meta name=\"twitter:data1\" content=\"1 minuutti\" \/>\n<script type=\"application\/ld+json\" class=\"yoast-schema-graph\">{\"@context\":\"https:\\\/\\\/schema.org\",\"@graph\":[{\"@type\":\"WebPage\",\"@id\":\"https:\\\/\\\/vitraaz.ee\\\/fi\\\/isot-projektit\\\/\",\"url\":\"https:\\\/\\\/vitraaz.ee\\\/fi\\\/isot-projektit\\\/\",\"name\":\"Isot projektit - Vitraaz.ee\",\"isPartOf\":{\"@id\":\"https:\\\/\\\/vitraaz.ee\\\/fi\\\/#website\"},\"primaryImageOfPage\":{\"@id\":\"https:\\\/\\\/vitraaz.ee\\\/fi\\\/isot-projektit\\\/#primaryimage\"},\"image\":{\"@id\":\"https:\\\/\\\/vitraaz.ee\\\/fi\\\/isot-projektit\\\/#primaryimage\"},\"thumbnailUrl\":\"https:\\\/\\\/vitraaz.ee\\\/wp-content\\\/uploads\\\/2022\\\/10\\\/klaaspindade-disain-pubi-villem-1024x681.jpg\",\"datePublished\":\"2022-10-02T01:11:11+00:00\",\"dateModified\":\"2022-10-11T23:29:08+00:00\",\"description\":\"Isot projektit lasitaiteen alalla. Vaikka yrityksemme onkin pieni, olemme luotettavia, rohkeita ratkaisuja tarjoavia ja joustavia.\",\"breadcrumb\":{\"@id\":\"https:\\\/\\\/vitraaz.ee\\\/fi\\\/isot-projektit\\\/#breadcrumb\"},\"inLanguage\":\"fi\",\"potentialAction\":[{\"@type\":\"ReadAction\",\"target\":[\"https:\\\/\\\/vitraaz.ee\\\/fi\\\/isot-projektit\\\/\"]}]},{\"@type\":\"ImageObject\",\"inLanguage\":\"fi\",\"@id\":\"https:\\\/\\\/vitraaz.ee\\\/fi\\\/isot-projektit\\\/#primaryimage\",\"url\":\"https:\\\/\\\/vitraaz.ee\\\/wp-content\\\/uploads\\\/2022\\\/10\\\/klaaspindade-disain-pubi-villem-1024x681.jpg\",\"contentUrl\":\"https:\\\/\\\/vitraaz.ee\\\/wp-content\\\/uploads\\\/2022\\\/10\\\/klaaspindade-disain-pubi-villem-1024x681.jpg\"},{\"@type\":\"BreadcrumbList\",\"@id\":\"https:\\\/\\\/vitraaz.ee\\\/fi\\\/isot-projektit\\\/#breadcrumb\",\"itemListElement\":[{\"@type\":\"ListItem\",\"position\":1,\"name\":\"Home\",\"item\":\"https:\\\/\\\/vitraaz.ee\\\/fi\\\/\"},{\"@type\":\"ListItem\",\"position\":2,\"name\":\"Isot projektit\"}]},{\"@type\":\"WebSite\",\"@id\":\"https:\\\/\\\/vitraaz.ee\\\/fi\\\/#website\",\"url\":\"https:\\\/\\\/vitraaz.ee\\\/fi\\\/\",\"name\":\"Vitraaz.ee\",\"description\":\"Klaasinterj&ouml;&ouml;r\",\"publisher\":{\"@id\":\"https:\\\/\\\/vitraaz.ee\\\/fi\\\/#organization\"},\"potentialAction\":[{\"@type\":\"SearchAction\",\"target\":{\"@type\":\"EntryPoint\",\"urlTemplate\":\"https:\\\/\\\/vitraaz.ee\\\/fi\\\/?s={search_term_string}\"},\"query-input\":{\"@type\":\"PropertyValueSpecification\",\"valueRequired\":true,\"valueName\":\"search_term_string\"}}],\"inLanguage\":\"fi\"},{\"@type\":\"Organization\",\"@id\":\"https:\\\/\\\/vitraaz.ee\\\/fi\\\/#organization\",\"name\":\"KLAASINTERJ\u00d6\u00d6R O\u00dc\",\"url\":\"https:\\\/\\\/vitraaz.ee\\\/fi\\\/\",\"logo\":{\"@type\":\"ImageObject\",\"inLanguage\":\"fi\",\"@id\":\"https:\\\/\\\/vitraaz.ee\\\/fi\\\/#\\\/schema\\\/logo\\\/image\\\/\",\"url\":\"https:\\\/\\\/vitraaz.ee\\\/wp-content\\\/uploads\\\/2022\\\/09\\\/logoKI.png\",\"contentUrl\":\"https:\\\/\\\/vitraaz.ee\\\/wp-content\\\/uploads\\\/2022\\\/09\\\/logoKI.png\",\"width\":1159,\"height\":458,\"caption\":\"KLAASINTERJ\u00d6\u00d6R O\u00dc\"},\"image\":{\"@id\":\"https:\\\/\\\/vitraaz.ee\\\/fi\\\/#\\\/schema\\\/logo\\\/image\\\/\"},\"sameAs\":[\"https:\\\/\\\/www.facebook.com\\\/Klaasinterjoor\"]}]}<\/script>\n<!-- \/ Yoast SEO plugin. -->","yoast_head_json":{"title":"Isot projektit - Vitraaz.ee","description":"Isot projektit lasitaiteen alalla. Vaikka yrityksemme onkin pieni, olemme luotettavia, rohkeita ratkaisuja tarjoavia ja joustavia.","robots":{"index":"index","follow":"follow","max-snippet":"max-snippet:-1","max-image-preview":"max-image-preview:large","max-video-preview":"max-video-preview:-1"},"canonical":"https:\/\/vitraaz.ee\/fi\/isot-projektit\/","og_locale":"fi_FI","og_type":"article","og_title":"Isot projektit - Vitraaz.ee","og_description":"Isot projektit lasitaiteen alalla. Vaikka yrityksemme onkin pieni, olemme luotettavia, rohkeita ratkaisuja tarjoavia ja joustavia.","og_url":"https:\/\/vitraaz.ee\/fi\/isot-projektit\/","og_site_name":"Vitraaz.ee","article_publisher":"https:\/\/www.facebook.com\/Klaasinterjoor","article_modified_time":"2022-10-11T23:29:08+00:00","og_image":[{"url":"https:\/\/vitraaz.ee\/wp-content\/uploads\/2022\/10\/klaaspindade-disain-pubi-villem-1024x681.jpg","type":"","width":"","height":""}],"twitter_card":"summary_large_image","twitter_misc":{"Arvioitu lukuaika":"1 minuutti"},"schema":{"@context":"https:\/\/schema.org","@graph":[{"@type":"WebPage","@id":"https:\/\/vitraaz.ee\/fi\/isot-projektit\/","url":"https:\/\/vitraaz.ee\/fi\/isot-projektit\/","name":"Isot projektit - Vitraaz.ee","isPartOf":{"@id":"https:\/\/vitraaz.ee\/fi\/#website"},"primaryImageOfPage":{"@id":"https:\/\/vitraaz.ee\/fi\/isot-projektit\/#primaryimage"},"image":{"@id":"https:\/\/vitraaz.ee\/fi\/isot-projektit\/#primaryimage"},"thumbnailUrl":"https:\/\/vitraaz.ee\/wp-content\/uploads\/2022\/10\/klaaspindade-disain-pubi-villem-1024x681.jpg","datePublished":"2022-10-02T01:11:11+00:00","dateModified":"2022-10-11T23:29:08+00:00","description":"Isot projektit lasitaiteen alalla. Vaikka yrityksemme onkin pieni, olemme luotettavia, rohkeita ratkaisuja tarjoavia ja joustavia.","breadcrumb":{"@id":"https:\/\/vitraaz.ee\/fi\/isot-projektit\/#breadcrumb"},"inLanguage":"fi","potentialAction":[{"@type":"ReadAction","target":["https:\/\/vitraaz.ee\/fi\/isot-projektit\/"]}]},{"@type":"ImageObject","inLanguage":"fi","@id":"https:\/\/vitraaz.ee\/fi\/isot-projektit\/#primaryimage","url":"https:\/\/vitraaz.ee\/wp-content\/uploads\/2022\/10\/klaaspindade-disain-pubi-villem-1024x681.jpg","contentUrl":"https:\/\/vitraaz.ee\/wp-content\/uploads\/2022\/10\/klaaspindade-disain-pubi-villem-1024x681.jpg"},{"@type":"BreadcrumbList","@id":"https:\/\/vitraaz.ee\/fi\/isot-projektit\/#breadcrumb","itemListElement":[{"@type":"ListItem","position":1,"name":"Home","item":"https:\/\/vitraaz.ee\/fi\/"},{"@type":"ListItem","position":2,"name":"Isot projektit"}]},{"@type":"WebSite","@id":"https:\/\/vitraaz.ee\/fi\/#website","url":"https:\/\/vitraaz.ee\/fi\/","name":"Vitraaz.ee","description":"Klaasinterj&ouml;&ouml;r","publisher":{"@id":"https:\/\/vitraaz.ee\/fi\/#organization"},"potentialAction":[{"@type":"SearchAction","target":{"@type":"EntryPoint","urlTemplate":"https:\/\/vitraaz.ee\/fi\/?s={search_term_string}"},"query-input":{"@type":"PropertyValueSpecification","valueRequired":true,"valueName":"search_term_string"}}],"inLanguage":"fi"},{"@type":"Organization","@id":"https:\/\/vitraaz.ee\/fi\/#organization","name":"KLAASINTERJ\u00d6\u00d6R O\u00dc","url":"https:\/\/vitraaz.ee\/fi\/","logo":{"@type":"ImageObject","inLanguage":"fi","@id":"https:\/\/vitraaz.ee\/fi\/#\/schema\/logo\/image\/","url":"https:\/\/vitraaz.ee\/wp-content\/uploads\/2022\/09\/logoKI.png","contentUrl":"https:\/\/vitraaz.ee\/wp-content\/uploads\/2022\/09\/logoKI.png","width":1159,"height":458,"caption":"KLAASINTERJ\u00d6\u00d6R O\u00dc"},"image":{"@id":"https:\/\/vitraaz.ee\/fi\/#\/schema\/logo\/image\/"},"sameAs":["https:\/\/www.facebook.com\/Klaasinterjoor"]}]}},"_links":{"self":[{"href":"https:\/\/vitraaz.ee\/fi\/wp-json\/wp\/v2\/pages\/3679","targetHints":{"allow":["GET"]}}],"collection":[{"href":"https:\/\/vitraaz.ee\/fi\/wp-json\/wp\/v2\/pages"}],"about":[{"href":"https:\/\/vitraaz.ee\/fi\/wp-json\/wp\/v2\/types\/page"}],"author":[{"embeddable":true,"href":"https:\/\/vitraaz.ee\/fi\/wp-json\/wp\/v2\/users\/1"}],"replies":[{"embeddable":true,"href":"https:\/\/vitraaz.ee\/fi\/wp-json\/wp\/v2\/comments?post=3679"}],"version-history":[{"count":0,"href":"https:\/\/vitraaz.ee\/fi\/wp-json\/wp\/v2\/pages\/3679\/revisions"}],"wp:attachment":[{"href":"https:\/\/vitraaz.ee\/fi\/wp-json\/wp\/v2\/media?parent=3679"}],"curies":[{"name":"wp","href":"https:\/\/api.w.org\/{rel}","templated":true}]}}