{"id":3646,"date":"2022-10-02T08:16:24","date_gmt":"2022-10-02T08:16:24","guid":{"rendered":"https:\/\/vitraaz.ee\/?page_id=3646"},"modified":"2022-10-22T00:02:17","modified_gmt":"2022-10-22T00:02:17","slug":"noorus-spa","status":"publish","type":"page","link":"https:\/\/vitraaz.ee\/fi\/noorus-spa\/","title":{"rendered":"Noorus SPA"},"content":{"rendered":"\t\t<div data-elementor-type=\"wp-page\" data-elementor-id=\"3646\" class=\"elementor elementor-3646 elementor-1583\">\n\t\t\t\t\t\t<section class=\"elementor-section elementor-top-section elementor-element elementor-element-d330d6d elementor-section-boxed elementor-section-height-default elementor-section-height-default\" data-id=\"d330d6d\" data-element_type=\"section\" data-e-type=\"section\">\n\t\t\t\t\t\t<div class=\"elementor-container elementor-column-gap-default\">\n\t\t\t\t\t<div class=\"elementor-column elementor-col-100 elementor-top-column elementor-element elementor-element-101ae9d\" data-id=\"101ae9d\" data-element_type=\"column\" data-e-type=\"column\">\n\t\t\t<div class=\"elementor-widget-wrap elementor-element-populated\">\n\t\t\t\t\t\t<div class=\"elementor-element elementor-element-f650f5c elementor-widget elementor-widget-image\" data-id=\"f650f5c\" data-element_type=\"widget\" data-e-type=\"widget\" data-widget_type=\"image.default\">\n\t\t\t\t<div class=\"elementor-widget-container\">\n\t\t\t\t\t\t\t\t\t\t\t\t\t\t\t<img fetchpriority=\"high\" decoding=\"async\" width=\"1024\" height=\"639\" src=\"https:\/\/vitraaz.ee\/wp-content\/uploads\/2022\/10\/Noorus-SPA-1024x639.jpg\" class=\"attachment-large size-large wp-image-2456\" alt=\"\" srcset=\"https:\/\/vitraaz.ee\/wp-content\/uploads\/2022\/10\/Noorus-SPA-1024x639.jpg 1024w, https:\/\/vitraaz.ee\/wp-content\/uploads\/2022\/10\/Noorus-SPA-600x374.jpg 600w, https:\/\/vitraaz.ee\/wp-content\/uploads\/2022\/10\/Noorus-SPA-300x187.jpg 300w, https:\/\/vitraaz.ee\/wp-content\/uploads\/2022\/10\/Noorus-SPA-768x479.jpg 768w, https:\/\/vitraaz.ee\/wp-content\/uploads\/2022\/10\/Noorus-SPA.jpg 1040w\" sizes=\"(max-width: 1024px) 100vw, 1024px\" \/>\t\t\t\t\t\t\t\t\t\t\t\t\t\t\t<\/div>\n\t\t\t\t<\/div>\n\t\t\t\t<div class=\"elementor-element elementor-element-eb6e16f elementor-widget elementor-widget-heading\" data-id=\"eb6e16f\" data-element_type=\"widget\" data-e-type=\"widget\" data-widget_type=\"heading.default\">\n\t\t\t\t<div class=\"elementor-widget-container\">\n\t\t\t\t\t<h2 class=\"elementor-heading-title elementor-size-default\">\u201cNoorus Spa\u201d restorani lagi<\/h2>\t\t\t\t<\/div>\n\t\t\t\t<\/div>\n\t\t\t\t<div class=\"elementor-element elementor-element-239e5e6 elementor-widget elementor-widget-text-editor\" data-id=\"239e5e6\" data-element_type=\"widget\" data-e-type=\"widget\" data-widget_type=\"text-editor.default\">\n\t\t\t\t<div class=\"elementor-widget-container\">\n\t\t\t\t\t\t\t\t\t<p>Narva &#8211; J\u00f5esuus asuva Noorus Spa restorani lae vitraazide planeerimine sai alguse juba ehituse varases j\u00e4rgus.<\/p><p>Disain: <strong>Sandra Alleman ja Anu Jaanhold<\/strong><br \/>Asukoht: <strong>Narva &#8211; J\u00f5esuu<\/strong><\/p>\t\t\t\t\t\t\t\t<\/div>\n\t\t\t\t<\/div>\n\t\t\t\t\t<\/div>\n\t\t<\/div>\n\t\t\t\t\t<\/div>\n\t\t<\/section>\n\t\t\t\t<section class=\"elementor-section elementor-top-section elementor-element elementor-element-3e5717e elementor-section-boxed elementor-section-height-default elementor-section-height-default\" data-id=\"3e5717e\" data-element_type=\"section\" data-e-type=\"section\">\n\t\t\t\t\t\t<div class=\"elementor-container elementor-column-gap-default\">\n\t\t\t\t\t<div class=\"elementor-column elementor-col-100 elementor-top-column elementor-element elementor-element-24430ea\" data-id=\"24430ea\" data-element_type=\"column\" data-e-type=\"column\">\n\t\t\t<div class=\"elementor-widget-wrap elementor-element-populated\">\n\t\t\t\t\t\t<div class=\"elementor-element elementor-element-57e185c elementor-widget elementor-widget-image\" data-id=\"57e185c\" data-element_type=\"widget\" data-e-type=\"widget\" data-widget_type=\"image.default\">\n\t\t\t\t<div class=\"elementor-widget-container\">\n\t\t\t\t\t\t\t\t\t\t\t\t\t\t\t<img decoding=\"async\" width=\"1024\" height=\"639\" src=\"https:\/\/vitraaz.ee\/wp-content\/uploads\/2022\/10\/Noorus-SPA-1-1024x639.jpg\" class=\"attachment-large size-large wp-image-2462\" alt=\"\" srcset=\"https:\/\/vitraaz.ee\/wp-content\/uploads\/2022\/10\/Noorus-SPA-1-1024x639.jpg 1024w, https:\/\/vitraaz.ee\/wp-content\/uploads\/2022\/10\/Noorus-SPA-1-600x374.jpg 600w, https:\/\/vitraaz.ee\/wp-content\/uploads\/2022\/10\/Noorus-SPA-1-300x187.jpg 300w, https:\/\/vitraaz.ee\/wp-content\/uploads\/2022\/10\/Noorus-SPA-1-768x479.jpg 768w, https:\/\/vitraaz.ee\/wp-content\/uploads\/2022\/10\/Noorus-SPA-1.jpg 1040w\" sizes=\"(max-width: 1024px) 100vw, 1024px\" \/>\t\t\t\t\t\t\t\t\t\t\t\t\t\t\t<\/div>\n\t\t\t\t<\/div>\n\t\t\t\t<div class=\"elementor-element elementor-element-c188ac2 elementor-widget elementor-widget-text-editor\" data-id=\"c188ac2\" data-element_type=\"widget\" data-e-type=\"widget\" data-widget_type=\"text-editor.default\">\n\t\t\t\t<div class=\"elementor-widget-container\">\n\t\t\t\t\t\t\t\t\t<p>Tagant valgustusega vitraazide kujunduse aluseks oli tubadesse ja fuajeesse planeeritud lehe motiividega m\u00f6\u00f6bel. Lisaks vitraazide valmistamisele ja kujundamisele, vastutasime metallraamide valmistamise kujunduse ja paigalduse eest. Suur t\u00f6\u00f6 sai tehtud ja loodame, et m\u00e4rkate ja naudite.<\/p>\t\t\t\t\t\t\t\t<\/div>\n\t\t\t\t<\/div>\n\t\t\t\t<div class=\"elementor-element elementor-element-51b2889 elementor-widget elementor-widget-image\" data-id=\"51b2889\" data-element_type=\"widget\" data-e-type=\"widget\" data-widget_type=\"image.default\">\n\t\t\t\t<div class=\"elementor-widget-container\">\n\t\t\t\t\t\t\t\t\t\t\t\t\t\t\t<img decoding=\"async\" width=\"1040\" height=\"1347\" src=\"https:\/\/vitraaz.ee\/wp-content\/uploads\/2022\/10\/Noorus-SPA-2.jpg\" class=\"attachment-2048x2048 size-2048x2048 wp-image-2465\" alt=\"\" srcset=\"https:\/\/vitraaz.ee\/wp-content\/uploads\/2022\/10\/Noorus-SPA-2.jpg 1040w, https:\/\/vitraaz.ee\/wp-content\/uploads\/2022\/10\/Noorus-SPA-2-600x777.jpg 600w, https:\/\/vitraaz.ee\/wp-content\/uploads\/2022\/10\/Noorus-SPA-2-232x300.jpg 232w, https:\/\/vitraaz.ee\/wp-content\/uploads\/2022\/10\/Noorus-SPA-2-791x1024.jpg 791w, https:\/\/vitraaz.ee\/wp-content\/uploads\/2022\/10\/Noorus-SPA-2-768x995.jpg 768w\" sizes=\"(max-width: 1040px) 100vw, 1040px\" \/>\t\t\t\t\t\t\t\t\t\t\t\t\t\t\t<\/div>\n\t\t\t\t<\/div>\n\t\t\t\t<div class=\"elementor-element elementor-element-16e8dec elementor-widget elementor-widget-image\" data-id=\"16e8dec\" data-element_type=\"widget\" data-e-type=\"widget\" data-widget_type=\"image.default\">\n\t\t\t\t<div class=\"elementor-widget-container\">\n\t\t\t\t\t\t\t\t\t\t\t\t\t\t\t<img loading=\"lazy\" decoding=\"async\" width=\"1040\" height=\"1347\" src=\"https:\/\/vitraaz.ee\/wp-content\/uploads\/2022\/10\/Noorus-SPA-3.jpg\" class=\"attachment-2048x2048 size-2048x2048 wp-image-2468\" alt=\"\" srcset=\"https:\/\/vitraaz.ee\/wp-content\/uploads\/2022\/10\/Noorus-SPA-3.jpg 1040w, https:\/\/vitraaz.ee\/wp-content\/uploads\/2022\/10\/Noorus-SPA-3-600x777.jpg 600w, https:\/\/vitraaz.ee\/wp-content\/uploads\/2022\/10\/Noorus-SPA-3-232x300.jpg 232w, https:\/\/vitraaz.ee\/wp-content\/uploads\/2022\/10\/Noorus-SPA-3-791x1024.jpg 791w, https:\/\/vitraaz.ee\/wp-content\/uploads\/2022\/10\/Noorus-SPA-3-768x995.jpg 768w\" sizes=\"(max-width: 1040px) 100vw, 1040px\" \/>\t\t\t\t\t\t\t\t\t\t\t\t\t\t\t<\/div>\n\t\t\t\t<\/div>\n\t\t\t\t<div class=\"elementor-element elementor-element-e8e8262 elementor-widget elementor-widget-image\" data-id=\"e8e8262\" data-element_type=\"widget\" data-e-type=\"widget\" data-widget_type=\"image.default\">\n\t\t\t\t<div class=\"elementor-widget-container\">\n\t\t\t\t\t\t\t\t\t\t\t\t\t\t\t<img loading=\"lazy\" decoding=\"async\" width=\"1040\" height=\"1347\" src=\"https:\/\/vitraaz.ee\/wp-content\/uploads\/2022\/10\/Noorus-SPA-4.jpg\" class=\"attachment-2048x2048 size-2048x2048 wp-image-2471\" alt=\"\" srcset=\"https:\/\/vitraaz.ee\/wp-content\/uploads\/2022\/10\/Noorus-SPA-4.jpg 1040w, https:\/\/vitraaz.ee\/wp-content\/uploads\/2022\/10\/Noorus-SPA-4-600x777.jpg 600w, https:\/\/vitraaz.ee\/wp-content\/uploads\/2022\/10\/Noorus-SPA-4-232x300.jpg 232w, https:\/\/vitraaz.ee\/wp-content\/uploads\/2022\/10\/Noorus-SPA-4-791x1024.jpg 791w, https:\/\/vitraaz.ee\/wp-content\/uploads\/2022\/10\/Noorus-SPA-4-768x995.jpg 768w\" sizes=\"(max-width: 1040px) 100vw, 1040px\" \/>\t\t\t\t\t\t\t\t\t\t\t\t\t\t\t<\/div>\n\t\t\t\t<\/div>\n\t\t\t\t<div class=\"elementor-element elementor-element-e103f9d elementor-widget elementor-widget-text-editor\" data-id=\"e103f9d\" data-element_type=\"widget\" data-e-type=\"widget\" data-widget_type=\"text-editor.default\">\n\t\t\t\t<div class=\"elementor-widget-container\">\n\t\t\t\t\t\t\t\t\t<p>Suured projektid:\u00a0<a href=\"https:\/\/vitraaz.ee\/lihtsate-vaartuste-monument\/\">Lihtsate V\u00e4\u00e4rtuste Monument<\/a> |\u00a0<a href=\"https:\/\/vitraaz.ee\/the-coolest-place-for-cocoa\/\">The coolest place for Cocoa<\/a> |\u00a0<a href=\"https:\/\/vitraaz.ee\/vana-villemi-pubid\/\">Vana Villemi pubid<\/a><\/p>\t\t\t\t\t\t\t\t<\/div>\n\t\t\t\t<\/div>\n\t\t\t\t\t<\/div>\n\t\t<\/div>\n\t\t\t\t\t<\/div>\n\t\t<\/section>\n\t\t\t\t<\/div>\n\t\t","protected":false},"excerpt":{"rendered":"<p>\u201cNoorus Spa\u201d restorani lagi Narva &#8211; J\u00f5esuus asuva Noorus Spa restorani lae vitraazide planeerimine sai alguse juba ehituse varases j\u00e4rgus. Disain: Sandra Alleman ja Anu JaanholdAsukoht: Narva &#8211; J\u00f5esuu Tagant valgustusega vitraazide kujunduse aluseks oli tubadesse ja fuajeesse planeeritud lehe motiividega m\u00f6\u00f6bel. Lisaks vitraazide valmistamisele ja kujundamisele, vastutasime metallraamide valmistamise kujunduse ja paigalduse eest. Suur [&hellip;]<\/p>\n","protected":false},"author":1,"featured_media":0,"parent":0,"menu_order":0,"comment_status":"closed","ping_status":"closed","template":"elementor_header_footer","meta":{"_acf_changed":false,"footnotes":""},"class_list":["post-3646","page","type-page","status-publish","hentry"],"acf":[],"yoast_head":"<!-- This site is optimized with the Yoast SEO plugin v27.3 - https:\/\/yoast.com\/product\/yoast-seo-wordpress\/ -->\n<title>Noorus SPA - Vitraaz.ee<\/title>\n<meta name=\"robots\" content=\"index, follow, max-snippet:-1, max-image-preview:large, max-video-preview:-1\" \/>\n<link rel=\"canonical\" href=\"https:\/\/vitraaz.ee\/fi\/noorus-spa\/\" \/>\n<meta property=\"og:locale\" content=\"fi_FI\" \/>\n<meta property=\"og:type\" content=\"article\" \/>\n<meta property=\"og:title\" content=\"Noorus SPA - Vitraaz.ee\" \/>\n<meta property=\"og:description\" content=\"\u201cNoorus Spa\u201d restorani lagi Narva &#8211; J\u00f5esuus asuva Noorus Spa restorani lae vitraazide planeerimine sai alguse juba ehituse varases j\u00e4rgus. Disain: Sandra Alleman ja Anu JaanholdAsukoht: Narva &#8211; J\u00f5esuu Tagant valgustusega vitraazide kujunduse aluseks oli tubadesse ja fuajeesse planeeritud lehe motiividega m\u00f6\u00f6bel. Lisaks vitraazide valmistamisele ja kujundamisele, vastutasime metallraamide valmistamise kujunduse ja paigalduse eest. Suur [&hellip;]\" \/>\n<meta property=\"og:url\" content=\"https:\/\/vitraaz.ee\/fi\/noorus-spa\/\" \/>\n<meta property=\"og:site_name\" content=\"Vitraaz.ee\" \/>\n<meta property=\"article:publisher\" content=\"https:\/\/www.facebook.com\/Klaasinterjoor\" \/>\n<meta property=\"article:modified_time\" content=\"2022-10-22T00:02:17+00:00\" \/>\n<meta property=\"og:image\" content=\"https:\/\/vitraaz.ee\/wp-content\/uploads\/2022\/10\/Noorus-SPA-1024x639.jpg\" \/>\n<meta name=\"twitter:card\" content=\"summary_large_image\" \/>\n<meta name=\"twitter:label1\" content=\"Arvioitu lukuaika\" \/>\n\t<meta name=\"twitter:data1\" content=\"2 minuuttia\" \/>\n<script type=\"application\/ld+json\" class=\"yoast-schema-graph\">{\"@context\":\"https:\\\/\\\/schema.org\",\"@graph\":[{\"@type\":\"WebPage\",\"@id\":\"https:\\\/\\\/vitraaz.ee\\\/fi\\\/noorus-spa\\\/\",\"url\":\"https:\\\/\\\/vitraaz.ee\\\/fi\\\/noorus-spa\\\/\",\"name\":\"Noorus SPA - Vitraaz.ee\",\"isPartOf\":{\"@id\":\"https:\\\/\\\/vitraaz.ee\\\/fi\\\/#website\"},\"primaryImageOfPage\":{\"@id\":\"https:\\\/\\\/vitraaz.ee\\\/fi\\\/noorus-spa\\\/#primaryimage\"},\"image\":{\"@id\":\"https:\\\/\\\/vitraaz.ee\\\/fi\\\/noorus-spa\\\/#primaryimage\"},\"thumbnailUrl\":\"https:\\\/\\\/vitraaz.ee\\\/wp-content\\\/uploads\\\/2022\\\/10\\\/Noorus-SPA-1024x639.jpg\",\"datePublished\":\"2022-10-02T08:16:24+00:00\",\"dateModified\":\"2022-10-22T00:02:17+00:00\",\"breadcrumb\":{\"@id\":\"https:\\\/\\\/vitraaz.ee\\\/fi\\\/noorus-spa\\\/#breadcrumb\"},\"inLanguage\":\"fi\",\"potentialAction\":[{\"@type\":\"ReadAction\",\"target\":[\"https:\\\/\\\/vitraaz.ee\\\/fi\\\/noorus-spa\\\/\"]}]},{\"@type\":\"ImageObject\",\"inLanguage\":\"fi\",\"@id\":\"https:\\\/\\\/vitraaz.ee\\\/fi\\\/noorus-spa\\\/#primaryimage\",\"url\":\"https:\\\/\\\/vitraaz.ee\\\/wp-content\\\/uploads\\\/2022\\\/10\\\/Noorus-SPA-1024x639.jpg\",\"contentUrl\":\"https:\\\/\\\/vitraaz.ee\\\/wp-content\\\/uploads\\\/2022\\\/10\\\/Noorus-SPA-1024x639.jpg\"},{\"@type\":\"BreadcrumbList\",\"@id\":\"https:\\\/\\\/vitraaz.ee\\\/fi\\\/noorus-spa\\\/#breadcrumb\",\"itemListElement\":[{\"@type\":\"ListItem\",\"position\":1,\"name\":\"Home\",\"item\":\"https:\\\/\\\/vitraaz.ee\\\/fi\\\/\"},{\"@type\":\"ListItem\",\"position\":2,\"name\":\"Noorus SPA\"}]},{\"@type\":\"WebSite\",\"@id\":\"https:\\\/\\\/vitraaz.ee\\\/fi\\\/#website\",\"url\":\"https:\\\/\\\/vitraaz.ee\\\/fi\\\/\",\"name\":\"Vitraaz.ee\",\"description\":\"Klaasinterj&ouml;&ouml;r\",\"publisher\":{\"@id\":\"https:\\\/\\\/vitraaz.ee\\\/fi\\\/#organization\"},\"potentialAction\":[{\"@type\":\"SearchAction\",\"target\":{\"@type\":\"EntryPoint\",\"urlTemplate\":\"https:\\\/\\\/vitraaz.ee\\\/fi\\\/?s={search_term_string}\"},\"query-input\":{\"@type\":\"PropertyValueSpecification\",\"valueRequired\":true,\"valueName\":\"search_term_string\"}}],\"inLanguage\":\"fi\"},{\"@type\":\"Organization\",\"@id\":\"https:\\\/\\\/vitraaz.ee\\\/fi\\\/#organization\",\"name\":\"KLAASINTERJ\u00d6\u00d6R O\u00dc\",\"url\":\"https:\\\/\\\/vitraaz.ee\\\/fi\\\/\",\"logo\":{\"@type\":\"ImageObject\",\"inLanguage\":\"fi\",\"@id\":\"https:\\\/\\\/vitraaz.ee\\\/fi\\\/#\\\/schema\\\/logo\\\/image\\\/\",\"url\":\"https:\\\/\\\/vitraaz.ee\\\/wp-content\\\/uploads\\\/2022\\\/09\\\/logoKI.png\",\"contentUrl\":\"https:\\\/\\\/vitraaz.ee\\\/wp-content\\\/uploads\\\/2022\\\/09\\\/logoKI.png\",\"width\":1159,\"height\":458,\"caption\":\"KLAASINTERJ\u00d6\u00d6R O\u00dc\"},\"image\":{\"@id\":\"https:\\\/\\\/vitraaz.ee\\\/fi\\\/#\\\/schema\\\/logo\\\/image\\\/\"},\"sameAs\":[\"https:\\\/\\\/www.facebook.com\\\/Klaasinterjoor\"]}]}<\/script>\n<!-- \/ Yoast SEO plugin. -->","yoast_head_json":{"title":"Noorus SPA - Vitraaz.ee","robots":{"index":"index","follow":"follow","max-snippet":"max-snippet:-1","max-image-preview":"max-image-preview:large","max-video-preview":"max-video-preview:-1"},"canonical":"https:\/\/vitraaz.ee\/fi\/noorus-spa\/","og_locale":"fi_FI","og_type":"article","og_title":"Noorus SPA - Vitraaz.ee","og_description":"\u201cNoorus Spa\u201d restorani lagi Narva &#8211; J\u00f5esuus asuva Noorus Spa restorani lae vitraazide planeerimine sai alguse juba ehituse varases j\u00e4rgus. Disain: Sandra Alleman ja Anu JaanholdAsukoht: Narva &#8211; J\u00f5esuu Tagant valgustusega vitraazide kujunduse aluseks oli tubadesse ja fuajeesse planeeritud lehe motiividega m\u00f6\u00f6bel. Lisaks vitraazide valmistamisele ja kujundamisele, vastutasime metallraamide valmistamise kujunduse ja paigalduse eest. Suur [&hellip;]","og_url":"https:\/\/vitraaz.ee\/fi\/noorus-spa\/","og_site_name":"Vitraaz.ee","article_publisher":"https:\/\/www.facebook.com\/Klaasinterjoor","article_modified_time":"2022-10-22T00:02:17+00:00","og_image":[{"url":"https:\/\/vitraaz.ee\/wp-content\/uploads\/2022\/10\/Noorus-SPA-1024x639.jpg","type":"","width":"","height":""}],"twitter_card":"summary_large_image","twitter_misc":{"Arvioitu lukuaika":"2 minuuttia"},"schema":{"@context":"https:\/\/schema.org","@graph":[{"@type":"WebPage","@id":"https:\/\/vitraaz.ee\/fi\/noorus-spa\/","url":"https:\/\/vitraaz.ee\/fi\/noorus-spa\/","name":"Noorus SPA - Vitraaz.ee","isPartOf":{"@id":"https:\/\/vitraaz.ee\/fi\/#website"},"primaryImageOfPage":{"@id":"https:\/\/vitraaz.ee\/fi\/noorus-spa\/#primaryimage"},"image":{"@id":"https:\/\/vitraaz.ee\/fi\/noorus-spa\/#primaryimage"},"thumbnailUrl":"https:\/\/vitraaz.ee\/wp-content\/uploads\/2022\/10\/Noorus-SPA-1024x639.jpg","datePublished":"2022-10-02T08:16:24+00:00","dateModified":"2022-10-22T00:02:17+00:00","breadcrumb":{"@id":"https:\/\/vitraaz.ee\/fi\/noorus-spa\/#breadcrumb"},"inLanguage":"fi","potentialAction":[{"@type":"ReadAction","target":["https:\/\/vitraaz.ee\/fi\/noorus-spa\/"]}]},{"@type":"ImageObject","inLanguage":"fi","@id":"https:\/\/vitraaz.ee\/fi\/noorus-spa\/#primaryimage","url":"https:\/\/vitraaz.ee\/wp-content\/uploads\/2022\/10\/Noorus-SPA-1024x639.jpg","contentUrl":"https:\/\/vitraaz.ee\/wp-content\/uploads\/2022\/10\/Noorus-SPA-1024x639.jpg"},{"@type":"BreadcrumbList","@id":"https:\/\/vitraaz.ee\/fi\/noorus-spa\/#breadcrumb","itemListElement":[{"@type":"ListItem","position":1,"name":"Home","item":"https:\/\/vitraaz.ee\/fi\/"},{"@type":"ListItem","position":2,"name":"Noorus SPA"}]},{"@type":"WebSite","@id":"https:\/\/vitraaz.ee\/fi\/#website","url":"https:\/\/vitraaz.ee\/fi\/","name":"Vitraaz.ee","description":"Klaasinterj&ouml;&ouml;r","publisher":{"@id":"https:\/\/vitraaz.ee\/fi\/#organization"},"potentialAction":[{"@type":"SearchAction","target":{"@type":"EntryPoint","urlTemplate":"https:\/\/vitraaz.ee\/fi\/?s={search_term_string}"},"query-input":{"@type":"PropertyValueSpecification","valueRequired":true,"valueName":"search_term_string"}}],"inLanguage":"fi"},{"@type":"Organization","@id":"https:\/\/vitraaz.ee\/fi\/#organization","name":"KLAASINTERJ\u00d6\u00d6R O\u00dc","url":"https:\/\/vitraaz.ee\/fi\/","logo":{"@type":"ImageObject","inLanguage":"fi","@id":"https:\/\/vitraaz.ee\/fi\/#\/schema\/logo\/image\/","url":"https:\/\/vitraaz.ee\/wp-content\/uploads\/2022\/09\/logoKI.png","contentUrl":"https:\/\/vitraaz.ee\/wp-content\/uploads\/2022\/09\/logoKI.png","width":1159,"height":458,"caption":"KLAASINTERJ\u00d6\u00d6R O\u00dc"},"image":{"@id":"https:\/\/vitraaz.ee\/fi\/#\/schema\/logo\/image\/"},"sameAs":["https:\/\/www.facebook.com\/Klaasinterjoor"]}]}},"_links":{"self":[{"href":"https:\/\/vitraaz.ee\/fi\/wp-json\/wp\/v2\/pages\/3646","targetHints":{"allow":["GET"]}}],"collection":[{"href":"https:\/\/vitraaz.ee\/fi\/wp-json\/wp\/v2\/pages"}],"about":[{"href":"https:\/\/vitraaz.ee\/fi\/wp-json\/wp\/v2\/types\/page"}],"author":[{"embeddable":true,"href":"https:\/\/vitraaz.ee\/fi\/wp-json\/wp\/v2\/users\/1"}],"replies":[{"embeddable":true,"href":"https:\/\/vitraaz.ee\/fi\/wp-json\/wp\/v2\/comments?post=3646"}],"version-history":[{"count":0,"href":"https:\/\/vitraaz.ee\/fi\/wp-json\/wp\/v2\/pages\/3646\/revisions"}],"wp:attachment":[{"href":"https:\/\/vitraaz.ee\/fi\/wp-json\/wp\/v2\/media?parent=3646"}],"curies":[{"name":"wp","href":"https:\/\/api.w.org\/{rel}","templated":true}]}}