{"id":3494,"date":"2022-10-01T05:18:48","date_gmt":"2022-10-01T05:18:48","guid":{"rendered":"https:\/\/vitraaz.ee\/?page_id=3494"},"modified":"2022-10-11T23:40:35","modified_gmt":"2022-10-11T23:40:35","slug":"lahjat","status":"publish","type":"page","link":"https:\/\/vitraaz.ee\/fi\/lahjat\/","title":{"rendered":"Lahjat"},"content":{"rendered":"\t\t<div data-elementor-type=\"wp-page\" data-elementor-id=\"3494\" class=\"elementor elementor-3494 elementor-808\">\n\t\t\t\t\t\t<section class=\"elementor-section elementor-top-section elementor-element elementor-element-52bcb2f elementor-section-boxed elementor-section-height-default elementor-section-height-default\" data-id=\"52bcb2f\" data-element_type=\"section\" data-e-type=\"section\">\n\t\t\t\t\t\t<div class=\"elementor-container elementor-column-gap-default\">\n\t\t\t\t\t<div class=\"elementor-column elementor-col-100 elementor-top-column elementor-element elementor-element-e332b0d\" data-id=\"e332b0d\" data-element_type=\"column\" data-e-type=\"column\">\n\t\t\t<div class=\"elementor-widget-wrap elementor-element-populated\">\n\t\t\t\t\t\t<div class=\"elementor-element elementor-element-4548cd7 elementor-widget elementor-widget-raven-photo-album\" data-id=\"4548cd7\" data-element_type=\"widget\" data-e-type=\"widget\" data-settings=\"{&quot;cover_columns&quot;:&quot;2&quot;,&quot;_skin&quot;:&quot;cover&quot;,&quot;cover_layout&quot;:&quot;grid&quot;,&quot;cover_columns_tablet&quot;:&quot;2&quot;,&quot;cover_columns_mobile&quot;:&quot;1&quot;}\" data-widget_type=\"raven-photo-album.cover\">\n\t\t\t\t<div class=\"elementor-widget-container\">\n\t\t\t\t\t\t\t<div class=\"raven-photo-album raven-photo-album-skin-cover raven-grid-2 raven-grid-mobile-1 raven-grid-tablet-2 raven-grid\">\n\t\t\t\t<div class=\"raven-grid-item\">\n\t\t\t<article class=\"raven-photo-album-item\">\n\t\t\t\t<a href=\"https:\/\/vitraaz.ee\/wp-content\/uploads\/2022\/10\/Kingitused.jpg\" class=\"elementor-clickable\">\n\t\t\t\t\t<figure>\n\t\t\t\t\t\t\t\t\t<div class=\"raven-photo-album-img\" style=\"background-image: url(https:\/\/vitraaz.ee\/wp-content\/uploads\/2022\/10\/Kingitused.jpg);\"><\/div>\n\t\t\t\t\t\t\t\t<figcaption class=\"raven-photo-album-content\">\n\t\t\t\t\t\t\t\t\t\t\t\t\t\t<div class=\"raven-photo-album-meta\">\n\t\t\t\t\t\t\t<h3 class=\"raven-photo-album-title\"><\/h3>\t\t\t\t\t\t\t<\/div>\n\t\t\t\t\t\t<\/figcaption>\n\t\t\t\t\t<\/figure>\n\t\t\t\t<\/a>\n\t\t\t\t\t\t\t<\/article>\n\t\t<\/div>\n\t\t\t\t<div class=\"raven-grid-item\">\n\t\t\t<article class=\"raven-photo-album-item\">\n\t\t\t\t<a href=\"https:\/\/vitraaz.ee\/wp-content\/uploads\/2022\/10\/Kingitused-1.jpg\" class=\"elementor-clickable\">\n\t\t\t\t\t<figure>\n\t\t\t\t\t\t\t\t\t<div class=\"raven-photo-album-img\" style=\"background-image: url(https:\/\/vitraaz.ee\/wp-content\/uploads\/2022\/10\/Kingitused-1-1024x681.jpg);\"><\/div>\n\t\t\t\t\t\t\t\t<figcaption class=\"raven-photo-album-content\">\n\t\t\t\t\t\t\t\t\t\t\t\t\t\t<div class=\"raven-photo-album-meta\">\n\t\t\t\t\t\t\t<h3 class=\"raven-photo-album-title\"><\/h3>\t\t\t\t\t\t\t<\/div>\n\t\t\t\t\t\t<\/figcaption>\n\t\t\t\t\t<\/figure>\n\t\t\t\t<\/a>\n\t\t\t\t\t\t\t<\/article>\n\t\t<\/div>\n\t\t\t\t<div class=\"raven-grid-item\">\n\t\t\t<article class=\"raven-photo-album-item\">\n\t\t\t\t<a href=\"https:\/\/vitraaz.ee\/wp-content\/uploads\/2022\/10\/Kingitused-3.jpg\" class=\"elementor-clickable\">\n\t\t\t\t\t<figure>\n\t\t\t\t\t\t\t\t\t<div class=\"raven-photo-album-img\" style=\"background-image: url(https:\/\/vitraaz.ee\/wp-content\/uploads\/2022\/10\/Kingitused-3-1024x681.jpg);\"><\/div>\n\t\t\t\t\t\t\t\t<figcaption class=\"raven-photo-album-content\">\n\t\t\t\t\t\t\t\t\t\t\t\t\t\t<div class=\"raven-photo-album-meta\">\n\t\t\t\t\t\t\t<h3 class=\"raven-photo-album-title\"><\/h3>\t\t\t\t\t\t\t<\/div>\n\t\t\t\t\t\t<\/figcaption>\n\t\t\t\t\t<\/figure>\n\t\t\t\t<\/a>\n\t\t\t\t\t\t\t<\/article>\n\t\t<\/div>\n\t\t\t\t<div class=\"raven-grid-item\">\n\t\t\t<article class=\"raven-photo-album-item\">\n\t\t\t\t<a href=\"https:\/\/vitraaz.ee\/wp-content\/uploads\/2022\/10\/Kingitused-2.jpg\" class=\"elementor-clickable\">\n\t\t\t\t\t<figure>\n\t\t\t\t\t\t\t\t\t<div class=\"raven-photo-album-img\" style=\"background-image: url(https:\/\/vitraaz.ee\/wp-content\/uploads\/2022\/10\/Kingitused-2-1024x681.jpg);\"><\/div>\n\t\t\t\t\t\t\t\t<figcaption class=\"raven-photo-album-content\">\n\t\t\t\t\t\t\t\t\t\t\t\t\t\t<div class=\"raven-photo-album-meta\">\n\t\t\t\t\t\t\t<h3 class=\"raven-photo-album-title\"><\/h3>\t\t\t\t\t\t\t<\/div>\n\t\t\t\t\t\t<\/figcaption>\n\t\t\t\t\t<\/figure>\n\t\t\t\t<\/a>\n\t\t\t\t\t\t\t<\/article>\n\t\t<\/div>\n\t\t\t\t<div class=\"raven-grid-item\">\n\t\t\t<article class=\"raven-photo-album-item\">\n\t\t\t\t<a href=\"https:\/\/vitraaz.ee\/wp-content\/uploads\/2022\/10\/Kingitused-4.jpg\" class=\"elementor-clickable\">\n\t\t\t\t\t<figure>\n\t\t\t\t\t\t\t\t\t<div class=\"raven-photo-album-img\" style=\"background-image: url(https:\/\/vitraaz.ee\/wp-content\/uploads\/2022\/10\/Kingitused-4-681x1024.jpg);\"><\/div>\n\t\t\t\t\t\t\t\t<figcaption class=\"raven-photo-album-content\">\n\t\t\t\t\t\t\t\t\t\t\t\t\t\t<div class=\"raven-photo-album-meta\">\n\t\t\t\t\t\t\t<h3 class=\"raven-photo-album-title\"><\/h3>\t\t\t\t\t\t\t<\/div>\n\t\t\t\t\t\t<\/figcaption>\n\t\t\t\t\t<\/figure>\n\t\t\t\t<\/a>\n\t\t\t\t\t\t\t<\/article>\n\t\t<\/div>\n\t\t\t\t<div class=\"raven-grid-item\">\n\t\t\t<article class=\"raven-photo-album-item\">\n\t\t\t\t<a href=\"https:\/\/vitraaz.ee\/wp-content\/uploads\/2022\/10\/Kingitused-5.jpg\" class=\"elementor-clickable\">\n\t\t\t\t\t<figure>\n\t\t\t\t\t\t\t\t\t<div class=\"raven-photo-album-img\" style=\"background-image: url(https:\/\/vitraaz.ee\/wp-content\/uploads\/2022\/10\/Kingitused-5-1024x681.jpg);\"><\/div>\n\t\t\t\t\t\t\t\t<figcaption class=\"raven-photo-album-content\">\n\t\t\t\t\t\t\t\t\t\t\t\t\t\t<div class=\"raven-photo-album-meta\">\n\t\t\t\t\t\t\t<h3 class=\"raven-photo-album-title\"><\/h3>\t\t\t\t\t\t\t<\/div>\n\t\t\t\t\t\t<\/figcaption>\n\t\t\t\t\t<\/figure>\n\t\t\t\t<\/a>\n\t\t\t\t\t\t\t<\/article>\n\t\t<\/div>\n\t\t\t\t<div class=\"raven-grid-item\">\n\t\t\t<article class=\"raven-photo-album-item\">\n\t\t\t\t<a href=\"https:\/\/vitraaz.ee\/wp-content\/uploads\/2022\/10\/Kingitused-6.jpg\" class=\"elementor-clickable\">\n\t\t\t\t\t<figure>\n\t\t\t\t\t\t\t\t\t<div class=\"raven-photo-album-img\" style=\"background-image: url(https:\/\/vitraaz.ee\/wp-content\/uploads\/2022\/10\/Kingitused-6-1024x681.jpg);\"><\/div>\n\t\t\t\t\t\t\t\t<figcaption class=\"raven-photo-album-content\">\n\t\t\t\t\t\t\t\t\t\t\t\t\t\t<div class=\"raven-photo-album-meta\">\n\t\t\t\t\t\t\t<h3 class=\"raven-photo-album-title\"><\/h3>\t\t\t\t\t\t\t<\/div>\n\t\t\t\t\t\t<\/figcaption>\n\t\t\t\t\t<\/figure>\n\t\t\t\t<\/a>\n\t\t\t\t\t\t\t<\/article>\n\t\t<\/div>\n\t\t\t\t<div class=\"raven-grid-item\">\n\t\t\t<article class=\"raven-photo-album-item\">\n\t\t\t\t<a href=\"https:\/\/vitraaz.ee\/wp-content\/uploads\/2022\/10\/Kingitused-7.jpg\" class=\"elementor-clickable\">\n\t\t\t\t\t<figure>\n\t\t\t\t\t\t\t\t\t<div class=\"raven-photo-album-img\" style=\"background-image: url(https:\/\/vitraaz.ee\/wp-content\/uploads\/2022\/10\/Kingitused-7-1024x681.jpg);\"><\/div>\n\t\t\t\t\t\t\t\t<figcaption class=\"raven-photo-album-content\">\n\t\t\t\t\t\t\t\t\t\t\t\t\t\t<div class=\"raven-photo-album-meta\">\n\t\t\t\t\t\t\t<h3 class=\"raven-photo-album-title\"><\/h3>\t\t\t\t\t\t\t<\/div>\n\t\t\t\t\t\t<\/figcaption>\n\t\t\t\t\t<\/figure>\n\t\t\t\t<\/a>\n\t\t\t\t\t\t\t<\/article>\n\t\t<\/div>\n\t\t\t\t<div class=\"raven-grid-item\">\n\t\t\t<article class=\"raven-photo-album-item\">\n\t\t\t\t<a href=\"https:\/\/vitraaz.ee\/wp-content\/uploads\/2022\/10\/Kingitused-8.jpg\" class=\"elementor-clickable\">\n\t\t\t\t\t<figure>\n\t\t\t\t\t\t\t\t\t<div class=\"raven-photo-album-img\" style=\"background-image: url(https:\/\/vitraaz.ee\/wp-content\/uploads\/2022\/10\/Kingitused-8-1024x681.jpg);\"><\/div>\n\t\t\t\t\t\t\t\t<figcaption class=\"raven-photo-album-content\">\n\t\t\t\t\t\t\t\t\t\t\t\t\t\t<div class=\"raven-photo-album-meta\">\n\t\t\t\t\t\t\t<h3 class=\"raven-photo-album-title\"><\/h3>\t\t\t\t\t\t\t<\/div>\n\t\t\t\t\t\t<\/figcaption>\n\t\t\t\t\t<\/figure>\n\t\t\t\t<\/a>\n\t\t\t\t\t\t\t<\/article>\n\t\t<\/div>\n\t\t\t\t<div class=\"raven-grid-item\">\n\t\t\t<article class=\"raven-photo-album-item\">\n\t\t\t\t<a href=\"https:\/\/vitraaz.ee\/wp-content\/uploads\/2022\/10\/Kingitused-9.jpg\" class=\"elementor-clickable\">\n\t\t\t\t\t<figure>\n\t\t\t\t\t\t\t\t\t<div class=\"raven-photo-album-img\" style=\"background-image: url(https:\/\/vitraaz.ee\/wp-content\/uploads\/2022\/10\/Kingitused-9-1024x681.jpg);\"><\/div>\n\t\t\t\t\t\t\t\t<figcaption class=\"raven-photo-album-content\">\n\t\t\t\t\t\t\t\t\t\t\t\t\t\t<div class=\"raven-photo-album-meta\">\n\t\t\t\t\t\t\t<h3 class=\"raven-photo-album-title\"><\/h3>\t\t\t\t\t\t\t<\/div>\n\t\t\t\t\t\t<\/figcaption>\n\t\t\t\t\t<\/figure>\n\t\t\t\t<\/a>\n\t\t\t\t\t\t\t<\/article>\n\t\t<\/div>\n\t\t\t\t<div class=\"raven-grid-item\">\n\t\t\t<article class=\"raven-photo-album-item\">\n\t\t\t\t<a href=\"https:\/\/vitraaz.ee\/wp-content\/uploads\/2022\/10\/Kingitused-10.jpg\" class=\"elementor-clickable\">\n\t\t\t\t\t<figure>\n\t\t\t\t\t\t\t\t\t<div class=\"raven-photo-album-img\" style=\"background-image: url(https:\/\/vitraaz.ee\/wp-content\/uploads\/2022\/10\/Kingitused-10-1024x681.jpg);\"><\/div>\n\t\t\t\t\t\t\t\t<figcaption class=\"raven-photo-album-content\">\n\t\t\t\t\t\t\t\t\t\t\t\t\t\t<div class=\"raven-photo-album-meta\">\n\t\t\t\t\t\t\t<h3 class=\"raven-photo-album-title\"><\/h3>\t\t\t\t\t\t\t<\/div>\n\t\t\t\t\t\t<\/figcaption>\n\t\t\t\t\t<\/figure>\n\t\t\t\t<\/a>\n\t\t\t\t\t\t\t<\/article>\n\t\t<\/div>\n\t\t\t\t<div class=\"raven-grid-item\">\n\t\t\t<article class=\"raven-photo-album-item\">\n\t\t\t\t<a href=\"https:\/\/vitraaz.ee\/wp-content\/uploads\/2022\/10\/Kingitused-12.jpg\" class=\"elementor-clickable\">\n\t\t\t\t\t<figure>\n\t\t\t\t\t\t\t\t\t<div class=\"raven-photo-album-img\" style=\"background-image: url(https:\/\/vitraaz.ee\/wp-content\/uploads\/2022\/10\/Kingitused-12-1024x681.jpg);\"><\/div>\n\t\t\t\t\t\t\t\t<figcaption class=\"raven-photo-album-content\">\n\t\t\t\t\t\t\t\t\t\t\t\t\t\t<div class=\"raven-photo-album-meta\">\n\t\t\t\t\t\t\t<h3 class=\"raven-photo-album-title\"><\/h3>\t\t\t\t\t\t\t<\/div>\n\t\t\t\t\t\t<\/figcaption>\n\t\t\t\t\t<\/figure>\n\t\t\t\t<\/a>\n\t\t\t\t\t\t\t<\/article>\n\t\t<\/div>\n\t\t\t\t<div class=\"raven-grid-item\">\n\t\t\t<article class=\"raven-photo-album-item\">\n\t\t\t\t<a href=\"https:\/\/vitraaz.ee\/wp-content\/uploads\/2022\/10\/Kingitused-13.jpg\" class=\"elementor-clickable\">\n\t\t\t\t\t<figure>\n\t\t\t\t\t\t\t\t\t<div class=\"raven-photo-album-img\" style=\"background-image: url(https:\/\/vitraaz.ee\/wp-content\/uploads\/2022\/10\/Kingitused-13-681x1024.jpg);\"><\/div>\n\t\t\t\t\t\t\t\t<figcaption class=\"raven-photo-album-content\">\n\t\t\t\t\t\t\t\t\t\t\t\t\t\t<div class=\"raven-photo-album-meta\">\n\t\t\t\t\t\t\t<h3 class=\"raven-photo-album-title\"><\/h3>\t\t\t\t\t\t\t<\/div>\n\t\t\t\t\t\t<\/figcaption>\n\t\t\t\t\t<\/figure>\n\t\t\t\t<\/a>\n\t\t\t\t\t\t\t<\/article>\n\t\t<\/div>\n\t\t\t\t<div class=\"raven-grid-item\">\n\t\t\t<article class=\"raven-photo-album-item\">\n\t\t\t\t<a href=\"https:\/\/vitraaz.ee\/wp-content\/uploads\/2022\/10\/Kingitused-14.jpg\" class=\"elementor-clickable\">\n\t\t\t\t\t<figure>\n\t\t\t\t\t\t\t\t\t<div class=\"raven-photo-album-img\" style=\"background-image: url(https:\/\/vitraaz.ee\/wp-content\/uploads\/2022\/10\/Kingitused-14-1024x681.jpg);\"><\/div>\n\t\t\t\t\t\t\t\t<figcaption class=\"raven-photo-album-content\">\n\t\t\t\t\t\t\t\t\t\t\t\t\t\t<div class=\"raven-photo-album-meta\">\n\t\t\t\t\t\t\t<h3 class=\"raven-photo-album-title\"><\/h3>\t\t\t\t\t\t\t<\/div>\n\t\t\t\t\t\t<\/figcaption>\n\t\t\t\t\t<\/figure>\n\t\t\t\t<\/a>\n\t\t\t\t\t\t\t<\/article>\n\t\t<\/div>\n\t\t\t\t<div class=\"raven-grid-item\">\n\t\t\t<article class=\"raven-photo-album-item\">\n\t\t\t\t<a href=\"https:\/\/vitraaz.ee\/wp-content\/uploads\/2022\/10\/Kingitused-15.jpg\" class=\"elementor-clickable\">\n\t\t\t\t\t<figure>\n\t\t\t\t\t\t\t\t\t<div class=\"raven-photo-album-img\" style=\"background-image: url(https:\/\/vitraaz.ee\/wp-content\/uploads\/2022\/10\/Kingitused-15-1024x681.jpg);\"><\/div>\n\t\t\t\t\t\t\t\t<figcaption class=\"raven-photo-album-content\">\n\t\t\t\t\t\t\t\t\t\t\t\t\t\t<div class=\"raven-photo-album-meta\">\n\t\t\t\t\t\t\t<h3 class=\"raven-photo-album-title\"><\/h3>\t\t\t\t\t\t\t<\/div>\n\t\t\t\t\t\t<\/figcaption>\n\t\t\t\t\t<\/figure>\n\t\t\t\t<\/a>\n\t\t\t\t\t\t\t<\/article>\n\t\t<\/div>\n\t\t\t\t<div class=\"raven-grid-item\">\n\t\t\t<article class=\"raven-photo-album-item\">\n\t\t\t\t<a href=\"https:\/\/vitraaz.ee\/wp-content\/uploads\/2022\/10\/Kingitused-16.jpg\" class=\"elementor-clickable\">\n\t\t\t\t\t<figure>\n\t\t\t\t\t\t\t\t\t<div class=\"raven-photo-album-img\" style=\"background-image: url(https:\/\/vitraaz.ee\/wp-content\/uploads\/2022\/10\/Kingitused-16-681x1024.jpg);\"><\/div>\n\t\t\t\t\t\t\t\t<figcaption class=\"raven-photo-album-content\">\n\t\t\t\t\t\t\t\t\t\t\t\t\t\t<div class=\"raven-photo-album-meta\">\n\t\t\t\t\t\t\t<h3 class=\"raven-photo-album-title\"><\/h3>\t\t\t\t\t\t\t<\/div>\n\t\t\t\t\t\t<\/figcaption>\n\t\t\t\t\t<\/figure>\n\t\t\t\t<\/a>\n\t\t\t\t\t\t\t<\/article>\n\t\t<\/div>\n\t\t\t\t<div class=\"raven-grid-item\">\n\t\t\t<article class=\"raven-photo-album-item\">\n\t\t\t\t<a href=\"https:\/\/vitraaz.ee\/wp-content\/uploads\/2022\/10\/Kingitused-17.jpg\" class=\"elementor-clickable\">\n\t\t\t\t\t<figure>\n\t\t\t\t\t\t\t\t\t<div class=\"raven-photo-album-img\" style=\"background-image: url(https:\/\/vitraaz.ee\/wp-content\/uploads\/2022\/10\/Kingitused-17-681x1024.jpg);\"><\/div>\n\t\t\t\t\t\t\t\t<figcaption class=\"raven-photo-album-content\">\n\t\t\t\t\t\t\t\t\t\t\t\t\t\t<div class=\"raven-photo-album-meta\">\n\t\t\t\t\t\t\t<h3 class=\"raven-photo-album-title\"><\/h3>\t\t\t\t\t\t\t<\/div>\n\t\t\t\t\t\t<\/figcaption>\n\t\t\t\t\t<\/figure>\n\t\t\t\t<\/a>\n\t\t\t\t\t\t\t<\/article>\n\t\t<\/div>\n\t\t\t\t<div class=\"raven-grid-item\">\n\t\t\t<article class=\"raven-photo-album-item\">\n\t\t\t\t<a href=\"https:\/\/vitraaz.ee\/wp-content\/uploads\/2022\/10\/Kingitused-18.jpg\" class=\"elementor-clickable\">\n\t\t\t\t\t<figure>\n\t\t\t\t\t\t\t\t\t<div class=\"raven-photo-album-img\" style=\"background-image: url(https:\/\/vitraaz.ee\/wp-content\/uploads\/2022\/10\/Kingitused-18-681x1024.jpg);\"><\/div>\n\t\t\t\t\t\t\t\t<figcaption class=\"raven-photo-album-content\">\n\t\t\t\t\t\t\t\t\t\t\t\t\t\t<div class=\"raven-photo-album-meta\">\n\t\t\t\t\t\t\t<h3 class=\"raven-photo-album-title\"><\/h3>\t\t\t\t\t\t\t<\/div>\n\t\t\t\t\t\t<\/figcaption>\n\t\t\t\t\t<\/figure>\n\t\t\t\t<\/a>\n\t\t\t\t\t\t\t<\/article>\n\t\t<\/div>\n\t\t\t\t<div class=\"raven-grid-item\">\n\t\t\t<article class=\"raven-photo-album-item\">\n\t\t\t\t<a href=\"https:\/\/vitraaz.ee\/wp-content\/uploads\/2022\/10\/Kingitused-19.jpg\" class=\"elementor-clickable\">\n\t\t\t\t\t<figure>\n\t\t\t\t\t\t\t\t\t<div class=\"raven-photo-album-img\" style=\"background-image: url(https:\/\/vitraaz.ee\/wp-content\/uploads\/2022\/10\/Kingitused-19-1024x681.jpg);\"><\/div>\n\t\t\t\t\t\t\t\t<figcaption class=\"raven-photo-album-content\">\n\t\t\t\t\t\t\t\t\t\t\t\t\t\t<div class=\"raven-photo-album-meta\">\n\t\t\t\t\t\t\t<h3 class=\"raven-photo-album-title\"><\/h3>\t\t\t\t\t\t\t<\/div>\n\t\t\t\t\t\t<\/figcaption>\n\t\t\t\t\t<\/figure>\n\t\t\t\t<\/a>\n\t\t\t\t\t\t\t<\/article>\n\t\t<\/div>\n\t\t\t\t<div class=\"raven-grid-item\">\n\t\t\t<article class=\"raven-photo-album-item\">\n\t\t\t\t<a href=\"https:\/\/vitraaz.ee\/wp-content\/uploads\/2022\/10\/Kingitused-20.jpg\" class=\"elementor-clickable\">\n\t\t\t\t\t<figure>\n\t\t\t\t\t\t\t\t\t<div class=\"raven-photo-album-img\" style=\"background-image: url(https:\/\/vitraaz.ee\/wp-content\/uploads\/2022\/10\/Kingitused-20-681x1024.jpg);\"><\/div>\n\t\t\t\t\t\t\t\t<figcaption class=\"raven-photo-album-content\">\n\t\t\t\t\t\t\t\t\t\t\t\t\t\t<div class=\"raven-photo-album-meta\">\n\t\t\t\t\t\t\t<h3 class=\"raven-photo-album-title\"><\/h3>\t\t\t\t\t\t\t<\/div>\n\t\t\t\t\t\t<\/figcaption>\n\t\t\t\t\t<\/figure>\n\t\t\t\t<\/a>\n\t\t\t\t\t\t\t<\/article>\n\t\t<\/div>\n\t\t\t\t<\/div>\n\t\t\t\t\t\t<\/div>\n\t\t\t\t<\/div>\n\t\t\t\t\t<\/div>\n\t\t<\/div>\n\t\t\t\t\t<\/div>\n\t\t<\/section>\n\t\t\t\t<\/div>\n\t\t","protected":false},"excerpt":{"rendered":"","protected":false},"author":1,"featured_media":0,"parent":0,"menu_order":0,"comment_status":"closed","ping_status":"closed","template":"elementor_header_footer","meta":{"_acf_changed":false,"footnotes":""},"class_list":["post-3494","page","type-page","status-publish","hentry"],"acf":[],"yoast_head":"<!-- This site is optimized with the Yoast SEO plugin v27.3 - https:\/\/yoast.com\/product\/yoast-seo-wordpress\/ -->\n<title>Lahjat - Vitraaz.ee<\/title>\n<meta name=\"description\" content=\"Lasitaiteen lahjat. Vaikka yrityksemme onkin pieni, olemme luotettavia, rohkeita ratkaisuja tarjoavia ja joustavia.\" \/>\n<meta name=\"robots\" content=\"index, follow, max-snippet:-1, max-image-preview:large, max-video-preview:-1\" \/>\n<link rel=\"canonical\" href=\"https:\/\/vitraaz.ee\/fi\/lahjat\/\" \/>\n<meta property=\"og:locale\" content=\"fi_FI\" \/>\n<meta property=\"og:type\" content=\"article\" \/>\n<meta property=\"og:title\" content=\"Lahjat - Vitraaz.ee\" \/>\n<meta property=\"og:description\" content=\"Lasitaiteen lahjat. Vaikka yrityksemme onkin pieni, olemme luotettavia, rohkeita ratkaisuja tarjoavia ja joustavia.\" \/>\n<meta property=\"og:url\" content=\"https:\/\/vitraaz.ee\/fi\/lahjat\/\" \/>\n<meta property=\"og:site_name\" content=\"Vitraaz.ee\" \/>\n<meta property=\"article:publisher\" content=\"https:\/\/www.facebook.com\/Klaasinterjoor\" \/>\n<meta property=\"article:modified_time\" content=\"2022-10-11T23:40:35+00:00\" \/>\n<meta name=\"twitter:card\" content=\"summary_large_image\" \/>\n<script type=\"application\/ld+json\" class=\"yoast-schema-graph\">{\"@context\":\"https:\\\/\\\/schema.org\",\"@graph\":[{\"@type\":\"WebPage\",\"@id\":\"https:\\\/\\\/vitraaz.ee\\\/fi\\\/lahjat\\\/\",\"url\":\"https:\\\/\\\/vitraaz.ee\\\/fi\\\/lahjat\\\/\",\"name\":\"Lahjat - Vitraaz.ee\",\"isPartOf\":{\"@id\":\"https:\\\/\\\/vitraaz.ee\\\/fi\\\/#website\"},\"datePublished\":\"2022-10-01T05:18:48+00:00\",\"dateModified\":\"2022-10-11T23:40:35+00:00\",\"description\":\"Lasitaiteen lahjat. Vaikka yrityksemme onkin pieni, olemme luotettavia, rohkeita ratkaisuja tarjoavia ja joustavia.\",\"breadcrumb\":{\"@id\":\"https:\\\/\\\/vitraaz.ee\\\/fi\\\/lahjat\\\/#breadcrumb\"},\"inLanguage\":\"fi\",\"potentialAction\":[{\"@type\":\"ReadAction\",\"target\":[\"https:\\\/\\\/vitraaz.ee\\\/fi\\\/lahjat\\\/\"]}]},{\"@type\":\"BreadcrumbList\",\"@id\":\"https:\\\/\\\/vitraaz.ee\\\/fi\\\/lahjat\\\/#breadcrumb\",\"itemListElement\":[{\"@type\":\"ListItem\",\"position\":1,\"name\":\"Home\",\"item\":\"https:\\\/\\\/vitraaz.ee\\\/fi\\\/\"},{\"@type\":\"ListItem\",\"position\":2,\"name\":\"Lahjat\"}]},{\"@type\":\"WebSite\",\"@id\":\"https:\\\/\\\/vitraaz.ee\\\/fi\\\/#website\",\"url\":\"https:\\\/\\\/vitraaz.ee\\\/fi\\\/\",\"name\":\"Vitraaz.ee\",\"description\":\"Klaasinterj&ouml;&ouml;r\",\"publisher\":{\"@id\":\"https:\\\/\\\/vitraaz.ee\\\/fi\\\/#organization\"},\"potentialAction\":[{\"@type\":\"SearchAction\",\"target\":{\"@type\":\"EntryPoint\",\"urlTemplate\":\"https:\\\/\\\/vitraaz.ee\\\/fi\\\/?s={search_term_string}\"},\"query-input\":{\"@type\":\"PropertyValueSpecification\",\"valueRequired\":true,\"valueName\":\"search_term_string\"}}],\"inLanguage\":\"fi\"},{\"@type\":\"Organization\",\"@id\":\"https:\\\/\\\/vitraaz.ee\\\/fi\\\/#organization\",\"name\":\"KLAASINTERJ\u00d6\u00d6R O\u00dc\",\"url\":\"https:\\\/\\\/vitraaz.ee\\\/fi\\\/\",\"logo\":{\"@type\":\"ImageObject\",\"inLanguage\":\"fi\",\"@id\":\"https:\\\/\\\/vitraaz.ee\\\/fi\\\/#\\\/schema\\\/logo\\\/image\\\/\",\"url\":\"https:\\\/\\\/vitraaz.ee\\\/wp-content\\\/uploads\\\/2022\\\/09\\\/logoKI.png\",\"contentUrl\":\"https:\\\/\\\/vitraaz.ee\\\/wp-content\\\/uploads\\\/2022\\\/09\\\/logoKI.png\",\"width\":1159,\"height\":458,\"caption\":\"KLAASINTERJ\u00d6\u00d6R O\u00dc\"},\"image\":{\"@id\":\"https:\\\/\\\/vitraaz.ee\\\/fi\\\/#\\\/schema\\\/logo\\\/image\\\/\"},\"sameAs\":[\"https:\\\/\\\/www.facebook.com\\\/Klaasinterjoor\"]}]}<\/script>\n<!-- \/ Yoast SEO plugin. -->","yoast_head_json":{"title":"Lahjat - Vitraaz.ee","description":"Lasitaiteen lahjat. Vaikka yrityksemme onkin pieni, olemme luotettavia, rohkeita ratkaisuja tarjoavia ja joustavia.","robots":{"index":"index","follow":"follow","max-snippet":"max-snippet:-1","max-image-preview":"max-image-preview:large","max-video-preview":"max-video-preview:-1"},"canonical":"https:\/\/vitraaz.ee\/fi\/lahjat\/","og_locale":"fi_FI","og_type":"article","og_title":"Lahjat - Vitraaz.ee","og_description":"Lasitaiteen lahjat. Vaikka yrityksemme onkin pieni, olemme luotettavia, rohkeita ratkaisuja tarjoavia ja joustavia.","og_url":"https:\/\/vitraaz.ee\/fi\/lahjat\/","og_site_name":"Vitraaz.ee","article_publisher":"https:\/\/www.facebook.com\/Klaasinterjoor","article_modified_time":"2022-10-11T23:40:35+00:00","twitter_card":"summary_large_image","schema":{"@context":"https:\/\/schema.org","@graph":[{"@type":"WebPage","@id":"https:\/\/vitraaz.ee\/fi\/lahjat\/","url":"https:\/\/vitraaz.ee\/fi\/lahjat\/","name":"Lahjat - Vitraaz.ee","isPartOf":{"@id":"https:\/\/vitraaz.ee\/fi\/#website"},"datePublished":"2022-10-01T05:18:48+00:00","dateModified":"2022-10-11T23:40:35+00:00","description":"Lasitaiteen lahjat. Vaikka yrityksemme onkin pieni, olemme luotettavia, rohkeita ratkaisuja tarjoavia ja joustavia.","breadcrumb":{"@id":"https:\/\/vitraaz.ee\/fi\/lahjat\/#breadcrumb"},"inLanguage":"fi","potentialAction":[{"@type":"ReadAction","target":["https:\/\/vitraaz.ee\/fi\/lahjat\/"]}]},{"@type":"BreadcrumbList","@id":"https:\/\/vitraaz.ee\/fi\/lahjat\/#breadcrumb","itemListElement":[{"@type":"ListItem","position":1,"name":"Home","item":"https:\/\/vitraaz.ee\/fi\/"},{"@type":"ListItem","position":2,"name":"Lahjat"}]},{"@type":"WebSite","@id":"https:\/\/vitraaz.ee\/fi\/#website","url":"https:\/\/vitraaz.ee\/fi\/","name":"Vitraaz.ee","description":"Klaasinterj&ouml;&ouml;r","publisher":{"@id":"https:\/\/vitraaz.ee\/fi\/#organization"},"potentialAction":[{"@type":"SearchAction","target":{"@type":"EntryPoint","urlTemplate":"https:\/\/vitraaz.ee\/fi\/?s={search_term_string}"},"query-input":{"@type":"PropertyValueSpecification","valueRequired":true,"valueName":"search_term_string"}}],"inLanguage":"fi"},{"@type":"Organization","@id":"https:\/\/vitraaz.ee\/fi\/#organization","name":"KLAASINTERJ\u00d6\u00d6R O\u00dc","url":"https:\/\/vitraaz.ee\/fi\/","logo":{"@type":"ImageObject","inLanguage":"fi","@id":"https:\/\/vitraaz.ee\/fi\/#\/schema\/logo\/image\/","url":"https:\/\/vitraaz.ee\/wp-content\/uploads\/2022\/09\/logoKI.png","contentUrl":"https:\/\/vitraaz.ee\/wp-content\/uploads\/2022\/09\/logoKI.png","width":1159,"height":458,"caption":"KLAASINTERJ\u00d6\u00d6R O\u00dc"},"image":{"@id":"https:\/\/vitraaz.ee\/fi\/#\/schema\/logo\/image\/"},"sameAs":["https:\/\/www.facebook.com\/Klaasinterjoor"]}]}},"_links":{"self":[{"href":"https:\/\/vitraaz.ee\/fi\/wp-json\/wp\/v2\/pages\/3494","targetHints":{"allow":["GET"]}}],"collection":[{"href":"https:\/\/vitraaz.ee\/fi\/wp-json\/wp\/v2\/pages"}],"about":[{"href":"https:\/\/vitraaz.ee\/fi\/wp-json\/wp\/v2\/types\/page"}],"author":[{"embeddable":true,"href":"https:\/\/vitraaz.ee\/fi\/wp-json\/wp\/v2\/users\/1"}],"replies":[{"embeddable":true,"href":"https:\/\/vitraaz.ee\/fi\/wp-json\/wp\/v2\/comments?post=3494"}],"version-history":[{"count":0,"href":"https:\/\/vitraaz.ee\/fi\/wp-json\/wp\/v2\/pages\/3494\/revisions"}],"wp:attachment":[{"href":"https:\/\/vitraaz.ee\/fi\/wp-json\/wp\/v2\/media?parent=3494"}],"curies":[{"name":"wp","href":"https:\/\/api.w.org\/{rel}","templated":true}]}}