{"id":5974,"date":"2023-11-10T09:56:28","date_gmt":"2023-11-10T09:56:28","guid":{"rendered":"https:\/\/vitraaz.ee\/?post_type=product&#038;p=5974"},"modified":"2024-07-16T08:28:29","modified_gmt":"2024-07-16T08:28:29","slug":"kaevorude-komplekt-emmele-ja-tutrele","status":"publish","type":"product","link":"https:\/\/vitraaz.ee\/en\/toode\/kaevorude-komplekt-emmele-ja-tutrele\/","title":{"rendered":"K\u00e4ev\u00f5rude komplekt emmele ja t\u00fctrele"},"content":{"rendered":"<p>S\u00fcdamlik k\u00e4ev\u00f5rude komplekt emmele ja t\u00fctrele. S\u00e4ravpunane komplekt sobib suurep\u00e4raselt kingituseks emadep\u00e4evaks v\u00f5i s\u00f5brap\u00e4evaks. Punasele klaasile on s\u00fcvistatud v\u00e4iksed s\u00fcdamed. K\u00e4ev\u00f5rudel on nahast rihm. Rihma laius 1,5 cm ja see kinnitub trukiga. K\u00e4eehte sobivuseks on vaja m\u00f5\u00f5ta kandjate k\u00e4e\u00fcmberm\u00f5\u00f5dud. Sobiv suurus vali rippmen\u00fc\u00fcst.\u00a0 Suurema k\u00e4ev\u00f5ru kivi m\u00f5\u00f5t 2,4&#215;3,8 cm, v\u00e4iksemal 1,2&#215;3 cm. K\u00e4ev\u00f5rude komplekte on saadaval ka helelillas ja valges toonis. Kiika <a href=\"https:\/\/vitraaz.ee\/pood\/\">poodi!<\/a><\/p>\n","protected":false},"excerpt":{"rendered":"<p>S\u00fcdamlik k\u00e4ev\u00f5rude komplekt emmele ja t\u00fctrele. S\u00e4ravpunane komplekt sobib suurep\u00e4raselt kingituseks emadep\u00e4evaks v\u00f5i s\u00f5brap\u00e4evaks. Punasele klaasile on s\u00fcvistatud v\u00e4iksed s\u00fcdamed. K\u00e4ev\u00f5rudel on nahast rihm. Rihma laius 1,5 cm ja see kinnitub trukiga. K\u00e4eehte sobivuseks on vaja m\u00f5\u00f5ta kandjate k\u00e4e\u00fcmberm\u00f5\u00f5dud. Sobiv suurus vali rippmen\u00fc\u00fcst.\u00a0 Suurema k\u00e4ev\u00f5ru kivi m\u00f5\u00f5t 2,4&#215;3,8 cm, v\u00e4iksemal 1,2&#215;3 cm. K\u00e4ev\u00f5rude komplekte on [&hellip;]<\/p>\n","protected":false},"featured_media":5979,"template":"","meta":{"_acf_changed":false},"product_brand":[],"product_cat":[39],"product_tag":[],"class_list":{"0":"post-5974","1":"product","2":"type-product","3":"status-publish","4":"has-post-thumbnail","6":"product_cat-ehted","8":"first","9":"instock","10":"taxable","11":"shipping-taxable","12":"purchasable","13":"product-type-variable"},"acf":[],"yoast_head":"<!-- This site is optimized with the Yoast SEO plugin v27.3 - https:\/\/yoast.com\/product\/yoast-seo-wordpress\/ -->\n<title>K\u00e4ev\u00f5rude komplekt emmele ja t\u00fctrele - Vitraaz.ee<\/title>\n<meta name=\"description\" content=\"K\u00e4ev\u00f5rude komplekt emmele ja t\u00fctrele s\u00e4ravpunasest klaasist. Ehetele on graveeritud v\u00e4iksed s\u00fcdamed. Suurep\u00e4rane kingitus emadep\u00e4evaks v\u00f5i s\u00f5brap\u00e4evaks.\" \/>\n<meta name=\"robots\" content=\"index, follow, max-snippet:-1, max-image-preview:large, max-video-preview:-1\" \/>\n<link rel=\"canonical\" href=\"https:\/\/vitraaz.ee\/en\/toode\/kaevorude-komplekt-emmele-ja-tutrele\/\" \/>\n<meta property=\"og:locale\" content=\"en_US\" \/>\n<meta property=\"og:type\" content=\"article\" \/>\n<meta property=\"og:title\" content=\"K\u00e4ev\u00f5rude komplekt emmele ja t\u00fctrele - Vitraaz.ee\" \/>\n<meta property=\"og:description\" content=\"K\u00e4ev\u00f5rude komplekt emmele ja t\u00fctrele s\u00e4ravpunasest klaasist. Ehetele on graveeritud v\u00e4iksed s\u00fcdamed. Suurep\u00e4rane kingitus emadep\u00e4evaks v\u00f5i s\u00f5brap\u00e4evaks.\" \/>\n<meta property=\"og:url\" content=\"https:\/\/vitraaz.ee\/en\/toode\/kaevorude-komplekt-emmele-ja-tutrele\/\" \/>\n<meta property=\"og:site_name\" content=\"Vitraaz.ee\" \/>\n<meta property=\"article:publisher\" content=\"https:\/\/www.facebook.com\/Klaasinterjoor\" \/>\n<meta property=\"article:modified_time\" content=\"2024-07-16T08:28:29+00:00\" \/>\n<meta property=\"og:image\" content=\"https:\/\/vitraaz.ee\/wp-content\/uploads\/2023\/11\/suda.jpg\" \/>\n\t<meta property=\"og:image:width\" content=\"1200\" \/>\n\t<meta property=\"og:image:height\" content=\"798\" \/>\n\t<meta property=\"og:image:type\" content=\"image\/jpeg\" \/>\n<meta name=\"twitter:card\" content=\"summary_large_image\" \/>\n<meta name=\"twitter:label1\" content=\"Est. reading time\" \/>\n\t<meta name=\"twitter:data1\" content=\"1 minute\" \/>\n<script type=\"application\/ld+json\" class=\"yoast-schema-graph\">{\"@context\":\"https:\\\/\\\/schema.org\",\"@graph\":[{\"@type\":\"WebPage\",\"@id\":\"https:\\\/\\\/vitraaz.ee\\\/en\\\/toode\\\/kaevorude-komplekt-emmele-ja-tutrele\\\/\",\"url\":\"https:\\\/\\\/vitraaz.ee\\\/en\\\/toode\\\/kaevorude-komplekt-emmele-ja-tutrele\\\/\",\"name\":\"K\u00e4ev\u00f5rude komplekt emmele ja t\u00fctrele - Vitraaz.ee\",\"isPartOf\":{\"@id\":\"https:\\\/\\\/vitraaz.ee\\\/en\\\/#website\"},\"primaryImageOfPage\":{\"@id\":\"https:\\\/\\\/vitraaz.ee\\\/en\\\/toode\\\/kaevorude-komplekt-emmele-ja-tutrele\\\/#primaryimage\"},\"image\":{\"@id\":\"https:\\\/\\\/vitraaz.ee\\\/en\\\/toode\\\/kaevorude-komplekt-emmele-ja-tutrele\\\/#primaryimage\"},\"thumbnailUrl\":\"https:\\\/\\\/vitraaz.ee\\\/wp-content\\\/uploads\\\/2023\\\/11\\\/suda.jpg\",\"datePublished\":\"2023-11-10T09:56:28+00:00\",\"dateModified\":\"2024-07-16T08:28:29+00:00\",\"description\":\"K\u00e4ev\u00f5rude komplekt emmele ja t\u00fctrele s\u00e4ravpunasest klaasist. Ehetele on graveeritud v\u00e4iksed s\u00fcdamed. Suurep\u00e4rane kingitus emadep\u00e4evaks v\u00f5i s\u00f5brap\u00e4evaks.\",\"breadcrumb\":{\"@id\":\"https:\\\/\\\/vitraaz.ee\\\/en\\\/toode\\\/kaevorude-komplekt-emmele-ja-tutrele\\\/#breadcrumb\"},\"inLanguage\":\"en-US\",\"potentialAction\":[{\"@type\":\"ReadAction\",\"target\":[\"https:\\\/\\\/vitraaz.ee\\\/en\\\/toode\\\/kaevorude-komplekt-emmele-ja-tutrele\\\/\"]}]},{\"@type\":\"ImageObject\",\"inLanguage\":\"en-US\",\"@id\":\"https:\\\/\\\/vitraaz.ee\\\/en\\\/toode\\\/kaevorude-komplekt-emmele-ja-tutrele\\\/#primaryimage\",\"url\":\"https:\\\/\\\/vitraaz.ee\\\/wp-content\\\/uploads\\\/2023\\\/11\\\/suda.jpg\",\"contentUrl\":\"https:\\\/\\\/vitraaz.ee\\\/wp-content\\\/uploads\\\/2023\\\/11\\\/suda.jpg\",\"width\":1200,\"height\":798,\"caption\":\"k\u00e4ev\u00f5rud\"},{\"@type\":\"BreadcrumbList\",\"@id\":\"https:\\\/\\\/vitraaz.ee\\\/en\\\/toode\\\/kaevorude-komplekt-emmele-ja-tutrele\\\/#breadcrumb\",\"itemListElement\":[{\"@type\":\"ListItem\",\"position\":1,\"name\":\"Home\",\"item\":\"https:\\\/\\\/vitraaz.ee\\\/en\\\/\"},{\"@type\":\"ListItem\",\"position\":2,\"name\":\"Pood\",\"item\":\"https:\\\/\\\/vitraaz.ee\\\/pood\\\/\"},{\"@type\":\"ListItem\",\"position\":3,\"name\":\"K\u00e4ev\u00f5rude komplekt emmele ja t\u00fctrele\"}]},{\"@type\":\"WebSite\",\"@id\":\"https:\\\/\\\/vitraaz.ee\\\/en\\\/#website\",\"url\":\"https:\\\/\\\/vitraaz.ee\\\/en\\\/\",\"name\":\"Vitraaz.ee\",\"description\":\"Klaasinterj&ouml;&ouml;r\",\"publisher\":{\"@id\":\"https:\\\/\\\/vitraaz.ee\\\/en\\\/#organization\"},\"potentialAction\":[{\"@type\":\"SearchAction\",\"target\":{\"@type\":\"EntryPoint\",\"urlTemplate\":\"https:\\\/\\\/vitraaz.ee\\\/en\\\/?s={search_term_string}\"},\"query-input\":{\"@type\":\"PropertyValueSpecification\",\"valueRequired\":true,\"valueName\":\"search_term_string\"}}],\"inLanguage\":\"en-US\"},{\"@type\":\"Organization\",\"@id\":\"https:\\\/\\\/vitraaz.ee\\\/en\\\/#organization\",\"name\":\"KLAASINTERJ\u00d6\u00d6R O\u00dc\",\"url\":\"https:\\\/\\\/vitraaz.ee\\\/en\\\/\",\"logo\":{\"@type\":\"ImageObject\",\"inLanguage\":\"en-US\",\"@id\":\"https:\\\/\\\/vitraaz.ee\\\/en\\\/#\\\/schema\\\/logo\\\/image\\\/\",\"url\":\"https:\\\/\\\/vitraaz.ee\\\/wp-content\\\/uploads\\\/2022\\\/09\\\/logoKI.png\",\"contentUrl\":\"https:\\\/\\\/vitraaz.ee\\\/wp-content\\\/uploads\\\/2022\\\/09\\\/logoKI.png\",\"width\":1159,\"height\":458,\"caption\":\"KLAASINTERJ\u00d6\u00d6R O\u00dc\"},\"image\":{\"@id\":\"https:\\\/\\\/vitraaz.ee\\\/en\\\/#\\\/schema\\\/logo\\\/image\\\/\"},\"sameAs\":[\"https:\\\/\\\/www.facebook.com\\\/Klaasinterjoor\"]}]}<\/script>\n<!-- \/ Yoast SEO plugin. -->","yoast_head_json":{"title":"K\u00e4ev\u00f5rude komplekt emmele ja t\u00fctrele - Vitraaz.ee","description":"K\u00e4ev\u00f5rude komplekt emmele ja t\u00fctrele s\u00e4ravpunasest klaasist. Ehetele on graveeritud v\u00e4iksed s\u00fcdamed. Suurep\u00e4rane kingitus emadep\u00e4evaks v\u00f5i s\u00f5brap\u00e4evaks.","robots":{"index":"index","follow":"follow","max-snippet":"max-snippet:-1","max-image-preview":"max-image-preview:large","max-video-preview":"max-video-preview:-1"},"canonical":"https:\/\/vitraaz.ee\/en\/toode\/kaevorude-komplekt-emmele-ja-tutrele\/","og_locale":"en_US","og_type":"article","og_title":"K\u00e4ev\u00f5rude komplekt emmele ja t\u00fctrele - Vitraaz.ee","og_description":"K\u00e4ev\u00f5rude komplekt emmele ja t\u00fctrele s\u00e4ravpunasest klaasist. Ehetele on graveeritud v\u00e4iksed s\u00fcdamed. Suurep\u00e4rane kingitus emadep\u00e4evaks v\u00f5i s\u00f5brap\u00e4evaks.","og_url":"https:\/\/vitraaz.ee\/en\/toode\/kaevorude-komplekt-emmele-ja-tutrele\/","og_site_name":"Vitraaz.ee","article_publisher":"https:\/\/www.facebook.com\/Klaasinterjoor","article_modified_time":"2024-07-16T08:28:29+00:00","og_image":[{"width":1200,"height":798,"url":"https:\/\/vitraaz.ee\/wp-content\/uploads\/2023\/11\/suda.jpg","type":"image\/jpeg"}],"twitter_card":"summary_large_image","twitter_misc":{"Est. reading time":"1 minute"},"schema":{"@context":"https:\/\/schema.org","@graph":[{"@type":"WebPage","@id":"https:\/\/vitraaz.ee\/en\/toode\/kaevorude-komplekt-emmele-ja-tutrele\/","url":"https:\/\/vitraaz.ee\/en\/toode\/kaevorude-komplekt-emmele-ja-tutrele\/","name":"K\u00e4ev\u00f5rude komplekt emmele ja t\u00fctrele - Vitraaz.ee","isPartOf":{"@id":"https:\/\/vitraaz.ee\/en\/#website"},"primaryImageOfPage":{"@id":"https:\/\/vitraaz.ee\/en\/toode\/kaevorude-komplekt-emmele-ja-tutrele\/#primaryimage"},"image":{"@id":"https:\/\/vitraaz.ee\/en\/toode\/kaevorude-komplekt-emmele-ja-tutrele\/#primaryimage"},"thumbnailUrl":"https:\/\/vitraaz.ee\/wp-content\/uploads\/2023\/11\/suda.jpg","datePublished":"2023-11-10T09:56:28+00:00","dateModified":"2024-07-16T08:28:29+00:00","description":"K\u00e4ev\u00f5rude komplekt emmele ja t\u00fctrele s\u00e4ravpunasest klaasist. Ehetele on graveeritud v\u00e4iksed s\u00fcdamed. Suurep\u00e4rane kingitus emadep\u00e4evaks v\u00f5i s\u00f5brap\u00e4evaks.","breadcrumb":{"@id":"https:\/\/vitraaz.ee\/en\/toode\/kaevorude-komplekt-emmele-ja-tutrele\/#breadcrumb"},"inLanguage":"en-US","potentialAction":[{"@type":"ReadAction","target":["https:\/\/vitraaz.ee\/en\/toode\/kaevorude-komplekt-emmele-ja-tutrele\/"]}]},{"@type":"ImageObject","inLanguage":"en-US","@id":"https:\/\/vitraaz.ee\/en\/toode\/kaevorude-komplekt-emmele-ja-tutrele\/#primaryimage","url":"https:\/\/vitraaz.ee\/wp-content\/uploads\/2023\/11\/suda.jpg","contentUrl":"https:\/\/vitraaz.ee\/wp-content\/uploads\/2023\/11\/suda.jpg","width":1200,"height":798,"caption":"k\u00e4ev\u00f5rud"},{"@type":"BreadcrumbList","@id":"https:\/\/vitraaz.ee\/en\/toode\/kaevorude-komplekt-emmele-ja-tutrele\/#breadcrumb","itemListElement":[{"@type":"ListItem","position":1,"name":"Home","item":"https:\/\/vitraaz.ee\/en\/"},{"@type":"ListItem","position":2,"name":"Pood","item":"https:\/\/vitraaz.ee\/pood\/"},{"@type":"ListItem","position":3,"name":"K\u00e4ev\u00f5rude komplekt emmele ja t\u00fctrele"}]},{"@type":"WebSite","@id":"https:\/\/vitraaz.ee\/en\/#website","url":"https:\/\/vitraaz.ee\/en\/","name":"Vitraaz.ee","description":"Klaasinterj&ouml;&ouml;r","publisher":{"@id":"https:\/\/vitraaz.ee\/en\/#organization"},"potentialAction":[{"@type":"SearchAction","target":{"@type":"EntryPoint","urlTemplate":"https:\/\/vitraaz.ee\/en\/?s={search_term_string}"},"query-input":{"@type":"PropertyValueSpecification","valueRequired":true,"valueName":"search_term_string"}}],"inLanguage":"en-US"},{"@type":"Organization","@id":"https:\/\/vitraaz.ee\/en\/#organization","name":"KLAASINTERJ\u00d6\u00d6R O\u00dc","url":"https:\/\/vitraaz.ee\/en\/","logo":{"@type":"ImageObject","inLanguage":"en-US","@id":"https:\/\/vitraaz.ee\/en\/#\/schema\/logo\/image\/","url":"https:\/\/vitraaz.ee\/wp-content\/uploads\/2022\/09\/logoKI.png","contentUrl":"https:\/\/vitraaz.ee\/wp-content\/uploads\/2022\/09\/logoKI.png","width":1159,"height":458,"caption":"KLAASINTERJ\u00d6\u00d6R O\u00dc"},"image":{"@id":"https:\/\/vitraaz.ee\/en\/#\/schema\/logo\/image\/"},"sameAs":["https:\/\/www.facebook.com\/Klaasinterjoor"]}]}},"_links":{"self":[{"href":"https:\/\/vitraaz.ee\/en\/wp-json\/wp\/v2\/product\/5974","targetHints":{"allow":["GET"]}}],"collection":[{"href":"https:\/\/vitraaz.ee\/en\/wp-json\/wp\/v2\/product"}],"about":[{"href":"https:\/\/vitraaz.ee\/en\/wp-json\/wp\/v2\/types\/product"}],"version-history":[{"count":0,"href":"https:\/\/vitraaz.ee\/en\/wp-json\/wp\/v2\/product\/5974\/revisions"}],"wp:featuredmedia":[{"embeddable":true,"href":"https:\/\/vitraaz.ee\/en\/wp-json\/wp\/v2\/media\/5979"}],"wp:attachment":[{"href":"https:\/\/vitraaz.ee\/en\/wp-json\/wp\/v2\/media?parent=5974"}],"wp:term":[{"taxonomy":"product_brand","embeddable":true,"href":"https:\/\/vitraaz.ee\/en\/wp-json\/wp\/v2\/product_brand?post=5974"},{"taxonomy":"product_cat","embeddable":true,"href":"https:\/\/vitraaz.ee\/en\/wp-json\/wp\/v2\/product_cat?post=5974"},{"taxonomy":"product_tag","embeddable":true,"href":"https:\/\/vitraaz.ee\/en\/wp-json\/wp\/v2\/product_tag?post=5974"}],"curies":[{"name":"wp","href":"https:\/\/api.w.org\/{rel}","templated":true}]}}