{"id":3068,"date":"2022-10-05T23:55:56","date_gmt":"2022-10-05T23:55:56","guid":{"rendered":"https:\/\/vitraaz.ee\/?post_type=product&#038;p=3068"},"modified":"2024-07-16T22:48:35","modified_gmt":"2024-07-16T22:48:35","slug":"vitraaz-rutmid","status":"publish","type":"product","link":"https:\/\/vitraaz.ee\/en\/toode\/vitraaz-rutmid\/","title":{"rendered":"Vitraa\u017e R\u00fctmid"},"content":{"rendered":"<p>Selge punase ja musta kontrastiga Vitraa\u017e R\u00fctmid. Vitraa\u017eile annab p\u00f5neva struktuuri triibuliseks sulatatud klaas. m\u00f5\u00f5dud 14,5&#215;30,5 cm. Vitraa\u017ei riputamiseks leiad abivahendid <a href=\"https:\/\/vitraaz.ee\/toode\/vitraazi-riputuskonksud-aknale\/\">siit.<\/a><\/p>\n","protected":false},"excerpt":{"rendered":"<p>Selge punase ja musta kontrastiga Vitraa\u017e R\u00fctmid. Vitraa\u017eile annab p\u00f5neva struktuuri triibuliseks sulatatud klaas. m\u00f5\u00f5dud 14,5&#215;30,5 cm. Vitraa\u017ei riputamiseks leiad abivahendid siit.<\/p>\n","protected":false},"featured_media":3294,"template":"","meta":{"_acf_changed":false},"product_brand":[],"product_cat":[47],"product_tag":[65],"class_list":{"0":"post-3068","1":"product","2":"type-product","3":"status-publish","4":"has-post-thumbnail","6":"product_cat-vitraazid","7":"product_tag-vitraaz","9":"first","10":"instock","11":"taxable","12":"shipping-taxable","13":"purchasable","14":"product-type-simple"},"acf":[],"yoast_head":"<!-- This site is optimized with the Yoast SEO plugin v27.3 - https:\/\/yoast.com\/product\/yoast-seo-wordpress\/ -->\n<title>Vitraa\u017e R\u00fctmid - Vitraaz.ee<\/title>\n<meta name=\"description\" content=\"Selge punase ja musta kontrastiga Vitraa\u017e R\u00fctmid. Vitraa\u017eile annab p\u00f5neva struktuuri triibuliseks sulatatud klaas. m\u00f5\u00f5dud 14,5x30,5 cm.\" \/>\n<meta name=\"robots\" content=\"index, follow, max-snippet:-1, max-image-preview:large, max-video-preview:-1\" \/>\n<link rel=\"canonical\" href=\"https:\/\/vitraaz.ee\/en\/toode\/vitraaz-rutmid\/\" \/>\n<meta property=\"og:locale\" content=\"en_US\" \/>\n<meta property=\"og:type\" content=\"article\" \/>\n<meta property=\"og:title\" content=\"Vitraa\u017e R\u00fctmid - Vitraaz.ee\" \/>\n<meta property=\"og:description\" content=\"Selge punase ja musta kontrastiga Vitraa\u017e R\u00fctmid. Vitraa\u017eile annab p\u00f5neva struktuuri triibuliseks sulatatud klaas. m\u00f5\u00f5dud 14,5x30,5 cm.\" \/>\n<meta property=\"og:url\" content=\"https:\/\/vitraaz.ee\/en\/toode\/vitraaz-rutmid\/\" \/>\n<meta property=\"og:site_name\" content=\"Vitraaz.ee\" \/>\n<meta property=\"article:publisher\" content=\"https:\/\/www.facebook.com\/Klaasinterjoor\" \/>\n<meta property=\"article:modified_time\" content=\"2024-07-16T22:48:35+00:00\" \/>\n<meta property=\"og:image\" content=\"https:\/\/vitraaz.ee\/wp-content\/uploads\/2022\/10\/triibud2.jpg\" \/>\n\t<meta property=\"og:image:width\" content=\"531\" \/>\n\t<meta property=\"og:image:height\" content=\"798\" \/>\n\t<meta property=\"og:image:type\" content=\"image\/jpeg\" \/>\n<meta name=\"twitter:card\" content=\"summary_large_image\" \/>\n<meta name=\"twitter:label1\" content=\"Est. reading time\" \/>\n\t<meta name=\"twitter:data1\" content=\"1 minute\" \/>\n<script type=\"application\/ld+json\" class=\"yoast-schema-graph\">{\"@context\":\"https:\\\/\\\/schema.org\",\"@graph\":[{\"@type\":\"WebPage\",\"@id\":\"https:\\\/\\\/vitraaz.ee\\\/en\\\/toode\\\/vitraaz-rutmid\\\/\",\"url\":\"https:\\\/\\\/vitraaz.ee\\\/en\\\/toode\\\/vitraaz-rutmid\\\/\",\"name\":\"Vitraa\u017e R\u00fctmid - Vitraaz.ee\",\"isPartOf\":{\"@id\":\"https:\\\/\\\/vitraaz.ee\\\/en\\\/#website\"},\"primaryImageOfPage\":{\"@id\":\"https:\\\/\\\/vitraaz.ee\\\/en\\\/toode\\\/vitraaz-rutmid\\\/#primaryimage\"},\"image\":{\"@id\":\"https:\\\/\\\/vitraaz.ee\\\/en\\\/toode\\\/vitraaz-rutmid\\\/#primaryimage\"},\"thumbnailUrl\":\"https:\\\/\\\/vitraaz.ee\\\/wp-content\\\/uploads\\\/2022\\\/10\\\/triibud2.jpg\",\"datePublished\":\"2022-10-05T23:55:56+00:00\",\"dateModified\":\"2024-07-16T22:48:35+00:00\",\"description\":\"Selge punase ja musta kontrastiga Vitraa\u017e R\u00fctmid. Vitraa\u017eile annab p\u00f5neva struktuuri triibuliseks sulatatud klaas. m\u00f5\u00f5dud 14,5x30,5 cm.\",\"breadcrumb\":{\"@id\":\"https:\\\/\\\/vitraaz.ee\\\/en\\\/toode\\\/vitraaz-rutmid\\\/#breadcrumb\"},\"inLanguage\":\"en-US\",\"potentialAction\":[{\"@type\":\"ReadAction\",\"target\":[\"https:\\\/\\\/vitraaz.ee\\\/en\\\/toode\\\/vitraaz-rutmid\\\/\"]}]},{\"@type\":\"ImageObject\",\"inLanguage\":\"en-US\",\"@id\":\"https:\\\/\\\/vitraaz.ee\\\/en\\\/toode\\\/vitraaz-rutmid\\\/#primaryimage\",\"url\":\"https:\\\/\\\/vitraaz.ee\\\/wp-content\\\/uploads\\\/2022\\\/10\\\/triibud2.jpg\",\"contentUrl\":\"https:\\\/\\\/vitraaz.ee\\\/wp-content\\\/uploads\\\/2022\\\/10\\\/triibud2.jpg\",\"width\":531,\"height\":798},{\"@type\":\"BreadcrumbList\",\"@id\":\"https:\\\/\\\/vitraaz.ee\\\/en\\\/toode\\\/vitraaz-rutmid\\\/#breadcrumb\",\"itemListElement\":[{\"@type\":\"ListItem\",\"position\":1,\"name\":\"Home\",\"item\":\"https:\\\/\\\/vitraaz.ee\\\/en\\\/\"},{\"@type\":\"ListItem\",\"position\":2,\"name\":\"Pood\",\"item\":\"https:\\\/\\\/vitraaz.ee\\\/pood\\\/\"},{\"@type\":\"ListItem\",\"position\":3,\"name\":\"Vitraa\u017e R\u00fctmid\"}]},{\"@type\":\"WebSite\",\"@id\":\"https:\\\/\\\/vitraaz.ee\\\/en\\\/#website\",\"url\":\"https:\\\/\\\/vitraaz.ee\\\/en\\\/\",\"name\":\"Vitraaz.ee\",\"description\":\"Klaasinterj&ouml;&ouml;r\",\"publisher\":{\"@id\":\"https:\\\/\\\/vitraaz.ee\\\/en\\\/#organization\"},\"potentialAction\":[{\"@type\":\"SearchAction\",\"target\":{\"@type\":\"EntryPoint\",\"urlTemplate\":\"https:\\\/\\\/vitraaz.ee\\\/en\\\/?s={search_term_string}\"},\"query-input\":{\"@type\":\"PropertyValueSpecification\",\"valueRequired\":true,\"valueName\":\"search_term_string\"}}],\"inLanguage\":\"en-US\"},{\"@type\":\"Organization\",\"@id\":\"https:\\\/\\\/vitraaz.ee\\\/en\\\/#organization\",\"name\":\"KLAASINTERJ\u00d6\u00d6R O\u00dc\",\"url\":\"https:\\\/\\\/vitraaz.ee\\\/en\\\/\",\"logo\":{\"@type\":\"ImageObject\",\"inLanguage\":\"en-US\",\"@id\":\"https:\\\/\\\/vitraaz.ee\\\/en\\\/#\\\/schema\\\/logo\\\/image\\\/\",\"url\":\"https:\\\/\\\/vitraaz.ee\\\/wp-content\\\/uploads\\\/2022\\\/09\\\/logoKI.png\",\"contentUrl\":\"https:\\\/\\\/vitraaz.ee\\\/wp-content\\\/uploads\\\/2022\\\/09\\\/logoKI.png\",\"width\":1159,\"height\":458,\"caption\":\"KLAASINTERJ\u00d6\u00d6R O\u00dc\"},\"image\":{\"@id\":\"https:\\\/\\\/vitraaz.ee\\\/en\\\/#\\\/schema\\\/logo\\\/image\\\/\"},\"sameAs\":[\"https:\\\/\\\/www.facebook.com\\\/Klaasinterjoor\"]}]}<\/script>\n<!-- \/ Yoast SEO plugin. -->","yoast_head_json":{"title":"Vitraa\u017e R\u00fctmid - Vitraaz.ee","description":"Selge punase ja musta kontrastiga Vitraa\u017e R\u00fctmid. Vitraa\u017eile annab p\u00f5neva struktuuri triibuliseks sulatatud klaas. m\u00f5\u00f5dud 14,5x30,5 cm.","robots":{"index":"index","follow":"follow","max-snippet":"max-snippet:-1","max-image-preview":"max-image-preview:large","max-video-preview":"max-video-preview:-1"},"canonical":"https:\/\/vitraaz.ee\/en\/toode\/vitraaz-rutmid\/","og_locale":"en_US","og_type":"article","og_title":"Vitraa\u017e R\u00fctmid - Vitraaz.ee","og_description":"Selge punase ja musta kontrastiga Vitraa\u017e R\u00fctmid. Vitraa\u017eile annab p\u00f5neva struktuuri triibuliseks sulatatud klaas. m\u00f5\u00f5dud 14,5x30,5 cm.","og_url":"https:\/\/vitraaz.ee\/en\/toode\/vitraaz-rutmid\/","og_site_name":"Vitraaz.ee","article_publisher":"https:\/\/www.facebook.com\/Klaasinterjoor","article_modified_time":"2024-07-16T22:48:35+00:00","og_image":[{"width":531,"height":798,"url":"https:\/\/vitraaz.ee\/wp-content\/uploads\/2022\/10\/triibud2.jpg","type":"image\/jpeg"}],"twitter_card":"summary_large_image","twitter_misc":{"Est. reading time":"1 minute"},"schema":{"@context":"https:\/\/schema.org","@graph":[{"@type":"WebPage","@id":"https:\/\/vitraaz.ee\/en\/toode\/vitraaz-rutmid\/","url":"https:\/\/vitraaz.ee\/en\/toode\/vitraaz-rutmid\/","name":"Vitraa\u017e R\u00fctmid - Vitraaz.ee","isPartOf":{"@id":"https:\/\/vitraaz.ee\/en\/#website"},"primaryImageOfPage":{"@id":"https:\/\/vitraaz.ee\/en\/toode\/vitraaz-rutmid\/#primaryimage"},"image":{"@id":"https:\/\/vitraaz.ee\/en\/toode\/vitraaz-rutmid\/#primaryimage"},"thumbnailUrl":"https:\/\/vitraaz.ee\/wp-content\/uploads\/2022\/10\/triibud2.jpg","datePublished":"2022-10-05T23:55:56+00:00","dateModified":"2024-07-16T22:48:35+00:00","description":"Selge punase ja musta kontrastiga Vitraa\u017e R\u00fctmid. Vitraa\u017eile annab p\u00f5neva struktuuri triibuliseks sulatatud klaas. m\u00f5\u00f5dud 14,5x30,5 cm.","breadcrumb":{"@id":"https:\/\/vitraaz.ee\/en\/toode\/vitraaz-rutmid\/#breadcrumb"},"inLanguage":"en-US","potentialAction":[{"@type":"ReadAction","target":["https:\/\/vitraaz.ee\/en\/toode\/vitraaz-rutmid\/"]}]},{"@type":"ImageObject","inLanguage":"en-US","@id":"https:\/\/vitraaz.ee\/en\/toode\/vitraaz-rutmid\/#primaryimage","url":"https:\/\/vitraaz.ee\/wp-content\/uploads\/2022\/10\/triibud2.jpg","contentUrl":"https:\/\/vitraaz.ee\/wp-content\/uploads\/2022\/10\/triibud2.jpg","width":531,"height":798},{"@type":"BreadcrumbList","@id":"https:\/\/vitraaz.ee\/en\/toode\/vitraaz-rutmid\/#breadcrumb","itemListElement":[{"@type":"ListItem","position":1,"name":"Home","item":"https:\/\/vitraaz.ee\/en\/"},{"@type":"ListItem","position":2,"name":"Pood","item":"https:\/\/vitraaz.ee\/pood\/"},{"@type":"ListItem","position":3,"name":"Vitraa\u017e R\u00fctmid"}]},{"@type":"WebSite","@id":"https:\/\/vitraaz.ee\/en\/#website","url":"https:\/\/vitraaz.ee\/en\/","name":"Vitraaz.ee","description":"Klaasinterj&ouml;&ouml;r","publisher":{"@id":"https:\/\/vitraaz.ee\/en\/#organization"},"potentialAction":[{"@type":"SearchAction","target":{"@type":"EntryPoint","urlTemplate":"https:\/\/vitraaz.ee\/en\/?s={search_term_string}"},"query-input":{"@type":"PropertyValueSpecification","valueRequired":true,"valueName":"search_term_string"}}],"inLanguage":"en-US"},{"@type":"Organization","@id":"https:\/\/vitraaz.ee\/en\/#organization","name":"KLAASINTERJ\u00d6\u00d6R O\u00dc","url":"https:\/\/vitraaz.ee\/en\/","logo":{"@type":"ImageObject","inLanguage":"en-US","@id":"https:\/\/vitraaz.ee\/en\/#\/schema\/logo\/image\/","url":"https:\/\/vitraaz.ee\/wp-content\/uploads\/2022\/09\/logoKI.png","contentUrl":"https:\/\/vitraaz.ee\/wp-content\/uploads\/2022\/09\/logoKI.png","width":1159,"height":458,"caption":"KLAASINTERJ\u00d6\u00d6R O\u00dc"},"image":{"@id":"https:\/\/vitraaz.ee\/en\/#\/schema\/logo\/image\/"},"sameAs":["https:\/\/www.facebook.com\/Klaasinterjoor"]}]}},"_links":{"self":[{"href":"https:\/\/vitraaz.ee\/en\/wp-json\/wp\/v2\/product\/3068","targetHints":{"allow":["GET"]}}],"collection":[{"href":"https:\/\/vitraaz.ee\/en\/wp-json\/wp\/v2\/product"}],"about":[{"href":"https:\/\/vitraaz.ee\/en\/wp-json\/wp\/v2\/types\/product"}],"version-history":[{"count":0,"href":"https:\/\/vitraaz.ee\/en\/wp-json\/wp\/v2\/product\/3068\/revisions"}],"wp:featuredmedia":[{"embeddable":true,"href":"https:\/\/vitraaz.ee\/en\/wp-json\/wp\/v2\/media\/3294"}],"wp:attachment":[{"href":"https:\/\/vitraaz.ee\/en\/wp-json\/wp\/v2\/media?parent=3068"}],"wp:term":[{"taxonomy":"product_brand","embeddable":true,"href":"https:\/\/vitraaz.ee\/en\/wp-json\/wp\/v2\/product_brand?post=3068"},{"taxonomy":"product_cat","embeddable":true,"href":"https:\/\/vitraaz.ee\/en\/wp-json\/wp\/v2\/product_cat?post=3068"},{"taxonomy":"product_tag","embeddable":true,"href":"https:\/\/vitraaz.ee\/en\/wp-json\/wp\/v2\/product_tag?post=3068"}],"curies":[{"name":"wp","href":"https:\/\/api.w.org\/{rel}","templated":true}]}}