{"id":2524,"date":"2022-10-05T23:54:27","date_gmt":"2022-10-05T23:54:27","guid":{"rendered":"https:\/\/vitraaz.ee\/?post_type=product&#038;p=2524"},"modified":"2024-08-05T07:48:57","modified_gmt":"2024-08-05T07:48:57","slug":"seinakell-ibiza-palmid","status":"publish","type":"product","link":"https:\/\/vitraaz.ee\/en\/toode\/seinakell-ibiza-palmid\/","title":{"rendered":"Seinakell &#8220;Ibiza palmid&#8221;"},"content":{"rendered":"<p>Seinakell &#8220;Ibiza palmid&#8221; on k\u00e4sit\u00f6\u00f6na valminud palmilehe motiiviga kell, mis on nagu meenutus m\u00f6\u00f6dunud soojamaa puhkusest. Vanutatud peegelpind ja valge moodustavad kauni terviku. &#8220;Ibiza palmid&#8221; sobib k\u00f5igi soojamaa r\u00e4ndurite ja lihtsalt unistajate helgetesse kodudesse.<\/p>\n<p>M\u00f5\u00f5t: l\u00e4bim\u00f5\u00f5t ( m\u00e4rgina) 35cm<br \/>\nVaikne mehhanism<br \/>\nKaasas patarei<br \/>\nKaasas pakend<\/p>\n","protected":false},"excerpt":{"rendered":"<p>Seinakell &#8220;Ibiza palmid&#8221; on k\u00e4sit\u00f6\u00f6na valminud palmilehe motiiviga kell, mis on nagu meenutus m\u00f6\u00f6dunud soojamaa puhkusest. Vanutatud peegelpind ja valge moodustavad kauni terviku. &#8220;Ibiza palmid&#8221; sobib k\u00f5igi soojamaa r\u00e4ndurite ja lihtsalt unistajate helgetesse kodudesse. M\u00f5\u00f5t: l\u00e4bim\u00f5\u00f5t ( m\u00e4rgina) 35cm Vaikne mehhanism Kaasas patarei Kaasas pakend<\/p>\n","protected":false},"featured_media":2679,"template":"","meta":{"_acf_changed":false},"product_brand":[],"product_cat":[37],"product_tag":[64],"class_list":{"0":"post-2524","1":"product","2":"type-product","3":"status-publish","4":"has-post-thumbnail","6":"product_cat-seinakellad-lauakellad","7":"product_tag-seinakell","9":"first","10":"instock","11":"taxable","12":"shipping-taxable","13":"purchasable","14":"product-type-simple"},"acf":[],"yoast_head":"<!-- This site is optimized with the Yoast SEO plugin v27.3 - https:\/\/yoast.com\/product\/yoast-seo-wordpress\/ -->\n<title>Seinakell &quot;Ibiza palmid&quot; - Vitraaz.ee<\/title>\n<meta name=\"description\" content=\"Seinakell &quot;Ibiza palmid&quot; on k\u00e4sit\u00f6\u00f6na valminud palmilehe motiiviga kell, mis on nagu meenutus m\u00f6\u00f6dunud soojamaa puhkusest.\" \/>\n<meta name=\"robots\" content=\"index, follow, max-snippet:-1, max-image-preview:large, max-video-preview:-1\" \/>\n<link rel=\"canonical\" href=\"https:\/\/vitraaz.ee\/en\/toode\/seinakell-ibiza-palmid\/\" \/>\n<meta property=\"og:locale\" content=\"en_US\" \/>\n<meta property=\"og:type\" content=\"article\" \/>\n<meta property=\"og:title\" content=\"Seinakell &quot;Ibiza palmid&quot; - Vitraaz.ee\" \/>\n<meta property=\"og:description\" content=\"Seinakell &quot;Ibiza palmid&quot; on k\u00e4sit\u00f6\u00f6na valminud palmilehe motiiviga kell, mis on nagu meenutus m\u00f6\u00f6dunud soojamaa puhkusest.\" \/>\n<meta property=\"og:url\" content=\"https:\/\/vitraaz.ee\/en\/toode\/seinakell-ibiza-palmid\/\" \/>\n<meta property=\"og:site_name\" content=\"Vitraaz.ee\" \/>\n<meta property=\"article:publisher\" content=\"https:\/\/www.facebook.com\/Klaasinterjoor\" \/>\n<meta property=\"article:modified_time\" content=\"2024-08-05T07:48:57+00:00\" \/>\n<meta property=\"og:image\" content=\"https:\/\/vitraaz.ee\/wp-content\/uploads\/2022\/10\/Ep1.jpg\" \/>\n\t<meta property=\"og:image:width\" content=\"1200\" \/>\n\t<meta property=\"og:image:height\" content=\"798\" \/>\n\t<meta property=\"og:image:type\" content=\"image\/jpeg\" \/>\n<meta name=\"twitter:card\" content=\"summary_large_image\" \/>\n<meta name=\"twitter:label1\" content=\"Est. reading time\" \/>\n\t<meta name=\"twitter:data1\" content=\"1 minute\" \/>\n<script type=\"application\/ld+json\" class=\"yoast-schema-graph\">{\"@context\":\"https:\\\/\\\/schema.org\",\"@graph\":[{\"@type\":\"WebPage\",\"@id\":\"https:\\\/\\\/vitraaz.ee\\\/en\\\/toode\\\/seinakell-ibiza-palmid\\\/\",\"url\":\"https:\\\/\\\/vitraaz.ee\\\/en\\\/toode\\\/seinakell-ibiza-palmid\\\/\",\"name\":\"Seinakell \\\"Ibiza palmid\\\" - Vitraaz.ee\",\"isPartOf\":{\"@id\":\"https:\\\/\\\/vitraaz.ee\\\/en\\\/#website\"},\"primaryImageOfPage\":{\"@id\":\"https:\\\/\\\/vitraaz.ee\\\/en\\\/toode\\\/seinakell-ibiza-palmid\\\/#primaryimage\"},\"image\":{\"@id\":\"https:\\\/\\\/vitraaz.ee\\\/en\\\/toode\\\/seinakell-ibiza-palmid\\\/#primaryimage\"},\"thumbnailUrl\":\"https:\\\/\\\/vitraaz.ee\\\/wp-content\\\/uploads\\\/2022\\\/10\\\/Ep1.jpg\",\"datePublished\":\"2022-10-05T23:54:27+00:00\",\"dateModified\":\"2024-08-05T07:48:57+00:00\",\"description\":\"Seinakell \\\"Ibiza palmid\\\" on k\u00e4sit\u00f6\u00f6na valminud palmilehe motiiviga kell, mis on nagu meenutus m\u00f6\u00f6dunud soojamaa puhkusest.\",\"breadcrumb\":{\"@id\":\"https:\\\/\\\/vitraaz.ee\\\/en\\\/toode\\\/seinakell-ibiza-palmid\\\/#breadcrumb\"},\"inLanguage\":\"en-US\",\"potentialAction\":[{\"@type\":\"ReadAction\",\"target\":[\"https:\\\/\\\/vitraaz.ee\\\/en\\\/toode\\\/seinakell-ibiza-palmid\\\/\"]}]},{\"@type\":\"ImageObject\",\"inLanguage\":\"en-US\",\"@id\":\"https:\\\/\\\/vitraaz.ee\\\/en\\\/toode\\\/seinakell-ibiza-palmid\\\/#primaryimage\",\"url\":\"https:\\\/\\\/vitraaz.ee\\\/wp-content\\\/uploads\\\/2022\\\/10\\\/Ep1.jpg\",\"contentUrl\":\"https:\\\/\\\/vitraaz.ee\\\/wp-content\\\/uploads\\\/2022\\\/10\\\/Ep1.jpg\",\"width\":1200,\"height\":798},{\"@type\":\"BreadcrumbList\",\"@id\":\"https:\\\/\\\/vitraaz.ee\\\/en\\\/toode\\\/seinakell-ibiza-palmid\\\/#breadcrumb\",\"itemListElement\":[{\"@type\":\"ListItem\",\"position\":1,\"name\":\"Home\",\"item\":\"https:\\\/\\\/vitraaz.ee\\\/en\\\/\"},{\"@type\":\"ListItem\",\"position\":2,\"name\":\"Pood\",\"item\":\"https:\\\/\\\/vitraaz.ee\\\/pood\\\/\"},{\"@type\":\"ListItem\",\"position\":3,\"name\":\"Seinakell &#8220;Ibiza palmid&#8221;\"}]},{\"@type\":\"WebSite\",\"@id\":\"https:\\\/\\\/vitraaz.ee\\\/en\\\/#website\",\"url\":\"https:\\\/\\\/vitraaz.ee\\\/en\\\/\",\"name\":\"Vitraaz.ee\",\"description\":\"Klaasinterj&ouml;&ouml;r\",\"publisher\":{\"@id\":\"https:\\\/\\\/vitraaz.ee\\\/en\\\/#organization\"},\"potentialAction\":[{\"@type\":\"SearchAction\",\"target\":{\"@type\":\"EntryPoint\",\"urlTemplate\":\"https:\\\/\\\/vitraaz.ee\\\/en\\\/?s={search_term_string}\"},\"query-input\":{\"@type\":\"PropertyValueSpecification\",\"valueRequired\":true,\"valueName\":\"search_term_string\"}}],\"inLanguage\":\"en-US\"},{\"@type\":\"Organization\",\"@id\":\"https:\\\/\\\/vitraaz.ee\\\/en\\\/#organization\",\"name\":\"KLAASINTERJ\u00d6\u00d6R O\u00dc\",\"url\":\"https:\\\/\\\/vitraaz.ee\\\/en\\\/\",\"logo\":{\"@type\":\"ImageObject\",\"inLanguage\":\"en-US\",\"@id\":\"https:\\\/\\\/vitraaz.ee\\\/en\\\/#\\\/schema\\\/logo\\\/image\\\/\",\"url\":\"https:\\\/\\\/vitraaz.ee\\\/wp-content\\\/uploads\\\/2022\\\/09\\\/logoKI.png\",\"contentUrl\":\"https:\\\/\\\/vitraaz.ee\\\/wp-content\\\/uploads\\\/2022\\\/09\\\/logoKI.png\",\"width\":1159,\"height\":458,\"caption\":\"KLAASINTERJ\u00d6\u00d6R O\u00dc\"},\"image\":{\"@id\":\"https:\\\/\\\/vitraaz.ee\\\/en\\\/#\\\/schema\\\/logo\\\/image\\\/\"},\"sameAs\":[\"https:\\\/\\\/www.facebook.com\\\/Klaasinterjoor\"]}]}<\/script>\n<!-- \/ Yoast SEO plugin. -->","yoast_head_json":{"title":"Seinakell \"Ibiza palmid\" - Vitraaz.ee","description":"Seinakell \"Ibiza palmid\" on k\u00e4sit\u00f6\u00f6na valminud palmilehe motiiviga kell, mis on nagu meenutus m\u00f6\u00f6dunud soojamaa puhkusest.","robots":{"index":"index","follow":"follow","max-snippet":"max-snippet:-1","max-image-preview":"max-image-preview:large","max-video-preview":"max-video-preview:-1"},"canonical":"https:\/\/vitraaz.ee\/en\/toode\/seinakell-ibiza-palmid\/","og_locale":"en_US","og_type":"article","og_title":"Seinakell \"Ibiza palmid\" - Vitraaz.ee","og_description":"Seinakell \"Ibiza palmid\" on k\u00e4sit\u00f6\u00f6na valminud palmilehe motiiviga kell, mis on nagu meenutus m\u00f6\u00f6dunud soojamaa puhkusest.","og_url":"https:\/\/vitraaz.ee\/en\/toode\/seinakell-ibiza-palmid\/","og_site_name":"Vitraaz.ee","article_publisher":"https:\/\/www.facebook.com\/Klaasinterjoor","article_modified_time":"2024-08-05T07:48:57+00:00","og_image":[{"width":1200,"height":798,"url":"https:\/\/vitraaz.ee\/wp-content\/uploads\/2022\/10\/Ep1.jpg","type":"image\/jpeg"}],"twitter_card":"summary_large_image","twitter_misc":{"Est. reading time":"1 minute"},"schema":{"@context":"https:\/\/schema.org","@graph":[{"@type":"WebPage","@id":"https:\/\/vitraaz.ee\/en\/toode\/seinakell-ibiza-palmid\/","url":"https:\/\/vitraaz.ee\/en\/toode\/seinakell-ibiza-palmid\/","name":"Seinakell \"Ibiza palmid\" - Vitraaz.ee","isPartOf":{"@id":"https:\/\/vitraaz.ee\/en\/#website"},"primaryImageOfPage":{"@id":"https:\/\/vitraaz.ee\/en\/toode\/seinakell-ibiza-palmid\/#primaryimage"},"image":{"@id":"https:\/\/vitraaz.ee\/en\/toode\/seinakell-ibiza-palmid\/#primaryimage"},"thumbnailUrl":"https:\/\/vitraaz.ee\/wp-content\/uploads\/2022\/10\/Ep1.jpg","datePublished":"2022-10-05T23:54:27+00:00","dateModified":"2024-08-05T07:48:57+00:00","description":"Seinakell \"Ibiza palmid\" on k\u00e4sit\u00f6\u00f6na valminud palmilehe motiiviga kell, mis on nagu meenutus m\u00f6\u00f6dunud soojamaa puhkusest.","breadcrumb":{"@id":"https:\/\/vitraaz.ee\/en\/toode\/seinakell-ibiza-palmid\/#breadcrumb"},"inLanguage":"en-US","potentialAction":[{"@type":"ReadAction","target":["https:\/\/vitraaz.ee\/en\/toode\/seinakell-ibiza-palmid\/"]}]},{"@type":"ImageObject","inLanguage":"en-US","@id":"https:\/\/vitraaz.ee\/en\/toode\/seinakell-ibiza-palmid\/#primaryimage","url":"https:\/\/vitraaz.ee\/wp-content\/uploads\/2022\/10\/Ep1.jpg","contentUrl":"https:\/\/vitraaz.ee\/wp-content\/uploads\/2022\/10\/Ep1.jpg","width":1200,"height":798},{"@type":"BreadcrumbList","@id":"https:\/\/vitraaz.ee\/en\/toode\/seinakell-ibiza-palmid\/#breadcrumb","itemListElement":[{"@type":"ListItem","position":1,"name":"Home","item":"https:\/\/vitraaz.ee\/en\/"},{"@type":"ListItem","position":2,"name":"Pood","item":"https:\/\/vitraaz.ee\/pood\/"},{"@type":"ListItem","position":3,"name":"Seinakell &#8220;Ibiza palmid&#8221;"}]},{"@type":"WebSite","@id":"https:\/\/vitraaz.ee\/en\/#website","url":"https:\/\/vitraaz.ee\/en\/","name":"Vitraaz.ee","description":"Klaasinterj&ouml;&ouml;r","publisher":{"@id":"https:\/\/vitraaz.ee\/en\/#organization"},"potentialAction":[{"@type":"SearchAction","target":{"@type":"EntryPoint","urlTemplate":"https:\/\/vitraaz.ee\/en\/?s={search_term_string}"},"query-input":{"@type":"PropertyValueSpecification","valueRequired":true,"valueName":"search_term_string"}}],"inLanguage":"en-US"},{"@type":"Organization","@id":"https:\/\/vitraaz.ee\/en\/#organization","name":"KLAASINTERJ\u00d6\u00d6R O\u00dc","url":"https:\/\/vitraaz.ee\/en\/","logo":{"@type":"ImageObject","inLanguage":"en-US","@id":"https:\/\/vitraaz.ee\/en\/#\/schema\/logo\/image\/","url":"https:\/\/vitraaz.ee\/wp-content\/uploads\/2022\/09\/logoKI.png","contentUrl":"https:\/\/vitraaz.ee\/wp-content\/uploads\/2022\/09\/logoKI.png","width":1159,"height":458,"caption":"KLAASINTERJ\u00d6\u00d6R O\u00dc"},"image":{"@id":"https:\/\/vitraaz.ee\/en\/#\/schema\/logo\/image\/"},"sameAs":["https:\/\/www.facebook.com\/Klaasinterjoor"]}]}},"_links":{"self":[{"href":"https:\/\/vitraaz.ee\/en\/wp-json\/wp\/v2\/product\/2524","targetHints":{"allow":["GET"]}}],"collection":[{"href":"https:\/\/vitraaz.ee\/en\/wp-json\/wp\/v2\/product"}],"about":[{"href":"https:\/\/vitraaz.ee\/en\/wp-json\/wp\/v2\/types\/product"}],"version-history":[{"count":0,"href":"https:\/\/vitraaz.ee\/en\/wp-json\/wp\/v2\/product\/2524\/revisions"}],"wp:featuredmedia":[{"embeddable":true,"href":"https:\/\/vitraaz.ee\/en\/wp-json\/wp\/v2\/media\/2679"}],"wp:attachment":[{"href":"https:\/\/vitraaz.ee\/en\/wp-json\/wp\/v2\/media?parent=2524"}],"wp:term":[{"taxonomy":"product_brand","embeddable":true,"href":"https:\/\/vitraaz.ee\/en\/wp-json\/wp\/v2\/product_brand?post=2524"},{"taxonomy":"product_cat","embeddable":true,"href":"https:\/\/vitraaz.ee\/en\/wp-json\/wp\/v2\/product_cat?post=2524"},{"taxonomy":"product_tag","embeddable":true,"href":"https:\/\/vitraaz.ee\/en\/wp-json\/wp\/v2\/product_tag?post=2524"}],"curies":[{"name":"wp","href":"https:\/\/api.w.org\/{rel}","templated":true}]}}