{"id":2520,"date":"2022-10-05T23:54:27","date_gmt":"2022-10-05T23:54:27","guid":{"rendered":"https:\/\/vitraaz.ee\/?post_type=product&#038;p=2520"},"modified":"2024-08-02T08:22:26","modified_gmt":"2024-08-02T08:22:26","slug":"klaasist-auhind","status":"publish","type":"product","link":"https:\/\/vitraaz.ee\/en\/toode\/klaasist-auhind\/","title":{"rendered":"Klaasist auhind"},"content":{"rendered":"<div dir=\"auto\">P\u00fcstine klaasist auhind on toorik, millele saab kanda t\u00e4pselt sellise teksti nagu tellijal vaja. Soovi korral on v\u00f5imalik auhinnatoorukule kanda ka logosid.<\/div>\n<div dir=\"auto\">Auhinnatoorik on valmistatud 6 mm kirkast lihvitud ja poleeritud servadega klaasist. Klaasist osa kinnitub peitsitud puidust alusele. Puidust alus annab kirkale ja selgele klaasile soojust ja s\u00f5bralikkust. Puidust alus muudab auhinna stabiilseks. Puidust alusel klaasist auhind on hea alternatiiv klassikalistele metallkarikatele. Auhinnatoorikut saab kasutada\u00a0 spordi ja teiste v\u00f5istluste puhul v\u00f5i nt edukate t\u00f6\u00f6tajate t\u00e4namiseks, kolleegipreemiate puhul v\u00f5i muudel juhtudel. Kuna erinevate \u00fcrituste puhul on auhindade ja meenete kogused v\u00e4ga erinevad, valmistame auhinnad teile tellimuse peale. Arvestama peaks 7 p\u00e4evga. Selle ajaga j\u00f5uab kokku leppida auhinnatoorikule kantavad tekstid ja muu vajalik. Meie kaustame klaasile tekstide ja logode tegemiseks liivaprits matistust. Liivapritsitud pind j\u00e4\u00e4b klaasile mati valge tooniga.\u00a0 Klaasinterj\u00f6\u00f6ri e-poe valikust v\u00f5ib leida kolm varianti sarnaseid auhinna toorikuid.\u00a0 Kui soovite auhinna teksti ise kujundada, palume kujunduse saata meile e-posti teel aadressile info@vitraaz.ee. Tutvume kujundusega ning vajadusel kohandame seda. Meelsasti kujundame auhinna Teile ise, silmaspidades liivapritstehnika spetsiifikat. Pikemate tektide puhul oleks parim valida madal laiemas formaadis auhinnatoorik. \u00a0Kui tegu on klassikalise n\u00f6 spordiauhinnaga, mis n\u00f5uab v\u00e4hem teksti, sobivad suurep\u00e4raselt ka p\u00fcstised auhinnad. Leia valikust sobivaim.<\/div>\n<div dir=\"auto\">P\u00fcstine auhind on m\u00f5\u00f5tudega 21,5*10 cm. Kui leiad, et auhind v\u00f5iks olla pisut v\u00e4iksem <a href=\"https:\/\/vitraaz.ee\/toode\/vaike-auhind\/\">VAATA SIIA!<\/a><\/div>\n","protected":false},"excerpt":{"rendered":"<p>P\u00fcstine klaasist auhind on toorik, millele saab kanda t\u00e4pselt sellise teksti nagu tellijal vaja. Soovi korral on v\u00f5imalik auhinnatoorukule kanda ka logosid. Auhinnatoorik on valmistatud 6 mm kirkast lihvitud ja poleeritud servadega klaasist. Klaasist osa kinnitub peitsitud puidust alusele. Puidust alus annab kirkale ja selgele klaasile soojust ja s\u00f5bralikkust. Puidust alus muudab auhinna stabiilseks. Puidust [&hellip;]<\/p>\n","protected":false},"featured_media":2638,"template":"","meta":{"_acf_changed":false},"product_brand":[],"product_cat":[38],"product_tag":[81],"class_list":{"0":"post-2520","1":"product","2":"type-product","3":"status-publish","4":"has-post-thumbnail","6":"product_cat-auhinnad","7":"product_tag-auhind","9":"first","10":"onbackorder","11":"taxable","12":"shipping-taxable","13":"purchasable","14":"product-type-simple"},"acf":[],"yoast_head":"<!-- This site is optimized with the Yoast SEO plugin v27.3 - https:\/\/yoast.com\/product\/yoast-seo-wordpress\/ -->\n<title>Klaasist auhind - Vitraaz.ee<\/title>\n<meta name=\"description\" content=\"Klaasist auhind on auhinna toorik, millele tellija saab tellida just sellise teksti nagu temal vaja. Auhinnatoorik on valmistatud puidust ja klaasist.\" \/>\n<meta name=\"robots\" content=\"index, follow, max-snippet:-1, max-image-preview:large, max-video-preview:-1\" \/>\n<link rel=\"canonical\" href=\"https:\/\/vitraaz.ee\/en\/toode\/klaasist-auhind\/\" \/>\n<meta property=\"og:locale\" content=\"en_US\" \/>\n<meta property=\"og:type\" content=\"article\" \/>\n<meta property=\"og:title\" content=\"Klaasist auhind - Vitraaz.ee\" \/>\n<meta property=\"og:description\" content=\"Klaasist auhind on auhinna toorik, millele tellija saab tellida just sellise teksti nagu temal vaja. Auhinnatoorik on valmistatud puidust ja klaasist.\" \/>\n<meta property=\"og:url\" content=\"https:\/\/vitraaz.ee\/en\/toode\/klaasist-auhind\/\" \/>\n<meta property=\"og:site_name\" content=\"Vitraaz.ee\" \/>\n<meta property=\"article:publisher\" content=\"https:\/\/www.facebook.com\/Klaasinterjoor\" \/>\n<meta property=\"article:modified_time\" content=\"2024-08-02T08:22:26+00:00\" \/>\n<meta property=\"og:image\" content=\"https:\/\/vitraaz.ee\/wp-content\/uploads\/2022\/10\/auhind4.jpg\" \/>\n\t<meta property=\"og:image:width\" content=\"531\" \/>\n\t<meta property=\"og:image:height\" content=\"798\" \/>\n\t<meta property=\"og:image:type\" content=\"image\/jpeg\" \/>\n<meta name=\"twitter:card\" content=\"summary_large_image\" \/>\n<meta name=\"twitter:label1\" content=\"Est. reading time\" \/>\n\t<meta name=\"twitter:data1\" content=\"2 minutes\" \/>\n<script type=\"application\/ld+json\" class=\"yoast-schema-graph\">{\"@context\":\"https:\\\/\\\/schema.org\",\"@graph\":[{\"@type\":\"WebPage\",\"@id\":\"https:\\\/\\\/vitraaz.ee\\\/en\\\/toode\\\/klaasist-auhind\\\/\",\"url\":\"https:\\\/\\\/vitraaz.ee\\\/en\\\/toode\\\/klaasist-auhind\\\/\",\"name\":\"Klaasist auhind - Vitraaz.ee\",\"isPartOf\":{\"@id\":\"https:\\\/\\\/vitraaz.ee\\\/en\\\/#website\"},\"primaryImageOfPage\":{\"@id\":\"https:\\\/\\\/vitraaz.ee\\\/en\\\/toode\\\/klaasist-auhind\\\/#primaryimage\"},\"image\":{\"@id\":\"https:\\\/\\\/vitraaz.ee\\\/en\\\/toode\\\/klaasist-auhind\\\/#primaryimage\"},\"thumbnailUrl\":\"https:\\\/\\\/vitraaz.ee\\\/wp-content\\\/uploads\\\/2022\\\/10\\\/auhind4.jpg\",\"datePublished\":\"2022-10-05T23:54:27+00:00\",\"dateModified\":\"2024-08-02T08:22:26+00:00\",\"description\":\"Klaasist auhind on auhinna toorik, millele tellija saab tellida just sellise teksti nagu temal vaja. Auhinnatoorik on valmistatud puidust ja klaasist.\",\"breadcrumb\":{\"@id\":\"https:\\\/\\\/vitraaz.ee\\\/en\\\/toode\\\/klaasist-auhind\\\/#breadcrumb\"},\"inLanguage\":\"en-US\",\"potentialAction\":[{\"@type\":\"ReadAction\",\"target\":[\"https:\\\/\\\/vitraaz.ee\\\/en\\\/toode\\\/klaasist-auhind\\\/\"]}]},{\"@type\":\"ImageObject\",\"inLanguage\":\"en-US\",\"@id\":\"https:\\\/\\\/vitraaz.ee\\\/en\\\/toode\\\/klaasist-auhind\\\/#primaryimage\",\"url\":\"https:\\\/\\\/vitraaz.ee\\\/wp-content\\\/uploads\\\/2022\\\/10\\\/auhind4.jpg\",\"contentUrl\":\"https:\\\/\\\/vitraaz.ee\\\/wp-content\\\/uploads\\\/2022\\\/10\\\/auhind4.jpg\",\"width\":531,\"height\":798,\"caption\":\"auhind puidust ja klaasist\"},{\"@type\":\"BreadcrumbList\",\"@id\":\"https:\\\/\\\/vitraaz.ee\\\/en\\\/toode\\\/klaasist-auhind\\\/#breadcrumb\",\"itemListElement\":[{\"@type\":\"ListItem\",\"position\":1,\"name\":\"Home\",\"item\":\"https:\\\/\\\/vitraaz.ee\\\/en\\\/\"},{\"@type\":\"ListItem\",\"position\":2,\"name\":\"Pood\",\"item\":\"https:\\\/\\\/vitraaz.ee\\\/pood\\\/\"},{\"@type\":\"ListItem\",\"position\":3,\"name\":\"Klaasist auhind\"}]},{\"@type\":\"WebSite\",\"@id\":\"https:\\\/\\\/vitraaz.ee\\\/en\\\/#website\",\"url\":\"https:\\\/\\\/vitraaz.ee\\\/en\\\/\",\"name\":\"Vitraaz.ee\",\"description\":\"Klaasinterj&ouml;&ouml;r\",\"publisher\":{\"@id\":\"https:\\\/\\\/vitraaz.ee\\\/en\\\/#organization\"},\"potentialAction\":[{\"@type\":\"SearchAction\",\"target\":{\"@type\":\"EntryPoint\",\"urlTemplate\":\"https:\\\/\\\/vitraaz.ee\\\/en\\\/?s={search_term_string}\"},\"query-input\":{\"@type\":\"PropertyValueSpecification\",\"valueRequired\":true,\"valueName\":\"search_term_string\"}}],\"inLanguage\":\"en-US\"},{\"@type\":\"Organization\",\"@id\":\"https:\\\/\\\/vitraaz.ee\\\/en\\\/#organization\",\"name\":\"KLAASINTERJ\u00d6\u00d6R O\u00dc\",\"url\":\"https:\\\/\\\/vitraaz.ee\\\/en\\\/\",\"logo\":{\"@type\":\"ImageObject\",\"inLanguage\":\"en-US\",\"@id\":\"https:\\\/\\\/vitraaz.ee\\\/en\\\/#\\\/schema\\\/logo\\\/image\\\/\",\"url\":\"https:\\\/\\\/vitraaz.ee\\\/wp-content\\\/uploads\\\/2022\\\/09\\\/logoKI.png\",\"contentUrl\":\"https:\\\/\\\/vitraaz.ee\\\/wp-content\\\/uploads\\\/2022\\\/09\\\/logoKI.png\",\"width\":1159,\"height\":458,\"caption\":\"KLAASINTERJ\u00d6\u00d6R O\u00dc\"},\"image\":{\"@id\":\"https:\\\/\\\/vitraaz.ee\\\/en\\\/#\\\/schema\\\/logo\\\/image\\\/\"},\"sameAs\":[\"https:\\\/\\\/www.facebook.com\\\/Klaasinterjoor\"]}]}<\/script>\n<!-- \/ Yoast SEO plugin. -->","yoast_head_json":{"title":"Klaasist auhind - Vitraaz.ee","description":"Klaasist auhind on auhinna toorik, millele tellija saab tellida just sellise teksti nagu temal vaja. Auhinnatoorik on valmistatud puidust ja klaasist.","robots":{"index":"index","follow":"follow","max-snippet":"max-snippet:-1","max-image-preview":"max-image-preview:large","max-video-preview":"max-video-preview:-1"},"canonical":"https:\/\/vitraaz.ee\/en\/toode\/klaasist-auhind\/","og_locale":"en_US","og_type":"article","og_title":"Klaasist auhind - Vitraaz.ee","og_description":"Klaasist auhind on auhinna toorik, millele tellija saab tellida just sellise teksti nagu temal vaja. Auhinnatoorik on valmistatud puidust ja klaasist.","og_url":"https:\/\/vitraaz.ee\/en\/toode\/klaasist-auhind\/","og_site_name":"Vitraaz.ee","article_publisher":"https:\/\/www.facebook.com\/Klaasinterjoor","article_modified_time":"2024-08-02T08:22:26+00:00","og_image":[{"width":531,"height":798,"url":"https:\/\/vitraaz.ee\/wp-content\/uploads\/2022\/10\/auhind4.jpg","type":"image\/jpeg"}],"twitter_card":"summary_large_image","twitter_misc":{"Est. reading time":"2 minutes"},"schema":{"@context":"https:\/\/schema.org","@graph":[{"@type":"WebPage","@id":"https:\/\/vitraaz.ee\/en\/toode\/klaasist-auhind\/","url":"https:\/\/vitraaz.ee\/en\/toode\/klaasist-auhind\/","name":"Klaasist auhind - Vitraaz.ee","isPartOf":{"@id":"https:\/\/vitraaz.ee\/en\/#website"},"primaryImageOfPage":{"@id":"https:\/\/vitraaz.ee\/en\/toode\/klaasist-auhind\/#primaryimage"},"image":{"@id":"https:\/\/vitraaz.ee\/en\/toode\/klaasist-auhind\/#primaryimage"},"thumbnailUrl":"https:\/\/vitraaz.ee\/wp-content\/uploads\/2022\/10\/auhind4.jpg","datePublished":"2022-10-05T23:54:27+00:00","dateModified":"2024-08-02T08:22:26+00:00","description":"Klaasist auhind on auhinna toorik, millele tellija saab tellida just sellise teksti nagu temal vaja. Auhinnatoorik on valmistatud puidust ja klaasist.","breadcrumb":{"@id":"https:\/\/vitraaz.ee\/en\/toode\/klaasist-auhind\/#breadcrumb"},"inLanguage":"en-US","potentialAction":[{"@type":"ReadAction","target":["https:\/\/vitraaz.ee\/en\/toode\/klaasist-auhind\/"]}]},{"@type":"ImageObject","inLanguage":"en-US","@id":"https:\/\/vitraaz.ee\/en\/toode\/klaasist-auhind\/#primaryimage","url":"https:\/\/vitraaz.ee\/wp-content\/uploads\/2022\/10\/auhind4.jpg","contentUrl":"https:\/\/vitraaz.ee\/wp-content\/uploads\/2022\/10\/auhind4.jpg","width":531,"height":798,"caption":"auhind puidust ja klaasist"},{"@type":"BreadcrumbList","@id":"https:\/\/vitraaz.ee\/en\/toode\/klaasist-auhind\/#breadcrumb","itemListElement":[{"@type":"ListItem","position":1,"name":"Home","item":"https:\/\/vitraaz.ee\/en\/"},{"@type":"ListItem","position":2,"name":"Pood","item":"https:\/\/vitraaz.ee\/pood\/"},{"@type":"ListItem","position":3,"name":"Klaasist auhind"}]},{"@type":"WebSite","@id":"https:\/\/vitraaz.ee\/en\/#website","url":"https:\/\/vitraaz.ee\/en\/","name":"Vitraaz.ee","description":"Klaasinterj&ouml;&ouml;r","publisher":{"@id":"https:\/\/vitraaz.ee\/en\/#organization"},"potentialAction":[{"@type":"SearchAction","target":{"@type":"EntryPoint","urlTemplate":"https:\/\/vitraaz.ee\/en\/?s={search_term_string}"},"query-input":{"@type":"PropertyValueSpecification","valueRequired":true,"valueName":"search_term_string"}}],"inLanguage":"en-US"},{"@type":"Organization","@id":"https:\/\/vitraaz.ee\/en\/#organization","name":"KLAASINTERJ\u00d6\u00d6R O\u00dc","url":"https:\/\/vitraaz.ee\/en\/","logo":{"@type":"ImageObject","inLanguage":"en-US","@id":"https:\/\/vitraaz.ee\/en\/#\/schema\/logo\/image\/","url":"https:\/\/vitraaz.ee\/wp-content\/uploads\/2022\/09\/logoKI.png","contentUrl":"https:\/\/vitraaz.ee\/wp-content\/uploads\/2022\/09\/logoKI.png","width":1159,"height":458,"caption":"KLAASINTERJ\u00d6\u00d6R O\u00dc"},"image":{"@id":"https:\/\/vitraaz.ee\/en\/#\/schema\/logo\/image\/"},"sameAs":["https:\/\/www.facebook.com\/Klaasinterjoor"]}]}},"_links":{"self":[{"href":"https:\/\/vitraaz.ee\/en\/wp-json\/wp\/v2\/product\/2520","targetHints":{"allow":["GET"]}}],"collection":[{"href":"https:\/\/vitraaz.ee\/en\/wp-json\/wp\/v2\/product"}],"about":[{"href":"https:\/\/vitraaz.ee\/en\/wp-json\/wp\/v2\/types\/product"}],"version-history":[{"count":0,"href":"https:\/\/vitraaz.ee\/en\/wp-json\/wp\/v2\/product\/2520\/revisions"}],"wp:featuredmedia":[{"embeddable":true,"href":"https:\/\/vitraaz.ee\/en\/wp-json\/wp\/v2\/media\/2638"}],"wp:attachment":[{"href":"https:\/\/vitraaz.ee\/en\/wp-json\/wp\/v2\/media?parent=2520"}],"wp:term":[{"taxonomy":"product_brand","embeddable":true,"href":"https:\/\/vitraaz.ee\/en\/wp-json\/wp\/v2\/product_brand?post=2520"},{"taxonomy":"product_cat","embeddable":true,"href":"https:\/\/vitraaz.ee\/en\/wp-json\/wp\/v2\/product_cat?post=2520"},{"taxonomy":"product_tag","embeddable":true,"href":"https:\/\/vitraaz.ee\/en\/wp-json\/wp\/v2\/product_tag?post=2520"}],"curies":[{"name":"wp","href":"https:\/\/api.w.org\/{rel}","templated":true}]}}