{"id":3720,"date":"2022-10-02T04:05:18","date_gmt":"2022-10-02T04:05:18","guid":{"rendered":"https:\/\/vitraaz.ee\/?page_id=3720"},"modified":"2022-10-22T00:12:18","modified_gmt":"2022-10-22T00:12:18","slug":"the-coolest-place-for-cocoa","status":"publish","type":"page","link":"https:\/\/vitraaz.ee\/en\/the-coolest-place-for-cocoa\/","title":{"rendered":"The coolest place for Cocoa"},"content":{"rendered":"\t\t<div data-elementor-type=\"wp-page\" data-elementor-id=\"3720\" class=\"elementor elementor-3720 elementor-1368\">\n\t\t\t\t\t\t<section class=\"elementor-section elementor-top-section elementor-element elementor-element-d508bfd elementor-section-boxed elementor-section-height-default elementor-section-height-default\" data-id=\"d508bfd\" data-element_type=\"section\" data-e-type=\"section\" data-settings=\"{&quot;background_background&quot;:&quot;classic&quot;}\">\n\t\t\t\t\t\t\t<div class=\"elementor-background-overlay\"><\/div>\n\t\t\t\t\t\t\t<div class=\"elementor-container elementor-column-gap-default\">\n\t\t\t\t\t<div class=\"elementor-column elementor-col-100 elementor-top-column elementor-element elementor-element-339cb97\" data-id=\"339cb97\" data-element_type=\"column\" data-e-type=\"column\">\n\t\t\t<div class=\"elementor-widget-wrap elementor-element-populated\">\n\t\t\t\t\t\t<div class=\"elementor-element elementor-element-147678e elementor-widget elementor-widget-image\" data-id=\"147678e\" data-element_type=\"widget\" data-e-type=\"widget\" data-widget_type=\"image.default\">\n\t\t\t\t<div class=\"elementor-widget-container\">\n\t\t\t\t\t\t\t\t\t\t\t\t\t\t\t<img fetchpriority=\"high\" decoding=\"async\" width=\"1024\" height=\"639\" src=\"https:\/\/vitraaz.ee\/wp-content\/uploads\/2022\/10\/The-coolest-place-for-Cocoa-1024x639.jpg\" class=\"attachment-large size-large wp-image-2362\" alt=\"\" srcset=\"https:\/\/vitraaz.ee\/wp-content\/uploads\/2022\/10\/The-coolest-place-for-Cocoa-1024x639.jpg 1024w, https:\/\/vitraaz.ee\/wp-content\/uploads\/2022\/10\/The-coolest-place-for-Cocoa-600x374.jpg 600w, https:\/\/vitraaz.ee\/wp-content\/uploads\/2022\/10\/The-coolest-place-for-Cocoa-300x187.jpg 300w, https:\/\/vitraaz.ee\/wp-content\/uploads\/2022\/10\/The-coolest-place-for-Cocoa-768x479.jpg 768w, https:\/\/vitraaz.ee\/wp-content\/uploads\/2022\/10\/The-coolest-place-for-Cocoa.jpg 1040w\" sizes=\"(max-width: 1024px) 100vw, 1024px\" \/>\t\t\t\t\t\t\t\t\t\t\t\t\t\t\t<\/div>\n\t\t\t\t<\/div>\n\t\t\t\t<div class=\"elementor-element elementor-element-8e54bec elementor-widget elementor-widget-heading\" data-id=\"8e54bec\" data-element_type=\"widget\" data-e-type=\"widget\" data-widget_type=\"heading.default\">\n\t\t\t\t<div class=\"elementor-widget-container\">\n\t\t\t\t\t<h2 class=\"elementor-heading-title elementor-size-default\">The coolest place for Cocoa<\/h2>\t\t\t\t<\/div>\n\t\t\t\t<\/div>\n\t\t\t\t<div class=\"elementor-element elementor-element-3b7a21c elementor-widget elementor-widget-text-editor\" data-id=\"3b7a21c\" data-element_type=\"widget\" data-e-type=\"widget\" data-widget_type=\"text-editor.default\">\n\t\t\t\t<div class=\"elementor-widget-container\">\n\t\t\t\t\t\t\t\t\t<p>Soov midagi erilist tellida tuli Vana-Narva maanteel asuva kontori omanikult, kes arvas, et nii klientide kui oma t\u00f6\u00f6tajate meeleheaks peaks tema kontorisse sisenedes vau &#8211; efekt alguse saama juba fuajeest.<\/p><p>Disain: <strong>Sandra Allemann ja Anu Jaanhold<br \/><\/strong>Asukoht: <strong>Nord Cocoa fuajee<\/strong><\/p>\t\t\t\t\t\t\t\t<\/div>\n\t\t\t\t<\/div>\n\t\t\t\t\t<\/div>\n\t\t<\/div>\n\t\t\t\t\t<\/div>\n\t\t<\/section>\n\t\t\t\t<section class=\"elementor-section elementor-top-section elementor-element elementor-element-ebca9f4 elementor-section-boxed elementor-section-height-default elementor-section-height-default\" data-id=\"ebca9f4\" data-element_type=\"section\" data-e-type=\"section\">\n\t\t\t\t\t\t<div class=\"elementor-container elementor-column-gap-default\">\n\t\t\t\t\t<div class=\"elementor-column elementor-col-100 elementor-top-column elementor-element elementor-element-7c7f74b\" data-id=\"7c7f74b\" data-element_type=\"column\" data-e-type=\"column\">\n\t\t\t<div class=\"elementor-widget-wrap elementor-element-populated\">\n\t\t\t\t\t\t<div class=\"elementor-element elementor-element-cf19dc8 elementor-widget elementor-widget-image\" data-id=\"cf19dc8\" data-element_type=\"widget\" data-e-type=\"widget\" data-widget_type=\"image.default\">\n\t\t\t\t<div class=\"elementor-widget-container\">\n\t\t\t\t\t\t\t\t\t\t\t\t\t\t\t<img decoding=\"async\" width=\"1024\" height=\"639\" src=\"https:\/\/vitraaz.ee\/wp-content\/uploads\/2022\/10\/The-coolest-place-for-Cocoa-1-1024x639.jpg\" class=\"attachment-large size-large wp-image-2368\" alt=\"\" srcset=\"https:\/\/vitraaz.ee\/wp-content\/uploads\/2022\/10\/The-coolest-place-for-Cocoa-1-1024x639.jpg 1024w, https:\/\/vitraaz.ee\/wp-content\/uploads\/2022\/10\/The-coolest-place-for-Cocoa-1-600x374.jpg 600w, https:\/\/vitraaz.ee\/wp-content\/uploads\/2022\/10\/The-coolest-place-for-Cocoa-1-300x187.jpg 300w, https:\/\/vitraaz.ee\/wp-content\/uploads\/2022\/10\/The-coolest-place-for-Cocoa-1-768x479.jpg 768w, https:\/\/vitraaz.ee\/wp-content\/uploads\/2022\/10\/The-coolest-place-for-Cocoa-1.jpg 1040w\" sizes=\"(max-width: 1024px) 100vw, 1024px\" \/>\t\t\t\t\t\t\t\t\t\t\t\t\t\t\t<\/div>\n\t\t\t\t<\/div>\n\t\t\t\t<div class=\"elementor-element elementor-element-28c934f elementor-widget elementor-widget-text-editor\" data-id=\"28c934f\" data-element_type=\"widget\" data-e-type=\"widget\" data-widget_type=\"text-editor.default\">\n\t\t\t\t<div class=\"elementor-widget-container\">\n\t\t\t\t\t\t\t\t\t<p>K\u00e4isime kohapeal, kui fuajeed ennast veel polnudki, oli vaid kitsas pimedav\u00f5itu trepikoda punastest tellistest seintega. Remondi ka\u0308igus l\u00f5huti seinad ja paigaldati suured aknad ja uksed, mis ruumi piisavalt valgust lubasid, et klaasi l\u00e4bipaistvad virvendused m\u00f5jule p\u00e4\u00e4seksid.<\/p>\t\t\t\t\t\t\t\t<\/div>\n\t\t\t\t<\/div>\n\t\t\t\t<div class=\"elementor-element elementor-element-3d311a0 elementor-widget elementor-widget-image\" data-id=\"3d311a0\" data-element_type=\"widget\" data-e-type=\"widget\" data-widget_type=\"image.default\">\n\t\t\t\t<div class=\"elementor-widget-container\">\n\t\t\t\t\t\t\t\t\t\t\t\t\t\t\t<img decoding=\"async\" width=\"1024\" height=\"639\" src=\"https:\/\/vitraaz.ee\/wp-content\/uploads\/2022\/10\/The-coolest-place-for-Cocoa-2-1024x639.jpg\" class=\"attachment-large size-large wp-image-2371\" alt=\"\" srcset=\"https:\/\/vitraaz.ee\/wp-content\/uploads\/2022\/10\/The-coolest-place-for-Cocoa-2-1024x639.jpg 1024w, https:\/\/vitraaz.ee\/wp-content\/uploads\/2022\/10\/The-coolest-place-for-Cocoa-2-600x374.jpg 600w, https:\/\/vitraaz.ee\/wp-content\/uploads\/2022\/10\/The-coolest-place-for-Cocoa-2-300x187.jpg 300w, https:\/\/vitraaz.ee\/wp-content\/uploads\/2022\/10\/The-coolest-place-for-Cocoa-2-768x479.jpg 768w, https:\/\/vitraaz.ee\/wp-content\/uploads\/2022\/10\/The-coolest-place-for-Cocoa-2.jpg 1040w\" sizes=\"(max-width: 1024px) 100vw, 1024px\" \/>\t\t\t\t\t\t\t\t\t\t\t\t\t\t\t<\/div>\n\t\t\t\t<\/div>\n\t\t\t\t<div class=\"elementor-element elementor-element-dbda9c1 elementor-widget elementor-widget-text-editor\" data-id=\"dbda9c1\" data-element_type=\"widget\" data-e-type=\"widget\" data-widget_type=\"text-editor.default\">\n\t\t\t\t<div class=\"elementor-widget-container\">\n\t\t\t\t\t\t\t\t\t<p>Projekti k\u00e4igus plaanisime nii sulatustehnikas kihilise klaasikunsti taiese enda kui ka valgustuse nii lakke kui p\u00f5randasse. Paigaldust\u00f6\u00f6d l\u00f5petatud, saab n\u00fc\u00fcd Nord Cocoa kollektiiv t\u00f6\u00f6le minna ja tulla l\u00e4bi valgusk\u00fcllase fuajee, kus seinal p\u00fc\u00fcab pilku klaasskulptuur \u201c The coolest place for Cocoa\u201d<\/p>\t\t\t\t\t\t\t\t<\/div>\n\t\t\t\t<\/div>\n\t\t\t\t<div class=\"elementor-element elementor-element-1b2f7dd elementor-widget elementor-widget-image\" data-id=\"1b2f7dd\" data-element_type=\"widget\" data-e-type=\"widget\" data-widget_type=\"image.default\">\n\t\t\t\t<div class=\"elementor-widget-container\">\n\t\t\t\t\t\t\t\t\t\t\t\t\t\t\t<img loading=\"lazy\" decoding=\"async\" width=\"1024\" height=\"639\" src=\"https:\/\/vitraaz.ee\/wp-content\/uploads\/2022\/10\/The-coolest-place-for-Cocoa-3-1024x639.jpg\" class=\"attachment-large size-large wp-image-2374\" alt=\"\" srcset=\"https:\/\/vitraaz.ee\/wp-content\/uploads\/2022\/10\/The-coolest-place-for-Cocoa-3-1024x639.jpg 1024w, https:\/\/vitraaz.ee\/wp-content\/uploads\/2022\/10\/The-coolest-place-for-Cocoa-3-600x374.jpg 600w, https:\/\/vitraaz.ee\/wp-content\/uploads\/2022\/10\/The-coolest-place-for-Cocoa-3-300x187.jpg 300w, https:\/\/vitraaz.ee\/wp-content\/uploads\/2022\/10\/The-coolest-place-for-Cocoa-3-768x479.jpg 768w, https:\/\/vitraaz.ee\/wp-content\/uploads\/2022\/10\/The-coolest-place-for-Cocoa-3.jpg 1040w\" sizes=\"(max-width: 1024px) 100vw, 1024px\" \/>\t\t\t\t\t\t\t\t\t\t\t\t\t\t\t<\/div>\n\t\t\t\t<\/div>\n\t\t\t\t<div class=\"elementor-element elementor-element-863a6c3 elementor-widget elementor-widget-image\" data-id=\"863a6c3\" data-element_type=\"widget\" data-e-type=\"widget\" data-widget_type=\"image.default\">\n\t\t\t\t<div class=\"elementor-widget-container\">\n\t\t\t\t\t\t\t\t\t\t\t\t\t\t\t<img loading=\"lazy\" decoding=\"async\" width=\"1024\" height=\"639\" src=\"https:\/\/vitraaz.ee\/wp-content\/uploads\/2022\/10\/The-coolest-place-for-Cocoa-4-1024x639.jpg\" class=\"attachment-large size-large wp-image-2377\" alt=\"\" srcset=\"https:\/\/vitraaz.ee\/wp-content\/uploads\/2022\/10\/The-coolest-place-for-Cocoa-4-1024x639.jpg 1024w, https:\/\/vitraaz.ee\/wp-content\/uploads\/2022\/10\/The-coolest-place-for-Cocoa-4-600x374.jpg 600w, https:\/\/vitraaz.ee\/wp-content\/uploads\/2022\/10\/The-coolest-place-for-Cocoa-4-300x187.jpg 300w, https:\/\/vitraaz.ee\/wp-content\/uploads\/2022\/10\/The-coolest-place-for-Cocoa-4-768x479.jpg 768w, https:\/\/vitraaz.ee\/wp-content\/uploads\/2022\/10\/The-coolest-place-for-Cocoa-4.jpg 1040w\" sizes=\"(max-width: 1024px) 100vw, 1024px\" \/>\t\t\t\t\t\t\t\t\t\t\t\t\t\t\t<\/div>\n\t\t\t\t<\/div>\n\t\t\t\t<div class=\"elementor-element elementor-element-630ccff elementor-widget elementor-widget-image\" data-id=\"630ccff\" data-element_type=\"widget\" data-e-type=\"widget\" data-widget_type=\"image.default\">\n\t\t\t\t<div class=\"elementor-widget-container\">\n\t\t\t\t\t\t\t\t\t\t\t\t\t\t\t<img loading=\"lazy\" decoding=\"async\" width=\"1024\" height=\"639\" src=\"https:\/\/vitraaz.ee\/wp-content\/uploads\/2022\/10\/The-coolest-place-for-Cocoa-5-1024x639.jpg\" class=\"attachment-large size-large wp-image-2380\" alt=\"\" srcset=\"https:\/\/vitraaz.ee\/wp-content\/uploads\/2022\/10\/The-coolest-place-for-Cocoa-5-1024x639.jpg 1024w, https:\/\/vitraaz.ee\/wp-content\/uploads\/2022\/10\/The-coolest-place-for-Cocoa-5-600x374.jpg 600w, https:\/\/vitraaz.ee\/wp-content\/uploads\/2022\/10\/The-coolest-place-for-Cocoa-5-300x187.jpg 300w, https:\/\/vitraaz.ee\/wp-content\/uploads\/2022\/10\/The-coolest-place-for-Cocoa-5-768x479.jpg 768w, https:\/\/vitraaz.ee\/wp-content\/uploads\/2022\/10\/The-coolest-place-for-Cocoa-5.jpg 1040w\" sizes=\"(max-width: 1024px) 100vw, 1024px\" \/>\t\t\t\t\t\t\t\t\t\t\t\t\t\t\t<\/div>\n\t\t\t\t<\/div>\n\t\t\t\t<div class=\"elementor-element elementor-element-205cf7a elementor-widget elementor-widget-image\" data-id=\"205cf7a\" data-element_type=\"widget\" data-e-type=\"widget\" data-widget_type=\"image.default\">\n\t\t\t\t<div class=\"elementor-widget-container\">\n\t\t\t\t\t\t\t\t\t\t\t\t\t\t\t<img loading=\"lazy\" decoding=\"async\" width=\"1024\" height=\"639\" src=\"https:\/\/vitraaz.ee\/wp-content\/uploads\/2022\/10\/The-coolest-place-for-Cocoa-6-1024x639.jpg\" class=\"attachment-large size-large wp-image-2383\" alt=\"\" srcset=\"https:\/\/vitraaz.ee\/wp-content\/uploads\/2022\/10\/The-coolest-place-for-Cocoa-6-1024x639.jpg 1024w, https:\/\/vitraaz.ee\/wp-content\/uploads\/2022\/10\/The-coolest-place-for-Cocoa-6-600x374.jpg 600w, https:\/\/vitraaz.ee\/wp-content\/uploads\/2022\/10\/The-coolest-place-for-Cocoa-6-300x187.jpg 300w, https:\/\/vitraaz.ee\/wp-content\/uploads\/2022\/10\/The-coolest-place-for-Cocoa-6-768x479.jpg 768w, https:\/\/vitraaz.ee\/wp-content\/uploads\/2022\/10\/The-coolest-place-for-Cocoa-6.jpg 1040w\" sizes=\"(max-width: 1024px) 100vw, 1024px\" \/>\t\t\t\t\t\t\t\t\t\t\t\t\t\t\t<\/div>\n\t\t\t\t<\/div>\n\t\t\t\t<div class=\"elementor-element elementor-element-83e143b elementor-widget elementor-widget-text-editor\" data-id=\"83e143b\" data-element_type=\"widget\" data-e-type=\"widget\" data-widget_type=\"text-editor.default\">\n\t\t\t\t<div class=\"elementor-widget-container\">\n\t\t\t\t\t\t\t\t\t<p>Suured projektid: <a href=\"https:\/\/vitraaz.ee\/lihtsate-vaartuste-monument\/\" target=\"_blank\" rel=\"noopener\">Lihtsate V\u00e4\u00e4rtuste Monument<\/a> | <a href=\"https:\/\/vitraaz.ee\/noorus-spa\/\" target=\"_blank\" rel=\"noopener\">Noorus SPA<\/a> |\u00a0<a href=\"https:\/\/vitraaz.ee\/vana-villemi-pubid\/\" target=\"_blank\" rel=\"noopener\">Vana Villemi pubid<\/a><\/p>\t\t\t\t\t\t\t\t<\/div>\n\t\t\t\t<\/div>\n\t\t\t\t\t<\/div>\n\t\t<\/div>\n\t\t\t\t\t<\/div>\n\t\t<\/section>\n\t\t\t\t<\/div>\n\t\t","protected":false},"excerpt":{"rendered":"<p>The coolest place for Cocoa Soov midagi erilist tellida tuli Vana-Narva maanteel asuva kontori omanikult, kes arvas, et nii klientide kui oma t\u00f6\u00f6tajate meeleheaks peaks tema kontorisse sisenedes vau &#8211; efekt alguse saama juba fuajeest. Disain: Sandra Allemann ja Anu JaanholdAsukoht: Nord Cocoa fuajee K\u00e4isime kohapeal, kui fuajeed ennast veel polnudki, oli vaid kitsas pimedav\u00f5itu [&hellip;]<\/p>\n","protected":false},"author":1,"featured_media":0,"parent":0,"menu_order":0,"comment_status":"closed","ping_status":"closed","template":"elementor_header_footer","meta":{"_acf_changed":false,"footnotes":""},"class_list":["post-3720","page","type-page","status-publish","hentry"],"acf":[],"yoast_head":"<!-- This site is optimized with the Yoast SEO plugin v27.3 - https:\/\/yoast.com\/product\/yoast-seo-wordpress\/ -->\n<title>The coolest place for Cocoa - Vitraaz.ee<\/title>\n<meta name=\"robots\" content=\"index, follow, max-snippet:-1, max-image-preview:large, max-video-preview:-1\" \/>\n<link rel=\"canonical\" href=\"https:\/\/vitraaz.ee\/en\/the-coolest-place-for-cocoa\/\" \/>\n<meta property=\"og:locale\" content=\"en_US\" \/>\n<meta property=\"og:type\" content=\"article\" \/>\n<meta property=\"og:title\" content=\"The coolest place for Cocoa - Vitraaz.ee\" \/>\n<meta property=\"og:description\" content=\"The coolest place for Cocoa Soov midagi erilist tellida tuli Vana-Narva maanteel asuva kontori omanikult, kes arvas, et nii klientide kui oma t\u00f6\u00f6tajate meeleheaks peaks tema kontorisse sisenedes vau &#8211; efekt alguse saama juba fuajeest. Disain: Sandra Allemann ja Anu JaanholdAsukoht: Nord Cocoa fuajee K\u00e4isime kohapeal, kui fuajeed ennast veel polnudki, oli vaid kitsas pimedav\u00f5itu [&hellip;]\" \/>\n<meta property=\"og:url\" content=\"https:\/\/vitraaz.ee\/en\/the-coolest-place-for-cocoa\/\" \/>\n<meta property=\"og:site_name\" content=\"Vitraaz.ee\" \/>\n<meta property=\"article:publisher\" content=\"https:\/\/www.facebook.com\/Klaasinterjoor\" \/>\n<meta property=\"article:modified_time\" content=\"2022-10-22T00:12:18+00:00\" \/>\n<meta property=\"og:image\" content=\"https:\/\/vitraaz.ee\/wp-content\/uploads\/2022\/10\/The-coolest-place-for-Cocoa-1024x639.jpg\" \/>\n<meta name=\"twitter:card\" content=\"summary_large_image\" \/>\n<meta name=\"twitter:label1\" content=\"Est. reading time\" \/>\n\t<meta name=\"twitter:data1\" content=\"2 minutes\" \/>\n<script type=\"application\/ld+json\" class=\"yoast-schema-graph\">{\"@context\":\"https:\\\/\\\/schema.org\",\"@graph\":[{\"@type\":\"WebPage\",\"@id\":\"https:\\\/\\\/vitraaz.ee\\\/en\\\/the-coolest-place-for-cocoa\\\/\",\"url\":\"https:\\\/\\\/vitraaz.ee\\\/en\\\/the-coolest-place-for-cocoa\\\/\",\"name\":\"The coolest place for Cocoa - Vitraaz.ee\",\"isPartOf\":{\"@id\":\"https:\\\/\\\/vitraaz.ee\\\/en\\\/#website\"},\"primaryImageOfPage\":{\"@id\":\"https:\\\/\\\/vitraaz.ee\\\/en\\\/the-coolest-place-for-cocoa\\\/#primaryimage\"},\"image\":{\"@id\":\"https:\\\/\\\/vitraaz.ee\\\/en\\\/the-coolest-place-for-cocoa\\\/#primaryimage\"},\"thumbnailUrl\":\"https:\\\/\\\/vitraaz.ee\\\/wp-content\\\/uploads\\\/2022\\\/10\\\/The-coolest-place-for-Cocoa-1024x639.jpg\",\"datePublished\":\"2022-10-02T04:05:18+00:00\",\"dateModified\":\"2022-10-22T00:12:18+00:00\",\"breadcrumb\":{\"@id\":\"https:\\\/\\\/vitraaz.ee\\\/en\\\/the-coolest-place-for-cocoa\\\/#breadcrumb\"},\"inLanguage\":\"en-US\",\"potentialAction\":[{\"@type\":\"ReadAction\",\"target\":[\"https:\\\/\\\/vitraaz.ee\\\/en\\\/the-coolest-place-for-cocoa\\\/\"]}]},{\"@type\":\"ImageObject\",\"inLanguage\":\"en-US\",\"@id\":\"https:\\\/\\\/vitraaz.ee\\\/en\\\/the-coolest-place-for-cocoa\\\/#primaryimage\",\"url\":\"https:\\\/\\\/vitraaz.ee\\\/wp-content\\\/uploads\\\/2022\\\/10\\\/The-coolest-place-for-Cocoa-1024x639.jpg\",\"contentUrl\":\"https:\\\/\\\/vitraaz.ee\\\/wp-content\\\/uploads\\\/2022\\\/10\\\/The-coolest-place-for-Cocoa-1024x639.jpg\"},{\"@type\":\"BreadcrumbList\",\"@id\":\"https:\\\/\\\/vitraaz.ee\\\/en\\\/the-coolest-place-for-cocoa\\\/#breadcrumb\",\"itemListElement\":[{\"@type\":\"ListItem\",\"position\":1,\"name\":\"Home\",\"item\":\"https:\\\/\\\/vitraaz.ee\\\/en\\\/\"},{\"@type\":\"ListItem\",\"position\":2,\"name\":\"The coolest place for Cocoa\"}]},{\"@type\":\"WebSite\",\"@id\":\"https:\\\/\\\/vitraaz.ee\\\/en\\\/#website\",\"url\":\"https:\\\/\\\/vitraaz.ee\\\/en\\\/\",\"name\":\"Vitraaz.ee\",\"description\":\"Klaasinterj&ouml;&ouml;r\",\"publisher\":{\"@id\":\"https:\\\/\\\/vitraaz.ee\\\/en\\\/#organization\"},\"potentialAction\":[{\"@type\":\"SearchAction\",\"target\":{\"@type\":\"EntryPoint\",\"urlTemplate\":\"https:\\\/\\\/vitraaz.ee\\\/en\\\/?s={search_term_string}\"},\"query-input\":{\"@type\":\"PropertyValueSpecification\",\"valueRequired\":true,\"valueName\":\"search_term_string\"}}],\"inLanguage\":\"en-US\"},{\"@type\":\"Organization\",\"@id\":\"https:\\\/\\\/vitraaz.ee\\\/en\\\/#organization\",\"name\":\"KLAASINTERJ\u00d6\u00d6R O\u00dc\",\"url\":\"https:\\\/\\\/vitraaz.ee\\\/en\\\/\",\"logo\":{\"@type\":\"ImageObject\",\"inLanguage\":\"en-US\",\"@id\":\"https:\\\/\\\/vitraaz.ee\\\/en\\\/#\\\/schema\\\/logo\\\/image\\\/\",\"url\":\"https:\\\/\\\/vitraaz.ee\\\/wp-content\\\/uploads\\\/2022\\\/09\\\/logoKI.png\",\"contentUrl\":\"https:\\\/\\\/vitraaz.ee\\\/wp-content\\\/uploads\\\/2022\\\/09\\\/logoKI.png\",\"width\":1159,\"height\":458,\"caption\":\"KLAASINTERJ\u00d6\u00d6R O\u00dc\"},\"image\":{\"@id\":\"https:\\\/\\\/vitraaz.ee\\\/en\\\/#\\\/schema\\\/logo\\\/image\\\/\"},\"sameAs\":[\"https:\\\/\\\/www.facebook.com\\\/Klaasinterjoor\"]}]}<\/script>\n<!-- \/ Yoast SEO plugin. -->","yoast_head_json":{"title":"The coolest place for Cocoa - Vitraaz.ee","robots":{"index":"index","follow":"follow","max-snippet":"max-snippet:-1","max-image-preview":"max-image-preview:large","max-video-preview":"max-video-preview:-1"},"canonical":"https:\/\/vitraaz.ee\/en\/the-coolest-place-for-cocoa\/","og_locale":"en_US","og_type":"article","og_title":"The coolest place for Cocoa - Vitraaz.ee","og_description":"The coolest place for Cocoa Soov midagi erilist tellida tuli Vana-Narva maanteel asuva kontori omanikult, kes arvas, et nii klientide kui oma t\u00f6\u00f6tajate meeleheaks peaks tema kontorisse sisenedes vau &#8211; efekt alguse saama juba fuajeest. Disain: Sandra Allemann ja Anu JaanholdAsukoht: Nord Cocoa fuajee K\u00e4isime kohapeal, kui fuajeed ennast veel polnudki, oli vaid kitsas pimedav\u00f5itu [&hellip;]","og_url":"https:\/\/vitraaz.ee\/en\/the-coolest-place-for-cocoa\/","og_site_name":"Vitraaz.ee","article_publisher":"https:\/\/www.facebook.com\/Klaasinterjoor","article_modified_time":"2022-10-22T00:12:18+00:00","og_image":[{"url":"https:\/\/vitraaz.ee\/wp-content\/uploads\/2022\/10\/The-coolest-place-for-Cocoa-1024x639.jpg","type":"","width":"","height":""}],"twitter_card":"summary_large_image","twitter_misc":{"Est. reading time":"2 minutes"},"schema":{"@context":"https:\/\/schema.org","@graph":[{"@type":"WebPage","@id":"https:\/\/vitraaz.ee\/en\/the-coolest-place-for-cocoa\/","url":"https:\/\/vitraaz.ee\/en\/the-coolest-place-for-cocoa\/","name":"The coolest place for Cocoa - Vitraaz.ee","isPartOf":{"@id":"https:\/\/vitraaz.ee\/en\/#website"},"primaryImageOfPage":{"@id":"https:\/\/vitraaz.ee\/en\/the-coolest-place-for-cocoa\/#primaryimage"},"image":{"@id":"https:\/\/vitraaz.ee\/en\/the-coolest-place-for-cocoa\/#primaryimage"},"thumbnailUrl":"https:\/\/vitraaz.ee\/wp-content\/uploads\/2022\/10\/The-coolest-place-for-Cocoa-1024x639.jpg","datePublished":"2022-10-02T04:05:18+00:00","dateModified":"2022-10-22T00:12:18+00:00","breadcrumb":{"@id":"https:\/\/vitraaz.ee\/en\/the-coolest-place-for-cocoa\/#breadcrumb"},"inLanguage":"en-US","potentialAction":[{"@type":"ReadAction","target":["https:\/\/vitraaz.ee\/en\/the-coolest-place-for-cocoa\/"]}]},{"@type":"ImageObject","inLanguage":"en-US","@id":"https:\/\/vitraaz.ee\/en\/the-coolest-place-for-cocoa\/#primaryimage","url":"https:\/\/vitraaz.ee\/wp-content\/uploads\/2022\/10\/The-coolest-place-for-Cocoa-1024x639.jpg","contentUrl":"https:\/\/vitraaz.ee\/wp-content\/uploads\/2022\/10\/The-coolest-place-for-Cocoa-1024x639.jpg"},{"@type":"BreadcrumbList","@id":"https:\/\/vitraaz.ee\/en\/the-coolest-place-for-cocoa\/#breadcrumb","itemListElement":[{"@type":"ListItem","position":1,"name":"Home","item":"https:\/\/vitraaz.ee\/en\/"},{"@type":"ListItem","position":2,"name":"The coolest place for Cocoa"}]},{"@type":"WebSite","@id":"https:\/\/vitraaz.ee\/en\/#website","url":"https:\/\/vitraaz.ee\/en\/","name":"Vitraaz.ee","description":"Klaasinterj&ouml;&ouml;r","publisher":{"@id":"https:\/\/vitraaz.ee\/en\/#organization"},"potentialAction":[{"@type":"SearchAction","target":{"@type":"EntryPoint","urlTemplate":"https:\/\/vitraaz.ee\/en\/?s={search_term_string}"},"query-input":{"@type":"PropertyValueSpecification","valueRequired":true,"valueName":"search_term_string"}}],"inLanguage":"en-US"},{"@type":"Organization","@id":"https:\/\/vitraaz.ee\/en\/#organization","name":"KLAASINTERJ\u00d6\u00d6R O\u00dc","url":"https:\/\/vitraaz.ee\/en\/","logo":{"@type":"ImageObject","inLanguage":"en-US","@id":"https:\/\/vitraaz.ee\/en\/#\/schema\/logo\/image\/","url":"https:\/\/vitraaz.ee\/wp-content\/uploads\/2022\/09\/logoKI.png","contentUrl":"https:\/\/vitraaz.ee\/wp-content\/uploads\/2022\/09\/logoKI.png","width":1159,"height":458,"caption":"KLAASINTERJ\u00d6\u00d6R O\u00dc"},"image":{"@id":"https:\/\/vitraaz.ee\/en\/#\/schema\/logo\/image\/"},"sameAs":["https:\/\/www.facebook.com\/Klaasinterjoor"]}]}},"_links":{"self":[{"href":"https:\/\/vitraaz.ee\/en\/wp-json\/wp\/v2\/pages\/3720","targetHints":{"allow":["GET"]}}],"collection":[{"href":"https:\/\/vitraaz.ee\/en\/wp-json\/wp\/v2\/pages"}],"about":[{"href":"https:\/\/vitraaz.ee\/en\/wp-json\/wp\/v2\/types\/page"}],"author":[{"embeddable":true,"href":"https:\/\/vitraaz.ee\/en\/wp-json\/wp\/v2\/users\/1"}],"replies":[{"embeddable":true,"href":"https:\/\/vitraaz.ee\/en\/wp-json\/wp\/v2\/comments?post=3720"}],"version-history":[{"count":0,"href":"https:\/\/vitraaz.ee\/en\/wp-json\/wp\/v2\/pages\/3720\/revisions"}],"wp:attachment":[{"href":"https:\/\/vitraaz.ee\/en\/wp-json\/wp\/v2\/media?parent=3720"}],"curies":[{"name":"wp","href":"https:\/\/api.w.org\/{rel}","templated":true}]}}