{"id":3629,"date":"2022-10-02T07:46:25","date_gmt":"2022-10-02T07:46:25","guid":{"rendered":"https:\/\/vitraaz.ee\/lihtsate-vaartuste-monument\/"},"modified":"2022-10-11T10:49:31","modified_gmt":"2022-10-11T10:49:31","slug":"lihtsate-vaartuste-monument","status":"publish","type":"page","link":"https:\/\/vitraaz.ee\/en\/lihtsate-vaartuste-monument\/","title":{"rendered":"Lihtsate V\u00e4\u00e4rtuste Monument"},"content":{"rendered":"\t\t<div data-elementor-type=\"wp-page\" data-elementor-id=\"3629\" class=\"elementor elementor-3629 elementor-1539\">\n\t\t\t\t\t\t<section class=\"elementor-section elementor-top-section elementor-element elementor-element-021a610 elementor-section-boxed elementor-section-height-default elementor-section-height-default\" data-id=\"021a610\" data-element_type=\"section\" data-e-type=\"section\">\n\t\t\t\t\t\t<div class=\"elementor-container elementor-column-gap-default\">\n\t\t\t\t\t<div class=\"elementor-column elementor-col-100 elementor-top-column elementor-element elementor-element-e0e32da\" data-id=\"e0e32da\" data-element_type=\"column\" data-e-type=\"column\">\n\t\t\t<div class=\"elementor-widget-wrap elementor-element-populated\">\n\t\t\t\t\t\t<div class=\"elementor-element elementor-element-9ad6557 elementor-widget elementor-widget-image\" data-id=\"9ad6557\" data-element_type=\"widget\" data-e-type=\"widget\" data-widget_type=\"image.default\">\n\t\t\t\t<div class=\"elementor-widget-container\">\n\t\t\t\t\t\t\t\t\t\t\t\t\t\t\t<img fetchpriority=\"high\" decoding=\"async\" width=\"1024\" height=\"639\" src=\"https:\/\/vitraaz.ee\/wp-content\/uploads\/2022\/10\/Lihtsate-Vaartuste-Monument-1-1024x639.jpg\" class=\"attachment-large size-large wp-image-2440\" alt=\"\" srcset=\"https:\/\/vitraaz.ee\/wp-content\/uploads\/2022\/10\/Lihtsate-Vaartuste-Monument-1-1024x639.jpg 1024w, https:\/\/vitraaz.ee\/wp-content\/uploads\/2022\/10\/Lihtsate-Vaartuste-Monument-1-600x374.jpg 600w, https:\/\/vitraaz.ee\/wp-content\/uploads\/2022\/10\/Lihtsate-Vaartuste-Monument-1-300x187.jpg 300w, https:\/\/vitraaz.ee\/wp-content\/uploads\/2022\/10\/Lihtsate-Vaartuste-Monument-1-768x479.jpg 768w, https:\/\/vitraaz.ee\/wp-content\/uploads\/2022\/10\/Lihtsate-Vaartuste-Monument-1.jpg 1040w\" sizes=\"(max-width: 1024px) 100vw, 1024px\" \/>\t\t\t\t\t\t\t\t\t\t\t\t\t\t\t<\/div>\n\t\t\t\t<\/div>\n\t\t\t\t<div class=\"elementor-element elementor-element-0692f1e elementor-widget elementor-widget-heading\" data-id=\"0692f1e\" data-element_type=\"widget\" data-e-type=\"widget\" data-widget_type=\"heading.default\">\n\t\t\t\t<div class=\"elementor-widget-container\">\n\t\t\t\t\t<h2 class=\"elementor-heading-title elementor-size-default\">Lihtsate V\u00e4\u00e4rtuste Monument<\/h2>\t\t\t\t<\/div>\n\t\t\t\t<\/div>\n\t\t\t\t<div class=\"elementor-element elementor-element-d2bf2ea elementor-widget elementor-widget-text-editor\" data-id=\"d2bf2ea\" data-element_type=\"widget\" data-e-type=\"widget\" data-widget_type=\"text-editor.default\">\n\t\t\t\t<div class=\"elementor-widget-container\">\n\t\t\t\t\t\t\t\t\t<div class=\"section mcb-section no-margin-v \"><div class=\"section_wrapper mcb-section-inner\"><div class=\"wrap mcb-wrap one-second valign-top clearfix\"><div class=\"mcb-wrap-inner\"><div class=\"column mcb-column five-sixth column_column \"><div class=\"column_attr clearfix\"><p>Klaasskulptuur Lihtsate V\u00e4\u00e4rtuste Monument T\u00fcri kultuurimaja ees on Sandra Allemanni magistrit\u00f6\u00f6, Kus kunstnik \u00fchendas klaasikunsti ja t\u00f6\u00f6stusliku klaasit\u00f6\u00f6tlemise tehnikad, et luua monument, mis v\u00e4\u00e4rtustaks meie igap\u00e4evaelu lihtsaid ja s\u00fcdamlikke v\u00e4\u00e4rtusi.<\/p><p>Disain: <strong>Sandra Alleman<\/strong><br \/>Asukoht: <strong>T\u00fcri<\/strong><\/p><\/div><\/div><\/div><\/div><\/div><\/div>\t\t\t\t\t\t\t\t<\/div>\n\t\t\t\t<\/div>\n\t\t\t\t\t<\/div>\n\t\t<\/div>\n\t\t\t\t\t<\/div>\n\t\t<\/section>\n\t\t\t\t<section class=\"elementor-section elementor-top-section elementor-element elementor-element-d793771 elementor-section-boxed elementor-section-height-default elementor-section-height-default\" data-id=\"d793771\" data-element_type=\"section\" data-e-type=\"section\">\n\t\t\t\t\t\t<div class=\"elementor-container elementor-column-gap-default\">\n\t\t\t\t\t<div class=\"elementor-column elementor-col-100 elementor-top-column elementor-element elementor-element-a3a835c\" data-id=\"a3a835c\" data-element_type=\"column\" data-e-type=\"column\">\n\t\t\t<div class=\"elementor-widget-wrap elementor-element-populated\">\n\t\t\t\t\t\t<div class=\"elementor-element elementor-element-a251eee elementor-widget elementor-widget-image\" data-id=\"a251eee\" data-element_type=\"widget\" data-e-type=\"widget\" data-widget_type=\"image.default\">\n\t\t\t\t<div class=\"elementor-widget-container\">\n\t\t\t\t\t\t\t\t\t\t\t\t\t\t\t<img decoding=\"async\" width=\"1040\" height=\"1594\" src=\"https:\/\/vitraaz.ee\/wp-content\/uploads\/2022\/10\/Lihtsate-Vaartuste-Monument-2.jpg\" class=\"attachment-2048x2048 size-2048x2048 wp-image-2446\" alt=\"\" srcset=\"https:\/\/vitraaz.ee\/wp-content\/uploads\/2022\/10\/Lihtsate-Vaartuste-Monument-2.jpg 1040w, https:\/\/vitraaz.ee\/wp-content\/uploads\/2022\/10\/Lihtsate-Vaartuste-Monument-2-600x920.jpg 600w, https:\/\/vitraaz.ee\/wp-content\/uploads\/2022\/10\/Lihtsate-Vaartuste-Monument-2-196x300.jpg 196w, https:\/\/vitraaz.ee\/wp-content\/uploads\/2022\/10\/Lihtsate-Vaartuste-Monument-2-668x1024.jpg 668w, https:\/\/vitraaz.ee\/wp-content\/uploads\/2022\/10\/Lihtsate-Vaartuste-Monument-2-768x1177.jpg 768w, https:\/\/vitraaz.ee\/wp-content\/uploads\/2022\/10\/Lihtsate-Vaartuste-Monument-2-1002x1536.jpg 1002w\" sizes=\"(max-width: 1040px) 100vw, 1040px\" \/>\t\t\t\t\t\t\t\t\t\t\t\t\t\t\t<\/div>\n\t\t\t\t<\/div>\n\t\t\t\t<div class=\"elementor-element elementor-element-2568c92 elementor-widget elementor-widget-text-editor\" data-id=\"2568c92\" data-element_type=\"widget\" data-e-type=\"widget\" data-widget_type=\"text-editor.default\">\n\t\t\t\t<div class=\"elementor-widget-container\">\n\t\t\t\t\t\t\t\t\t<div class=\"section mcb-section no-margin-v \"><div class=\"section_wrapper mcb-section-inner\"><div class=\"wrap mcb-wrap one-second valign-top clearfix\"><div class=\"mcb-wrap-inner\"><div class=\"column mcb-column five-sixth column_column \"><div class=\"column_attr clearfix\"><p>K\u00e4sitsi maalitud klaasid, mis on inspiratsiooni saanud vanaema kootud kaltsuvaipadest, seob liivapritsitehnikas klaasi sisse s\u00f6\u00f6vitataud m\u00f5ttekatked sellest, mida peavad elus oluliseks J\u00e4rvamaa inimesed.<\/p><\/div><\/div><\/div><\/div><\/div><\/div>\t\t\t\t\t\t\t\t<\/div>\n\t\t\t\t<\/div>\n\t\t\t\t<div class=\"elementor-element elementor-element-af1c47a elementor-widget elementor-widget-image\" data-id=\"af1c47a\" data-element_type=\"widget\" data-e-type=\"widget\" data-widget_type=\"image.default\">\n\t\t\t\t<div class=\"elementor-widget-container\">\n\t\t\t\t\t\t\t\t\t\t\t\t\t\t\t<img decoding=\"async\" width=\"1024\" height=\"639\" src=\"https:\/\/vitraaz.ee\/wp-content\/uploads\/2022\/10\/Lihtsate-Vaartuste-Monument-3-1024x639.jpg\" class=\"attachment-large size-large wp-image-2449\" alt=\"\" srcset=\"https:\/\/vitraaz.ee\/wp-content\/uploads\/2022\/10\/Lihtsate-Vaartuste-Monument-3-1024x639.jpg 1024w, https:\/\/vitraaz.ee\/wp-content\/uploads\/2022\/10\/Lihtsate-Vaartuste-Monument-3-600x374.jpg 600w, https:\/\/vitraaz.ee\/wp-content\/uploads\/2022\/10\/Lihtsate-Vaartuste-Monument-3-300x187.jpg 300w, https:\/\/vitraaz.ee\/wp-content\/uploads\/2022\/10\/Lihtsate-Vaartuste-Monument-3-768x479.jpg 768w, https:\/\/vitraaz.ee\/wp-content\/uploads\/2022\/10\/Lihtsate-Vaartuste-Monument-3.jpg 1040w\" sizes=\"(max-width: 1024px) 100vw, 1024px\" \/>\t\t\t\t\t\t\t\t\t\t\t\t\t\t\t<\/div>\n\t\t\t\t<\/div>\n\t\t\t\t<div class=\"elementor-element elementor-element-2fca4f1 elementor-widget elementor-widget-image\" data-id=\"2fca4f1\" data-element_type=\"widget\" data-e-type=\"widget\" data-widget_type=\"image.default\">\n\t\t\t\t<div class=\"elementor-widget-container\">\n\t\t\t\t\t\t\t\t\t\t\t\t\t\t\t<img loading=\"lazy\" decoding=\"async\" width=\"1040\" height=\"1594\" src=\"https:\/\/vitraaz.ee\/wp-content\/uploads\/2022\/10\/Lihtsate-Vaartuste-Monument-4.jpg\" class=\"attachment-2048x2048 size-2048x2048 wp-image-2452\" alt=\"\" srcset=\"https:\/\/vitraaz.ee\/wp-content\/uploads\/2022\/10\/Lihtsate-Vaartuste-Monument-4.jpg 1040w, https:\/\/vitraaz.ee\/wp-content\/uploads\/2022\/10\/Lihtsate-Vaartuste-Monument-4-600x920.jpg 600w, https:\/\/vitraaz.ee\/wp-content\/uploads\/2022\/10\/Lihtsate-Vaartuste-Monument-4-196x300.jpg 196w, https:\/\/vitraaz.ee\/wp-content\/uploads\/2022\/10\/Lihtsate-Vaartuste-Monument-4-668x1024.jpg 668w, https:\/\/vitraaz.ee\/wp-content\/uploads\/2022\/10\/Lihtsate-Vaartuste-Monument-4-768x1177.jpg 768w, https:\/\/vitraaz.ee\/wp-content\/uploads\/2022\/10\/Lihtsate-Vaartuste-Monument-4-1002x1536.jpg 1002w\" sizes=\"(max-width: 1040px) 100vw, 1040px\" \/>\t\t\t\t\t\t\t\t\t\t\t\t\t\t\t<\/div>\n\t\t\t\t<\/div>\n\t\t\t\t<div class=\"elementor-element elementor-element-36d373c elementor-widget elementor-widget-text-editor\" data-id=\"36d373c\" data-element_type=\"widget\" data-e-type=\"widget\" data-widget_type=\"text-editor.default\">\n\t\t\t\t<div class=\"elementor-widget-container\">\n\t\t\t\t\t\t\t\t\t<p>Suured projektid:\u00a0<a href=\"https:\/\/vitraaz.ee\/noorus-spa\/\">Noorus SPA<\/a> |\u00a0<a href=\"https:\/\/vitraaz.ee\/the-coolest-place-for-cocoa\/\">The coolest place for Cocoa<\/a> |\u00a0<a href=\"https:\/\/vitraaz.ee\/vana-villemi-pubid\/\">Vana Villemi pubid<\/a><\/p>\t\t\t\t\t\t\t\t<\/div>\n\t\t\t\t<\/div>\n\t\t\t\t\t<\/div>\n\t\t<\/div>\n\t\t\t\t\t<\/div>\n\t\t<\/section>\n\t\t\t\t<\/div>\n\t\t","protected":false},"excerpt":{"rendered":"<p>Lihtsate V\u00e4\u00e4rtuste Monument Klaasskulptuur Lihtsate V\u00e4\u00e4rtuste Monument T\u00fcri kultuurimaja ees on Sandra Allemanni magistrit\u00f6\u00f6, Kus kunstnik \u00fchendas klaasikunsti ja t\u00f6\u00f6stusliku klaasit\u00f6\u00f6tlemise tehnikad, et luua monument, mis v\u00e4\u00e4rtustaks meie igap\u00e4evaelu lihtsaid ja s\u00fcdamlikke v\u00e4\u00e4rtusi. Disain: Sandra Alleman Asukoht: T\u00fcri K\u00e4sitsi maalitud klaasid, mis on inspiratsiooni saanud vanaema kootud kaltsuvaipadest, seob liivapritsitehnikas klaasi sisse s\u00f6\u00f6vitataud m\u00f5ttekatked sellest, [&hellip;]<\/p>\n","protected":false},"author":1,"featured_media":0,"parent":0,"menu_order":0,"comment_status":"closed","ping_status":"closed","template":"elementor_header_footer","meta":{"_acf_changed":false,"footnotes":""},"class_list":["post-3629","page","type-page","status-publish","hentry"],"acf":[],"yoast_head":"<!-- This site is optimized with the Yoast SEO plugin v27.3 - https:\/\/yoast.com\/product\/yoast-seo-wordpress\/ -->\n<title>Lihtsate V\u00e4\u00e4rtuste Monument - Vitraaz.ee<\/title>\n<meta name=\"description\" content=\"We have been in business since 2001. Even though our company is small, we are reliable, come up with bold solutions, and are flexible.\" \/>\n<meta name=\"robots\" content=\"index, follow, max-snippet:-1, max-image-preview:large, max-video-preview:-1\" \/>\n<link rel=\"canonical\" href=\"https:\/\/vitraaz.ee\/en\/lihtsate-vaartuste-monument\/\" \/>\n<meta property=\"og:locale\" content=\"en_US\" \/>\n<meta property=\"og:type\" content=\"article\" \/>\n<meta property=\"og:title\" content=\"Lihtsate V\u00e4\u00e4rtuste Monument - Vitraaz.ee\" \/>\n<meta property=\"og:description\" content=\"We have been in business since 2001. Even though our company is small, we are reliable, come up with bold solutions, and are flexible.\" \/>\n<meta property=\"og:url\" content=\"https:\/\/vitraaz.ee\/en\/lihtsate-vaartuste-monument\/\" \/>\n<meta property=\"og:site_name\" content=\"Vitraaz.ee\" \/>\n<meta property=\"article:publisher\" content=\"https:\/\/www.facebook.com\/Klaasinterjoor\" \/>\n<meta property=\"article:modified_time\" content=\"2022-10-11T10:49:31+00:00\" \/>\n<meta property=\"og:image\" content=\"https:\/\/vitraaz.ee\/wp-content\/uploads\/2022\/10\/Lihtsate-Vaartuste-Monument-1-1024x639.jpg\" \/>\n<meta name=\"twitter:card\" content=\"summary_large_image\" \/>\n<meta name=\"twitter:label1\" content=\"Est. reading time\" \/>\n\t<meta name=\"twitter:data1\" content=\"2 minutes\" \/>\n<script type=\"application\/ld+json\" class=\"yoast-schema-graph\">{\"@context\":\"https:\\\/\\\/schema.org\",\"@graph\":[{\"@type\":\"WebPage\",\"@id\":\"https:\\\/\\\/vitraaz.ee\\\/en\\\/lihtsate-vaartuste-monument\\\/\",\"url\":\"https:\\\/\\\/vitraaz.ee\\\/en\\\/lihtsate-vaartuste-monument\\\/\",\"name\":\"Lihtsate V\u00e4\u00e4rtuste Monument - Vitraaz.ee\",\"isPartOf\":{\"@id\":\"https:\\\/\\\/vitraaz.ee\\\/en\\\/#website\"},\"primaryImageOfPage\":{\"@id\":\"https:\\\/\\\/vitraaz.ee\\\/en\\\/lihtsate-vaartuste-monument\\\/#primaryimage\"},\"image\":{\"@id\":\"https:\\\/\\\/vitraaz.ee\\\/en\\\/lihtsate-vaartuste-monument\\\/#primaryimage\"},\"thumbnailUrl\":\"https:\\\/\\\/vitraaz.ee\\\/wp-content\\\/uploads\\\/2022\\\/10\\\/Lihtsate-Vaartuste-Monument-1-1024x639.jpg\",\"datePublished\":\"2022-10-02T07:46:25+00:00\",\"dateModified\":\"2022-10-11T10:49:31+00:00\",\"description\":\"We have been in business since 2001. Even though our company is small, we are reliable, come up with bold solutions, and are flexible.\",\"breadcrumb\":{\"@id\":\"https:\\\/\\\/vitraaz.ee\\\/en\\\/lihtsate-vaartuste-monument\\\/#breadcrumb\"},\"inLanguage\":\"en-US\",\"potentialAction\":[{\"@type\":\"ReadAction\",\"target\":[\"https:\\\/\\\/vitraaz.ee\\\/en\\\/lihtsate-vaartuste-monument\\\/\"]}]},{\"@type\":\"ImageObject\",\"inLanguage\":\"en-US\",\"@id\":\"https:\\\/\\\/vitraaz.ee\\\/en\\\/lihtsate-vaartuste-monument\\\/#primaryimage\",\"url\":\"https:\\\/\\\/vitraaz.ee\\\/wp-content\\\/uploads\\\/2022\\\/10\\\/Lihtsate-Vaartuste-Monument-1-1024x639.jpg\",\"contentUrl\":\"https:\\\/\\\/vitraaz.ee\\\/wp-content\\\/uploads\\\/2022\\\/10\\\/Lihtsate-Vaartuste-Monument-1-1024x639.jpg\"},{\"@type\":\"BreadcrumbList\",\"@id\":\"https:\\\/\\\/vitraaz.ee\\\/en\\\/lihtsate-vaartuste-monument\\\/#breadcrumb\",\"itemListElement\":[{\"@type\":\"ListItem\",\"position\":1,\"name\":\"Home\",\"item\":\"https:\\\/\\\/vitraaz.ee\\\/en\\\/\"},{\"@type\":\"ListItem\",\"position\":2,\"name\":\"Lihtsate V\u00e4\u00e4rtuste Monument\"}]},{\"@type\":\"WebSite\",\"@id\":\"https:\\\/\\\/vitraaz.ee\\\/en\\\/#website\",\"url\":\"https:\\\/\\\/vitraaz.ee\\\/en\\\/\",\"name\":\"Vitraaz.ee\",\"description\":\"Klaasinterj&ouml;&ouml;r\",\"publisher\":{\"@id\":\"https:\\\/\\\/vitraaz.ee\\\/en\\\/#organization\"},\"potentialAction\":[{\"@type\":\"SearchAction\",\"target\":{\"@type\":\"EntryPoint\",\"urlTemplate\":\"https:\\\/\\\/vitraaz.ee\\\/en\\\/?s={search_term_string}\"},\"query-input\":{\"@type\":\"PropertyValueSpecification\",\"valueRequired\":true,\"valueName\":\"search_term_string\"}}],\"inLanguage\":\"en-US\"},{\"@type\":\"Organization\",\"@id\":\"https:\\\/\\\/vitraaz.ee\\\/en\\\/#organization\",\"name\":\"KLAASINTERJ\u00d6\u00d6R O\u00dc\",\"url\":\"https:\\\/\\\/vitraaz.ee\\\/en\\\/\",\"logo\":{\"@type\":\"ImageObject\",\"inLanguage\":\"en-US\",\"@id\":\"https:\\\/\\\/vitraaz.ee\\\/en\\\/#\\\/schema\\\/logo\\\/image\\\/\",\"url\":\"https:\\\/\\\/vitraaz.ee\\\/wp-content\\\/uploads\\\/2022\\\/09\\\/logoKI.png\",\"contentUrl\":\"https:\\\/\\\/vitraaz.ee\\\/wp-content\\\/uploads\\\/2022\\\/09\\\/logoKI.png\",\"width\":1159,\"height\":458,\"caption\":\"KLAASINTERJ\u00d6\u00d6R O\u00dc\"},\"image\":{\"@id\":\"https:\\\/\\\/vitraaz.ee\\\/en\\\/#\\\/schema\\\/logo\\\/image\\\/\"},\"sameAs\":[\"https:\\\/\\\/www.facebook.com\\\/Klaasinterjoor\"]}]}<\/script>\n<!-- \/ Yoast SEO plugin. -->","yoast_head_json":{"title":"Lihtsate V\u00e4\u00e4rtuste Monument - Vitraaz.ee","description":"We have been in business since 2001. Even though our company is small, we are reliable, come up with bold solutions, and are flexible.","robots":{"index":"index","follow":"follow","max-snippet":"max-snippet:-1","max-image-preview":"max-image-preview:large","max-video-preview":"max-video-preview:-1"},"canonical":"https:\/\/vitraaz.ee\/en\/lihtsate-vaartuste-monument\/","og_locale":"en_US","og_type":"article","og_title":"Lihtsate V\u00e4\u00e4rtuste Monument - Vitraaz.ee","og_description":"We have been in business since 2001. Even though our company is small, we are reliable, come up with bold solutions, and are flexible.","og_url":"https:\/\/vitraaz.ee\/en\/lihtsate-vaartuste-monument\/","og_site_name":"Vitraaz.ee","article_publisher":"https:\/\/www.facebook.com\/Klaasinterjoor","article_modified_time":"2022-10-11T10:49:31+00:00","og_image":[{"url":"https:\/\/vitraaz.ee\/wp-content\/uploads\/2022\/10\/Lihtsate-Vaartuste-Monument-1-1024x639.jpg","type":"","width":"","height":""}],"twitter_card":"summary_large_image","twitter_misc":{"Est. reading time":"2 minutes"},"schema":{"@context":"https:\/\/schema.org","@graph":[{"@type":"WebPage","@id":"https:\/\/vitraaz.ee\/en\/lihtsate-vaartuste-monument\/","url":"https:\/\/vitraaz.ee\/en\/lihtsate-vaartuste-monument\/","name":"Lihtsate V\u00e4\u00e4rtuste Monument - Vitraaz.ee","isPartOf":{"@id":"https:\/\/vitraaz.ee\/en\/#website"},"primaryImageOfPage":{"@id":"https:\/\/vitraaz.ee\/en\/lihtsate-vaartuste-monument\/#primaryimage"},"image":{"@id":"https:\/\/vitraaz.ee\/en\/lihtsate-vaartuste-monument\/#primaryimage"},"thumbnailUrl":"https:\/\/vitraaz.ee\/wp-content\/uploads\/2022\/10\/Lihtsate-Vaartuste-Monument-1-1024x639.jpg","datePublished":"2022-10-02T07:46:25+00:00","dateModified":"2022-10-11T10:49:31+00:00","description":"We have been in business since 2001. Even though our company is small, we are reliable, come up with bold solutions, and are flexible.","breadcrumb":{"@id":"https:\/\/vitraaz.ee\/en\/lihtsate-vaartuste-monument\/#breadcrumb"},"inLanguage":"en-US","potentialAction":[{"@type":"ReadAction","target":["https:\/\/vitraaz.ee\/en\/lihtsate-vaartuste-monument\/"]}]},{"@type":"ImageObject","inLanguage":"en-US","@id":"https:\/\/vitraaz.ee\/en\/lihtsate-vaartuste-monument\/#primaryimage","url":"https:\/\/vitraaz.ee\/wp-content\/uploads\/2022\/10\/Lihtsate-Vaartuste-Monument-1-1024x639.jpg","contentUrl":"https:\/\/vitraaz.ee\/wp-content\/uploads\/2022\/10\/Lihtsate-Vaartuste-Monument-1-1024x639.jpg"},{"@type":"BreadcrumbList","@id":"https:\/\/vitraaz.ee\/en\/lihtsate-vaartuste-monument\/#breadcrumb","itemListElement":[{"@type":"ListItem","position":1,"name":"Home","item":"https:\/\/vitraaz.ee\/en\/"},{"@type":"ListItem","position":2,"name":"Lihtsate V\u00e4\u00e4rtuste Monument"}]},{"@type":"WebSite","@id":"https:\/\/vitraaz.ee\/en\/#website","url":"https:\/\/vitraaz.ee\/en\/","name":"Vitraaz.ee","description":"Klaasinterj&ouml;&ouml;r","publisher":{"@id":"https:\/\/vitraaz.ee\/en\/#organization"},"potentialAction":[{"@type":"SearchAction","target":{"@type":"EntryPoint","urlTemplate":"https:\/\/vitraaz.ee\/en\/?s={search_term_string}"},"query-input":{"@type":"PropertyValueSpecification","valueRequired":true,"valueName":"search_term_string"}}],"inLanguage":"en-US"},{"@type":"Organization","@id":"https:\/\/vitraaz.ee\/en\/#organization","name":"KLAASINTERJ\u00d6\u00d6R O\u00dc","url":"https:\/\/vitraaz.ee\/en\/","logo":{"@type":"ImageObject","inLanguage":"en-US","@id":"https:\/\/vitraaz.ee\/en\/#\/schema\/logo\/image\/","url":"https:\/\/vitraaz.ee\/wp-content\/uploads\/2022\/09\/logoKI.png","contentUrl":"https:\/\/vitraaz.ee\/wp-content\/uploads\/2022\/09\/logoKI.png","width":1159,"height":458,"caption":"KLAASINTERJ\u00d6\u00d6R O\u00dc"},"image":{"@id":"https:\/\/vitraaz.ee\/en\/#\/schema\/logo\/image\/"},"sameAs":["https:\/\/www.facebook.com\/Klaasinterjoor"]}]}},"_links":{"self":[{"href":"https:\/\/vitraaz.ee\/en\/wp-json\/wp\/v2\/pages\/3629","targetHints":{"allow":["GET"]}}],"collection":[{"href":"https:\/\/vitraaz.ee\/en\/wp-json\/wp\/v2\/pages"}],"about":[{"href":"https:\/\/vitraaz.ee\/en\/wp-json\/wp\/v2\/types\/page"}],"author":[{"embeddable":true,"href":"https:\/\/vitraaz.ee\/en\/wp-json\/wp\/v2\/users\/1"}],"replies":[{"embeddable":true,"href":"https:\/\/vitraaz.ee\/en\/wp-json\/wp\/v2\/comments?post=3629"}],"version-history":[{"count":0,"href":"https:\/\/vitraaz.ee\/en\/wp-json\/wp\/v2\/pages\/3629\/revisions"}],"wp:attachment":[{"href":"https:\/\/vitraaz.ee\/en\/wp-json\/wp\/v2\/media?parent=3629"}],"curies":[{"name":"wp","href":"https:\/\/api.w.org\/{rel}","templated":true}]}}