{"id":3486,"date":"2022-10-01T08:50:01","date_gmt":"2022-10-01T08:50:01","guid":{"rendered":"https:\/\/vitraaz.ee\/?page_id=3486"},"modified":"2022-10-11T10:57:37","modified_gmt":"2022-10-11T10:57:37","slug":"watches-and-wall-clocks","status":"publish","type":"page","link":"https:\/\/vitraaz.ee\/en\/watches-and-wall-clocks\/","title":{"rendered":"Watches and wall clocks"},"content":{"rendered":"\t\t<div data-elementor-type=\"wp-page\" data-elementor-id=\"3486\" class=\"elementor elementor-3486 elementor-926\">\n\t\t\t\t\t\t<section class=\"elementor-section elementor-top-section elementor-element elementor-element-6f5ea5f elementor-section-boxed elementor-section-height-default elementor-section-height-default\" data-id=\"6f5ea5f\" data-element_type=\"section\" data-e-type=\"section\">\n\t\t\t\t\t\t<div class=\"elementor-container elementor-column-gap-default\">\n\t\t\t\t\t<div class=\"elementor-column elementor-col-100 elementor-top-column elementor-element elementor-element-15ae707\" data-id=\"15ae707\" data-element_type=\"column\" data-e-type=\"column\">\n\t\t\t<div class=\"elementor-widget-wrap elementor-element-populated\">\n\t\t\t\t\t\t<div class=\"elementor-element elementor-element-9242763 elementor-widget elementor-widget-raven-photo-album\" data-id=\"9242763\" data-element_type=\"widget\" data-e-type=\"widget\" data-settings=\"{&quot;cover_columns&quot;:&quot;2&quot;,&quot;_skin&quot;:&quot;cover&quot;,&quot;cover_layout&quot;:&quot;grid&quot;,&quot;cover_columns_tablet&quot;:&quot;2&quot;,&quot;cover_columns_mobile&quot;:&quot;1&quot;}\" data-widget_type=\"raven-photo-album.cover\">\n\t\t\t\t<div class=\"elementor-widget-container\">\n\t\t\t\t\t\t\t<div class=\"raven-photo-album raven-photo-album-skin-cover raven-grid-2 raven-grid-mobile-1 raven-grid-tablet-2 raven-grid\">\n\t\t\t\t<div class=\"raven-grid-item\">\n\t\t\t<article class=\"raven-photo-album-item\">\n\t\t\t\t<a href=\"https:\/\/vitraaz.ee\/wp-content\/uploads\/2022\/10\/Kellad.jpg\" class=\"elementor-clickable\">\n\t\t\t\t\t<figure>\n\t\t\t\t\t\t\t\t\t<div class=\"raven-photo-album-img\" style=\"background-image: url(https:\/\/vitraaz.ee\/wp-content\/uploads\/2022\/10\/Kellad-1024x681.jpg);\"><\/div>\n\t\t\t\t\t\t\t\t<figcaption class=\"raven-photo-album-content\">\n\t\t\t\t\t\t\t\t\t\t\t\t\t\t<div class=\"raven-photo-album-meta\">\n\t\t\t\t\t\t\t<h3 class=\"raven-photo-album-title\"><\/h3>\t\t\t\t\t\t\t<\/div>\n\t\t\t\t\t\t<\/figcaption>\n\t\t\t\t\t<\/figure>\n\t\t\t\t<\/a>\n\t\t\t\t\t\t\t<\/article>\n\t\t<\/div>\n\t\t\t\t<div class=\"raven-grid-item\">\n\t\t\t<article class=\"raven-photo-album-item\">\n\t\t\t\t<a href=\"https:\/\/vitraaz.ee\/wp-content\/uploads\/2022\/10\/Kellad-16.jpg\" class=\"elementor-clickable\">\n\t\t\t\t\t<figure>\n\t\t\t\t\t\t\t\t\t<div class=\"raven-photo-album-img\" style=\"background-image: url(https:\/\/vitraaz.ee\/wp-content\/uploads\/2022\/10\/Kellad-16-1024x681.jpg);\"><\/div>\n\t\t\t\t\t\t\t\t<figcaption class=\"raven-photo-album-content\">\n\t\t\t\t\t\t\t\t\t\t\t\t\t\t<div class=\"raven-photo-album-meta\">\n\t\t\t\t\t\t\t<h3 class=\"raven-photo-album-title\"><\/h3>\t\t\t\t\t\t\t<\/div>\n\t\t\t\t\t\t<\/figcaption>\n\t\t\t\t\t<\/figure>\n\t\t\t\t<\/a>\n\t\t\t\t\t\t\t<\/article>\n\t\t<\/div>\n\t\t\t\t<div class=\"raven-grid-item\">\n\t\t\t<article class=\"raven-photo-album-item\">\n\t\t\t\t<a href=\"https:\/\/vitraaz.ee\/wp-content\/uploads\/2022\/10\/Kellad-3.jpg\" class=\"elementor-clickable\">\n\t\t\t\t\t<figure>\n\t\t\t\t\t\t\t\t\t<div class=\"raven-photo-album-img\" style=\"background-image: url(https:\/\/vitraaz.ee\/wp-content\/uploads\/2022\/10\/Kellad-3-1024x681.jpg);\"><\/div>\n\t\t\t\t\t\t\t\t<figcaption class=\"raven-photo-album-content\">\n\t\t\t\t\t\t\t\t\t\t\t\t\t\t<div class=\"raven-photo-album-meta\">\n\t\t\t\t\t\t\t<h3 class=\"raven-photo-album-title\"><\/h3>\t\t\t\t\t\t\t<\/div>\n\t\t\t\t\t\t<\/figcaption>\n\t\t\t\t\t<\/figure>\n\t\t\t\t<\/a>\n\t\t\t\t\t\t\t<\/article>\n\t\t<\/div>\n\t\t\t\t<div class=\"raven-grid-item\">\n\t\t\t<article class=\"raven-photo-album-item\">\n\t\t\t\t<a href=\"https:\/\/vitraaz.ee\/wp-content\/uploads\/2022\/10\/Kellad-4.jpg\" class=\"elementor-clickable\">\n\t\t\t\t\t<figure>\n\t\t\t\t\t\t\t\t\t<div class=\"raven-photo-album-img\" style=\"background-image: url(https:\/\/vitraaz.ee\/wp-content\/uploads\/2022\/10\/Kellad-4-1024x681.jpg);\"><\/div>\n\t\t\t\t\t\t\t\t<figcaption class=\"raven-photo-album-content\">\n\t\t\t\t\t\t\t\t\t\t\t\t\t\t<div class=\"raven-photo-album-meta\">\n\t\t\t\t\t\t\t<h3 class=\"raven-photo-album-title\"><\/h3>\t\t\t\t\t\t\t<\/div>\n\t\t\t\t\t\t<\/figcaption>\n\t\t\t\t\t<\/figure>\n\t\t\t\t<\/a>\n\t\t\t\t\t\t\t<\/article>\n\t\t<\/div>\n\t\t\t\t<div class=\"raven-grid-item\">\n\t\t\t<article class=\"raven-photo-album-item\">\n\t\t\t\t<a href=\"https:\/\/vitraaz.ee\/wp-content\/uploads\/2022\/10\/Kellad-5.jpg\" class=\"elementor-clickable\">\n\t\t\t\t\t<figure>\n\t\t\t\t\t\t\t\t\t<div class=\"raven-photo-album-img\" style=\"background-image: url(https:\/\/vitraaz.ee\/wp-content\/uploads\/2022\/10\/Kellad-5-1024x681.jpg);\"><\/div>\n\t\t\t\t\t\t\t\t<figcaption class=\"raven-photo-album-content\">\n\t\t\t\t\t\t\t\t\t\t\t\t\t\t<div class=\"raven-photo-album-meta\">\n\t\t\t\t\t\t\t<h3 class=\"raven-photo-album-title\"><\/h3>\t\t\t\t\t\t\t<\/div>\n\t\t\t\t\t\t<\/figcaption>\n\t\t\t\t\t<\/figure>\n\t\t\t\t<\/a>\n\t\t\t\t\t\t\t<\/article>\n\t\t<\/div>\n\t\t\t\t<div class=\"raven-grid-item\">\n\t\t\t<article class=\"raven-photo-album-item\">\n\t\t\t\t<a href=\"https:\/\/vitraaz.ee\/wp-content\/uploads\/2022\/10\/Kellad-6.jpg\" class=\"elementor-clickable\">\n\t\t\t\t\t<figure>\n\t\t\t\t\t\t\t\t\t<div class=\"raven-photo-album-img\" style=\"background-image: url(https:\/\/vitraaz.ee\/wp-content\/uploads\/2022\/10\/Kellad-6-1024x681.jpg);\"><\/div>\n\t\t\t\t\t\t\t\t<figcaption class=\"raven-photo-album-content\">\n\t\t\t\t\t\t\t\t\t\t\t\t\t\t<div class=\"raven-photo-album-meta\">\n\t\t\t\t\t\t\t<h3 class=\"raven-photo-album-title\"><\/h3>\t\t\t\t\t\t\t<\/div>\n\t\t\t\t\t\t<\/figcaption>\n\t\t\t\t\t<\/figure>\n\t\t\t\t<\/a>\n\t\t\t\t\t\t\t<\/article>\n\t\t<\/div>\n\t\t\t\t<div class=\"raven-grid-item\">\n\t\t\t<article class=\"raven-photo-album-item\">\n\t\t\t\t<a href=\"https:\/\/vitraaz.ee\/wp-content\/uploads\/2022\/10\/Kellad-7.jpg\" class=\"elementor-clickable\">\n\t\t\t\t\t<figure>\n\t\t\t\t\t\t\t\t\t<div class=\"raven-photo-album-img\" style=\"background-image: url(https:\/\/vitraaz.ee\/wp-content\/uploads\/2022\/10\/Kellad-7-1024x681.jpg);\"><\/div>\n\t\t\t\t\t\t\t\t<figcaption class=\"raven-photo-album-content\">\n\t\t\t\t\t\t\t\t\t\t\t\t\t\t<div class=\"raven-photo-album-meta\">\n\t\t\t\t\t\t\t<h3 class=\"raven-photo-album-title\"><\/h3>\t\t\t\t\t\t\t<\/div>\n\t\t\t\t\t\t<\/figcaption>\n\t\t\t\t\t<\/figure>\n\t\t\t\t<\/a>\n\t\t\t\t\t\t\t<\/article>\n\t\t<\/div>\n\t\t\t\t<div class=\"raven-grid-item\">\n\t\t\t<article class=\"raven-photo-album-item\">\n\t\t\t\t<a href=\"https:\/\/vitraaz.ee\/wp-content\/uploads\/2022\/10\/Kellad-8.jpg\" class=\"elementor-clickable\">\n\t\t\t\t\t<figure>\n\t\t\t\t\t\t\t\t\t<div class=\"raven-photo-album-img\" style=\"background-image: url(https:\/\/vitraaz.ee\/wp-content\/uploads\/2022\/10\/Kellad-8-1024x681.jpg);\"><\/div>\n\t\t\t\t\t\t\t\t<figcaption class=\"raven-photo-album-content\">\n\t\t\t\t\t\t\t\t\t\t\t\t\t\t<div class=\"raven-photo-album-meta\">\n\t\t\t\t\t\t\t<h3 class=\"raven-photo-album-title\"><\/h3>\t\t\t\t\t\t\t<\/div>\n\t\t\t\t\t\t<\/figcaption>\n\t\t\t\t\t<\/figure>\n\t\t\t\t<\/a>\n\t\t\t\t\t\t\t<\/article>\n\t\t<\/div>\n\t\t\t\t<div class=\"raven-grid-item\">\n\t\t\t<article class=\"raven-photo-album-item\">\n\t\t\t\t<a href=\"https:\/\/vitraaz.ee\/wp-content\/uploads\/2022\/10\/Kellad-9.jpg\" class=\"elementor-clickable\">\n\t\t\t\t\t<figure>\n\t\t\t\t\t\t\t\t\t<div class=\"raven-photo-album-img\" style=\"background-image: url(https:\/\/vitraaz.ee\/wp-content\/uploads\/2022\/10\/Kellad-9-1024x681.jpg);\"><\/div>\n\t\t\t\t\t\t\t\t<figcaption class=\"raven-photo-album-content\">\n\t\t\t\t\t\t\t\t\t\t\t\t\t\t<div class=\"raven-photo-album-meta\">\n\t\t\t\t\t\t\t<h3 class=\"raven-photo-album-title\"><\/h3>\t\t\t\t\t\t\t<\/div>\n\t\t\t\t\t\t<\/figcaption>\n\t\t\t\t\t<\/figure>\n\t\t\t\t<\/a>\n\t\t\t\t\t\t\t<\/article>\n\t\t<\/div>\n\t\t\t\t<div class=\"raven-grid-item\">\n\t\t\t<article class=\"raven-photo-album-item\">\n\t\t\t\t<a href=\"https:\/\/vitraaz.ee\/wp-content\/uploads\/2022\/10\/Kellad-10.jpg\" class=\"elementor-clickable\">\n\t\t\t\t\t<figure>\n\t\t\t\t\t\t\t\t\t<div class=\"raven-photo-album-img\" style=\"background-image: url(https:\/\/vitraaz.ee\/wp-content\/uploads\/2022\/10\/Kellad-10-1024x681.jpg);\"><\/div>\n\t\t\t\t\t\t\t\t<figcaption class=\"raven-photo-album-content\">\n\t\t\t\t\t\t\t\t\t\t\t\t\t\t<div class=\"raven-photo-album-meta\">\n\t\t\t\t\t\t\t<h3 class=\"raven-photo-album-title\"><\/h3>\t\t\t\t\t\t\t<\/div>\n\t\t\t\t\t\t<\/figcaption>\n\t\t\t\t\t<\/figure>\n\t\t\t\t<\/a>\n\t\t\t\t\t\t\t<\/article>\n\t\t<\/div>\n\t\t\t\t<div class=\"raven-grid-item\">\n\t\t\t<article class=\"raven-photo-album-item\">\n\t\t\t\t<a href=\"https:\/\/vitraaz.ee\/wp-content\/uploads\/2022\/10\/Kellad-11.jpg\" class=\"elementor-clickable\">\n\t\t\t\t\t<figure>\n\t\t\t\t\t\t\t\t\t<div class=\"raven-photo-album-img\" style=\"background-image: url(https:\/\/vitraaz.ee\/wp-content\/uploads\/2022\/10\/Kellad-11-1024x681.jpg);\"><\/div>\n\t\t\t\t\t\t\t\t<figcaption class=\"raven-photo-album-content\">\n\t\t\t\t\t\t\t\t\t\t\t\t\t\t<div class=\"raven-photo-album-meta\">\n\t\t\t\t\t\t\t<h3 class=\"raven-photo-album-title\"><\/h3>\t\t\t\t\t\t\t<\/div>\n\t\t\t\t\t\t<\/figcaption>\n\t\t\t\t\t<\/figure>\n\t\t\t\t<\/a>\n\t\t\t\t\t\t\t<\/article>\n\t\t<\/div>\n\t\t\t\t<div class=\"raven-grid-item\">\n\t\t\t<article class=\"raven-photo-album-item\">\n\t\t\t\t<a href=\"https:\/\/vitraaz.ee\/wp-content\/uploads\/2022\/10\/Kellad-12.jpg\" class=\"elementor-clickable\">\n\t\t\t\t\t<figure>\n\t\t\t\t\t\t\t\t\t<div class=\"raven-photo-album-img\" style=\"background-image: url(https:\/\/vitraaz.ee\/wp-content\/uploads\/2022\/10\/Kellad-12-1024x681.jpg);\"><\/div>\n\t\t\t\t\t\t\t\t<figcaption class=\"raven-photo-album-content\">\n\t\t\t\t\t\t\t\t\t\t\t\t\t\t<div class=\"raven-photo-album-meta\">\n\t\t\t\t\t\t\t<h3 class=\"raven-photo-album-title\"><\/h3>\t\t\t\t\t\t\t<\/div>\n\t\t\t\t\t\t<\/figcaption>\n\t\t\t\t\t<\/figure>\n\t\t\t\t<\/a>\n\t\t\t\t\t\t\t<\/article>\n\t\t<\/div>\n\t\t\t\t<div class=\"raven-grid-item\">\n\t\t\t<article class=\"raven-photo-album-item\">\n\t\t\t\t<a href=\"https:\/\/vitraaz.ee\/wp-content\/uploads\/2022\/10\/Kellad-8.jpg\" class=\"elementor-clickable\">\n\t\t\t\t\t<figure>\n\t\t\t\t\t\t\t\t\t<div class=\"raven-photo-album-img\" style=\"background-image: url(https:\/\/vitraaz.ee\/wp-content\/uploads\/2022\/10\/Kellad-8-1024x681.jpg);\"><\/div>\n\t\t\t\t\t\t\t\t<figcaption class=\"raven-photo-album-content\">\n\t\t\t\t\t\t\t\t\t\t\t\t\t\t<div class=\"raven-photo-album-meta\">\n\t\t\t\t\t\t\t<h3 class=\"raven-photo-album-title\"><\/h3>\t\t\t\t\t\t\t<\/div>\n\t\t\t\t\t\t<\/figcaption>\n\t\t\t\t\t<\/figure>\n\t\t\t\t<\/a>\n\t\t\t\t\t\t\t<\/article>\n\t\t<\/div>\n\t\t\t\t<div class=\"raven-grid-item\">\n\t\t\t<article class=\"raven-photo-album-item\">\n\t\t\t\t<a href=\"https:\/\/vitraaz.ee\/wp-content\/uploads\/2022\/10\/Kellad-13.jpg\" class=\"elementor-clickable\">\n\t\t\t\t\t<figure>\n\t\t\t\t\t\t\t\t\t<div class=\"raven-photo-album-img\" style=\"background-image: url(https:\/\/vitraaz.ee\/wp-content\/uploads\/2022\/10\/Kellad-13-1024x681.jpg);\"><\/div>\n\t\t\t\t\t\t\t\t<figcaption class=\"raven-photo-album-content\">\n\t\t\t\t\t\t\t\t\t\t\t\t\t\t<div class=\"raven-photo-album-meta\">\n\t\t\t\t\t\t\t<h3 class=\"raven-photo-album-title\"><\/h3>\t\t\t\t\t\t\t<\/div>\n\t\t\t\t\t\t<\/figcaption>\n\t\t\t\t\t<\/figure>\n\t\t\t\t<\/a>\n\t\t\t\t\t\t\t<\/article>\n\t\t<\/div>\n\t\t\t\t<div class=\"raven-grid-item\">\n\t\t\t<article class=\"raven-photo-album-item\">\n\t\t\t\t<a href=\"https:\/\/vitraaz.ee\/wp-content\/uploads\/2022\/10\/Kellad-1.jpg\" class=\"elementor-clickable\">\n\t\t\t\t\t<figure>\n\t\t\t\t\t\t\t\t\t<div class=\"raven-photo-album-img\" style=\"background-image: url(https:\/\/vitraaz.ee\/wp-content\/uploads\/2022\/10\/Kellad-1-1024x681.jpg);\"><\/div>\n\t\t\t\t\t\t\t\t<figcaption class=\"raven-photo-album-content\">\n\t\t\t\t\t\t\t\t\t\t\t\t\t\t<div class=\"raven-photo-album-meta\">\n\t\t\t\t\t\t\t<h3 class=\"raven-photo-album-title\"><\/h3>\t\t\t\t\t\t\t<\/div>\n\t\t\t\t\t\t<\/figcaption>\n\t\t\t\t\t<\/figure>\n\t\t\t\t<\/a>\n\t\t\t\t\t\t\t<\/article>\n\t\t<\/div>\n\t\t\t\t<div class=\"raven-grid-item\">\n\t\t\t<article class=\"raven-photo-album-item\">\n\t\t\t\t<a href=\"https:\/\/vitraaz.ee\/wp-content\/uploads\/2022\/10\/Kellad-14.jpg\" class=\"elementor-clickable\">\n\t\t\t\t\t<figure>\n\t\t\t\t\t\t\t\t\t<div class=\"raven-photo-album-img\" style=\"background-image: url(https:\/\/vitraaz.ee\/wp-content\/uploads\/2022\/10\/Kellad-14-1024x681.jpg);\"><\/div>\n\t\t\t\t\t\t\t\t<figcaption class=\"raven-photo-album-content\">\n\t\t\t\t\t\t\t\t\t\t\t\t\t\t<div class=\"raven-photo-album-meta\">\n\t\t\t\t\t\t\t<h3 class=\"raven-photo-album-title\"><\/h3>\t\t\t\t\t\t\t<\/div>\n\t\t\t\t\t\t<\/figcaption>\n\t\t\t\t\t<\/figure>\n\t\t\t\t<\/a>\n\t\t\t\t\t\t\t<\/article>\n\t\t<\/div>\n\t\t\t\t<div class=\"raven-grid-item\">\n\t\t\t<article class=\"raven-photo-album-item\">\n\t\t\t\t<a href=\"https:\/\/vitraaz.ee\/wp-content\/uploads\/2022\/10\/Kellad-15.jpg\" class=\"elementor-clickable\">\n\t\t\t\t\t<figure>\n\t\t\t\t\t\t\t\t\t<div class=\"raven-photo-album-img\" style=\"background-image: url(https:\/\/vitraaz.ee\/wp-content\/uploads\/2022\/10\/Kellad-15-1024x681.jpg);\"><\/div>\n\t\t\t\t\t\t\t\t<figcaption class=\"raven-photo-album-content\">\n\t\t\t\t\t\t\t\t\t\t\t\t\t\t<div class=\"raven-photo-album-meta\">\n\t\t\t\t\t\t\t<h3 class=\"raven-photo-album-title\"><\/h3>\t\t\t\t\t\t\t<\/div>\n\t\t\t\t\t\t<\/figcaption>\n\t\t\t\t\t<\/figure>\n\t\t\t\t<\/a>\n\t\t\t\t\t\t\t<\/article>\n\t\t<\/div>\n\t\t\t\t<\/div>\n\t\t\t\t\t\t<\/div>\n\t\t\t\t<\/div>\n\t\t\t\t\t<\/div>\n\t\t<\/div>\n\t\t\t\t\t<\/div>\n\t\t<\/section>\n\t\t\t\t<\/div>\n\t\t","protected":false},"excerpt":{"rendered":"","protected":false},"author":1,"featured_media":0,"parent":0,"menu_order":0,"comment_status":"closed","ping_status":"closed","template":"elementor_header_footer","meta":{"_acf_changed":false,"footnotes":""},"class_list":["post-3486","page","type-page","status-publish","hentry"],"acf":[],"yoast_head":"<!-- This site is optimized with the Yoast SEO plugin v27.3 - https:\/\/yoast.com\/product\/yoast-seo-wordpress\/ -->\n<title>Watches and wall clocks - Vitraaz.ee<\/title>\n<meta name=\"description\" content=\"Watches and wall clocks. We have been in business since 2001. Our company is small, we are reliable, and come up with bold solutions\" \/>\n<meta name=\"robots\" content=\"index, follow, max-snippet:-1, max-image-preview:large, max-video-preview:-1\" \/>\n<link rel=\"canonical\" href=\"https:\/\/vitraaz.ee\/en\/watches-and-wall-clocks\/\" \/>\n<meta property=\"og:locale\" content=\"en_US\" \/>\n<meta property=\"og:type\" content=\"article\" \/>\n<meta property=\"og:title\" content=\"Watches and wall clocks - Vitraaz.ee\" \/>\n<meta property=\"og:description\" content=\"Watches and wall clocks. We have been in business since 2001. Our company is small, we are reliable, and come up with bold solutions\" \/>\n<meta property=\"og:url\" content=\"https:\/\/vitraaz.ee\/en\/watches-and-wall-clocks\/\" \/>\n<meta property=\"og:site_name\" content=\"Vitraaz.ee\" \/>\n<meta property=\"article:publisher\" content=\"https:\/\/www.facebook.com\/Klaasinterjoor\" \/>\n<meta property=\"article:modified_time\" content=\"2022-10-11T10:57:37+00:00\" \/>\n<meta name=\"twitter:card\" content=\"summary_large_image\" \/>\n<script type=\"application\/ld+json\" class=\"yoast-schema-graph\">{\"@context\":\"https:\\\/\\\/schema.org\",\"@graph\":[{\"@type\":\"WebPage\",\"@id\":\"https:\\\/\\\/vitraaz.ee\\\/en\\\/watches-and-wall-clocks\\\/\",\"url\":\"https:\\\/\\\/vitraaz.ee\\\/en\\\/watches-and-wall-clocks\\\/\",\"name\":\"Watches and wall clocks - Vitraaz.ee\",\"isPartOf\":{\"@id\":\"https:\\\/\\\/vitraaz.ee\\\/en\\\/#website\"},\"datePublished\":\"2022-10-01T08:50:01+00:00\",\"dateModified\":\"2022-10-11T10:57:37+00:00\",\"description\":\"Watches and wall clocks. We have been in business since 2001. Our company is small, we are reliable, and come up with bold solutions\",\"breadcrumb\":{\"@id\":\"https:\\\/\\\/vitraaz.ee\\\/en\\\/watches-and-wall-clocks\\\/#breadcrumb\"},\"inLanguage\":\"en-US\",\"potentialAction\":[{\"@type\":\"ReadAction\",\"target\":[\"https:\\\/\\\/vitraaz.ee\\\/en\\\/watches-and-wall-clocks\\\/\"]}]},{\"@type\":\"BreadcrumbList\",\"@id\":\"https:\\\/\\\/vitraaz.ee\\\/en\\\/watches-and-wall-clocks\\\/#breadcrumb\",\"itemListElement\":[{\"@type\":\"ListItem\",\"position\":1,\"name\":\"Home\",\"item\":\"https:\\\/\\\/vitraaz.ee\\\/en\\\/\"},{\"@type\":\"ListItem\",\"position\":2,\"name\":\"Watches and wall clocks\"}]},{\"@type\":\"WebSite\",\"@id\":\"https:\\\/\\\/vitraaz.ee\\\/en\\\/#website\",\"url\":\"https:\\\/\\\/vitraaz.ee\\\/en\\\/\",\"name\":\"Vitraaz.ee\",\"description\":\"Klaasinterj&ouml;&ouml;r\",\"publisher\":{\"@id\":\"https:\\\/\\\/vitraaz.ee\\\/en\\\/#organization\"},\"potentialAction\":[{\"@type\":\"SearchAction\",\"target\":{\"@type\":\"EntryPoint\",\"urlTemplate\":\"https:\\\/\\\/vitraaz.ee\\\/en\\\/?s={search_term_string}\"},\"query-input\":{\"@type\":\"PropertyValueSpecification\",\"valueRequired\":true,\"valueName\":\"search_term_string\"}}],\"inLanguage\":\"en-US\"},{\"@type\":\"Organization\",\"@id\":\"https:\\\/\\\/vitraaz.ee\\\/en\\\/#organization\",\"name\":\"KLAASINTERJ\u00d6\u00d6R O\u00dc\",\"url\":\"https:\\\/\\\/vitraaz.ee\\\/en\\\/\",\"logo\":{\"@type\":\"ImageObject\",\"inLanguage\":\"en-US\",\"@id\":\"https:\\\/\\\/vitraaz.ee\\\/en\\\/#\\\/schema\\\/logo\\\/image\\\/\",\"url\":\"https:\\\/\\\/vitraaz.ee\\\/wp-content\\\/uploads\\\/2022\\\/09\\\/logoKI.png\",\"contentUrl\":\"https:\\\/\\\/vitraaz.ee\\\/wp-content\\\/uploads\\\/2022\\\/09\\\/logoKI.png\",\"width\":1159,\"height\":458,\"caption\":\"KLAASINTERJ\u00d6\u00d6R O\u00dc\"},\"image\":{\"@id\":\"https:\\\/\\\/vitraaz.ee\\\/en\\\/#\\\/schema\\\/logo\\\/image\\\/\"},\"sameAs\":[\"https:\\\/\\\/www.facebook.com\\\/Klaasinterjoor\"]}]}<\/script>\n<!-- \/ Yoast SEO plugin. -->","yoast_head_json":{"title":"Watches and wall clocks - Vitraaz.ee","description":"Watches and wall clocks. We have been in business since 2001. Our company is small, we are reliable, and come up with bold solutions","robots":{"index":"index","follow":"follow","max-snippet":"max-snippet:-1","max-image-preview":"max-image-preview:large","max-video-preview":"max-video-preview:-1"},"canonical":"https:\/\/vitraaz.ee\/en\/watches-and-wall-clocks\/","og_locale":"en_US","og_type":"article","og_title":"Watches and wall clocks - Vitraaz.ee","og_description":"Watches and wall clocks. We have been in business since 2001. Our company is small, we are reliable, and come up with bold solutions","og_url":"https:\/\/vitraaz.ee\/en\/watches-and-wall-clocks\/","og_site_name":"Vitraaz.ee","article_publisher":"https:\/\/www.facebook.com\/Klaasinterjoor","article_modified_time":"2022-10-11T10:57:37+00:00","twitter_card":"summary_large_image","schema":{"@context":"https:\/\/schema.org","@graph":[{"@type":"WebPage","@id":"https:\/\/vitraaz.ee\/en\/watches-and-wall-clocks\/","url":"https:\/\/vitraaz.ee\/en\/watches-and-wall-clocks\/","name":"Watches and wall clocks - Vitraaz.ee","isPartOf":{"@id":"https:\/\/vitraaz.ee\/en\/#website"},"datePublished":"2022-10-01T08:50:01+00:00","dateModified":"2022-10-11T10:57:37+00:00","description":"Watches and wall clocks. We have been in business since 2001. Our company is small, we are reliable, and come up with bold solutions","breadcrumb":{"@id":"https:\/\/vitraaz.ee\/en\/watches-and-wall-clocks\/#breadcrumb"},"inLanguage":"en-US","potentialAction":[{"@type":"ReadAction","target":["https:\/\/vitraaz.ee\/en\/watches-and-wall-clocks\/"]}]},{"@type":"BreadcrumbList","@id":"https:\/\/vitraaz.ee\/en\/watches-and-wall-clocks\/#breadcrumb","itemListElement":[{"@type":"ListItem","position":1,"name":"Home","item":"https:\/\/vitraaz.ee\/en\/"},{"@type":"ListItem","position":2,"name":"Watches and wall clocks"}]},{"@type":"WebSite","@id":"https:\/\/vitraaz.ee\/en\/#website","url":"https:\/\/vitraaz.ee\/en\/","name":"Vitraaz.ee","description":"Klaasinterj&ouml;&ouml;r","publisher":{"@id":"https:\/\/vitraaz.ee\/en\/#organization"},"potentialAction":[{"@type":"SearchAction","target":{"@type":"EntryPoint","urlTemplate":"https:\/\/vitraaz.ee\/en\/?s={search_term_string}"},"query-input":{"@type":"PropertyValueSpecification","valueRequired":true,"valueName":"search_term_string"}}],"inLanguage":"en-US"},{"@type":"Organization","@id":"https:\/\/vitraaz.ee\/en\/#organization","name":"KLAASINTERJ\u00d6\u00d6R O\u00dc","url":"https:\/\/vitraaz.ee\/en\/","logo":{"@type":"ImageObject","inLanguage":"en-US","@id":"https:\/\/vitraaz.ee\/en\/#\/schema\/logo\/image\/","url":"https:\/\/vitraaz.ee\/wp-content\/uploads\/2022\/09\/logoKI.png","contentUrl":"https:\/\/vitraaz.ee\/wp-content\/uploads\/2022\/09\/logoKI.png","width":1159,"height":458,"caption":"KLAASINTERJ\u00d6\u00d6R O\u00dc"},"image":{"@id":"https:\/\/vitraaz.ee\/en\/#\/schema\/logo\/image\/"},"sameAs":["https:\/\/www.facebook.com\/Klaasinterjoor"]}]}},"_links":{"self":[{"href":"https:\/\/vitraaz.ee\/en\/wp-json\/wp\/v2\/pages\/3486","targetHints":{"allow":["GET"]}}],"collection":[{"href":"https:\/\/vitraaz.ee\/en\/wp-json\/wp\/v2\/pages"}],"about":[{"href":"https:\/\/vitraaz.ee\/en\/wp-json\/wp\/v2\/types\/page"}],"author":[{"embeddable":true,"href":"https:\/\/vitraaz.ee\/en\/wp-json\/wp\/v2\/users\/1"}],"replies":[{"embeddable":true,"href":"https:\/\/vitraaz.ee\/en\/wp-json\/wp\/v2\/comments?post=3486"}],"version-history":[{"count":0,"href":"https:\/\/vitraaz.ee\/en\/wp-json\/wp\/v2\/pages\/3486\/revisions"}],"wp:attachment":[{"href":"https:\/\/vitraaz.ee\/en\/wp-json\/wp\/v2\/media?parent=3486"}],"curies":[{"name":"wp","href":"https:\/\/api.w.org\/{rel}","templated":true}]}}